{"id":62,"date":"2017-01-24T15:13:42","date_gmt":"2017-01-24T14:13:42","guid":{"rendered":"http:\/\/blogs.univ-jfc.fr\/vigneetvin\/?page_id=62"},"modified":"2017-04-14T12:42:29","modified_gmt":"2017-04-14T11:42:29","slug":"les-sommeliers","status":"publish","type":"page","link":"https:\/\/blogs.univ-jfc.fr\/vigneetvin\/les-metiers-de-la-vigne-et-du-vin\/le-monde-des-artisans\/les-sommeliers\/","title":{"rendered":"Les sommeliers"},"content":{"rendered":"<p>&nbsp;<\/p>\n<p style=\"text-align: justify\">Des Grecs aux amphores romaines, du Moyen-\u00c2ge au luxe de la Renaissance jusqu\u2019\u00e0 nos tables de restaurant, le vin est une boisson alcoolis\u00e9e qui a travers\u00e9 le temps. Le vin est associ\u00e9 \u00e0 tant de cultures qu\u2019il est difficile de toutes les \u00e9num\u00e9rer. Le vin est intemporel et a inspir\u00e9 bien des artistes, po\u00e8tes, \u00e9criv<a href=\"http:\/\/blogs.univ-jfc.fr\/vigneetvin\/wp-content\/uploads\/sites\/56\/2017\/01\/derain_oeuvrewg_nature_morte_verre_vin_rf196335.jpg\"><img loading=\"lazy\" class=\"alignright wp-image-4836 size-medium\" title=\"Nature morte au verre de vin - Andr\u00e9 Derain - Mus\u00e9e de l'Orangerie, Paris.\" src=\"http:\/\/blogs.univ-jfc.fr\/vigneetvin\/wp-content\/uploads\/sites\/56\/2017\/01\/derain_oeuvrewg_nature_morte_verre_vin_rf196335-300x210.jpg\" alt=\"\" width=\"300\" height=\"210\" srcset=\"https:\/\/blogs.univ-jfc.fr\/vigneetvin\/wp-content\/uploads\/sites\/56\/2017\/01\/derain_oeuvrewg_nature_morte_verre_vin_rf196335-300x210.jpg 300w, https:\/\/blogs.univ-jfc.fr\/vigneetvin\/wp-content\/uploads\/sites\/56\/2017\/01\/derain_oeuvrewg_nature_morte_verre_vin_rf196335-768x539.jpg 768w, https:\/\/blogs.univ-jfc.fr\/vigneetvin\/wp-content\/uploads\/sites\/56\/2017\/01\/derain_oeuvrewg_nature_morte_verre_vin_rf196335.jpg 800w\" sizes=\"(max-width: 300px) 100vw, 300px\" \/><\/a>ains, peintres. Les Hommes se sont laiss\u00e9s enivrer par les ar\u00f4mes d\u2019une boisson fa\u00e7onn\u00e9e par le temps qui n\u00e9cessite une culture et un savoir-faire particuliers. Nombreux sont les vins \u00e2cres et peu chers\u00a0 sur le march\u00e9. Le vin dispose d\u2019un panel de m\u00e9tiers autour de sa conception ou de son histoire. Parmi ces m\u00e9tiers se distingue le m\u00e9tier de sommelier. Ce ma\u00eetre d\u2019oeuvre, est une personne charg\u00e9e du service du vin dans les restaurants : il connait ses produits et sait les marier avec les plats command\u00e9s par les clients. Ce m\u00e9tier a \u00e9volu\u00e9 dans le temps, il est charg\u00e9 <a href=\"http:\/\/blogs.univ-jfc.fr\/vigneetvin\/les-metiers-de-la-vigne-et-du-vin\/le-monde-des-artisans\/les-sommeliers\/histoire-de-la-sommellerie\/\">d&rsquo;histoire<\/a> et a forg\u00e9 sa r\u00e9putation de ma\u00eetre du go\u00fbt dans le domaine du vin. Mais le m\u00e9tier de sommelier n\u00e9cessite un <a href=\"http:\/\/blogs.univ-jfc.fr\/vigneetvin\/les-metiers-de-la-vigne-et-du-vin\/le-monde-des-artisans\/les-sommeliers\/savoir-faire-du-sommelier\/\">savoir-faire<\/a> important qu&rsquo;il ne peut acqu\u00e9rir qu&rsquo;en suivant une <a href=\"http:\/\/blogs.univ-jfc.fr\/vigneetvin\/les-metiers-de-la-vigne-et-du-vin\/le-monde-des-artisans\/les-sommeliers\/formation\/\">formation<\/a> particuli\u00e8re.<\/p>\n","protected":false},"excerpt":{"rendered":"<p>&nbsp; Des Grecs aux amphores romaines, du Moyen-\u00c2ge au luxe de la Renaissance jusqu\u2019\u00e0 nos tables de restaurant, le vin est une boisson alcoolis\u00e9e qui a travers\u00e9 le temps. Le vin est associ\u00e9 \u00e0 tant de cultures qu\u2019il est difficile de toutes les \u00e9num\u00e9rer. Le vin est intemporel et a inspir\u00e9 bien des artistes, po\u00e8tes, &hellip; <a href=\"https:\/\/blogs.univ-jfc.fr\/vigneetvin\/les-metiers-de-la-vigne-et-du-vin\/le-monde-des-artisans\/les-sommeliers\/\" class=\"more-link\">Continuer la lecture de <span class=\"screen-reader-text\">Les sommeliers<\/span> <span class=\"meta-nav\">&rarr;<\/span><\/a><\/p>\n","protected":false},"author":108,"featured_media":0,"parent":84,"menu_order":0,"comment_status":"closed","ping_status":"closed","template":"","meta":[],"_links":{"self":[{"href":"https:\/\/blogs.univ-jfc.fr\/vigneetvin\/wp-json\/wp\/v2\/pages\/62"}],"collection":[{"href":"https:\/\/blogs.univ-jfc.fr\/vigneetvin\/wp-json\/wp\/v2\/pages"}],"about":[{"href":"https:\/\/blogs.univ-jfc.fr\/vigneetvin\/wp-json\/wp\/v2\/types\/page"}],"author":[{"embeddable":true,"href":"https:\/\/blogs.univ-jfc.fr\/vigneetvin\/wp-json\/wp\/v2\/users\/108"}],"replies":[{"embeddable":true,"href":"https:\/\/blogs.univ-jfc.fr\/vigneetvin\/wp-json\/wp\/v2\/comments?post=62"}],"version-history":[{"count":9,"href":"https:\/\/blogs.univ-jfc.fr\/vigneetvin\/wp-json\/wp\/v2\/pages\/62\/revisions"}],"predecessor-version":[{"id":4840,"href":"https:\/\/blogs.univ-jfc.fr\/vigneetvin\/wp-json\/wp\/v2\/pages\/62\/revisions\/4840"}],"up":[{"embeddable":true,"href":"https:\/\/blogs.univ-jfc.fr\/vigneetvin\/wp-json\/wp\/v2\/pages\/84"}],"wp:attachment":[{"href":"https:\/\/blogs.univ-jfc.fr\/vigneetvin\/wp-json\/wp\/v2\/media?parent=62"}],"curies":[{"name":"wp","href":"https:\/\/api.w.org\/{rel}","templated":true}]}}