{"id":64,"date":"2017-01-24T15:15:24","date_gmt":"2017-01-24T14:15:24","guid":{"rendered":"http:\/\/blogs.univ-jfc.fr\/vigneetvin\/?page_id=64"},"modified":"2017-03-30T09:16:03","modified_gmt":"2017-03-30T08:16:03","slug":"les-viticulteurs","status":"publish","type":"page","link":"https:\/\/blogs.univ-jfc.fr\/vigneetvin\/les-metiers-de-la-vigne-et-du-vin\/vignerons-et-exploitants\/les-viticulteurs\/","title":{"rendered":"Les viticulteurs"},"content":{"rendered":"<p style=\"text-align: JUSTIFY\">Aujourd&rsquo;hui, le vin est l&rsquo;une des boissons les plus consomm\u00e9es dans le monde et repr\u00e9sente un enjeu \u00e9conomique, ainsi qu&rsquo;un poids important dans le commerce pour de nombreux pays, en particulier en France. Il engendre ainsi un grand nombre d&#8217;emplois, que ce soit pour sa fabrication, sa conservation ou encore sa commercialisation.<\/p>\n<p style=\"text-align: JUSTIFY\">Parmi ces professions, une joue le r\u00f4le de pilier pour la production de vin\u00a0: celle de viticulteur. En effet, ce m\u00e9tier repr\u00e9sente le point de d\u00e9part<a href=\"http:\/\/blogs.univ-jfc.fr\/vigneetvin\/wp-content\/uploads\/sites\/56\/2017\/01\/images.jpeg\"><img loading=\"lazy\" class=\"alignright wp-image-4424 size-full\" title=\"Le raisin et le vin : produits de la viticulture. Photo extraite du site internet Pixabay. Source : https:\/\/pixabay.com\/fr\/deux-types-de-vin-blanc-vin-verre-1761613\/\" src=\"http:\/\/blogs.univ-jfc.fr\/vigneetvin\/wp-content\/uploads\/sites\/56\/2017\/01\/images.jpeg\" alt=\"\" width=\"275\" height=\"183\" \/><\/a> dans l&rsquo;\u00e9laboration du vin, en produisant et en cultivant le raisin n\u00e9cessaire \u00e0 cette boisson. Le <a href=\"http:\/\/blogs.univ-jfc.fr\/vigneetvin\/les-metiers-de-la-vigne-et-du-vin\/vignerons-et-exploitants\/les-viticulteurs\/presentation-du-metier-de-viticulteur-et-ses-formations-et-competences\/\" target=\"_blank\">m\u00e9tier de viticulteur <\/a>implique \u00e9galement la r\u00e9alisation d&rsquo;\u00e9tudes, afin d&rsquo;acqu\u00e9rir des connaissances th\u00e9oriques, ainsi que les caract\u00e9ristiques et comp\u00e9tences du m\u00e9tier, et d&rsquo;un apprentissage pratique, afin de ma\u00eetriser les <a href=\"http:\/\/blogs.univ-jfc.fr\/vigneetvin\/les-metiers-de-la-vigne-et-du-vin\/vignerons-et-exploitants\/les-viticulteurs\/les-techniques-et-savoir-faire-du-metier-de-viticulteur\/\" target=\"_blank\">diff\u00e9rentes techniques<\/a> de la viticulture et d&rsquo;adopter les bons gestes professionnels.<\/p>\n<p style=\"text-align: JUSTIFY\">De nos jours, la situation du viticulteur conna\u00eet de nouvelles \u00e9volutions, avec notamment la mont\u00e9e en puissance de grands producteurs viticoles internationaux et l&rsquo;av\u00e8nement d&rsquo;une viticulture de plus en plus diversifi\u00e9e. Il doit ainsi aujourd&rsquo;hui <a href=\"http:\/\/blogs.univ-jfc.fr\/vigneetvin\/les-metiers-de-la-vigne-et-du-vin\/vignerons-et-exploitants\/les-viticulteurs\/la-viticulture-francaise-daujourdhui-face-aux-concurrences-mondiales\/\" target=\"_blank\">s&rsquo;adapter aux contraintes<\/a> que posent \u00e0 la viticulture fran\u00e7aise le march\u00e9 du vin et ses principaux concurrents viticoles.<\/p>\n","protected":false},"excerpt":{"rendered":"<p>Aujourd&rsquo;hui, le vin est l&rsquo;une des boissons les plus consomm\u00e9es dans le monde et repr\u00e9sente un enjeu \u00e9conomique, ainsi qu&rsquo;un poids important dans le commerce pour de nombreux pays, en particulier en France. Il engendre ainsi un grand nombre d&#8217;emplois, que ce soit pour sa fabrication, sa conservation ou encore sa commercialisation. Parmi ces professions, &hellip; <a href=\"https:\/\/blogs.univ-jfc.fr\/vigneetvin\/les-metiers-de-la-vigne-et-du-vin\/vignerons-et-exploitants\/les-viticulteurs\/\" class=\"more-link\">Continuer la lecture de <span class=\"screen-reader-text\">Les viticulteurs<\/span> <span class=\"meta-nav\">&rarr;<\/span><\/a><\/p>\n","protected":false},"author":108,"featured_media":0,"parent":82,"menu_order":0,"comment_status":"closed","ping_status":"closed","template":"","meta":[],"_links":{"self":[{"href":"https:\/\/blogs.univ-jfc.fr\/vigneetvin\/wp-json\/wp\/v2\/pages\/64"}],"collection":[{"href":"https:\/\/blogs.univ-jfc.fr\/vigneetvin\/wp-json\/wp\/v2\/pages"}],"about":[{"href":"https:\/\/blogs.univ-jfc.fr\/vigneetvin\/wp-json\/wp\/v2\/types\/page"}],"author":[{"embeddable":true,"href":"https:\/\/blogs.univ-jfc.fr\/vigneetvin\/wp-json\/wp\/v2\/users\/108"}],"replies":[{"embeddable":true,"href":"https:\/\/blogs.univ-jfc.fr\/vigneetvin\/wp-json\/wp\/v2\/comments?post=64"}],"version-history":[{"count":10,"href":"https:\/\/blogs.univ-jfc.fr\/vigneetvin\/wp-json\/wp\/v2\/pages\/64\/revisions"}],"predecessor-version":[{"id":4562,"href":"https:\/\/blogs.univ-jfc.fr\/vigneetvin\/wp-json\/wp\/v2\/pages\/64\/revisions\/4562"}],"up":[{"embeddable":true,"href":"https:\/\/blogs.univ-jfc.fr\/vigneetvin\/wp-json\/wp\/v2\/pages\/82"}],"wp:attachment":[{"href":"https:\/\/blogs.univ-jfc.fr\/vigneetvin\/wp-json\/wp\/v2\/media?parent=64"}],"curies":[{"name":"wp","href":"https:\/\/api.w.org\/{rel}","templated":true}]}}