{"id":668,"date":"2017-03-02T09:07:41","date_gmt":"2017-03-02T08:07:41","guid":{"rendered":"http:\/\/blogs.univ-jfc.fr\/vigneetvin\/?page_id=668"},"modified":"2017-04-19T11:23:34","modified_gmt":"2017-04-19T10:23:34","slug":"formation","status":"publish","type":"page","link":"https:\/\/blogs.univ-jfc.fr\/vigneetvin\/les-metiers-de-la-vigne-et-du-vin\/le-monde-des-artisans\/les-sommeliers\/formation\/","title":{"rendered":"Formation"},"content":{"rendered":"<p style=\"text-align: justify\">Il est difficile de chercher des informations sur le m\u00e9tier de sommelier tant elles sont \u00e9parpill\u00e9es et tr\u00e8s peu d\u2019indications sur cet emploi sont disponibles dans les ouvrages g\u00e9n\u00e9raux sur le vin. Les informations sur le sommelier que l\u2019on trouve sur internet sont post\u00e9es pour la plupart par des passionn\u00e9s de vins ou m\u00eame des professionnels. Nous pouvons donc douter de certaines informations ; n\u00e9anmoins certains sites internets se compl\u00e8tent, les informations se croisent et nous parvenons \u00e0 nous informer. Pour v\u00e9ritablement trouver des informations, il faut r\u00e9aliser des recherches plus compl\u00e8tes, aller sur le terrain et se renseigner aupr\u00e8s de professionnels. <a href=\"http:\/\/blogs.univ-jfc.fr\/vigneetvin\/wp-content\/uploads\/sites\/56\/2017\/03\/Sommelier_decanting_and_serving_wine_at_a_restaurant.jpg\"><img loading=\"lazy\" class=\"size-medium wp-image-4943 alignleft\" src=\"http:\/\/blogs.univ-jfc.fr\/vigneetvin\/wp-content\/uploads\/sites\/56\/2017\/03\/Sommelier_decanting_and_serving_wine_at_a_restaurant-300x225.jpg\" alt=\"\" width=\"300\" height=\"225\" srcset=\"https:\/\/blogs.univ-jfc.fr\/vigneetvin\/wp-content\/uploads\/sites\/56\/2017\/03\/Sommelier_decanting_and_serving_wine_at_a_restaurant-300x225.jpg 300w, https:\/\/blogs.univ-jfc.fr\/vigneetvin\/wp-content\/uploads\/sites\/56\/2017\/03\/Sommelier_decanting_and_serving_wine_at_a_restaurant-768x576.jpg 768w, https:\/\/blogs.univ-jfc.fr\/vigneetvin\/wp-content\/uploads\/sites\/56\/2017\/03\/Sommelier_decanting_and_serving_wine_at_a_restaurant-1024x768.jpg 1024w, https:\/\/blogs.univ-jfc.fr\/vigneetvin\/wp-content\/uploads\/sites\/56\/2017\/03\/Sommelier_decanting_and_serving_wine_at_a_restaurant.jpg 1500w\" sizes=\"(max-width: 300px) 100vw, 300px\" \/><\/a>Nous pensons donc que le m\u00e9tier de sommelier est un m\u00e9tier qui se distingue peu, contrairement au m\u00e9tier de <a href=\"http:\/\/blogs.univ-jfc.fr\/vigneetvin\/les-metiers-de-la-vigne-et-du-vin\/le-monde-des-artisans\/les-cavistes\/\">caviste<\/a> par exemple. C\u2019est un corps de profession qui ne cherche pas de v\u00e9ritable reconnaissance afin de conserver une image de marque. La situation semble paradoxale. La sommellerie est un m\u00e9tier rare : c\u2019est une branche sp\u00e9cifique de l\u2019h\u00f4tellerie et le fait qu\u2019un jeune se dise \u00ab <i>Je veux devenir sommelier <\/i>\u00bb est peu courant, car quand on pense aux m\u00e9tiers du vin, on pense plut\u00f4t aux m\u00e9tiers comme <a href=\"http:\/\/blogs.univ-jfc.fr\/vigneetvin\/les-metiers-de-la-vigne-et-du-vin\/vignerons-et-exploitants\/les-vendangeurs\/en-quoi-consiste-les-metiers-de-vignerons-et-vendangeurs\/\">vigneron<\/a> ou <a href=\"http:\/\/blogs.univ-jfc.fr\/vigneetvin\/levolution-de-la-place-du-vin\/loenologie\/\">oenologue<\/a>. C\u2019est ce qui fait une force, sans doute, du sommelier qui leur permet de garder une exclusivit\u00e9 dans leur profession. Le sommelier intrigue car au-del\u00e0 de la profession en elle-m\u00eame, elle peut s\u2019apparenter \u00e0 un art. L\u2019acc\u00e8s aux \u00e9tudes n\u2019est n\u00e9anmoins pas difficile pour les jeunes. Il existe deux types de formations : <a href=\"http:\/\/blogs.univ-jfc.fr\/vigneetvin\/les-metiers-de-la-vigne-et-du-vin\/le-monde-des-artisans\/les-sommeliers\/formation\/formation-publique\/\">les formations publiques<\/a> et <a href=\"http:\/\/blogs.univ-jfc.fr\/vigneetvin\/les-metiers-de-la-vigne-et-du-vin\/le-monde-des-artisans\/les-sommeliers\/formation\/formation-privee\/\">les formations priv\u00e9es<\/a>.<\/p>\n<p style=\"text-align: justify\">Au terme des \u00e9tudes, un jeune sommelier peut pr\u00e9tendre \u00e0 une reconnaissance sur la sc\u00e8ne internationale de la viniculture. <a href=\"http:\/\/blogs.univ-jfc.fr\/vigneetvin\/les-metiers-de-la-vigne-et-du-vin\/le-monde-des-artisans\/les-sommeliers\/formation\/le-concours-de-meilleur-sommelier\/\">Il existe des concours<\/a>\u00a0qui permettent d&rsquo;opposer les meilleurs sommeliers d&rsquo;une r\u00e9gion, d&rsquo;un pays ou du monde.<\/p>\n<p><a href=\"http:\/\/blogs.univ-jfc.fr\/vigneetvin\/les-metiers-de-la-vigne-et-du-vin\/le-monde-des-artisans\/les-sommeliers\/savoir-faire-du-sommelier\/service-et-degustation\/\">Pour revenir \u00e0 la page pr\u00e9c\u00e9dente, \u00ab\u00a0<em>Service et d\u00e9gustation<\/em>\u00ab\u00a0, cliquez ici.<\/a><a href=\"http:\/\/blogs.univ-jfc.fr\/vigneetvin\/les-metiers-de-la-vigne-et-du-vin\/le-monde-des-artisans\/les-sommeliers\/\"><br \/>\nPour revenir \u00e0 l&rsquo;introduction g\u00e9n\u00e9rale, cliquez ici.<\/a><\/p>\n","protected":false},"excerpt":{"rendered":"<p>Il est difficile de chercher des informations sur le m\u00e9tier de sommelier tant elles sont \u00e9parpill\u00e9es et tr\u00e8s peu d\u2019indications sur cet emploi sont disponibles dans les ouvrages g\u00e9n\u00e9raux sur le vin. Les informations sur le sommelier que l\u2019on trouve sur internet sont post\u00e9es pour la plupart par des passionn\u00e9s de vins ou m\u00eame des &hellip; <a href=\"https:\/\/blogs.univ-jfc.fr\/vigneetvin\/les-metiers-de-la-vigne-et-du-vin\/le-monde-des-artisans\/les-sommeliers\/formation\/\" class=\"more-link\">Continuer la lecture de <span class=\"screen-reader-text\">Formation<\/span> <span class=\"meta-nav\">&rarr;<\/span><\/a><\/p>\n","protected":false},"author":187,"featured_media":0,"parent":62,"menu_order":3,"comment_status":"closed","ping_status":"closed","template":"","meta":[],"_links":{"self":[{"href":"https:\/\/blogs.univ-jfc.fr\/vigneetvin\/wp-json\/wp\/v2\/pages\/668"}],"collection":[{"href":"https:\/\/blogs.univ-jfc.fr\/vigneetvin\/wp-json\/wp\/v2\/pages"}],"about":[{"href":"https:\/\/blogs.univ-jfc.fr\/vigneetvin\/wp-json\/wp\/v2\/types\/page"}],"author":[{"embeddable":true,"href":"https:\/\/blogs.univ-jfc.fr\/vigneetvin\/wp-json\/wp\/v2\/users\/187"}],"replies":[{"embeddable":true,"href":"https:\/\/blogs.univ-jfc.fr\/vigneetvin\/wp-json\/wp\/v2\/comments?post=668"}],"version-history":[{"count":10,"href":"https:\/\/blogs.univ-jfc.fr\/vigneetvin\/wp-json\/wp\/v2\/pages\/668\/revisions"}],"predecessor-version":[{"id":4957,"href":"https:\/\/blogs.univ-jfc.fr\/vigneetvin\/wp-json\/wp\/v2\/pages\/668\/revisions\/4957"}],"up":[{"embeddable":true,"href":"https:\/\/blogs.univ-jfc.fr\/vigneetvin\/wp-json\/wp\/v2\/pages\/62"}],"wp:attachment":[{"href":"https:\/\/blogs.univ-jfc.fr\/vigneetvin\/wp-json\/wp\/v2\/media?parent=668"}],"curies":[{"name":"wp","href":"https:\/\/api.w.org\/{rel}","templated":true}]}}