{"id":680,"date":"2017-03-02T10:01:30","date_gmt":"2017-03-02T09:01:30","guid":{"rendered":"http:\/\/blogs.univ-jfc.fr\/vigneetvin\/?page_id=680"},"modified":"2017-04-19T21:29:34","modified_gmt":"2017-04-19T20:29:34","slug":"un-vin-pour-tous-le-vin-a-la-conquete-des-societes-des-sexes-et-des-nations","status":"publish","type":"page","link":"https:\/\/blogs.univ-jfc.fr\/vigneetvin\/les-metiers-de-la-vigne-et-du-vin\/le-monde-des-artisans-2\/les-vignerons\/un-vin-pour-tous-le-vin-a-la-conquete-des-societes-des-sexes-et-des-nations\/","title":{"rendered":"Un vin pour tous: le vin \u00e0 la conqu\u00eate des soci\u00e9t\u00e9s, des sexes et des nations"},"content":{"rendered":"<p>A partir des ann\u00e9es 1900, le monde assiste \u00e0 plusieurs \u00e9volutions du vin en raison des nouvelles exigences et du nouveau profil de ses consommateurs et de ses acteurs. Une des \u00e9volutions majeures est la cr\u00e9ation de d\u00e9riv\u00e9s du vin tels que le mousseux, le champagne ou encore le vin moins fort en alcool, par les professionnels du secteur, avec le marketing correspondant.<\/p>\n<p>Concernant les statistiques, l&rsquo;Union Europ\u00e9enne repr\u00e9sente 45\u00a0% de la superficie du vignoble mondial. En 2014 l&rsquo;Europe est le premier exportateur de vin en valeur et les Europ\u00e9ens repr\u00e9sentent 62\u00a0% des consommateurs mondiaux de vin.<a href=\"http:\/\/blogs.univ-jfc.fr\/vigneetvin\/wp-content\/uploads\/sites\/56\/2017\/04\/surface-vigne-monde.jpg\"><img loading=\"lazy\" class=\"aligncenter wp-image-4932 size-medium\" title=\"Titre: Surface de vigne dans le monde entre 1986 et 2007. Source: le site de l\u2019\u0153nologie. Lien: http:\/\/www.viticulture-oenologie-formation.fr\/vitioenoformlycee\/filiere-boisson\/vin\/surface-vigne-monde.html \" src=\"http:\/\/blogs.univ-jfc.fr\/vigneetvin\/wp-content\/uploads\/sites\/56\/2017\/04\/surface-vigne-monde-300x225.jpg\" alt=\"\" width=\"300\" height=\"225\" srcset=\"https:\/\/blogs.univ-jfc.fr\/vigneetvin\/wp-content\/uploads\/sites\/56\/2017\/04\/surface-vigne-monde-300x225.jpg 300w, https:\/\/blogs.univ-jfc.fr\/vigneetvin\/wp-content\/uploads\/sites\/56\/2017\/04\/surface-vigne-monde-768x576.jpg 768w, https:\/\/blogs.univ-jfc.fr\/vigneetvin\/wp-content\/uploads\/sites\/56\/2017\/04\/surface-vigne-monde.jpg 930w\" sizes=\"(max-width: 300px) 100vw, 300px\" \/><\/a><\/p>\n<p>Le vin est consomm\u00e9 et produit par diff\u00e9rents types de personnes. La nouvelle g\u00e9n\u00e9ration, jeunes de 18-35 ans , hommes ou femmes , poss\u00e8dent un point commun\u00a0: ils sont sans cesse \u00e0 la recherche<a href=\"http:\/\/blogs.univ-jfc.fr\/vigneetvin\/levolution-de-la-place-du-vin\/un-vin-pour-tous-le-vin-a-la-conquete-des-societes-des-sexes-et-des-nations\/le-secteur-du-vin-et-les-nouvelles-attentes-des-consommateurs\/\"> d&rsquo;innovation<\/a> en mati\u00e8re de go\u00fbt, de d\u00e9sign et de praticit\u00e9 pour le vin.<\/p>\n<p>L&rsquo;\u00e9volution de<a href=\"http:\/\/blogs.univ-jfc.fr\/vigneetvin\/levolution-de-la-place-du-vin\/un-vin-pour-tous-le-vin-a-la-conquete-des-societes-des-sexes-et-des-nations\/le-vin-et-les-deux-sexes-consommation-metiers\/\"> la place des femmes<\/a> dans le secteur viticole, est en soi une progression, constat est fait \u00e0 l&rsquo;aide statistiques r\u00e9v\u00e9latrices. Ainsi, nous pouvons constater que, si les femmes n&rsquo;\u00e9taient en 1988 que 13,5\u00a0% sur le terrain, leur situation s&rsquo;est am\u00e9lior\u00e9e puisqu&rsquo;elles ne repr\u00e9sentent pas moins de 28\u00a0% des chefs d&rsquo;exploitations agricoles en 2010. De plus , leurs fonctions et responsabilit\u00e9s au sein des exploitations a \u00e9galement progress\u00e9 puisqu&rsquo;elles participent dor\u00e9navant enti\u00e8rement \u00e0 la direction des exploitations et au management des \u00e9quipes masculines de ces entreprises.<\/p>\n<div class=\"mceTemp\"><\/div>\n<p>Cette conqu\u00eate du vin s&rsquo;effectue \u00e9galement sur <a href=\"http:\/\/blogs.univ-jfc.fr\/vigneetvin\/levolution-de-la-place-du-vin\/un-vin-pour-tous-le-vin-a-la-conquete-des-societes-des-sexes-et-des-nations\/le-vin-et-les-societes-la-generation-y-consommateurs-et-acteurs\/\">la nouvelle g\u00e9n\u00e9ration<\/a>, commun\u00e9ment appel\u00e9e la g\u00e9n\u00e9ration Y.\u00a0 Les jeunes de 18 \u00e0 30 font \u00e9voluer le march\u00e9 du vin puisqu&rsquo;ils en sont de faibles consommateurs et contraignent donc les producteurs \u00e0 innover toujours plus, faisant ainsi appara\u00eetre de nouvelles vari\u00e9t\u00e9s telles que le vin p\u00e9tillant ou le vin aromatis\u00e9.\u00a0 Leur go\u00fbt et leur culture du vin se d\u00e9veloppant au fil des innovations et des changements de celui-ci, ils\u00a0 en deviennent des acteurs , puisqu&rsquo;ils assurent la rel\u00e8ve des professionnels d&rsquo;aujourd&rsquo;hui en se lan\u00e7ant \u00e0 leur tour \u00e0 la conqu\u00eate du vin qui s\u00e9duira toutes les cat\u00e9gories sociales confondues.<\/p>\n<p>Ainsi la conqu\u00eate du vin s&rsquo;effectue de diff\u00e9rentes fa\u00e7ons, en passant d&rsquo;abord par diff\u00e9rents profils de professionnels et consommateurs qui contribuent, chacun \u00e0 leur mani\u00e8re, \u00e0 l&rsquo;\u00e9volution d&rsquo;un vin toujours plus perfectionn\u00e9.<\/p>\n","protected":false},"excerpt":{"rendered":"<p>A partir des ann\u00e9es 1900, le monde assiste \u00e0 plusieurs \u00e9volutions du vin en raison des nouvelles exigences et du nouveau profil de ses consommateurs et de ses acteurs. Une des \u00e9volutions majeures est la cr\u00e9ation de d\u00e9riv\u00e9s du vin tels que le mousseux, le champagne ou encore le vin moins fort en alcool, par &hellip; <a href=\"https:\/\/blogs.univ-jfc.fr\/vigneetvin\/les-metiers-de-la-vigne-et-du-vin\/le-monde-des-artisans-2\/les-vignerons\/un-vin-pour-tous-le-vin-a-la-conquete-des-societes-des-sexes-et-des-nations\/\" class=\"more-link\">Continuer la lecture de <span class=\"screen-reader-text\">Un vin pour tous: le vin \u00e0 la conqu\u00eate des soci\u00e9t\u00e9s, des sexes et des nations<\/span> <span class=\"meta-nav\">&rarr;<\/span><\/a><\/p>\n","protected":false},"author":201,"featured_media":0,"parent":57,"menu_order":3,"comment_status":"closed","ping_status":"closed","template":"","meta":[],"_links":{"self":[{"href":"https:\/\/blogs.univ-jfc.fr\/vigneetvin\/wp-json\/wp\/v2\/pages\/680"}],"collection":[{"href":"https:\/\/blogs.univ-jfc.fr\/vigneetvin\/wp-json\/wp\/v2\/pages"}],"about":[{"href":"https:\/\/blogs.univ-jfc.fr\/vigneetvin\/wp-json\/wp\/v2\/types\/page"}],"author":[{"embeddable":true,"href":"https:\/\/blogs.univ-jfc.fr\/vigneetvin\/wp-json\/wp\/v2\/users\/201"}],"replies":[{"embeddable":true,"href":"https:\/\/blogs.univ-jfc.fr\/vigneetvin\/wp-json\/wp\/v2\/comments?post=680"}],"version-history":[{"count":14,"href":"https:\/\/blogs.univ-jfc.fr\/vigneetvin\/wp-json\/wp\/v2\/pages\/680\/revisions"}],"predecessor-version":[{"id":5105,"href":"https:\/\/blogs.univ-jfc.fr\/vigneetvin\/wp-json\/wp\/v2\/pages\/680\/revisions\/5105"}],"up":[{"embeddable":true,"href":"https:\/\/blogs.univ-jfc.fr\/vigneetvin\/wp-json\/wp\/v2\/pages\/57"}],"wp:attachment":[{"href":"https:\/\/blogs.univ-jfc.fr\/vigneetvin\/wp-json\/wp\/v2\/media?parent=680"}],"curies":[{"name":"wp","href":"https:\/\/api.w.org\/{rel}","templated":true}]}}