{"id":714,"date":"2017-03-02T09:08:21","date_gmt":"2017-03-02T08:08:21","guid":{"rendered":"http:\/\/blogs.univ-jfc.fr\/vigneetvin\/?page_id=714"},"modified":"2017-03-29T19:04:54","modified_gmt":"2017-03-29T18:04:54","slug":"renouveau-economique-et-culturel-du-vignoble","status":"publish","type":"page","link":"https:\/\/blogs.univ-jfc.fr\/vigneetvin\/gaillac-et-le-vin\/une-histoire-du-vignoble-gaillacois\/le-vignoble-gaillacois-au-xixe-siecle\/i-la-revolution-industrielle-une-profonde-mutation-sur-le-vignoble\/renouveau-economique-et-culturel-du-vignoble\/","title":{"rendered":"Renouveau \u00e9conomique et culturel du vignoble"},"content":{"rendered":"<p align=\"justify\">Il est n\u00e9cessaire de pr\u00e9ciser qu&rsquo;au niveau de Gaillac, et plus particuli\u00e8rement \u00e0 propos de l&rsquo;essor \u00e9conomique de son vignoble, que celui-ci est r\u00e9alis\u00e9 post\u00e9rieurement aux crises g\u00e9n\u00e9r\u00e9es par les maladies de la vigne. Cela nous permet d&#8217;employer et de justifier le terme de \u00abrenouveau\u00bb, notamment \u00e0 propos du domaine \u00e9conomique. De mani\u00e8re g\u00e9n\u00e9rale, on observe une r\u00e9elle et concr\u00e8te augmentation de la production viticole et de la consommation de vin \u00e0 partir de la deuxi\u00e8me moiti\u00e9 du XIXe si\u00e8cle et notamment au d\u00e9but des ann\u00e9es 1860. Cette augmentation d\u00e9bouche logiquement sur un essor \u00e9conomique dont les raisons sont multiples et ont parfois un lien avec un aspect social. Tout d&rsquo;abord, l&rsquo;o\u00efdium, comme nous l&rsquo;avons mentionn\u00e9 ant\u00e9rieurement, ralentit la production viticole : \u00e0 Gaillac c&rsquo;est plus de la moiti\u00e9 du vignoble qui est touch\u00e9 en 1852. \u00c0\u00a0l&rsquo;\u00e9chelle nationale, la production chute environ de 29 millions d&rsquo;hectolitres en 1852 \u00e0 11 millions d&rsquo;hectolitres en 1854, soit une perte d&rsquo;environ deux tiers.<\/p>\n<p align=\"justify\">Il est \u00e9galement important de pr\u00e9ciser que simultan\u00e9ment \u00e0 ces crises, la population urbaine est en pleine augmentation (elle passe de 9 millions d&rsquo;habitants en 1851 \u00e0 12 millions en 1881). Cet accroissement de la population entra\u00eene donc naturellement une augmentation de la demande urbaine pour la consommation de vin. Or, comme nous le d\u00e9velopperons dans une partie ult\u00e9rieure, nous verrons que Gaillac est touch\u00e9 tardivement par la crise du phyllox\u00e9ra, ce qui lui permettra donc de s&rsquo;enrichir (notamment aupr\u00e8s des mineurs de Carmaux). De plus, la hausse des salaires pour certaines cat\u00e9gories sociales, donc parall\u00e8lement la hausse du pouvoir d&rsquo;achat, entra\u00eene \u00e0 son tour une augmentation (multipli\u00e9e par deux) de la consommation de vin dans l\u2019hexagone (le vignoble gaillacois va pouvoir une nouvelle fois b\u00e9n\u00e9ficier de cet avantage).<\/p>\n<figure id=\"attachment_3534\" aria-describedby=\"caption-attachment-3534\" style=\"width: 300px\" class=\"wp-caption aligncenter\"><a href=\"http:\/\/blogs.univ-jfc.fr\/vigneetvin\/wp-content\/uploads\/sites\/56\/2017\/03\/vue-du-pont-de-gaillac.jpg\"><img loading=\"lazy\" class=\"size-medium wp-image-3534\" src=\"http:\/\/blogs.univ-jfc.fr\/vigneetvin\/wp-content\/uploads\/sites\/56\/2017\/03\/vue-du-pont-de-gaillac-300x165.jpg\" alt=\"\" width=\"300\" height=\"165\" srcset=\"https:\/\/blogs.univ-jfc.fr\/vigneetvin\/wp-content\/uploads\/sites\/56\/2017\/03\/vue-du-pont-de-gaillac-300x165.jpg 300w, https:\/\/blogs.univ-jfc.fr\/vigneetvin\/wp-content\/uploads\/sites\/56\/2017\/03\/vue-du-pont-de-gaillac-768x423.jpg 768w, https:\/\/blogs.univ-jfc.fr\/vigneetvin\/wp-content\/uploads\/sites\/56\/2017\/03\/vue-du-pont-de-gaillac.jpg 800w\" sizes=\"(max-width: 300px) 100vw, 300px\" \/><\/a><figcaption id=\"caption-attachment-3534\" class=\"wp-caption-text\">\u00ab\u00a0Vue du pont de Gaillac\u00a0\u00bb par Firmin Salabert en 1877<br \/>Source: https:\/\/www.musees-midi-pyrenees.fr<\/figcaption><\/figure>\n<p align=\"justify\">Subs\u00e9quemment, en 1866 la France exporte trois millions d&rsquo;hectolitres de vin. Or, c&rsquo;est deux fois plus qu&rsquo;en 1840, on s&rsquo;aper\u00e7oit donc que le pays s&rsquo;ouvre \u00e0 de nouveaux march\u00e9s. On peut donc s&rsquo;interroger sur le r\u00f4le du vignoble gaillacois dans cette exportation et donc \u00e9ventuellement s&rsquo;interroger sur l&rsquo;enjeu \u00e9conomique que repr\u00e9sente ces nouveaux march\u00e9s pour l&rsquo;avenir \u00e9conomique du vignoble. De plus, c&rsquo;est en 1875 que la France atteint ce que l&rsquo;on pourrait appeler \u00abl&rsquo;\u00e2ge d&rsquo;or\u00bb du vin ou bien ce qui pourrait s\u2019apparenter \u00e0 l&rsquo;apog\u00e9e de la production viticole fran\u00e7aise. Effectivement, la production nationale est alors de 84,5 millions d&rsquo;hectolitres de vin, soit un record. De surcro\u00eet, la surface d&rsquo;exploitation de la vigne atteint elle aussi un record, soit environ 2 500 000 ha.<\/p>\n<p align=\"justify\">Le XIXe si\u00e8cle marque un tournant \u00e9conomique et culturel pour le vin de Gaillac. Les anciennes fermes de polyculture de taille r\u00e9duite \u00e9voluent progressivement vers des exploitations uniquement viticoles dissociant la grange-\u00e9table du logis. Les parties autrefois destin\u00e9es \u00e0 la viticulture \u00e9taient secondaires car peu rentables, l&rsquo;\u00e9levage ou la polyculture \u00e9taient les activit\u00e9s centrales et n\u00e9cessaires mais au d\u00e9but du XIXe les am\u00e9liorations techniques ainsi que l\u2019apparition de nouveaux moyens d&rsquo;exportation (chemins de fers) et la concurrence bordelaise affaiblie, le vin de Gaillac a une place \u00e0 prendre sur le march\u00e9. Ainsi le vin de Gaillac, qui n&rsquo;\u00e9tait jadis qu&rsquo;un vin de coupage pour le Bordelais devient un vin \u00e0 part enti\u00e8re.<\/p>\n<p align=\"justify\">Finalement, Gaillac et son vignoble connaissent une v\u00e9ritable construction culturelle au XIXe si\u00e8cle qui lui est propre. Tout d\u2019abord, \u00e0 travers la peinture la culture gaillacoise peut se refl\u00e9ter \u00e0 travers quatre personnalit\u00e9s\u00a0: Firmin Salabert et Raymond Tournon, p\u00e8re et fils, et Henri Loubat. C\u2019est \u00e0 travers ces quatre peintres qui repr\u00e9senteront chacun \u00e0 leur tour la ville de Gaillac et ses environs, que se construit l\u2019image de la ville. Certaines de leurs \u0153uvres sont de nos jours entrepos\u00e9es au mus\u00e9e des Beaux-Arts de Gaillac. La ville participe ainsi \u00e0 la conservation de son patrimoine culturel. De plus, \u00e0 la fin du XIXe si\u00e8cle, Ernest Chalou \u00e9crit la \u00ab\u00a0Galhagola\u00a0\u00bb, qui est un v\u00e9ritable hymne en occitan d\u00e9di\u00e9 \u00e0 la culture viticole de Gaillac. Cet hymne constitue encore de nos jours un v\u00e9ritable symbole de la culture viticole gaillacoise puisqu\u2019il est encore chant\u00e9 lors de la f\u00eate du vin mais aussi lors d\u2019\u00e9v\u00e9nements r\u00e9unissant les membres de la Confr\u00e9rie de la Dive Bouteille du vignoble de Gaillac.<\/p>\n<p><a href=\"http:\/\/blogs.univ-jfc.fr\/vigneetvin\/gaillac-et-le-vin\/une-histoire-du-vignoble-gaillacois\/le-vignoble-gaillacois-au-xixe-siecle\/i-la-revolution-industrielle-une-profonde-mutation-sur-le-vignoble\/\">Page pr\u00e9c\u00e9dente<\/a><\/p>\n","protected":false},"excerpt":{"rendered":"<p>Il est n\u00e9cessaire de pr\u00e9ciser qu&rsquo;au niveau de Gaillac, et plus particuli\u00e8rement \u00e0 propos de l&rsquo;essor \u00e9conomique de son vignoble, que celui-ci est r\u00e9alis\u00e9 post\u00e9rieurement aux crises g\u00e9n\u00e9r\u00e9es par les maladies de la vigne. Cela nous permet d&#8217;employer et de justifier le terme de \u00abrenouveau\u00bb, notamment \u00e0 propos du domaine \u00e9conomique. De mani\u00e8re g\u00e9n\u00e9rale, on &hellip; <a href=\"https:\/\/blogs.univ-jfc.fr\/vigneetvin\/gaillac-et-le-vin\/une-histoire-du-vignoble-gaillacois\/le-vignoble-gaillacois-au-xixe-siecle\/i-la-revolution-industrielle-une-profonde-mutation-sur-le-vignoble\/renouveau-economique-et-culturel-du-vignoble\/\" class=\"more-link\">Continuer la lecture de <span class=\"screen-reader-text\">Renouveau \u00e9conomique et culturel du vignoble<\/span> <span class=\"meta-nav\">&rarr;<\/span><\/a><\/p>\n","protected":false},"author":197,"featured_media":0,"parent":253,"menu_order":4,"comment_status":"closed","ping_status":"closed","template":"","meta":[],"_links":{"self":[{"href":"https:\/\/blogs.univ-jfc.fr\/vigneetvin\/wp-json\/wp\/v2\/pages\/714"}],"collection":[{"href":"https:\/\/blogs.univ-jfc.fr\/vigneetvin\/wp-json\/wp\/v2\/pages"}],"about":[{"href":"https:\/\/blogs.univ-jfc.fr\/vigneetvin\/wp-json\/wp\/v2\/types\/page"}],"author":[{"embeddable":true,"href":"https:\/\/blogs.univ-jfc.fr\/vigneetvin\/wp-json\/wp\/v2\/users\/197"}],"replies":[{"embeddable":true,"href":"https:\/\/blogs.univ-jfc.fr\/vigneetvin\/wp-json\/wp\/v2\/comments?post=714"}],"version-history":[{"count":9,"href":"https:\/\/blogs.univ-jfc.fr\/vigneetvin\/wp-json\/wp\/v2\/pages\/714\/revisions"}],"predecessor-version":[{"id":4122,"href":"https:\/\/blogs.univ-jfc.fr\/vigneetvin\/wp-json\/wp\/v2\/pages\/714\/revisions\/4122"}],"up":[{"embeddable":true,"href":"https:\/\/blogs.univ-jfc.fr\/vigneetvin\/wp-json\/wp\/v2\/pages\/253"}],"wp:attachment":[{"href":"https:\/\/blogs.univ-jfc.fr\/vigneetvin\/wp-json\/wp\/v2\/media?parent=714"}],"curies":[{"name":"wp","href":"https:\/\/api.w.org\/{rel}","templated":true}]}}