{"id":747,"date":"2017-03-02T09:15:31","date_gmt":"2017-03-02T08:15:31","guid":{"rendered":"http:\/\/blogs.univ-jfc.fr\/vigneetvin\/?page_id=747"},"modified":"2017-04-17T17:33:34","modified_gmt":"2017-04-17T16:33:34","slug":"lorigine-des-labels","status":"publish","type":"page","link":"https:\/\/blogs.univ-jfc.fr\/vigneetvin\/gaillac-et-le-vin\/vigne-et-vin-dans-le-gaillac-daujourdhui\/les-labels\/lorigine-des-labels\/","title":{"rendered":"L&rsquo;origine des labels"},"content":{"rendered":"<p align=\"justify\">C&rsquo;est dans la seconde moiti\u00e9 du XXe si\u00e8cle que la labellisation a fait son entr\u00e9e sur le march\u00e9 public, dans le but de prot\u00e9ger le consommateur et le producteur. Ainsi, un produit tel que le vin est soumis \u00e0 des r\u00e9glementations tr\u00e8s strictes tant dans sa production que dans sa mise en vente.<br \/>\nLa premi\u00e8re loi qui marque le tournant vers un v\u00e9ritable processus de labellisation du vin est celle du 6 mai 1919. Elle concerne la protection des appellations d\u2019origines\u00a0: c&rsquo;est-\u00e0-dire qu\u2019elle d\u00e9finit le vin selon sa localit\u00e9, ses facteurs humains ainsi que ses facteurs naturels.<br \/>\nA l&rsquo;\u00e9chelle europ\u00e9enne, la volont\u00e9 de labelliser le vin se concentre sur le vin biologique. Le 28 f\u00e9vrier 2012 (UE N\u00b0203), la Commission europ\u00e9enne encadre la production du vin. Son cahier de charge est rigoureux, puisqu&rsquo;il pose des restrictions quant aux produits chimiques et aux pratiques \u0153nologiques et qu&rsquo;il dresse la liste des produits et substances sp\u00e9cifiques autoris\u00e9es. De plus, il fixe le dosage en SO2, l\u2019\u00e9tiquetage, la certification des anciens mill\u00e9simes et les mati\u00e8res premi\u00e8res agricoles autoris\u00e9es.<\/p>\n<figure id=\"attachment_3227\" aria-describedby=\"caption-attachment-3227\" style=\"width: 835px\" class=\"wp-caption aligncenter\"><a href=\"http:\/\/blogs.univ-jfc.fr\/vigneetvin\/wp-content\/uploads\/sites\/56\/2017\/03\/logo-chaire-unesco-officiel.jpg\"><img loading=\"lazy\" class=\"wp-image-3227\" title=\"Logo de la chaire Unesco &quot;Culture et Traditions du Vin&quot;; https:\/\/chaireunesco-vinetculture.u-bourgogne.fr\/la-chaire-unesco\/presentation.html \" src=\"http:\/\/blogs.univ-jfc.fr\/vigneetvin\/wp-content\/uploads\/sites\/56\/2017\/03\/logo-chaire-unesco-officiel-300x43.jpg\" alt=\"Logo de la chaire Unesco &quot;Culture et Traditions du Vin&quot;. ChaireUnesco.\" width=\"835\" height=\"120\" srcset=\"https:\/\/blogs.univ-jfc.fr\/vigneetvin\/wp-content\/uploads\/sites\/56\/2017\/03\/logo-chaire-unesco-officiel-300x43.jpg 300w, https:\/\/blogs.univ-jfc.fr\/vigneetvin\/wp-content\/uploads\/sites\/56\/2017\/03\/logo-chaire-unesco-officiel-768x110.jpg 768w, https:\/\/blogs.univ-jfc.fr\/vigneetvin\/wp-content\/uploads\/sites\/56\/2017\/03\/logo-chaire-unesco-officiel.jpg 990w\" sizes=\"(max-width: 835px) 100vw, 835px\" \/><\/a><figcaption id=\"caption-attachment-3227\" class=\"wp-caption-text\">Logo de la chaire Unesco \u00ab\u00a0Culture et Traditions du Vin\u00a0\u00bb. ChaireUnesco.<\/figcaption><\/figure>\n<p align=\"justify\">A l&rsquo;\u00e9chelle mondiale, depuis 2007,\u00a0<a href=\"https:\/\/chaireunesco-vinetculture.u-bourgogne.fr\/\">la chaire UNESCO<\/a> \u00ab\u00a0culture et Tradition du vin\u00a0\u00bb se repr\u00e9sente comme seule organisation au monde \u00e0 traiter des probl\u00e9matiques touchant \u00e0 la vigne et au vin. Elle a pour objectif la recherche, la formation et la valorisation de la vigne et du vin, au sein du r\u00e9seau mondial de la viticulture.<br \/>\nConcr\u00e8tement, toutes ces lois s\u2019appliquent par le biais des <a href=\"https:\/\/www.legifrance.gouv.fr\/affichTexteArticle.do;jsessionid=5D25C5D969D5EF34817721586D502AFB.tpdjo05v_1?cidTexte=JORFTEXT000021204729&amp;idArticle=LEGIARTI000021207377&amp;dateTexte=20091028&amp;categorieLien=cid\">cahiers des charges<\/a>, dont les crit\u00e8res s\u2019adaptent en fonction des diff\u00e9rents types de vin et de terroir.<\/p>\n<p align=\"justify\">\n","protected":false},"excerpt":{"rendered":"<p>C&rsquo;est dans la seconde moiti\u00e9 du XXe si\u00e8cle que la labellisation a fait son entr\u00e9e sur le march\u00e9 public, dans le but de prot\u00e9ger le consommateur et le producteur. Ainsi, un produit tel que le vin est soumis \u00e0 des r\u00e9glementations tr\u00e8s strictes tant dans sa production que dans sa mise en vente. La premi\u00e8re &hellip; <a href=\"https:\/\/blogs.univ-jfc.fr\/vigneetvin\/gaillac-et-le-vin\/vigne-et-vin-dans-le-gaillac-daujourdhui\/les-labels\/lorigine-des-labels\/\" class=\"more-link\">Continuer la lecture de <span class=\"screen-reader-text\">L&rsquo;origine des labels<\/span> <span class=\"meta-nav\">&rarr;<\/span><\/a><\/p>\n","protected":false},"author":188,"featured_media":0,"parent":688,"menu_order":0,"comment_status":"closed","ping_status":"closed","template":"","meta":[],"_links":{"self":[{"href":"https:\/\/blogs.univ-jfc.fr\/vigneetvin\/wp-json\/wp\/v2\/pages\/747"}],"collection":[{"href":"https:\/\/blogs.univ-jfc.fr\/vigneetvin\/wp-json\/wp\/v2\/pages"}],"about":[{"href":"https:\/\/blogs.univ-jfc.fr\/vigneetvin\/wp-json\/wp\/v2\/types\/page"}],"author":[{"embeddable":true,"href":"https:\/\/blogs.univ-jfc.fr\/vigneetvin\/wp-json\/wp\/v2\/users\/188"}],"replies":[{"embeddable":true,"href":"https:\/\/blogs.univ-jfc.fr\/vigneetvin\/wp-json\/wp\/v2\/comments?post=747"}],"version-history":[{"count":12,"href":"https:\/\/blogs.univ-jfc.fr\/vigneetvin\/wp-json\/wp\/v2\/pages\/747\/revisions"}],"predecessor-version":[{"id":4896,"href":"https:\/\/blogs.univ-jfc.fr\/vigneetvin\/wp-json\/wp\/v2\/pages\/747\/revisions\/4896"}],"up":[{"embeddable":true,"href":"https:\/\/blogs.univ-jfc.fr\/vigneetvin\/wp-json\/wp\/v2\/pages\/688"}],"wp:attachment":[{"href":"https:\/\/blogs.univ-jfc.fr\/vigneetvin\/wp-json\/wp\/v2\/media?parent=747"}],"curies":[{"name":"wp","href":"https:\/\/api.w.org\/{rel}","templated":true}]}}