{"id":757,"date":"2017-03-02T09:16:29","date_gmt":"2017-03-02T08:16:29","guid":{"rendered":"http:\/\/blogs.univ-jfc.fr\/vigneetvin\/?page_id=757"},"modified":"2017-04-17T17:35:49","modified_gmt":"2017-04-17T16:35:49","slug":"les-labels-dans-le-gaillacois","status":"publish","type":"page","link":"https:\/\/blogs.univ-jfc.fr\/vigneetvin\/gaillac-et-le-vin\/vigne-et-vin-dans-le-gaillac-daujourdhui\/les-labels\/les-labels-dans-le-gaillacois\/","title":{"rendered":"Les labels dans le gaillacois"},"content":{"rendered":"<p align=\"justify\">Sur la superficie totale du vignoble gaillacois (environ 9 000 hectares), le vignoble labellis\u00e9 AOC (<a href=\"http:\/\/www.inao.gouv.fr\/Les-signes-officiels-de-la-qualite-et-de-l-origine-SIQO\/Appellation-d-origine-protegee-Appellation-d-origine-controlee\">appellation d&rsquo;origine contr\u00f4l\u00e9e<\/a>) en repr\u00e9sente 3 923 hectares. Plusieurs labels coexistent sur cette aire g\u00e9ographique du gaillacois tels que l&rsquo;AOC mais aussi l&rsquo;IGP (<a href=\"http:\/\/www.inao.gouv.fr\/Les-signes-officiels-de-la-qualite-et-de-l-origine-SIQO\/Indication-geographique-protegee\">Indication g\u00e9ographique prot\u00e9g\u00e9e<\/a>) et enfin l&rsquo;AB (<a href=\"http:\/\/www.inao.gouv.fr\/Les-signes-officiels-de-la-qualite-et-de-l-origine-SIQO\/Agriculture-Biologique\">Agriculture biologique<\/a>) qui peut se superposer aux autres. En 2010, le gaillacois comprenait plus de 700 vignerons dont 350 environ produisaient des vins certifi\u00e9s AOC.<\/p>\n<figure id=\"attachment_3228\" aria-describedby=\"caption-attachment-3228\" style=\"width: 300px\" class=\"wp-caption alignleft\"><a href=\"http:\/\/blogs.univ-jfc.fr\/vigneetvin\/wp-content\/uploads\/sites\/56\/2017\/03\/inao.jpg\"><img loading=\"lazy\" class=\"wp-image-3228 size-medium\" title=\"Logo de l'institut national de l'origine et de la qualit\u00e9; https:\/\/www.data.gouv.fr\/fr\/organizations\/institut-national-de-l-origine-et-de-la-qualite-inao\/\" src=\"http:\/\/blogs.univ-jfc.fr\/vigneetvin\/wp-content\/uploads\/sites\/56\/2017\/03\/inao-300x156.jpg\" alt=\"Logo de l'institut national de l'origine et de la qualit\u00e9. INAO.\" width=\"300\" height=\"156\" srcset=\"https:\/\/blogs.univ-jfc.fr\/vigneetvin\/wp-content\/uploads\/sites\/56\/2017\/03\/inao-300x156.jpg 300w, https:\/\/blogs.univ-jfc.fr\/vigneetvin\/wp-content\/uploads\/sites\/56\/2017\/03\/inao-768x398.jpg 768w, https:\/\/blogs.univ-jfc.fr\/vigneetvin\/wp-content\/uploads\/sites\/56\/2017\/03\/inao-1024x531.jpg 1024w, https:\/\/blogs.univ-jfc.fr\/vigneetvin\/wp-content\/uploads\/sites\/56\/2017\/03\/inao.jpg 1097w\" sizes=\"(max-width: 300px) 100vw, 300px\" \/><\/a><figcaption id=\"caption-attachment-3228\" class=\"wp-caption-text\">Logo de l&rsquo;institut national de l&rsquo;origine et de la qualit\u00e9. INAO.<\/figcaption><\/figure>\n<p align=\"justify\">Les labels sont des dispositifs officiels g\u00e9r\u00e9s par l&rsquo;Institut National de l&rsquo;Origine et de la qualit\u00e9 (<a href=\"http:\/\/www.inao.gouv.fr\/\">INAO<\/a>) d\u00e9pendant du minist\u00e8re de l&rsquo;agriculture. Son r\u00f4le est d&rsquo;aider les vignerons \u00e0 obtenir le label puis de les accompagner tout au long de la labellisation du vignoble. Cette derni\u00e8re est soumise \u00e0 des r\u00e8gles strictes et pr\u00e9cises consign\u00e9es dans un cahier des charges. Les d\u00e9l\u00e9gations territoriales compos\u00e9es d&rsquo;agents locaux repr\u00e9sentent une v\u00e9ritable aide de proximit\u00e9 dans l&rsquo;obtention et la vie du label mais aussi dans le contr\u00f4le du respect du cahier des charges. A Gaillac, la d\u00e9l\u00e9gation se situe au centre technique du Vin, 52 place Jean Moulin.<br \/>\nLe d\u00e9veloppement des labels, en particulier les labels officiels, s&rsquo;inscrit dans une volont\u00e9 de recherche de qualit\u00e9 des consommateurs qui passe par une viticulture plus respectueuse de la nature. Ainsi, la viticulture biologique conna\u00eet une forte expansion comme en t\u00e9moignent les dix-sept pour-cents de la superficie totale consacr\u00e9e aux vins biologiques.<\/p>\n<figure id=\"attachment_3229\" aria-describedby=\"caption-attachment-3229\" style=\"width: 302px\" class=\"wp-caption alignright\"><a href=\"http:\/\/blogs.univ-jfc.fr\/vigneetvin\/wp-content\/uploads\/sites\/56\/2017\/03\/AB_image_full.png\"><img loading=\"lazy\" class=\"wp-image-3229 \" title=\"Logos europ\u00e9en et fran\u00e7ais de l'agriculture biologique; http:\/\/www.inao.gouv.fr\/Les-signes-officiels-de-la-qualite-et-de-l-origine-SIQO\/Agriculture-Biologique\" src=\"http:\/\/blogs.univ-jfc.fr\/vigneetvin\/wp-content\/uploads\/sites\/56\/2017\/03\/AB_image_full-300x300.png\" alt=\"Logos europ\u00e9en et fran\u00e7ais de l'agriculture biologique. INAO.\" width=\"302\" height=\"302\" srcset=\"https:\/\/blogs.univ-jfc.fr\/vigneetvin\/wp-content\/uploads\/sites\/56\/2017\/03\/AB_image_full-300x300.png 300w, https:\/\/blogs.univ-jfc.fr\/vigneetvin\/wp-content\/uploads\/sites\/56\/2017\/03\/AB_image_full-150x150.png 150w, https:\/\/blogs.univ-jfc.fr\/vigneetvin\/wp-content\/uploads\/sites\/56\/2017\/03\/AB_image_full.png 410w\" sizes=\"(max-width: 302px) 100vw, 302px\" \/><\/a><figcaption id=\"caption-attachment-3229\" class=\"wp-caption-text\">Logos europ\u00e9en et fran\u00e7ais de l&rsquo;agriculture biologique. INAO.<\/figcaption><\/figure>\n<p align=\"justify\">Cette superficie repr\u00e9sente la plus importante zone cultiv\u00e9e en biologique de Midi-Pyr\u00e9n\u00e9es avec ses 44 vignerons en 2011. Le label AB (Agriculture biologique) d\u00e9clin\u00e9 sur le plan national et europ\u00e9en est le garant d&rsquo;un viticulture de qualit\u00e9.<br \/>\nToutefois, les consignes strictes fix\u00e9es par les cahiers des charges peuvent s&rsquo;av\u00e9rer tr\u00e8s contraignantes pour certains vignerons, en particulier pour l&rsquo;exportation. Le label AOC est pr\u00e9cis\u00e9ment controvers\u00e9 par ces derniers, lui trouvant des avantages mais aussi des limites face \u00e0 l\u2019exigence des consommateurs et \u00e0 la concurrence accrue par la mondialisation.<\/p>\n<p align=\"justify\">\n","protected":false},"excerpt":{"rendered":"<p>Sur la superficie totale du vignoble gaillacois (environ 9 000 hectares), le vignoble labellis\u00e9 AOC (appellation d&rsquo;origine contr\u00f4l\u00e9e) en repr\u00e9sente 3 923 hectares. Plusieurs labels coexistent sur cette aire g\u00e9ographique du gaillacois tels que l&rsquo;AOC mais aussi l&rsquo;IGP (Indication g\u00e9ographique prot\u00e9g\u00e9e) et enfin l&rsquo;AB (Agriculture biologique) qui peut se superposer aux autres. En 2010, le &hellip; <a href=\"https:\/\/blogs.univ-jfc.fr\/vigneetvin\/gaillac-et-le-vin\/vigne-et-vin-dans-le-gaillac-daujourdhui\/les-labels\/les-labels-dans-le-gaillacois\/\" class=\"more-link\">Continuer la lecture de <span class=\"screen-reader-text\">Les labels dans le gaillacois<\/span> <span class=\"meta-nav\">&rarr;<\/span><\/a><\/p>\n","protected":false},"author":188,"featured_media":0,"parent":688,"menu_order":0,"comment_status":"closed","ping_status":"closed","template":"","meta":[],"_links":{"self":[{"href":"https:\/\/blogs.univ-jfc.fr\/vigneetvin\/wp-json\/wp\/v2\/pages\/757"}],"collection":[{"href":"https:\/\/blogs.univ-jfc.fr\/vigneetvin\/wp-json\/wp\/v2\/pages"}],"about":[{"href":"https:\/\/blogs.univ-jfc.fr\/vigneetvin\/wp-json\/wp\/v2\/types\/page"}],"author":[{"embeddable":true,"href":"https:\/\/blogs.univ-jfc.fr\/vigneetvin\/wp-json\/wp\/v2\/users\/188"}],"replies":[{"embeddable":true,"href":"https:\/\/blogs.univ-jfc.fr\/vigneetvin\/wp-json\/wp\/v2\/comments?post=757"}],"version-history":[{"count":13,"href":"https:\/\/blogs.univ-jfc.fr\/vigneetvin\/wp-json\/wp\/v2\/pages\/757\/revisions"}],"predecessor-version":[{"id":4899,"href":"https:\/\/blogs.univ-jfc.fr\/vigneetvin\/wp-json\/wp\/v2\/pages\/757\/revisions\/4899"}],"up":[{"embeddable":true,"href":"https:\/\/blogs.univ-jfc.fr\/vigneetvin\/wp-json\/wp\/v2\/pages\/688"}],"wp:attachment":[{"href":"https:\/\/blogs.univ-jfc.fr\/vigneetvin\/wp-json\/wp\/v2\/media?parent=757"}],"curies":[{"name":"wp","href":"https:\/\/api.w.org\/{rel}","templated":true}]}}