{"id":765,"date":"2017-03-02T09:17:54","date_gmt":"2017-03-02T08:17:54","guid":{"rendered":"http:\/\/blogs.univ-jfc.fr\/vigneetvin\/?page_id=765"},"modified":"2017-03-30T07:58:49","modified_gmt":"2017-03-30T06:58:49","slug":"les-villae","status":"publish","type":"page","link":"https:\/\/blogs.univ-jfc.fr\/vigneetvin\/gaillac-et-le-vin\/une-histoire-du-vignoble-gaillacois\/leconomie-seculaire-du-vignoble-de-gaillac-aux-epoques-antiques-et-medievales\/la-production-du-vin-de-gaillac\/les-villae\/","title":{"rendered":"Les villae"},"content":{"rendered":"<p align=\"justify\">Le vignoble de Gaillac, d\u00e9j\u00e0 exploit\u00e9 par les Gaulois de mani\u00e8re plus \u00e9parse conna\u00eet un essor sous les r\u00e8gnes imp\u00e9riaux romains des Julio-Claudien, soit d\u00e8s le d\u00e9but du Ier si\u00e8cle apr\u00e8s J. C.. Cet essor est \u00e0 l&rsquo;origine d&rsquo;un d\u00e9veloppement \u00e9conomique de la r\u00e9gion et en particulier de Montans, ville r\u00e9put\u00e9e pour la qualit\u00e9 de sa poterie et dont sa situation g\u00e9ographique et strat\u00e9gique est des plus confortable.<\/p>\n<figure id=\"attachment_1251\" aria-describedby=\"caption-attachment-1251\" style=\"width: 300px\" class=\"wp-caption aligncenter\"><a href=\"http:\/\/blogs.univ-jfc.fr\/vigneetvin\/wp-content\/uploads\/sites\/56\/2017\/03\/300x155x_DSC4756-2.jpg.pagespeed.ic_._MSJZjKFoD.jpeg\"><img loading=\"lazy\" class=\"wp-image-1251 size-full\" src=\"http:\/\/blogs.univ-jfc.fr\/vigneetvin\/wp-content\/uploads\/sites\/56\/2017\/03\/300x155x_DSC4756-2.jpg.pagespeed.ic_._MSJZjKFoD.jpeg\" width=\"300\" height=\"155\" \/><\/a><figcaption id=\"caption-attachment-1251\" class=\"wp-caption-text\">Un vase sigil\u00e9e datant de l&rsquo;\u00e9poque gallo-romaine retrouv\u00e9 a Montans.<\/figcaption><\/figure>\n<p align=\"justify\">Montans est dot\u00e9 de voies commerciales importantes : l&rsquo;une fluviale qu&rsquo;est le Tarn et l&rsquo;autre terrestre qu&rsquo;est le Cami Ferrat, chemin utilis\u00e9 par les peuplades gauloises puis par la suite utilis\u00e9 par les Romains. Durant cette \u00e9poque, de vastes domaines agricoles d\u00e9tenus par de grands propri\u00e9taires terriens romains, appel\u00e9s villae s&rsquo;installent sur la basse plaine du Tarn, la culture de la vigne y est privil\u00e9gi\u00e9e. Gaillac fait partie de ces villae, on l&rsquo;appelle \u00e0 l&rsquo;\u00e9poque la villa de Galliaco. La production vinicole augmentant, un commerce s&rsquo;installe et le vin ainsi que ses produits d\u00e9riv\u00e9s sont export\u00e9s.<\/p>\n<p align=\"justify\">Il faut savoir qu&rsquo;il y a des fermes gallo-romaines, plus petites que les villae qui sont situ\u00e9s sur les terrasses alluviales, endroits o\u00f9 la vigne \u00e9tait exploit\u00e9es. Les grandes villae, situ\u00e9es sur les terres riches, soit sur les rives du Tarn, contr\u00f4laient l&rsquo;exploitation vinicole de ces fermes.<\/p>\n<figure id=\"attachment_1252\" aria-describedby=\"caption-attachment-1252\" style=\"width: 200px\" class=\"wp-caption aligncenter\"><a href=\"http:\/\/blogs.univ-jfc.fr\/vigneetvin\/wp-content\/uploads\/sites\/56\/2017\/03\/987_vignette_c-RGMG-338-mosaique-au-Rafraichissoir-grappe-de-raisin-01-3.jpeg\"><img loading=\"lazy\" class=\"wp-image-1252 size-medium\" src=\"http:\/\/blogs.univ-jfc.fr\/vigneetvin\/wp-content\/uploads\/sites\/56\/2017\/03\/987_vignette_c-RGMG-338-mosaique-au-Rafraichissoir-grappe-de-raisin-01-3-200x300.jpeg\" width=\"200\" height=\"300\" srcset=\"https:\/\/blogs.univ-jfc.fr\/vigneetvin\/wp-content\/uploads\/sites\/56\/2017\/03\/987_vignette_c-RGMG-338-mosaique-au-Rafraichissoir-grappe-de-raisin-01-3-200x300.jpeg 200w, https:\/\/blogs.univ-jfc.fr\/vigneetvin\/wp-content\/uploads\/sites\/56\/2017\/03\/987_vignette_c-RGMG-338-mosaique-au-Rafraichissoir-grappe-de-raisin-01-3.jpeg 666w\" sizes=\"(max-width: 200px) 100vw, 200px\" \/><\/a><figcaption id=\"caption-attachment-1252\" class=\"wp-caption-text\">Grappe de raisin, fin IIe si\u00e8cle de notre \u00e8re, d\u00e9tail de la Mosa\u00efque au rafra\u00eechissoir, Sainte-Colombe-les-Vienne. Mus\u00e9e gallo-romain de Saint-Romain-en-Gal<\/figcaption><\/figure>\n<p align=\"justify\">Mais la crise romaine de la fin du II &#8211; IIIe si\u00e8cle voit la disparition des fermes plus petites et vuln\u00e9rable face a la prise de puissance des principales et des plus grandes. N\u00e9anmoins, ces derni\u00e8res ont \u00e9t\u00e9 d\u00e9truites quelque temps plus tard lors de l&rsquo;invasion des Wisigoths au V\u00e8me si\u00e8cle. C&rsquo;est donc une \u00e9volution lente et progressive qui s&rsquo;op\u00e8re entre l&rsquo;Antiquit\u00e9 et le Moyen \u00c2ge,\u00a0les villae laissant places aux <a href=\"http:\/\/blogs.univ-jfc.fr\/vigneetvin\/gaillac-et-le-vin\/une-histoire-du-vignoble-gaillacois\/leconomie-seculaire-du-vignoble-de-gaillac-aux-epoques-antiques-et-medievales\/la-production-du-vin-de-gaillac\/abbaye-saint-michel\/\">abbayes<\/a>.<\/p>\n<p align=\"justify\"><a href=\"http:\/\/blogs.univ-jfc.fr\/vigneetvin\/gaillac-et-le-vin\/une-histoire-du-vignoble-gaillacois\/leconomie-seculaire-du-vignoble-de-gaillac-aux-epoques-antiques-et-medievales\/la-production-du-vin-de-gaillac\/\">Revenir \u00e0 la page pr\u00e9c\u00e9dente<\/a><\/p>\n","protected":false},"excerpt":{"rendered":"<p>Le vignoble de Gaillac, d\u00e9j\u00e0 exploit\u00e9 par les Gaulois de mani\u00e8re plus \u00e9parse conna\u00eet un essor sous les r\u00e8gnes imp\u00e9riaux romains des Julio-Claudien, soit d\u00e8s le d\u00e9but du Ier si\u00e8cle apr\u00e8s J. C.. Cet essor est \u00e0 l&rsquo;origine d&rsquo;un d\u00e9veloppement \u00e9conomique de la r\u00e9gion et en particulier de Montans, ville r\u00e9put\u00e9e pour la qualit\u00e9 de &hellip; <a href=\"https:\/\/blogs.univ-jfc.fr\/vigneetvin\/gaillac-et-le-vin\/une-histoire-du-vignoble-gaillacois\/leconomie-seculaire-du-vignoble-de-gaillac-aux-epoques-antiques-et-medievales\/la-production-du-vin-de-gaillac\/les-villae\/\" class=\"more-link\">Continuer la lecture de <span class=\"screen-reader-text\">Les villae<\/span> <span class=\"meta-nav\">&rarr;<\/span><\/a><\/p>\n","protected":false},"author":189,"featured_media":0,"parent":171,"menu_order":4,"comment_status":"closed","ping_status":"closed","template":"","meta":[],"_links":{"self":[{"href":"https:\/\/blogs.univ-jfc.fr\/vigneetvin\/wp-json\/wp\/v2\/pages\/765"}],"collection":[{"href":"https:\/\/blogs.univ-jfc.fr\/vigneetvin\/wp-json\/wp\/v2\/pages"}],"about":[{"href":"https:\/\/blogs.univ-jfc.fr\/vigneetvin\/wp-json\/wp\/v2\/types\/page"}],"author":[{"embeddable":true,"href":"https:\/\/blogs.univ-jfc.fr\/vigneetvin\/wp-json\/wp\/v2\/users\/189"}],"replies":[{"embeddable":true,"href":"https:\/\/blogs.univ-jfc.fr\/vigneetvin\/wp-json\/wp\/v2\/comments?post=765"}],"version-history":[{"count":11,"href":"https:\/\/blogs.univ-jfc.fr\/vigneetvin\/wp-json\/wp\/v2\/pages\/765\/revisions"}],"predecessor-version":[{"id":4267,"href":"https:\/\/blogs.univ-jfc.fr\/vigneetvin\/wp-json\/wp\/v2\/pages\/765\/revisions\/4267"}],"up":[{"embeddable":true,"href":"https:\/\/blogs.univ-jfc.fr\/vigneetvin\/wp-json\/wp\/v2\/pages\/171"}],"wp:attachment":[{"href":"https:\/\/blogs.univ-jfc.fr\/vigneetvin\/wp-json\/wp\/v2\/media?parent=765"}],"curies":[{"name":"wp","href":"https:\/\/api.w.org\/{rel}","templated":true}]}}