{"id":769,"date":"2017-03-02T09:16:57","date_gmt":"2017-03-02T08:16:57","guid":{"rendered":"http:\/\/blogs.univ-jfc.fr\/vigneetvin\/?page_id=769"},"modified":"2017-04-17T17:32:26","modified_gmt":"2017-04-17T16:32:26","slug":"loenotourisme","status":"publish","type":"page","link":"https:\/\/blogs.univ-jfc.fr\/vigneetvin\/gaillac-et-le-vin\/vigne-et-vin-dans-le-gaillac-daujourdhui\/les-labels\/loenotourisme\/","title":{"rendered":"L&rsquo;oenotourisme"},"content":{"rendered":"<figure id=\"attachment_3225\" aria-describedby=\"caption-attachment-3225\" style=\"width: 200px\" class=\"wp-caption alignright\"><a href=\"http:\/\/blogs.univ-jfc.fr\/vigneetvin\/wp-content\/uploads\/sites\/56\/2017\/03\/resize1-FDV2016_visuel_bd.jpg\"><img loading=\"lazy\" class=\"wp-image-3225 size-medium\" title=\"Affiche pour la trente-huiti\u00e8me \u00e9dition de la f\u00eate des vins de Gaillac en 2016; www.vins-gaillac.com\/fete-des-vins\" src=\"http:\/\/blogs.univ-jfc.fr\/vigneetvin\/wp-content\/uploads\/sites\/56\/2017\/03\/resize1-FDV2016_visuel_bd-200x300.jpg\" alt=\"Affiche pour la trente-huiti\u00e8me \u00e9dition de la f\u00eate des vins de Gaillac en 2016. Vins Gaillac.\" width=\"200\" height=\"300\" srcset=\"https:\/\/blogs.univ-jfc.fr\/vigneetvin\/wp-content\/uploads\/sites\/56\/2017\/03\/resize1-FDV2016_visuel_bd-200x300.jpg 200w, https:\/\/blogs.univ-jfc.fr\/vigneetvin\/wp-content\/uploads\/sites\/56\/2017\/03\/resize1-FDV2016_visuel_bd.jpg 350w\" sizes=\"(max-width: 200px) 100vw, 200px\" \/><\/a><figcaption id=\"caption-attachment-3225\" class=\"wp-caption-text\">Affiche pour la trente-huiti\u00e8me \u00e9dition de la f\u00eate des vins de Gaillac en 2016. Vins Gaillac.<\/figcaption><\/figure>\n<p align=\"justify\">La France est la premi\u00e8re destination touristique au monde et sa r\u00e9putation r\u00e9sulte, entre autres, de son riche patrimoine gastronomique. La production de vins fran\u00e7ais jouit d&rsquo;une grande renomm\u00e9e gr\u00e2ce au savoir-faire des vignerons. Ainsi, depuis plusieurs ann\u00e9es, un tourisme s&rsquo;est d\u00e9velopp\u00e9 autour de la viticulture\u00a0: il s&rsquo;agit de l&rsquo;oenotourisme. Les adeptes de cette formule sont ceux qui appr\u00e9cient et consomment le plus r\u00e9guli\u00e8rement le vin. <a href=\"http:\/\/blogs.univ-jfc.fr\/vigneetvin\/gaillac-et-le-vin\/vigne-et-vin-dans-le-gaillac-daujourdhui\/les-labels\/loenotourisme\/les-categories-depicuriens\/\">Selon de r\u00e9centes \u00e9tudes<\/a>, il s&rsquo;agit d&rsquo;hommes \u00e2g\u00e9s en moyenne d\u2019une cinquantaine d\u2019ann\u00e9es qui se diff\u00e9rencient en 4 cat\u00e9gories\u00a0: les \u00e9picuriens, les explorateurs, les d\u00e9couvreurs du patrimoine, et enfin les experts. L&rsquo;oenotourisme est l&rsquo;un des atouts \u00e9conomiques majeurs du pays puisque environ <a href=\"http:\/\/www.lemonde.fr\/economie\/article\/2015\/07\/15\/la-tres-lucrative-route-des-vins_4684018_3234.html\">7,5 millions de personnes<\/a> visitent chaque ann\u00e9e les caves fran\u00e7aises. Pour r\u00e9pondre \u00e0 cette demande, de nombreuses structures ont \u00e9t\u00e9 mises en place pour accueillir les touristes tant fran\u00e7ais qu&rsquo;\u00e9trangers. A Gaillac, c&rsquo;est <a href=\"http:\/\/www.vins-gaillac.com\/maison-des-vins\">la maison des vins<\/a> qui tient ce r\u00f4le. En effet, cette derni\u00e8re propose tout au long de l&rsquo;ann\u00e9e, diverses activit\u00e9s qui ont pour but de promouvoir les productions viticoles du gaillacois. Pour ce faire, elle organise des d\u00e9gustations, des initiations \u00e0 la fabrication du vin mais \u00e9galement la visite des domaines. La ville de Gaillac est l&rsquo;autre acteur cl\u00e9 du tourisme car elle propose plusieurs \u00e9v\u00e9nements autour de la th\u00e9matique du vin.<\/p>\n<figure id=\"attachment_2910\" aria-describedby=\"caption-attachment-2910\" style=\"width: 300px\" class=\"wp-caption alignleft\"><a href=\"http:\/\/blogs.univ-jfc.fr\/vigneetvin\/wp-content\/uploads\/sites\/56\/2017\/03\/Toursime_1_MVV.jpg\"><img loading=\"lazy\" class=\"wp-image-2910 size-medium\" title=\"Maison des vins de Gaillac; www.vins-gaillac.com\" src=\"http:\/\/blogs.univ-jfc.fr\/vigneetvin\/wp-content\/uploads\/sites\/56\/2017\/03\/Toursime_1_MVV-300x119.jpg\" alt=\"Maison des vins de Gaillac. Vins Gaillac.\" width=\"300\" height=\"119\" srcset=\"https:\/\/blogs.univ-jfc.fr\/vigneetvin\/wp-content\/uploads\/sites\/56\/2017\/03\/Toursime_1_MVV-300x119.jpg 300w, https:\/\/blogs.univ-jfc.fr\/vigneetvin\/wp-content\/uploads\/sites\/56\/2017\/03\/Toursime_1_MVV.jpg 618w\" sizes=\"(max-width: 300px) 100vw, 300px\" \/><\/a><figcaption id=\"caption-attachment-2910\" class=\"wp-caption-text\">Maison des vins de Gaillac. Vins Gaillac.<\/figcaption><\/figure>\n<p align=\"justify\">Ainsi, chaque ann\u00e9e se d\u00e9roule une f\u00eate des vins durant laquelle il est possible de commercer avec les vignerons.<a href=\"http:\/\/blogs.univ-jfc.fr\/vigneetvin\/wp-content\/uploads\/sites\/56\/2017\/03\/resize1-FDV2016_visuel_bd.jpg\"><br \/>\n<\/a><\/p>\n<p align=\"justify\">\n","protected":false},"excerpt":{"rendered":"<p>La France est la premi\u00e8re destination touristique au monde et sa r\u00e9putation r\u00e9sulte, entre autres, de son riche patrimoine gastronomique. La production de vins fran\u00e7ais jouit d&rsquo;une grande renomm\u00e9e gr\u00e2ce au savoir-faire des vignerons. Ainsi, depuis plusieurs ann\u00e9es, un tourisme s&rsquo;est d\u00e9velopp\u00e9 autour de la viticulture\u00a0: il s&rsquo;agit de l&rsquo;oenotourisme. Les adeptes de cette formule &hellip; <a href=\"https:\/\/blogs.univ-jfc.fr\/vigneetvin\/gaillac-et-le-vin\/vigne-et-vin-dans-le-gaillac-daujourdhui\/les-labels\/loenotourisme\/\" class=\"more-link\">Continuer la lecture de <span class=\"screen-reader-text\">L&rsquo;oenotourisme<\/span> <span class=\"meta-nav\">&rarr;<\/span><\/a><\/p>\n","protected":false},"author":188,"featured_media":0,"parent":688,"menu_order":0,"comment_status":"closed","ping_status":"closed","template":"","meta":[],"_links":{"self":[{"href":"https:\/\/blogs.univ-jfc.fr\/vigneetvin\/wp-json\/wp\/v2\/pages\/769"}],"collection":[{"href":"https:\/\/blogs.univ-jfc.fr\/vigneetvin\/wp-json\/wp\/v2\/pages"}],"about":[{"href":"https:\/\/blogs.univ-jfc.fr\/vigneetvin\/wp-json\/wp\/v2\/types\/page"}],"author":[{"embeddable":true,"href":"https:\/\/blogs.univ-jfc.fr\/vigneetvin\/wp-json\/wp\/v2\/users\/188"}],"replies":[{"embeddable":true,"href":"https:\/\/blogs.univ-jfc.fr\/vigneetvin\/wp-json\/wp\/v2\/comments?post=769"}],"version-history":[{"count":15,"href":"https:\/\/blogs.univ-jfc.fr\/vigneetvin\/wp-json\/wp\/v2\/pages\/769\/revisions"}],"predecessor-version":[{"id":4895,"href":"https:\/\/blogs.univ-jfc.fr\/vigneetvin\/wp-json\/wp\/v2\/pages\/769\/revisions\/4895"}],"up":[{"embeddable":true,"href":"https:\/\/blogs.univ-jfc.fr\/vigneetvin\/wp-json\/wp\/v2\/pages\/688"}],"wp:attachment":[{"href":"https:\/\/blogs.univ-jfc.fr\/vigneetvin\/wp-json\/wp\/v2\/media?parent=769"}],"curies":[{"name":"wp","href":"https:\/\/api.w.org\/{rel}","templated":true}]}}