{"id":779,"date":"2017-03-02T09:18:20","date_gmt":"2017-03-02T08:18:20","guid":{"rendered":"http:\/\/blogs.univ-jfc.fr\/vigneetvin\/?page_id=779"},"modified":"2017-03-30T08:06:19","modified_gmt":"2017-03-30T07:06:19","slug":"cepages-gaillacois","status":"publish","type":"page","link":"https:\/\/blogs.univ-jfc.fr\/vigneetvin\/gaillac-et-le-vin\/une-histoire-du-vignoble-gaillacois\/leconomie-seculaire-du-vignoble-de-gaillac-aux-epoques-antiques-et-medievales\/la-production-du-vin-de-gaillac\/cepages-gaillacois\/","title":{"rendered":"C\u00e9pages gaillacois"},"content":{"rendered":"<p align=\"justify\">La production du vin dans la r\u00e9gion de gaillac est favorable de part des conditions climatiques qui offre un environnement id\u00e9al pour l&rsquo;\u00e9panouissement de ce vignoble \u00e0 travers les \u00e2ges. Mais comment parler de vignoble sans parler de ce qui fait ce vignoble et le prestige du vin de Gaillac depuis l&rsquo;antiquit\u00e9 : les c\u00e9pages. En effet, le vignoble de Gaillac poss\u00e8de, comme le dit <a href=\"https:\/\/www.canal-u.tv\/auteurs\/plageoles_robert#\">Robert Plageole<\/a>, \u00ab des c\u00e9pages uniques, mill\u00e9naires et autochtones \u00bb datant de l&rsquo;antiquit\u00e9 ou de l&rsquo;\u00e9poque m\u00e9di\u00e9vale. Au fil des si\u00e8cles, le vignoble a \u00e9volu\u00e9 en gardant sa renomm\u00e9e gr\u00e2ce \u00e0 l&rsquo;importation de d&rsquo;autres c\u00e9pages, et gr\u00e2ce aussi \u00e0 la production de diverses vari\u00e9t\u00e9s, en allant du rouge jusqu&rsquo;au blanc en passant par le mousseux.<\/p>\n<p align=\"justify\">Avant l&rsquo;exploitation de ce vignoble au IIe si\u00e8cle av J-C, la viticulture du Tarn reposait alors sur des c\u00e9pages locaux, mais aussi, plus tard, sur des c\u00e9pages romains ainsi que de leur croisement. Il est vrai de dire que <a href=\"http:\/\/blogs.univ-jfc.fr\/vigneetvin\/gaillac-et-le-vin\/une-histoire-du-vignoble-gaillacois\/leconomie-seculaire-du-vignoble-de-gaillac-aux-epoques-antiques-et-medievales\/la-production-du-vin-de-gaillac\/basilicae-romain\/\">certains c\u00e9pages au nom latin sont des anc\u00eatres des c\u00e9pages gaillacois<\/a>.<\/p>\n<p align=\"justify\">Il existe plusieurs hypoth\u00e8ses sur les origines des c\u00e9pages gaillacois. Certains affirment qu&rsquo;il a \u00e9t\u00e9 transport\u00e9, ann\u00e9e apr\u00e8s ann\u00e9e, de r\u00e9gion en r\u00e9gion par des populations romaine, grecque (de Phoc\u00e9e) ou Gaillacoise. D&rsquo;autres pensent que ce c\u00e9page provient de mutations successives dues au greffage qui sur un temps long apporte de larges modifications. A cela, il faut ajouter une importante mutation faites par les Romains : l&rsquo;<a href=\"http:\/\/blogs.univ-jfc.fr\/vigneetvin\/gaillac-et-le-vin\/une-histoire-du-vignoble-gaillacois\/leconomie-seculaire-du-vignoble-de-gaillac-aux-epoques-antiques-et-medievales\/la-production-du-vin-de-gaillac\/decret-de-domitien\/\">arr\u00eat de Domitien<\/a> en 92. Mais le Mauzac n&rsquo;est pas le seul c\u00e9page de vin blanc historique de Gaillac, en effet, parmi les plus anciens, on peut compter le loin-de-l&rsquo;oeil, l&rsquo;ondenc, ou encore le plus rare, le verdanel.<\/p>\n<p align=\"justify\">Outre le vin blanc, le vignoble de gaillac poss\u00e8de aussi de prestigieux c\u00e9pages de vins rouges datant de ces \u00e9poques anciennes. Parmi ces prestigieux c\u00e9pages, on peut citer le Duras ou duracina mentionn\u00e9 par l&rsquo;agronome romain Caton durant l&rsquo;Antiquit\u00e9, la n\u00e9grette, seul c\u00e9page originaire de Gaillac depuis la cr\u00e9ation du vignoble. L&rsquo;on peut aussi rajouter le cot \u00e0 queue, appel\u00e9 Prunelard \u00e0 Gaillac, qui est lui aussi un des plus anciens c\u00e9pages avec le Duras, l&rsquo;Ondenc et le Mauzac. Mais le vignoble de Gaillac poss\u00e8de aussi des c\u00e9pages d&rsquo;appoint non-gaillacois qui ont \u00e9t\u00e9 implant\u00e9 comme par exemple la Muscadelle, le S\u00e9millon, le Sauvignon, les Cabernets, le Merlot et la Syrah implant\u00e9 vers la fin de l&rsquo;\u00e9poque m\u00e9di\u00e9vale, d\u00e9but \u00e9poque moderne. Le Gamays Beaujolais en fait aussi partie, mais il lui fut implant\u00e9 durant l&rsquo;antiquit\u00e9.<\/p>\n<p align=\"justify\">Mais le vignoble de Gaillac n&rsquo;est pas seulement producteur de vins blanc et rouge, il est aussi le plus ancien producteur de vin mousseux.<\/p>\n<p align=\"justify\"><a href=\"http:\/\/blogs.univ-jfc.fr\/vigneetvin\/gaillac-et-le-vin\/une-histoire-du-vignoble-gaillacois\/leconomie-seculaire-du-vignoble-de-gaillac-aux-epoques-antiques-et-medievales\/la-production-du-vin-de-gaillac\/\">Revenir \u00e0 la page pr\u00e9c\u00e9dente<\/a><\/p>\n","protected":false},"excerpt":{"rendered":"<p>La production du vin dans la r\u00e9gion de gaillac est favorable de part des conditions climatiques qui offre un environnement id\u00e9al pour l&rsquo;\u00e9panouissement de ce vignoble \u00e0 travers les \u00e2ges. Mais comment parler de vignoble sans parler de ce qui fait ce vignoble et le prestige du vin de Gaillac depuis l&rsquo;antiquit\u00e9 : les c\u00e9pages. &hellip; <a href=\"https:\/\/blogs.univ-jfc.fr\/vigneetvin\/gaillac-et-le-vin\/une-histoire-du-vignoble-gaillacois\/leconomie-seculaire-du-vignoble-de-gaillac-aux-epoques-antiques-et-medievales\/la-production-du-vin-de-gaillac\/cepages-gaillacois\/\" class=\"more-link\">Continuer la lecture de <span class=\"screen-reader-text\">C\u00e9pages gaillacois<\/span> <span class=\"meta-nav\">&rarr;<\/span><\/a><\/p>\n","protected":false},"author":189,"featured_media":0,"parent":171,"menu_order":4,"comment_status":"closed","ping_status":"closed","template":"","meta":[],"_links":{"self":[{"href":"https:\/\/blogs.univ-jfc.fr\/vigneetvin\/wp-json\/wp\/v2\/pages\/779"}],"collection":[{"href":"https:\/\/blogs.univ-jfc.fr\/vigneetvin\/wp-json\/wp\/v2\/pages"}],"about":[{"href":"https:\/\/blogs.univ-jfc.fr\/vigneetvin\/wp-json\/wp\/v2\/types\/page"}],"author":[{"embeddable":true,"href":"https:\/\/blogs.univ-jfc.fr\/vigneetvin\/wp-json\/wp\/v2\/users\/189"}],"replies":[{"embeddable":true,"href":"https:\/\/blogs.univ-jfc.fr\/vigneetvin\/wp-json\/wp\/v2\/comments?post=779"}],"version-history":[{"count":12,"href":"https:\/\/blogs.univ-jfc.fr\/vigneetvin\/wp-json\/wp\/v2\/pages\/779\/revisions"}],"predecessor-version":[{"id":4308,"href":"https:\/\/blogs.univ-jfc.fr\/vigneetvin\/wp-json\/wp\/v2\/pages\/779\/revisions\/4308"}],"up":[{"embeddable":true,"href":"https:\/\/blogs.univ-jfc.fr\/vigneetvin\/wp-json\/wp\/v2\/pages\/171"}],"wp:attachment":[{"href":"https:\/\/blogs.univ-jfc.fr\/vigneetvin\/wp-json\/wp\/v2\/media?parent=779"}],"curies":[{"name":"wp","href":"https:\/\/api.w.org\/{rel}","templated":true}]}}