{"id":80,"date":"2017-01-24T15:21:39","date_gmt":"2017-01-24T14:21:39","guid":{"rendered":"http:\/\/blogs.univ-jfc.fr\/vigneetvin\/?page_id=80"},"modified":"2017-03-30T07:48:12","modified_gmt":"2017-03-30T06:48:12","slug":"un-ecosysteme-fragile","status":"publish","type":"page","link":"https:\/\/blogs.univ-jfc.fr\/vigneetvin\/la-culture-de-la-vigne\/un-ecosysteme-fragile\/","title":{"rendered":"Un \u00e9cosyst\u00e8me fragile"},"content":{"rendered":"<p>De tout temp<span style=\"color: #000000\">s<\/span>, la vigne a \u00e9t\u00e9 affect\u00e9e par <a href=\"http:\/\/blogs.univ-jfc.fr\/vigneetvin\/la-culture-de-la-vigne\/un-ecosysteme-fragile\/le-tournant-xixe-xxe-siecle\/les-divers-aleas-de-la-vigne-avant-le-phylloxera\/\">divers al\u00e9as<\/a>, des intemp\u00e9ries en passant par les insectes comme le phyllox\u00e9ra. Elle constitue un \u00e9cosyst\u00e8me, un ensemble form\u00e9 par une communaut\u00e9 d&rsquo;\u00eatres vivants, animaux et v\u00e9g\u00e9taux, et par le milieu dans lequel ils vivent. La fragilit\u00e9 de ce dernier a mis l&rsquo;ensemble de l&rsquo;\u00e9conomie viticole \u00e0 rude \u00e9preuve.<\/p>\n<figure id=\"attachment_906\" aria-describedby=\"caption-attachment-906\" style=\"width: 608px\" class=\"wp-caption aligncenter\"><a href=\"http:\/\/blogs.univ-jfc.fr\/vigneetvin\/wp-content\/uploads\/sites\/56\/2017\/01\/Vignoble_de_lIGP_Val-de-Loire_dans_le_Loir-et-Cher.jpg\"><img loading=\"lazy\" class=\"wp-image-906\" title=\"Source : flickr.com\" src=\"http:\/\/blogs.univ-jfc.fr\/vigneetvin\/wp-content\/uploads\/sites\/56\/2017\/01\/Vignoble_de_lIGP_Val-de-Loire_dans_le_Loir-et-Cher-300x199.jpg\" alt=\"\" width=\"608\" height=\"403\" srcset=\"https:\/\/blogs.univ-jfc.fr\/vigneetvin\/wp-content\/uploads\/sites\/56\/2017\/01\/Vignoble_de_lIGP_Val-de-Loire_dans_le_Loir-et-Cher-300x199.jpg 300w, https:\/\/blogs.univ-jfc.fr\/vigneetvin\/wp-content\/uploads\/sites\/56\/2017\/01\/Vignoble_de_lIGP_Val-de-Loire_dans_le_Loir-et-Cher-768x509.jpg 768w, https:\/\/blogs.univ-jfc.fr\/vigneetvin\/wp-content\/uploads\/sites\/56\/2017\/01\/Vignoble_de_lIGP_Val-de-Loire_dans_le_Loir-et-Cher.jpg 800w\" sizes=\"(max-width: 608px) 100vw, 608px\" \/><\/a><figcaption id=\"caption-attachment-906\" class=\"wp-caption-text\">Photo du Vignoble de l&rsquo;IGP Val-de-Loire, dans le Loir-et-Cher, prise le 16 juin 2014 par Daniel Jolivet<\/figcaption><\/figure>\n<p style=\"text-align: justify\"><a href=\"http:\/\/blogs.univ-jfc.fr\/vigneetvin\/la-culture-de-la-vigne\/un-ecosysteme-fragile\/le-tournant-xixe-xxe-siecle\/\">Le XIX\u00e8me si\u00e8cle fut un tournant majeur<\/a> dans l&rsquo;histoire de la viticulture, ce fut l&rsquo;\u00e9poque du plus grand fl\u00e9au que la vigne ait connu. <a href=\"http:\/\/blogs.univ-jfc.fr\/vigneetvin\/la-culture-de-la-vigne\/un-ecosysteme-fragile\/le-tournant-xixe-xxe-siecle\/la-crise-du-phylloxera\/\">La crise du phyllox\u00e9ra<\/a> a \u00e9t\u00e9 \u00e0 l&rsquo;origine d&rsquo;un mouvement de modernisation des m\u00e9thodes de culture de la vigne, notamment par <a href=\"http:\/\/blogs.univ-jfc.fr\/vigneetvin\/la-culture-de-la-vigne\/un-ecosysteme-fragile\/le-tournant-xixe-xxe-siecle\/la-mecanisation\/\">la m\u00e9canisation<\/a> et l&rsquo;arriv\u00e9e des produits phytosanitaires permettant de lutter contre les maladies et les infections dues aux insectes. Cependant, leur efficacit\u00e9 et surtout, leurs effets sur l&rsquo;environnement et la sant\u00e9 des vignerons ont rapidement \u00e9t\u00e9<a href=\"http:\/\/blogs.univ-jfc.fr\/vigneetvin\/la-culture-de-la-vigne\/un-ecosysteme-fragile\/les-produits-phytosanitaires-en-debat-depuis-les-annees-1960\/le-tournant-des-annees-1960-la-contestation-de-la-viticulture-productiviste\/\"> remis en question<\/a>. C&rsquo;est de ce d\u00e9bat que sont n\u00e9es la <a href=\"http:\/\/blogs.univ-jfc.fr\/vigneetvin\/la-culture-de-la-vigne\/un-ecosysteme-fragile\/les-produits-phytosanitaires-en-debat-depuis-les-annees-1960\/le-bio-lavenir-de-la-viticulture\/\">viticulture biologique<\/a> et, plus r\u00e9cemment, la <a href=\"http:\/\/blogs.univ-jfc.fr\/vigneetvin\/la-culture-de-la-vigne\/un-ecosysteme-fragile\/les-produits-phytosanitaires-en-debat-depuis-les-annees-1960\/la-viticulture-raisonnee-un-bon-compromis\/\">viticulture raisonn\u00e9e<\/a>, m\u00eame si cette derni\u00e8re fait toujours l&rsquo;objet de controverses.<\/p>\n","protected":false},"excerpt":{"rendered":"<p>De tout temps, la vigne a \u00e9t\u00e9 affect\u00e9e par divers al\u00e9as, des intemp\u00e9ries en passant par les insectes comme le phyllox\u00e9ra. Elle constitue un \u00e9cosyst\u00e8me, un ensemble form\u00e9 par une communaut\u00e9 d&rsquo;\u00eatres vivants, animaux et v\u00e9g\u00e9taux, et par le milieu dans lequel ils vivent. La fragilit\u00e9 de ce dernier a mis l&rsquo;ensemble de l&rsquo;\u00e9conomie viticole &hellip; <a href=\"https:\/\/blogs.univ-jfc.fr\/vigneetvin\/la-culture-de-la-vigne\/un-ecosysteme-fragile\/\" class=\"more-link\">Continuer la lecture de <span class=\"screen-reader-text\">Un \u00e9cosyst\u00e8me fragile<\/span> <span class=\"meta-nav\">&rarr;<\/span><\/a><\/p>\n","protected":false},"author":108,"featured_media":0,"parent":71,"menu_order":0,"comment_status":"closed","ping_status":"closed","template":"","meta":[],"_links":{"self":[{"href":"https:\/\/blogs.univ-jfc.fr\/vigneetvin\/wp-json\/wp\/v2\/pages\/80"}],"collection":[{"href":"https:\/\/blogs.univ-jfc.fr\/vigneetvin\/wp-json\/wp\/v2\/pages"}],"about":[{"href":"https:\/\/blogs.univ-jfc.fr\/vigneetvin\/wp-json\/wp\/v2\/types\/page"}],"author":[{"embeddable":true,"href":"https:\/\/blogs.univ-jfc.fr\/vigneetvin\/wp-json\/wp\/v2\/users\/108"}],"replies":[{"embeddable":true,"href":"https:\/\/blogs.univ-jfc.fr\/vigneetvin\/wp-json\/wp\/v2\/comments?post=80"}],"version-history":[{"count":19,"href":"https:\/\/blogs.univ-jfc.fr\/vigneetvin\/wp-json\/wp\/v2\/pages\/80\/revisions"}],"predecessor-version":[{"id":4221,"href":"https:\/\/blogs.univ-jfc.fr\/vigneetvin\/wp-json\/wp\/v2\/pages\/80\/revisions\/4221"}],"up":[{"embeddable":true,"href":"https:\/\/blogs.univ-jfc.fr\/vigneetvin\/wp-json\/wp\/v2\/pages\/71"}],"wp:attachment":[{"href":"https:\/\/blogs.univ-jfc.fr\/vigneetvin\/wp-json\/wp\/v2\/media?parent=80"}],"curies":[{"name":"wp","href":"https:\/\/api.w.org\/{rel}","templated":true}]}}