{"id":806,"date":"2017-03-02T09:24:43","date_gmt":"2017-03-02T08:24:43","guid":{"rendered":"http:\/\/blogs.univ-jfc.fr\/vigneetvin\/?page_id=806"},"modified":"2017-03-30T08:00:44","modified_gmt":"2017-03-30T07:00:44","slug":"abbaye-saint-michel","status":"publish","type":"page","link":"https:\/\/blogs.univ-jfc.fr\/vigneetvin\/gaillac-et-le-vin\/une-histoire-du-vignoble-gaillacois\/leconomie-seculaire-du-vignoble-de-gaillac-aux-epoques-antiques-et-medievales\/la-production-du-vin-de-gaillac\/abbaye-saint-michel\/","title":{"rendered":"Abbaye Saint Michel"},"content":{"rendered":"<p align=\"justify\">L\u2019abbaye Saint-Michel a eu un r\u00f4le capital dans l\u2019essor du vignoble gaillacois au Moyen \u00c2ge. Elle aurait \u00e9t\u00e9 fond\u00e9e au IXe si\u00e8cle sur les territoires de la riche famille des Salvi-Didier, apparent\u00e9e \u00e0 l\u2019\u00e9v\u00eaque de Cahors par P\u00e9pin Ier roi d\u2019Aquitaine. L\u2019abbaye n\u2019a pas laiss\u00e9 de traces jusqu\u2019au Xe si\u00e8cle, plus particuli\u00e8rement en 972 o\u00f9 l\u2019\u00e9v\u00eaque d\u2019Albi et le comte de Rouergue donnent \u00e0 l\u2019abbaye la ville de Gaillac et les domaines agricoles alentours.<\/p>\n<p align=\"justify\">Avec le soutien des comtes de Toulouse elle se d\u00e9veloppe et les moines b\u00e9n\u00e9dictins dirigent l\u2019organisation vinicole et fondent une dizaine de prieur\u00e9s qui sont des chef-lieux d\u2019exploitation viticole. Leur action s\u2019\u00e9tend \u00e0 une l\u00e9gislation stricte du vignoble comme de l\u2019organisation du commerce. De plus ils jouissent d\u2019un statut particulier, ils sont prioritaires au pressoir et sont aussi exempt\u00e9s d\u2019imp\u00f4ts. Les paysans ind\u00e9pendants ne peuvent pas vendre leur vin tant que l\u2019abbaye n\u2019a pas vendu le sien.<\/p>\n<figure id=\"attachment_1329\" aria-describedby=\"caption-attachment-1329\" style=\"width: 562px\" class=\"wp-caption aligncenter\"><a href=\"http:\/\/blogs.univ-jfc.fr\/vigneetvin\/wp-content\/uploads\/sites\/56\/2017\/03\/musee_abbaye_st_michel_gaillac.jpeg\"><img loading=\"lazy\" class=\"wp-image-1329 size-full\" src=\"http:\/\/blogs.univ-jfc.fr\/vigneetvin\/wp-content\/uploads\/sites\/56\/2017\/03\/musee_abbaye_st_michel_gaillac.jpeg\" alt=\"\" width=\"562\" height=\"375\" srcset=\"https:\/\/blogs.univ-jfc.fr\/vigneetvin\/wp-content\/uploads\/sites\/56\/2017\/03\/musee_abbaye_st_michel_gaillac.jpeg 562w, https:\/\/blogs.univ-jfc.fr\/vigneetvin\/wp-content\/uploads\/sites\/56\/2017\/03\/musee_abbaye_st_michel_gaillac-300x200.jpeg 300w\" sizes=\"(max-width: 562px) 100vw, 562px\" \/><\/a><figcaption id=\"caption-attachment-1329\" class=\"wp-caption-text\">L&rsquo;abbaye Saint-Michel de nos jours.<\/figcaption><\/figure>\n","protected":false},"excerpt":{"rendered":"<p>L\u2019abbaye Saint-Michel a eu un r\u00f4le capital dans l\u2019essor du vignoble gaillacois au Moyen \u00c2ge. Elle aurait \u00e9t\u00e9 fond\u00e9e au IXe si\u00e8cle sur les territoires de la riche famille des Salvi-Didier, apparent\u00e9e \u00e0 l\u2019\u00e9v\u00eaque de Cahors par P\u00e9pin Ier roi d\u2019Aquitaine. L\u2019abbaye n\u2019a pas laiss\u00e9 de traces jusqu\u2019au Xe si\u00e8cle, plus particuli\u00e8rement en 972 o\u00f9 &hellip; <a href=\"https:\/\/blogs.univ-jfc.fr\/vigneetvin\/gaillac-et-le-vin\/une-histoire-du-vignoble-gaillacois\/leconomie-seculaire-du-vignoble-de-gaillac-aux-epoques-antiques-et-medievales\/la-production-du-vin-de-gaillac\/abbaye-saint-michel\/\" class=\"more-link\">Continuer la lecture de <span class=\"screen-reader-text\">Abbaye Saint Michel<\/span> <span class=\"meta-nav\">&rarr;<\/span><\/a><\/p>\n","protected":false},"author":189,"featured_media":0,"parent":171,"menu_order":5,"comment_status":"closed","ping_status":"closed","template":"","meta":[],"_links":{"self":[{"href":"https:\/\/blogs.univ-jfc.fr\/vigneetvin\/wp-json\/wp\/v2\/pages\/806"}],"collection":[{"href":"https:\/\/blogs.univ-jfc.fr\/vigneetvin\/wp-json\/wp\/v2\/pages"}],"about":[{"href":"https:\/\/blogs.univ-jfc.fr\/vigneetvin\/wp-json\/wp\/v2\/types\/page"}],"author":[{"embeddable":true,"href":"https:\/\/blogs.univ-jfc.fr\/vigneetvin\/wp-json\/wp\/v2\/users\/189"}],"replies":[{"embeddable":true,"href":"https:\/\/blogs.univ-jfc.fr\/vigneetvin\/wp-json\/wp\/v2\/comments?post=806"}],"version-history":[{"count":7,"href":"https:\/\/blogs.univ-jfc.fr\/vigneetvin\/wp-json\/wp\/v2\/pages\/806\/revisions"}],"predecessor-version":[{"id":4276,"href":"https:\/\/blogs.univ-jfc.fr\/vigneetvin\/wp-json\/wp\/v2\/pages\/806\/revisions\/4276"}],"up":[{"embeddable":true,"href":"https:\/\/blogs.univ-jfc.fr\/vigneetvin\/wp-json\/wp\/v2\/pages\/171"}],"wp:attachment":[{"href":"https:\/\/blogs.univ-jfc.fr\/vigneetvin\/wp-json\/wp\/v2\/media?parent=806"}],"curies":[{"name":"wp","href":"https:\/\/api.w.org\/{rel}","templated":true}]}}