{"id":830,"date":"2017-03-02T09:29:41","date_gmt":"2017-03-02T08:29:41","guid":{"rendered":"http:\/\/blogs.univ-jfc.fr\/vigneetvin\/?page_id=830"},"modified":"2017-04-19T19:34:28","modified_gmt":"2017-04-19T18:34:28","slug":"la-viticulture-francaise-daujourdhui-face-aux-concurrences-mondiales","status":"publish","type":"page","link":"https:\/\/blogs.univ-jfc.fr\/vigneetvin\/les-metiers-de-la-vigne-et-du-vin\/vignerons-et-exploitants\/les-viticulteurs\/la-viticulture-francaise-daujourdhui-face-aux-concurrences-mondiales\/","title":{"rendered":"La viticulture fran\u00e7aise d&rsquo;aujourd&rsquo;hui face aux concurrences mondiales"},"content":{"rendered":"<p style=\"text-align: JUSTIFY\">Le\u00a0viticulteur doit aujourd&rsquo;hui, plus que jamais, s&rsquo;int\u00e9resser au march\u00e9 \u00e9conomique du vin et \u00e0 ses diff\u00e9rents concurrents\u00a0commerciaux, notamment au niveau mondial.\u00a0En effet, avec\u00a0le\u00a0d\u00e9veloppement\u00a0majeur\u00a0de la mondialisation et la multiplication des \u00e9changes commerciaux dans la seconde moiti\u00e9 du XXe si\u00e8cle,\u00a0ainsi qu&rsquo;en ce\u00a0d\u00e9but de XXIe si\u00e8cle, la viticulture fran\u00e7aise, comme toutes les autres activit\u00e9s agricoles, est toujours \u00e0 la recherche de nouveaux consommateurs, afin de vendre sa production et rentabiliser son affaire.\u00a0Mais cela est de plus en\u00a0plus difficile, avec les nombreux concurrents\u00a0pr\u00e9sents sur le territoire fran\u00e7ais, et plus r\u00e9cemment, avec les\u00a0<a href=\"http:\/\/blogs.univ-jfc.fr\/vigneetvin\/les-metiers-de-la-vigne-et-du-vin\/vignerons-et-exploitants\/les-viticulteurs\/la-viticulture-francaise-daujourdhui-face-aux-concurrences-mondiales\/limpact-des-concurrences-mondiales\/\" target=\"_blank\">nouvelles concurrences mondiales<\/a>\u00a0qui se forment dans certains pays.\u00a0Par ailleurs, le secteur viticole est aujourd&rsquo;hui en d\u00e9clin en France, car\u00a0<a href=\"http:\/\/blogs.univ-jfc.fr\/vigneetvin\/les-metiers-de-la-vigne-et-du-vin\/vignerons-et-exploitants\/les-viticulteurs\/la-viticulture-francaise-daujourdhui-face-aux-concurrences-mondiales\/la-baisse-de-la-production-de-vin-en-france\/\" target=\"_blank\">la production\u00a0<\/a>viticole\u00a0et le nombre de salari\u00e9s dans la fili\u00e8re du vin diminuent, \u00e0 cause notamment de ces concurrences. Ainsi, les viticulteurs doivent sans cesse effectuer\u00a0actuellement de\u00a0<a href=\"http:\/\/blogs.univ-jfc.fr\/vigneetvin\/les-metiers-de-la-vigne-et-du-vin\/vignerons-et-exploitants\/les-viticulteurs\/la-viticulture-francaise-daujourdhui-face-aux-concurrences-mondiales\/les-solutions-et-strategies-mises-en-place-par-les-viticulteurs-francais\/\" target=\"_blank\">nouvelles strat\u00e9gies commerciales<\/a>, pour faire face \u00e0 la concurrence croissante et garder une place importante sur le march\u00e9 viticole.<\/p>\n<p style=\"text-align: JUSTIFY\"><a href=\"http:\/\/blogs.univ-jfc.fr\/vigneetvin\/wp-content\/uploads\/sites\/56\/2017\/03\/wine-739135_960_720.jpg\"><img loading=\"lazy\" class=\"aligncenter wp-image-4800\" title=\"Le vin : un produit important du commerce mondial aujourd'hui. Photo d'une boutique de vins extraite du site internet Pixabay. Source : https:\/\/pixabay.com\/fr\/vin-vinorama-bouteille-de-vin-cave-739135\/\" src=\"http:\/\/blogs.univ-jfc.fr\/vigneetvin\/wp-content\/uploads\/sites\/56\/2017\/03\/wine-739135_960_720-300x192.jpg\" alt=\"\" width=\"383\" height=\"245\" srcset=\"https:\/\/blogs.univ-jfc.fr\/vigneetvin\/wp-content\/uploads\/sites\/56\/2017\/03\/wine-739135_960_720-300x192.jpg 300w, https:\/\/blogs.univ-jfc.fr\/vigneetvin\/wp-content\/uploads\/sites\/56\/2017\/03\/wine-739135_960_720-768x492.jpg 768w, https:\/\/blogs.univ-jfc.fr\/vigneetvin\/wp-content\/uploads\/sites\/56\/2017\/03\/wine-739135_960_720.jpg 960w\" sizes=\"(max-width: 383px) 100vw, 383px\" \/><\/a><\/p>\n","protected":false},"excerpt":{"rendered":"<p>Le\u00a0viticulteur doit aujourd&rsquo;hui, plus que jamais, s&rsquo;int\u00e9resser au march\u00e9 \u00e9conomique du vin et \u00e0 ses diff\u00e9rents concurrents\u00a0commerciaux, notamment au niveau mondial.\u00a0En effet, avec\u00a0le\u00a0d\u00e9veloppement\u00a0majeur\u00a0de la mondialisation et la multiplication des \u00e9changes commerciaux dans la seconde moiti\u00e9 du XXe si\u00e8cle,\u00a0ainsi qu&rsquo;en ce\u00a0d\u00e9but de XXIe si\u00e8cle, la viticulture fran\u00e7aise, comme toutes les autres activit\u00e9s agricoles, est toujours \u00e0 &hellip; <a href=\"https:\/\/blogs.univ-jfc.fr\/vigneetvin\/les-metiers-de-la-vigne-et-du-vin\/vignerons-et-exploitants\/les-viticulteurs\/la-viticulture-francaise-daujourdhui-face-aux-concurrences-mondiales\/\" class=\"more-link\">Continuer la lecture de <span class=\"screen-reader-text\">La viticulture fran\u00e7aise d&rsquo;aujourd&rsquo;hui face aux concurrences mondiales<\/span> <span class=\"meta-nav\">&rarr;<\/span><\/a><\/p>\n","protected":false},"author":185,"featured_media":0,"parent":64,"menu_order":3,"comment_status":"closed","ping_status":"closed","template":"","meta":[],"_links":{"self":[{"href":"https:\/\/blogs.univ-jfc.fr\/vigneetvin\/wp-json\/wp\/v2\/pages\/830"}],"collection":[{"href":"https:\/\/blogs.univ-jfc.fr\/vigneetvin\/wp-json\/wp\/v2\/pages"}],"about":[{"href":"https:\/\/blogs.univ-jfc.fr\/vigneetvin\/wp-json\/wp\/v2\/types\/page"}],"author":[{"embeddable":true,"href":"https:\/\/blogs.univ-jfc.fr\/vigneetvin\/wp-json\/wp\/v2\/users\/185"}],"replies":[{"embeddable":true,"href":"https:\/\/blogs.univ-jfc.fr\/vigneetvin\/wp-json\/wp\/v2\/comments?post=830"}],"version-history":[{"count":7,"href":"https:\/\/blogs.univ-jfc.fr\/vigneetvin\/wp-json\/wp\/v2\/pages\/830\/revisions"}],"predecessor-version":[{"id":5077,"href":"https:\/\/blogs.univ-jfc.fr\/vigneetvin\/wp-json\/wp\/v2\/pages\/830\/revisions\/5077"}],"up":[{"embeddable":true,"href":"https:\/\/blogs.univ-jfc.fr\/vigneetvin\/wp-json\/wp\/v2\/pages\/64"}],"wp:attachment":[{"href":"https:\/\/blogs.univ-jfc.fr\/vigneetvin\/wp-json\/wp\/v2\/media?parent=830"}],"curies":[{"name":"wp","href":"https:\/\/api.w.org\/{rel}","templated":true}]}}