{"id":832,"date":"2017-03-02T09:29:04","date_gmt":"2017-03-02T08:29:04","guid":{"rendered":"http:\/\/blogs.univ-jfc.fr\/vigneetvin\/?page_id=832"},"modified":"2017-03-30T08:13:37","modified_gmt":"2017-03-30T07:13:37","slug":"les-circuits-commerciaux-nationaux-et-internationaux","status":"publish","type":"page","link":"https:\/\/blogs.univ-jfc.fr\/vigneetvin\/gaillac-et-le-vin\/une-histoire-du-vignoble-gaillacois\/leconomie-seculaire-du-vignoble-de-gaillac-aux-epoques-antiques-et-medievales\/la-commercialisation-du-vin-de-gaillac\/les-circuits-commerciaux-nationaux-et-internationaux\/","title":{"rendered":"Les circuits commerciaux, nationaux et internationaux du vin gaillacois"},"content":{"rendered":"<p align=\"justify\">Le vin de Gaillac est, d\u00e8s l&rsquo;Antiquit\u00e9 appr\u00e9ci\u00e9 et consomm\u00e9 dans tout l&rsquo;Empire romain, \u00e0 Rome comme en Gr\u00e8ce. L&rsquo;Empire romain \u00e9tant vaste, le vin doit suivre diff\u00e9rentes routes commerciales pour le parcourir. Pour aller jusqu&rsquo;\u00e0 Rome, le vin de Gaillac est d&rsquo;abord envoy\u00e9 \u00e0 Toulouse, qui tient une place importante dans le commerce avec la capitale de l&rsquo;Empire. Pour rejoindre le Nord de l&rsquo;Empire, le vin est exp\u00e9di\u00e9 \u00e0 Lyon, grand centre de consommation et de redistribution. Ces routes terrestres ne changent pas entre l&rsquo;\u00e9poque antique et m\u00e9di\u00e9vale, tout comme les routes fluviales. Ce sont ces derni\u00e8res qui sont privil\u00e9gi\u00e9es, nous l&rsquo;avons vu avec l&rsquo;importance que tiennent le Tarn et la Garonne. En effet, Bordeaux sert d&rsquo;interface commerciale pour diffuser les marchandises (ici le vin de Gaillac) dans l&rsquo;Europe du Nord et sur la fa\u00e7ade Atlantique. L&rsquo;histoire du <a href=\"http:\/\/blogs.univ-jfc.fr\/vigneetvin\/gaillac-et-le-vin\/une-histoire-du-vignoble-gaillacois\/leconomie-seculaire-du-vignoble-de-gaillac-aux-epoques-antiques-et-medievales\/la-commercialisation-du-vin-de-gaillac\/commerce-sur-le-tarn-et-la-garonne\/\">commerce sur le Tarn et la Garonne<\/a> est tr\u00e8s int\u00e9ressante, mais \u00e9galement conflictuelle de par la situation politique aux XIIe, XIIIe et XIVe si\u00e8cles. Il faut tout de m\u00eame relativiser, il est vrai que le vin de Gaillac tient une place dans le commerce international du vin, mais celle-ci est mineure. Ainsi en 1306-1307, Gaillac a envoy\u00e9 1 500 tonneaux de 800 \u00e0 900 litres \u00e0 l&rsquo;\u00e9tranger. Les principaux destinataires \u00e9taient l&rsquo;Angleterre, les Pays-Bas et de mani\u00e8re g\u00e9n\u00e9rale l&rsquo;Europe du Nord.<\/p>\n<p align=\"justify\">D\u00e8s l&rsquo;Antiquit\u00e9, Gaillac envoyait son vin \u00e0 Bordeaux par cette voie fluviale, mais ce n&rsquo;est pas la seule voie d&rsquo;eau utilis\u00e9e. Pour diffuser son vin vers l&rsquo;Orient, Gaillac devait envoyer son vin \u00e0 Narbonne, qui l&rsquo;exportait sur des bateaux citernes jusqu&rsquo;en Italie.<\/p>\n<p align=\"justify\"><a href=\"http:\/\/blogs.univ-jfc.fr\/vigneetvin\/gaillac-et-le-vin\/une-histoire-du-vignoble-gaillacois\/leconomie-seculaire-du-vignoble-de-gaillac-aux-epoques-antiques-et-medievales\/la-commercialisation-du-vin-de-gaillac\/\">Revenir \u00e0 la page pr\u00e9c\u00e9dente<\/a><\/p>\n","protected":false},"excerpt":{"rendered":"<p>Le vin de Gaillac est, d\u00e8s l&rsquo;Antiquit\u00e9 appr\u00e9ci\u00e9 et consomm\u00e9 dans tout l&rsquo;Empire romain, \u00e0 Rome comme en Gr\u00e8ce. L&rsquo;Empire romain \u00e9tant vaste, le vin doit suivre diff\u00e9rentes routes commerciales pour le parcourir. Pour aller jusqu&rsquo;\u00e0 Rome, le vin de Gaillac est d&rsquo;abord envoy\u00e9 \u00e0 Toulouse, qui tient une place importante dans le commerce avec &hellip; <a href=\"https:\/\/blogs.univ-jfc.fr\/vigneetvin\/gaillac-et-le-vin\/une-histoire-du-vignoble-gaillacois\/leconomie-seculaire-du-vignoble-de-gaillac-aux-epoques-antiques-et-medievales\/la-commercialisation-du-vin-de-gaillac\/les-circuits-commerciaux-nationaux-et-internationaux\/\" class=\"more-link\">Continuer la lecture de <span class=\"screen-reader-text\">Les circuits commerciaux, nationaux et internationaux du vin gaillacois<\/span> <span class=\"meta-nav\">&rarr;<\/span><\/a><\/p>\n","protected":false},"author":189,"featured_media":0,"parent":176,"menu_order":4,"comment_status":"closed","ping_status":"closed","template":"","meta":[],"_links":{"self":[{"href":"https:\/\/blogs.univ-jfc.fr\/vigneetvin\/wp-json\/wp\/v2\/pages\/832"}],"collection":[{"href":"https:\/\/blogs.univ-jfc.fr\/vigneetvin\/wp-json\/wp\/v2\/pages"}],"about":[{"href":"https:\/\/blogs.univ-jfc.fr\/vigneetvin\/wp-json\/wp\/v2\/types\/page"}],"author":[{"embeddable":true,"href":"https:\/\/blogs.univ-jfc.fr\/vigneetvin\/wp-json\/wp\/v2\/users\/189"}],"replies":[{"embeddable":true,"href":"https:\/\/blogs.univ-jfc.fr\/vigneetvin\/wp-json\/wp\/v2\/comments?post=832"}],"version-history":[{"count":9,"href":"https:\/\/blogs.univ-jfc.fr\/vigneetvin\/wp-json\/wp\/v2\/pages\/832\/revisions"}],"predecessor-version":[{"id":4350,"href":"https:\/\/blogs.univ-jfc.fr\/vigneetvin\/wp-json\/wp\/v2\/pages\/832\/revisions\/4350"}],"up":[{"embeddable":true,"href":"https:\/\/blogs.univ-jfc.fr\/vigneetvin\/wp-json\/wp\/v2\/pages\/176"}],"wp:attachment":[{"href":"https:\/\/blogs.univ-jfc.fr\/vigneetvin\/wp-json\/wp\/v2\/media?parent=832"}],"curies":[{"name":"wp","href":"https:\/\/api.w.org\/{rel}","templated":true}]}}