{"id":863,"date":"2017-03-02T09:35:53","date_gmt":"2017-03-02T08:35:53","guid":{"rendered":"http:\/\/blogs.univ-jfc.fr\/vigneetvin\/?page_id=863"},"modified":"2017-04-19T11:45:40","modified_gmt":"2017-04-19T10:45:40","slug":"les-origines-du-mot-sommelier","status":"publish","type":"page","link":"https:\/\/blogs.univ-jfc.fr\/vigneetvin\/les-metiers-de-la-vigne-et-du-vin\/le-monde-des-artisans\/les-sommeliers\/histoire-de-la-sommellerie\/les-origines-du-mot-sommelier\/","title":{"rendered":"Les origines du mot sommelier"},"content":{"rendered":"<p style=\"text-align: justify\">L\u2019\u00e9tymologie du mot sommelier vient du terme \u00ab\u00a0<i>sommier<\/i>\u00a0\u00bb qui, \u00e0 l\u2019origine, \u00e9tait un cheval de charge. Dans le temps, le terme d\u00e9signait la charge en elle m\u00eame c&rsquo;est \u00e0 dire les coffres et biens que la b\u00eate devait transporter. Par extension le \u00ab\u00a0sommier\u00a0\u00bb devient le \u00ab\u00a0sommier du seigneur\u00a0\u00bb qui d\u00e9signait un officier affect\u00e9 aux transports des biens d\u2019un seigneur appel\u00e9s \u00ab\u00a0sommes\u00a0\u00bb lors de ses d\u00e9placements \u00e0 travers les campagnes.<\/p>\n<p style=\"text-align: justify\">Le \u00ab\u00a0sommelier\u00a0\u00bb n\u2019apparait que la premi\u00e8re fois en 1318 dans une ordonnance du roi Philippe V qui s\u2019inscrivait dans une grande s\u00e9rie d\u2019ordonnances en vue du progr\u00e8s des institutions. Le \u00ab\u00a0sommelier\u00a0\u00bb devient officiellement reconnu :\u00a0 \u00ab\u00a0<i>d\u00e9sormais en outre de l\u2019\u00e9chanson attribu\u00e9 au service du vin et de l\u2019eau, la pr\u00e9sence d\u2019un sommelier charg\u00e9 de la mise en place des couverts et de pr\u00e9parer le service<\/i>\u00a0\u00bb.<\/p>\n<p><a href=\"http:\/\/blogs.univ-jfc.fr\/vigneetvin\/wp-content\/uploads\/sites\/56\/2017\/03\/1024px-LEchanson_-_All\u00e9gorie_de_la_Temp\u00e9rance.jpg\"><img loading=\"lazy\" class=\"alignright wp-image-2243\" title=\"L'\u00c9chanson, All\u00e9gorie de la Temp\u00e9rance, Th\u00e9odore Rombouts (vers 1625), Mus\u00e9e de Tourcoing.\" src=\"http:\/\/blogs.univ-jfc.fr\/vigneetvin\/wp-content\/uploads\/sites\/56\/2017\/03\/1024px-LEchanson_-_All\u00e9gorie_de_la_Temp\u00e9rance-822x1024.jpg\" alt=\"\" width=\"320\" height=\"398\" srcset=\"https:\/\/blogs.univ-jfc.fr\/vigneetvin\/wp-content\/uploads\/sites\/56\/2017\/03\/1024px-LEchanson_-_All\u00e9gorie_de_la_Temp\u00e9rance-822x1024.jpg 822w, https:\/\/blogs.univ-jfc.fr\/vigneetvin\/wp-content\/uploads\/sites\/56\/2017\/03\/1024px-LEchanson_-_All\u00e9gorie_de_la_Temp\u00e9rance-241x300.jpg 241w, https:\/\/blogs.univ-jfc.fr\/vigneetvin\/wp-content\/uploads\/sites\/56\/2017\/03\/1024px-LEchanson_-_All\u00e9gorie_de_la_Temp\u00e9rance-768x956.jpg 768w, https:\/\/blogs.univ-jfc.fr\/vigneetvin\/wp-content\/uploads\/sites\/56\/2017\/03\/1024px-LEchanson_-_All\u00e9gorie_de_la_Temp\u00e9rance.jpg 1024w\" sizes=\"(max-width: 320px) 100vw, 320px\" \/><\/a><\/p>\n<p style=\"text-align: justify\">Le sommelier se distinguait alors de l\u2019\u00e9chanson et n\u2019\u00e9tait pas affect\u00e9 au service du vin mais plut\u00f4t \u00e0 l\u2019organisation et la mise en place du service qui pourrait correspondre aujourd\u2019hui \u00e0 un ma\u00eetre d\u2019h\u00f4tel. Il avait un r\u00f4le fondamental dans la gestion des caves de la cour et son approvisionnement. Il \u00e9tait \u00e9galement attribu\u00e9 \u00e0 d\u2019autres charges\u00a0notamment celle de la\u00a0gestion du service. En effet, on distinguait le <em>sommelier d\u2019armes<\/em>, charg\u00e9 des armes du roi qui \u00e9tait un officier de la maison du Roi, le <em>sommelier de la pan\u00e8terie<\/em>, qui \u00e9tait un officier charg\u00e9 du service du pain et le <em>sommelier \u00e9chanson<\/em> qui servait le vin lors du banquet, il \u00e9tait donc affect\u00e9 au service du vin et de l\u2019eau. Au fil du temps, le sommelier d\u00e9signa donc \u00e0 la fois la charge et le service du vin. Le terme de \u00ab\u00a0<em>sommelier<\/em>\u00a0\u00bb va peu \u00e0 peu remplacer l\u2019\u00e9chanson pour designer l\u2019officier d\u00e9di\u00e9 au service du vin.<\/p>\n<p><a href=\"http:\/\/blogs.univ-jfc.fr\/vigneetvin\/les-metiers-de-la-vigne-et-du-vin\/le-monde-des-artisans\/les-sommeliers\/histoire-de-la-sommellerie\/le-service-du-vin-du-moyen-age-a-lepoque-moderne-lechanson-et-evolution\/\">Pour aller plus loin : le service du vin au Moyen-\u00c2ge<\/a><a href=\"http:\/\/blogs.univ-jfc.fr\/vigneetvin\/les-metiers-de-la-vigne-et-du-vin\/le-monde-des-artisans\/les-sommeliers\/histoire-de-la-sommellerie\/\">.<br \/>\nPour revenir \u00e0 la page pr\u00e9c\u00e9dente, cliquez ici.<\/a><\/p>\n","protected":false},"excerpt":{"rendered":"<p>L\u2019\u00e9tymologie du mot sommelier vient du terme \u00ab\u00a0sommier\u00a0\u00bb qui, \u00e0 l\u2019origine, \u00e9tait un cheval de charge. Dans le temps, le terme d\u00e9signait la charge en elle m\u00eame c&rsquo;est \u00e0 dire les coffres et biens que la b\u00eate devait transporter. Par extension le \u00ab\u00a0sommier\u00a0\u00bb devient le \u00ab\u00a0sommier du seigneur\u00a0\u00bb qui d\u00e9signait un officier affect\u00e9 aux transports &hellip; <a href=\"https:\/\/blogs.univ-jfc.fr\/vigneetvin\/les-metiers-de-la-vigne-et-du-vin\/le-monde-des-artisans\/les-sommeliers\/histoire-de-la-sommellerie\/les-origines-du-mot-sommelier\/\" class=\"more-link\">Continuer la lecture de <span class=\"screen-reader-text\">Les origines du mot sommelier<\/span> <span class=\"meta-nav\">&rarr;<\/span><\/a><\/p>\n","protected":false},"author":187,"featured_media":0,"parent":715,"menu_order":1,"comment_status":"closed","ping_status":"closed","template":"","meta":[],"_links":{"self":[{"href":"https:\/\/blogs.univ-jfc.fr\/vigneetvin\/wp-json\/wp\/v2\/pages\/863"}],"collection":[{"href":"https:\/\/blogs.univ-jfc.fr\/vigneetvin\/wp-json\/wp\/v2\/pages"}],"about":[{"href":"https:\/\/blogs.univ-jfc.fr\/vigneetvin\/wp-json\/wp\/v2\/types\/page"}],"author":[{"embeddable":true,"href":"https:\/\/blogs.univ-jfc.fr\/vigneetvin\/wp-json\/wp\/v2\/users\/187"}],"replies":[{"embeddable":true,"href":"https:\/\/blogs.univ-jfc.fr\/vigneetvin\/wp-json\/wp\/v2\/comments?post=863"}],"version-history":[{"count":10,"href":"https:\/\/blogs.univ-jfc.fr\/vigneetvin\/wp-json\/wp\/v2\/pages\/863\/revisions"}],"predecessor-version":[{"id":4972,"href":"https:\/\/blogs.univ-jfc.fr\/vigneetvin\/wp-json\/wp\/v2\/pages\/863\/revisions\/4972"}],"up":[{"embeddable":true,"href":"https:\/\/blogs.univ-jfc.fr\/vigneetvin\/wp-json\/wp\/v2\/pages\/715"}],"wp:attachment":[{"href":"https:\/\/blogs.univ-jfc.fr\/vigneetvin\/wp-json\/wp\/v2\/media?parent=863"}],"curies":[{"name":"wp","href":"https:\/\/api.w.org\/{rel}","templated":true}]}}