{"id":864,"date":"2017-03-02T09:36:01","date_gmt":"2017-03-02T08:36:01","guid":{"rendered":"http:\/\/blogs.univ-jfc.fr\/vigneetvin\/?page_id=864"},"modified":"2017-04-19T19:31:50","modified_gmt":"2017-04-19T18:31:50","slug":"les-travaux-realises-en-ete-et-en-automne","status":"publish","type":"page","link":"https:\/\/blogs.univ-jfc.fr\/vigneetvin\/les-metiers-de-la-vigne-et-du-vin\/vignerons-et-exploitants\/les-viticulteurs\/les-techniques-et-savoir-faire-du-metier-de-viticulteur\/les-travaux-realises-en-ete-et-en-automne\/","title":{"rendered":"Les travaux r\u00e9alis\u00e9s en \u00e9t\u00e9 et en automne"},"content":{"rendered":"<p style=\"text-align: JUSTIFY\">En \u00e9t\u00e9, on pratique\u00a0le levage (ou palissage), qui se d\u00e9roule en juin g\u00e9n\u00e9ralement. Le viticulteur doit simplement serrer les branches de vignes entre deux fils de fer, afin de faire passer l\u2019air et la lumi\u00e8re et emp\u00eacher que les vignes empi\u00e8tent les unes sur les autres, ce qui caract\u00e9risera alors les qualit\u00e9s organoleptiques du vin (donc le go\u00fbt du vin). Cette \u00e9tape s\u2019effectue uniquement manuellement, o\u00f9 le viticulteur doit lever les fils de fer en fonction de la hauteur de la v\u00e9g\u00e9tation, et les maintenir par des agrafes biod\u00e9gradables. Puis, toujours en juin, il y a un deuxi\u00e8me levage avec les m\u00eames principes, ainsi que l&rsquo;effeuillage, qui consiste \u00e0 arracher les feuilles anciennes au niveau des grappes, afin d&rsquo;a\u00e9rer ces derni\u00e8res et de favoriser l&rsquo;ensoleillement. En \u00e9t\u00e9, c&rsquo;est aussi la p\u00e9riode de repos pour le viticulteur, m\u00eame s&rsquo;il doit tout de m\u00eame surveiller la vigne et v\u00e9rifier son bon d\u00e9veloppement face aux <a href=\"http:\/\/blogs.univ-jfc.fr\/vigneetvin\/gaillac-et-le-vin\/une-histoire-du-vignoble-gaillacois\/le-vignoble-gaillacois-au-xixe-siecle\/les-maladies-de-la-vigne-et-les-crises-sociales-une-epreuve-pour-le-terroir-gaillacois\/\" target=\"_blank\">maladies<\/a>. La derni\u00e8re \u00e9tape o\u00f9 le viticulteur intervient est la <a href=\"http:\/\/blogs.univ-jfc.fr\/vigneetvin\/la-culture-de-la-vigne\/le-cycle-de-la-vigne\/les-vendanges-etape-essentielle-du-cycle\/\" target=\"_blank\">p\u00e9riode des vendanges<\/a>, c&rsquo;est-\u00e0-dire la p\u00e9riode de r\u00e9colte des grappes de raisin sur les vignes.<a href=\"http:\/\/blogs.univ-jfc.fr\/vigneetvin\/wp-content\/uploads\/sites\/56\/2017\/03\/220px-Grape_gathering.jpg\"><img loading=\"lazy\" class=\"wp-image-1253 aligncenter\" title=\"La cueillette du raisin pendant les vendanges. Extrait du site internet Wikip\u00e9dia. Source : https:\/\/fr.wikipedia.org\/wiki\/Vendange\" src=\"http:\/\/blogs.univ-jfc.fr\/vigneetvin\/wp-content\/uploads\/sites\/56\/2017\/03\/220px-Grape_gathering.jpg\" width=\"178\" height=\"237\" \/><\/a> Les vendanges se d\u00e9roulent entre fin ao\u00fbt et d\u00e9but octobre, mais la date du d\u00e9but est fix\u00e9e par le d\u00e9partement et d\u00e9pend notamment du climat de la r\u00e9gion\u00a0(par exemple, dans le Languedoc-Roussillon, cela se passe fin ao\u00fbt, alors qu&rsquo;en Alsace, cela se d\u00e9roule fin septembre). Elles peuvent \u00eatre manuelles ou m\u00e9canis\u00e9es et se faire de jour, ou de nuit s\u2019il y a de grosses chaleurs. Les vendanges peuvent aussi mobiliser des saisonniers pour aider les viticulteurs \u00e0 terminer la r\u00e9colte dans les temps. Une fois les r\u00e9coltes termin\u00e9es, le viticulteur doit entamer un nouveau cycle de production et recommencer toutes les \u00e9tapes \u00e9nonc\u00e9es pr\u00e9c\u00e9demment, \u00e9tant donn\u00e9 que <a href=\"http:\/\/blogs.univ-jfc.fr\/vigneetvin\/la-culture-de-la-vigne\/le-cycle-de-la-vigne\/\" target=\"_blank\">le cycle de la vigne<\/a> se r\u00e9p\u00e8te chaque ann\u00e9e.<\/p>\n<p style=\"text-align: JUSTIFY\"><a href=\"http:\/\/blogs.univ-jfc.fr\/vigneetvin\/wp-content\/uploads\/sites\/56\/2017\/03\/Tableau-final-1.png\"><img loading=\"lazy\" class=\"aligncenter wp-image-5074\" title=\"Tableaux repr\u00e9sentant les diff\u00e9rentes \u00e9tapes du viticulteur durant l'ann\u00e9e, ainsi que le cycle v\u00e9g\u00e9tatif de la vigne. Extraits du site internet du domaine Lapalus en Bourgogne et refaits par nos soins. Source : http:\/\/www.vinslapalus.com\/conduite_du_vignoble-c-22.html\" src=\"http:\/\/blogs.univ-jfc.fr\/vigneetvin\/wp-content\/uploads\/sites\/56\/2017\/03\/Tableau-final-1-300x102.png\" alt=\"\" width=\"645\" height=\"219\" srcset=\"https:\/\/blogs.univ-jfc.fr\/vigneetvin\/wp-content\/uploads\/sites\/56\/2017\/03\/Tableau-final-1-300x102.png 300w, https:\/\/blogs.univ-jfc.fr\/vigneetvin\/wp-content\/uploads\/sites\/56\/2017\/03\/Tableau-final-1-768x261.png 768w, https:\/\/blogs.univ-jfc.fr\/vigneetvin\/wp-content\/uploads\/sites\/56\/2017\/03\/Tableau-final-1.png 810w\" sizes=\"(max-width: 645px) 100vw, 645px\" \/><\/a><br \/>\nMais il doit conna\u00eetre les trois m\u00e9thodes de la multiplication de la vigne, qui sont n\u00e9cessaires pour fortifier les vignes et afin qu\u2019elles soient de meilleure qualit\u00e9. Il y a d&rsquo;abord le bouturage, o\u00f9 le viticulteur doit couper une partie des sarments d&rsquo;une plante m\u00e8re, nomm\u00e9s boutures, pour ensuite les planter dans la terre, la bouture d\u00e9veloppant \u00e0 nouveau\u00a0ses racines et une nouvelle plante. Pour cela, les sarments doivent \u00eatre plac\u00e9s sous la terre et il faut tailler la bouture sur 3 \u00e0 5 yeux (les yeux sont une sorte de syst\u00e8me m\u00e9trique pour les viticulteurs, 1 \u0153il = 1 cm)\u00a0. Il y a aussi le greffage : cette m\u00e9thode a \u00e9t\u00e9 invent\u00e9e \u00e0 la fin du XIXe si\u00e8cle pour combattre <a href=\"http:\/\/blogs.univ-jfc.fr\/vigneetvin\/la-culture-de-la-vigne\/un-ecosysteme-fragile\/le-tournant-xixe-xxe-siecle\/la-crise-du-phylloxera\/\" target=\"_blank\">le phyllox\u00e9ra<\/a>, qui a ravag\u00e9 une grande partie des cultures de vigne en Europe. Le greffage est d&rsquo;ailleurs actuellement le proc\u00e9d\u00e9 le plus utilis\u00e9 dans la<a href=\"http:\/\/blogs.univ-jfc.fr\/vigneetvin\/wp-content\/uploads\/sites\/56\/2017\/03\/greffe-soude.jpg\"><img loading=\"lazy\" class=\"alignright wp-image-4790\" title=\"La technique du greffage : un moyen efficace de multiplier la vigne, tout en contrant le phyllox\u00e9ra. Sch\u00e9ma illustrant le greffage de la vigne trouv\u00e9 sur le site de l\u2019\u0153nologie. Source : http:\/\/www.viticulture-oenologie-formation.fr\/vitioenoformlycee\/lexique\/p\/porte-greffe.html\" src=\"http:\/\/blogs.univ-jfc.fr\/vigneetvin\/wp-content\/uploads\/sites\/56\/2017\/03\/greffe-soude-252x300.jpg\" alt=\"\" width=\"227\" height=\"270\" srcset=\"https:\/\/blogs.univ-jfc.fr\/vigneetvin\/wp-content\/uploads\/sites\/56\/2017\/03\/greffe-soude-252x300.jpg 252w, https:\/\/blogs.univ-jfc.fr\/vigneetvin\/wp-content\/uploads\/sites\/56\/2017\/03\/greffe-soude-768x914.jpg 768w, https:\/\/blogs.univ-jfc.fr\/vigneetvin\/wp-content\/uploads\/sites\/56\/2017\/03\/greffe-soude-860x1024.jpg 860w, https:\/\/blogs.univ-jfc.fr\/vigneetvin\/wp-content\/uploads\/sites\/56\/2017\/03\/greffe-soude.jpg 918w\" sizes=\"(max-width: 227px) 100vw, 227px\" \/><\/a> viticulture et consiste \u00e0 mettre sur un porte-greffe am\u00e9ricain (qui ne craint pas le phyllox\u00e9ra) un greffon de vigne locale. Pour finir, les viticulteurs utilisaient aussi avant le marcottage pour multiplier la vigne, mais cette m\u00e9thode est d\u00e9sormais tr\u00e8s limit\u00e9e et r\u00e9volue, car elle est devenue trop fragile avec le phyllox\u00e9ra. C&rsquo;est pourquoi on pr\u00e9f\u00e9rera l&#8217;emploi du greffage.<\/p>\n<p style=\"text-align: JUSTIFY\" align=\"justify\">Ainsi, le viticulteur doit conna\u00eetre et apprendre un certain nombre de pratiques pour assurer au mieux son m\u00e9tier et garantir une production de vin rentable et efficace pour son exploitation. Cela passe aussi par une grande surveillance des vignes, car la moindre erreur ou inattention peut lui \u00eatre co\u00fbteuse et compromettre une partie de la r\u00e9colte. Mais le viticulteur doit aussi s\u2019int\u00e9resser au march\u00e9 mondial du vin et <a href=\"http:\/\/blogs.univ-jfc.fr\/vigneetvin\/les-metiers-de-la-vigne-et-du-vin\/vignerons-et-exploitants\/les-viticulteurs\/la-viticulture-francaise-daujourdhui-face-aux-concurrences-mondiales\/\" target=\"_blank\">porter une attention particuli\u00e8re \u00e0 la concurrence<\/a>, qui ne cesse de s&rsquo;accro\u00eetre, \u00e0 l&rsquo;\u00e9tranger en particulier.<\/p>\n<p align=\"justify\">\n","protected":false},"excerpt":{"rendered":"<p>En \u00e9t\u00e9, on pratique\u00a0le levage (ou palissage), qui se d\u00e9roule en juin g\u00e9n\u00e9ralement. Le viticulteur doit simplement serrer les branches de vignes entre deux fils de fer, afin de faire passer l\u2019air et la lumi\u00e8re et emp\u00eacher que les vignes empi\u00e8tent les unes sur les autres, ce qui caract\u00e9risera alors les qualit\u00e9s organoleptiques du vin &hellip; <a href=\"https:\/\/blogs.univ-jfc.fr\/vigneetvin\/les-metiers-de-la-vigne-et-du-vin\/vignerons-et-exploitants\/les-viticulteurs\/les-techniques-et-savoir-faire-du-metier-de-viticulteur\/les-travaux-realises-en-ete-et-en-automne\/\" class=\"more-link\">Continuer la lecture de <span class=\"screen-reader-text\">Les travaux r\u00e9alis\u00e9s en \u00e9t\u00e9 et en automne<\/span> <span class=\"meta-nav\">&rarr;<\/span><\/a><\/p>\n","protected":false},"author":185,"featured_media":0,"parent":821,"menu_order":0,"comment_status":"closed","ping_status":"closed","template":"","meta":[],"_links":{"self":[{"href":"https:\/\/blogs.univ-jfc.fr\/vigneetvin\/wp-json\/wp\/v2\/pages\/864"}],"collection":[{"href":"https:\/\/blogs.univ-jfc.fr\/vigneetvin\/wp-json\/wp\/v2\/pages"}],"about":[{"href":"https:\/\/blogs.univ-jfc.fr\/vigneetvin\/wp-json\/wp\/v2\/types\/page"}],"author":[{"embeddable":true,"href":"https:\/\/blogs.univ-jfc.fr\/vigneetvin\/wp-json\/wp\/v2\/users\/185"}],"replies":[{"embeddable":true,"href":"https:\/\/blogs.univ-jfc.fr\/vigneetvin\/wp-json\/wp\/v2\/comments?post=864"}],"version-history":[{"count":23,"href":"https:\/\/blogs.univ-jfc.fr\/vigneetvin\/wp-json\/wp\/v2\/pages\/864\/revisions"}],"predecessor-version":[{"id":5076,"href":"https:\/\/blogs.univ-jfc.fr\/vigneetvin\/wp-json\/wp\/v2\/pages\/864\/revisions\/5076"}],"up":[{"embeddable":true,"href":"https:\/\/blogs.univ-jfc.fr\/vigneetvin\/wp-json\/wp\/v2\/pages\/821"}],"wp:attachment":[{"href":"https:\/\/blogs.univ-jfc.fr\/vigneetvin\/wp-json\/wp\/v2\/media?parent=864"}],"curies":[{"name":"wp","href":"https:\/\/api.w.org\/{rel}","templated":true}]}}