{"id":887,"date":"2017-03-02T09:40:05","date_gmt":"2017-03-02T08:40:05","guid":{"rendered":"http:\/\/blogs.univ-jfc.fr\/vigneetvin\/?page_id=887"},"modified":"2017-03-29T14:33:57","modified_gmt":"2017-03-29T13:33:57","slug":"la-production-de-vin","status":"publish","type":"page","link":"https:\/\/blogs.univ-jfc.fr\/vigneetvin\/la-culture-de-la-vigne\/vinification-aux-periodes-antique-et-medievale\/la-production-de-vin\/","title":{"rendered":"La production de vin"},"content":{"rendered":"<p style=\"text-align: left\" align=\"center\">Les processus de vinification commencent d\u00e8s que le fruit est cueilli. Il n&rsquo;y a pas de temps \u00e0 perdre, aussi les vendanges sont une \u00e9tape tr\u00e8s importante de la vie des campagnes. Le travail des vendangeurs n&rsquo;\u00e9volue pas \u00e9norm\u00e9ment entre l&rsquo;Antiquit\u00e9 et le Moyen-\u00c2ge, et les m\u00e9thodes demeurent semblables.<\/p>\n<p style=\"text-align: left\" align=\"center\">N\u00e9anmoins il est important de noter la disparit\u00e9 de moyen entre les diff\u00e9rents vignerons, qui impacte leur production et dissocie les petits domaines de ceux des seigneurs. D&rsquo;autre part si la production antique \u00e9tait concentr\u00e9e dans le sud de la Gaule, le Moyen-\u00c2ge voit la vigne se d\u00e9velopper partout et sous tous les climats. Pourtant peu \u00e0 peu la production de vin se concentre dans le nord, et l&rsquo;on constate un mouvement de sp\u00e9cialisation des r\u00e9gions.<\/p>\n<p style=\"text-align: left\" align=\"center\">Malgr\u00e9 leurs disparit\u00e9s les vignerons, qui sont les premiers acteurs de la vinification, partagent un socle commun de techniques, et la m\u00eame attention constante \u00e0 leurs vignes.<\/p>\n<p style=\"text-align: center\" align=\"left\"><a href=\"http:\/\/blogs.univ-jfc.fr\/vigneetvin\/les-vendangeurs-gaulois-et-gallo-romains\/\"><strong><span style=\"font-family: 'Times New Roman', serif\"><span style=\"font-size: medium\">Les vendangeurs gaulois et gallo-romains<\/span><\/span><\/strong><\/a><\/p>\n<p style=\"text-align: center\" align=\"left\"><a href=\"http:\/\/blogs.univ-jfc.fr\/vigneetvin\/les-vendangeurs-francs-et-francais\/\"><strong><span style=\"font-family: 'Times New Roman', serif\"><span style=\"font-size: medium\">Les vendangeurs francs et fran\u00e7ais<\/span><\/span><\/strong><\/a><\/p>\n<p style=\"text-align: center\" align=\"left\"><a href=\"http:\/\/blogs.univ-jfc.fr\/vigneetvin\/vignerons-et-disparites-de-moyens\/\"><strong><span style=\"font-family: 'Times New Roman', serif\"><span style=\"font-size: medium\">Vignerons et disparit\u00e9s de moyens<\/span><\/span><\/strong><\/a><\/p>\n<p style=\"text-align: center\" align=\"left\"><a href=\"http:\/\/blogs.univ-jfc.fr\/vigneetvin\/vignerons-et-disparites-regionales\/\"><strong><span style=\"font-family: 'Times New Roman', serif\"><span style=\"font-size: medium\">Vignerons et disparit\u00e9s r\u00e9gionales<\/span><\/span><\/strong><\/a><\/p>\n<p style=\"text-align: center\" align=\"left\"><a href=\"http:\/\/blogs.univ-jfc.fr\/vigneetvin\/une-tradition-commune-des-vignerons\/\"><strong><span style=\"font-family: 'Times New Roman', serif\"><span style=\"font-size: medium\">Tradition commune des vignerons<\/span><\/span><\/strong><\/a><\/p>\n<p style=\"text-align: center\" align=\"left\">\n","protected":false},"excerpt":{"rendered":"<p>Les processus de vinification commencent d\u00e8s que le fruit est cueilli. Il n&rsquo;y a pas de temps \u00e0 perdre, aussi les vendanges sont une \u00e9tape tr\u00e8s importante de la vie des campagnes. Le travail des vendangeurs n&rsquo;\u00e9volue pas \u00e9norm\u00e9ment entre l&rsquo;Antiquit\u00e9 et le Moyen-\u00c2ge, et les m\u00e9thodes demeurent semblables. N\u00e9anmoins il est important de noter &hellip; <a href=\"https:\/\/blogs.univ-jfc.fr\/vigneetvin\/la-culture-de-la-vigne\/vinification-aux-periodes-antique-et-medievale\/la-production-de-vin\/\" class=\"more-link\">Continuer la lecture de <span class=\"screen-reader-text\">La production de vin<\/span> <span class=\"meta-nav\">&rarr;<\/span><\/a><\/p>\n","protected":false},"author":268,"featured_media":0,"parent":791,"menu_order":2,"comment_status":"closed","ping_status":"closed","template":"","meta":[],"_links":{"self":[{"href":"https:\/\/blogs.univ-jfc.fr\/vigneetvin\/wp-json\/wp\/v2\/pages\/887"}],"collection":[{"href":"https:\/\/blogs.univ-jfc.fr\/vigneetvin\/wp-json\/wp\/v2\/pages"}],"about":[{"href":"https:\/\/blogs.univ-jfc.fr\/vigneetvin\/wp-json\/wp\/v2\/types\/page"}],"author":[{"embeddable":true,"href":"https:\/\/blogs.univ-jfc.fr\/vigneetvin\/wp-json\/wp\/v2\/users\/268"}],"replies":[{"embeddable":true,"href":"https:\/\/blogs.univ-jfc.fr\/vigneetvin\/wp-json\/wp\/v2\/comments?post=887"}],"version-history":[{"count":4,"href":"https:\/\/blogs.univ-jfc.fr\/vigneetvin\/wp-json\/wp\/v2\/pages\/887\/revisions"}],"predecessor-version":[{"id":3954,"href":"https:\/\/blogs.univ-jfc.fr\/vigneetvin\/wp-json\/wp\/v2\/pages\/887\/revisions\/3954"}],"up":[{"embeddable":true,"href":"https:\/\/blogs.univ-jfc.fr\/vigneetvin\/wp-json\/wp\/v2\/pages\/791"}],"wp:attachment":[{"href":"https:\/\/blogs.univ-jfc.fr\/vigneetvin\/wp-json\/wp\/v2\/media?parent=887"}],"curies":[{"name":"wp","href":"https:\/\/api.w.org\/{rel}","templated":true}]}}