{"id":930,"date":"2017-03-02T09:50:00","date_gmt":"2017-03-02T08:50:00","guid":{"rendered":"http:\/\/blogs.univ-jfc.fr\/vigneetvin\/?page_id=930"},"modified":"2017-04-19T11:14:44","modified_gmt":"2017-04-19T10:14:44","slug":"sommelier-daujourdhui","status":"publish","type":"page","link":"https:\/\/blogs.univ-jfc.fr\/vigneetvin\/les-metiers-de-la-vigne-et-du-vin\/le-monde-des-artisans\/les-sommeliers\/savoir-faire-du-sommelier\/sommelier-daujourdhui\/","title":{"rendered":"Sommelier d\u2019aujourd\u2019hui"},"content":{"rendered":"<p style=\"text-align: justify\">Aujourd&rsquo;hui, le m\u00e9tier de sommelier est avant tout un m\u00e9tier de service, car celui-ci a pour travail de servir la client\u00e8le du restaurant en vin. Il conseille, fait d\u00e9guster et apporte le vin \u00e0 table, avec le mat\u00e9riel n\u00e9cessaire ainsi que l&rsquo;\u00e9l\u00e9gance qui est requise. Le sommelier est uniquement sp\u00e9cialis\u00e9 dans le service du vin et dans les conseils pour les accords mets et vins et bien entendu, le vin lui m\u00eame. On ne trouve le sommelier que dans les restaurants ayant au moins une \u00e9toile au guide Michelin, ou encore dans les restaurants des grands h\u00f4tels.<\/p>\n<p><a href=\"http:\/\/blogs.univ-jfc.fr\/vigneetvin\/wp-content\/uploads\/sites\/56\/2017\/03\/ServiceVin2.jpg\"><img loading=\"lazy\" class=\"alignleft wp-image-2129\" title=\"Sommelier versant un jeune vin rouge en carafe avant son service - www.asncap.fr\" src=\"http:\/\/blogs.univ-jfc.fr\/vigneetvin\/wp-content\/uploads\/sites\/56\/2017\/03\/ServiceVin2.jpg\" alt=\"\" width=\"250\" height=\"167\" srcset=\"https:\/\/blogs.univ-jfc.fr\/vigneetvin\/wp-content\/uploads\/sites\/56\/2017\/03\/ServiceVin2.jpg 500w, https:\/\/blogs.univ-jfc.fr\/vigneetvin\/wp-content\/uploads\/sites\/56\/2017\/03\/ServiceVin2-300x200.jpg 300w\" sizes=\"(max-width: 250px) 100vw, 250px\" \/><\/a><\/p>\n<p style=\"text-align: justify\">Le sommelier ne se contente pas\u00a0d&rsquo;\u00eatre un serveur sp\u00e9cialis\u00e9, il a tout un travail en amont \u00e0 r\u00e9aliser pour que le service soit de la meilleure qualit\u00e9 possible. Le sommelier doit pr\u00e9parer les vins en accord avec la carte du restaurant, et donc avec le chef cuisinier. C&rsquo;est un long travail de d\u00e9gustation que le sommelier et le chef cuisinier doivent accomplir. Apr\u00e8s avoir s\u00e9lectionn\u00e9 les vins avec le chef cuisinier, le sommelier se soucie alors de la temp\u00e9rature des bouteilles. Chaque bouteille doit \u00eatre maintenue \u00e0 la bonne temp\u00e9rature de service. <a href=\"http:\/\/blogs.univ-jfc.fr\/vigneetvin\/wp-content\/uploads\/sites\/56\/2017\/03\/ServiceVin.png\"><img loading=\"lazy\" class=\"alignright wp-image-2127\" title=\"Sch\u00e9ma montrant \u00e0 quelle temp\u00e9rature le sommelier doit servir les diff\u00e9rents vins - www.toutlevin.com\" src=\"http:\/\/blogs.univ-jfc.fr\/vigneetvin\/wp-content\/uploads\/sites\/56\/2017\/03\/ServiceVin-e1489654160619-490x1024.png\" alt=\"\" width=\"250\" height=\"523\" srcset=\"https:\/\/blogs.univ-jfc.fr\/vigneetvin\/wp-content\/uploads\/sites\/56\/2017\/03\/ServiceVin-e1489654160619-490x1024.png 490w, https:\/\/blogs.univ-jfc.fr\/vigneetvin\/wp-content\/uploads\/sites\/56\/2017\/03\/ServiceVin-e1489654160619-144x300.png 144w, https:\/\/blogs.univ-jfc.fr\/vigneetvin\/wp-content\/uploads\/sites\/56\/2017\/03\/ServiceVin-e1489654160619.png 564w\" sizes=\"(max-width: 250px) 100vw, 250px\" \/><\/a>Il doit aussi tenir l&rsquo;inventaire des bouteilles, c&rsquo;est donc \u00e0 lui que revient la charge de passer les commandes et d&rsquo;organiser la cave du restaurant. Dans la cave, le sommelier dispose les bouteilles d&rsquo;une mani\u00e8re tr\u00e8s ordonn\u00e9e, chaque bouteille est class\u00e9e, du rouge au blanc jusqu&rsquo;au ros\u00e9 mais aussi par son appellation et le c\u00e9page.<\/p>\n<p style=\"text-align: justify\">Pendant son service, le sommelier est charg\u00e9 d&rsquo;approvisionner le client en vin. Il pourra proposer des vins \u00e9trangers mais devra d&rsquo;abord prendre en consid\u00e9ration ce que contient la cave du restaurant. Apr\u00e8s le choix du client, le sommelier est alors charg\u00e9 de le lui faire d\u00e9guster. Le sommelier doit \u00eatre patient, il n&rsquo;est pas rare de tomber sur un client ind\u00e9cis ou pointilleux. Le sommelier doit vendre son produit et donner envie au client. Il s&rsquo;en chargera sobrement, avec \u00e9l\u00e9gance et ma\u00eetrise, c&rsquo;est de cette mani\u00e8re que le sommelier se d\u00e9marque de tout autre serveur car on peut alors le consid\u00e9rer comme un serveur particulier.<\/p>\n<p><a href=\"http:\/\/blogs.univ-jfc.fr\/vigneetvin\/les-metiers-de-la-vigne-et-du-vin\/le-monde-des-artisans\/les-sommeliers\/savoir-faire-du-sommelier\/\">Pour revenir \u00e0 la page pr\u00e9c\u00e9dente, cliquez ici.<\/a><br \/>\n<a href=\"http:\/\/blogs.univ-jfc.fr\/vigneetvin\/les-metiers-de-la-vigne-et-du-vin\/le-monde-des-artisans\/les-sommeliers\/savoir-faire-du-sommelier\/accords-mets-et-vins\/\">Pour aller plus loin : accords mets et vin.<\/a><\/p>\n","protected":false},"excerpt":{"rendered":"<p>Aujourd&rsquo;hui, le m\u00e9tier de sommelier est avant tout un m\u00e9tier de service, car celui-ci a pour travail de servir la client\u00e8le du restaurant en vin. Il conseille, fait d\u00e9guster et apporte le vin \u00e0 table, avec le mat\u00e9riel n\u00e9cessaire ainsi que l&rsquo;\u00e9l\u00e9gance qui est requise. Le sommelier est uniquement sp\u00e9cialis\u00e9 dans le service du vin &hellip; <a href=\"https:\/\/blogs.univ-jfc.fr\/vigneetvin\/les-metiers-de-la-vigne-et-du-vin\/le-monde-des-artisans\/les-sommeliers\/savoir-faire-du-sommelier\/sommelier-daujourdhui\/\" class=\"more-link\">Continuer la lecture de <span class=\"screen-reader-text\">Sommelier d\u2019aujourd\u2019hui<\/span> <span class=\"meta-nav\">&rarr;<\/span><\/a><\/p>\n","protected":false},"author":187,"featured_media":0,"parent":726,"menu_order":1,"comment_status":"closed","ping_status":"closed","template":"","meta":[],"_links":{"self":[{"href":"https:\/\/blogs.univ-jfc.fr\/vigneetvin\/wp-json\/wp\/v2\/pages\/930"}],"collection":[{"href":"https:\/\/blogs.univ-jfc.fr\/vigneetvin\/wp-json\/wp\/v2\/pages"}],"about":[{"href":"https:\/\/blogs.univ-jfc.fr\/vigneetvin\/wp-json\/wp\/v2\/types\/page"}],"author":[{"embeddable":true,"href":"https:\/\/blogs.univ-jfc.fr\/vigneetvin\/wp-json\/wp\/v2\/users\/187"}],"replies":[{"embeddable":true,"href":"https:\/\/blogs.univ-jfc.fr\/vigneetvin\/wp-json\/wp\/v2\/comments?post=930"}],"version-history":[{"count":7,"href":"https:\/\/blogs.univ-jfc.fr\/vigneetvin\/wp-json\/wp\/v2\/pages\/930\/revisions"}],"predecessor-version":[{"id":4952,"href":"https:\/\/blogs.univ-jfc.fr\/vigneetvin\/wp-json\/wp\/v2\/pages\/930\/revisions\/4952"}],"up":[{"embeddable":true,"href":"https:\/\/blogs.univ-jfc.fr\/vigneetvin\/wp-json\/wp\/v2\/pages\/726"}],"wp:attachment":[{"href":"https:\/\/blogs.univ-jfc.fr\/vigneetvin\/wp-json\/wp\/v2\/media?parent=930"}],"curies":[{"name":"wp","href":"https:\/\/api.w.org\/{rel}","templated":true}]}}