{"id":936,"date":"2017-03-02T09:50:23","date_gmt":"2017-03-02T08:50:23","guid":{"rendered":"http:\/\/blogs.univ-jfc.fr\/vigneetvin\/?page_id=936"},"modified":"2017-04-19T11:37:50","modified_gmt":"2017-04-19T10:37:50","slug":"accords-mets-et-vins","status":"publish","type":"page","link":"https:\/\/blogs.univ-jfc.fr\/vigneetvin\/les-metiers-de-la-vigne-et-du-vin\/le-monde-des-artisans\/les-sommeliers\/savoir-faire-du-sommelier\/accords-mets-et-vins\/","title":{"rendered":"Accords mets et vins"},"content":{"rendered":"<p align=\"JUSTIFY\">Cette association mets et vins, \u00e9l\u00e9ment clef d&rsquo;un repas digne de ce nom, doit prendre en compte tous les \u00e9l\u00e9ments entourant le repas, comme la saison, le d\u00e9cor, les invit\u00e9s ou les clients, ainsi que l&rsquo;ambiance et la conservation de la bouteille. Le sommelier a donc aussi pour t\u00e2che d&rsquo;avoir les connaissances et l&rsquo;imagination n\u00e9cessaires pour fournir \u00e0 la table le vin le plus en ad\u00e9quation avec l&rsquo;environnement du repas. L&rsquo;objectif est d&rsquo;avoir dans l&rsquo;assiette la m\u00eame densit\u00e9 et le m\u00eame volume de nourriture que de vin, cela instaure une solide base\u00a0sur laquelle\u00a0on peut affiner l&rsquo;accord aromatique. Il est aussi important de souligner que les accords mets et vins sont des accords de compl\u00e9mentarit\u00e9, une suite logique qui permet de d\u00e9finir le choix du vin.<\/p>\n<p align=\"JUSTIFY\">Cet\u00a0accord mets et vins est avant tout une affaire de go\u00fbt personnel, mais celle-ci doit respecter certaines r\u00e8gles essentielles au risque alors de compromettre le mariage entre mets et vin. Il y a une hi\u00e9rarchie g\u00e9n\u00e9rale \u00e0 respecter, en commen\u00e7ant par un vin mousseux, pour titiller le palais, en continuant\u00a0avec\u00a0un vin blanc ou un vin ros\u00e9, ensuite un vin rouge et pour finir un vin moelleux.<\/p>\n<p align=\"JUSTIFY\"><a href=\"http:\/\/blogs.univ-jfc.fr\/vigneetvin\/wp-content\/uploads\/sites\/56\/2017\/03\/Photos-pour-le-site-internet.jpg\"><img loading=\"lazy\" class=\"alignleft wp-image-2092\" title=\"Accord mets et vin, entre un vin blanc Ch\u00e2teau Lacaussade Saint-Martin et une assiette de poisson - www.flickr.com\" src=\"http:\/\/blogs.univ-jfc.fr\/vigneetvin\/wp-content\/uploads\/sites\/56\/2017\/03\/Photos-pour-le-site-internet.jpg\" alt=\"\" width=\"300\" height=\"200\" srcset=\"https:\/\/blogs.univ-jfc.fr\/vigneetvin\/wp-content\/uploads\/sites\/56\/2017\/03\/Photos-pour-le-site-internet.jpg 1024w, https:\/\/blogs.univ-jfc.fr\/vigneetvin\/wp-content\/uploads\/sites\/56\/2017\/03\/Photos-pour-le-site-internet-300x200.jpg 300w, https:\/\/blogs.univ-jfc.fr\/vigneetvin\/wp-content\/uploads\/sites\/56\/2017\/03\/Photos-pour-le-site-internet-768x512.jpg 768w\" sizes=\"(max-width: 300px) 100vw, 300px\" \/><\/a>Bousculer cette hi\u00e9rarchie rendrait le repas incoh\u00e9rent\u00a0: l&rsquo;id\u00e9e est en effet de commencer par un vin acide et finir par un vin sucr\u00e9. Il y a des erreurs importantes \u00e0 \u00e9viter, comme d\u00e9buter par un vin sucr\u00e9 pour l&rsquo;entr\u00e9e ou m\u00eame en ap\u00e9ritif, car celui-ci \u00e9crasera les papilles et les alourdiront. Cela\u00a0g\u00e2chera de ce fait la suite du repas. Il est de m\u00eame pour le service du champagne en dessert\u00a0: celui-ci serait servi en d\u00e9but de repas pour son acidit\u00e9, ses bulles et sa fra\u00eecheur. On pourra aussi constater qu&rsquo;on a tendance \u00e0 servir une bouteille de vin rouge au moment de servir le fromage : ceci dit, il n&rsquo;est pas s\u00fbr que le vin rouge et le fromage s&rsquo;accorderont bien ensemble. Un vin blanc, qu&rsquo;il soit sec ou doux s&rsquo;accordent g\u00e9n\u00e9ralement bien avec le sel pr\u00e9sent dans le fromage. L&rsquo;absence de tannin, sa fra\u00eecheur et son acidit\u00e9 compensent la saveur sal\u00e9e du fromage alors que la nature fruit\u00e9e du vin blanc r\u00e9pond \u00e0 la forte personnalit\u00e9 gustative du fromage. En ce qui concerne le vin rouge, le tannin contenu accentue le sel du fromage, bien s\u00fbr plusieurs fromages font exception \u00e0 cette r\u00e8gle, comme un brie ou encore un camembert ou un coulommiers.<\/p>\n<p align=\"JUSTIFY\">Bien s\u00fbr, il y a des exceptions \u00e0 ces r\u00e8gles, tout d\u00e9pendra alors de la composition du repas. Sans compter sur le nombre impressionnant d&rsquo;accords possibles entre chaque plats, ap\u00e9ritifs, entr\u00e9es ou desserts. On peut aussi constater qu&rsquo;il y a des plats et des vins dont l&rsquo;alliance est classique, comme servir un <em>Saint-\u00e9milion Grand Cru<\/em> avec un canard r\u00f4ti aux petits l\u00e9gumes, ou encore un <i>Muscat de Seine-Saint-Denis<\/i> avec du Roquefort ou du Saint-Honor\u00e9.<\/p>\n<p align=\"JUSTIFY\">En ce qui concerne le domaine viticole local de <i>Gaillac,<\/i> on associe souvent un vin de <i>Gaillac blanc moelleux<\/i> avec du foie gras, tandis qu&rsquo;un vin rouge gaillacois se marie parfaitement avec une poitrine de veau farcie. Comme pour tous vins, ceux de la r\u00e9gion de <i>Gaillac<\/i> peuvent se marier avec un \u00e9ventail de plats diff\u00e9rents. Bien que moins utilis\u00e9s dans la grande restauration et par les sommeliers, le vin gallaicois est plut\u00f4t utilis\u00e9 pour les repas familiaux. Il est tout de m\u00eame utilis\u00e9 dans les restaurants, notamment ceux proches du gaillacois, comme <i>La Table du Sommelier<\/i> \u00e0 <i>Albi<\/i>, o\u00f9 le sommelier propose pour tous les plats de la carte, un vin de <i>Gaillac<\/i> en ad\u00e9quation avec le plat servi.<\/p>\n<p align=\"JUSTIFY\"><a href=\"http:\/\/blogs.univ-jfc.fr\/vigneetvin\/wp-content\/uploads\/sites\/56\/2017\/03\/spanish-cuisine-506057_960_720.jpg\"><img loading=\"lazy\" class=\"alignleft wp-image-4954 size-medium\" title=\"Exemple de cuisine qui s'accompagne de vin. Photo : Pixabay.com\" src=\"http:\/\/blogs.univ-jfc.fr\/vigneetvin\/wp-content\/uploads\/sites\/56\/2017\/03\/spanish-cuisine-506057_960_720-300x198.jpg\" alt=\"\" width=\"300\" height=\"198\" srcset=\"https:\/\/blogs.univ-jfc.fr\/vigneetvin\/wp-content\/uploads\/sites\/56\/2017\/03\/spanish-cuisine-506057_960_720-300x198.jpg 300w, https:\/\/blogs.univ-jfc.fr\/vigneetvin\/wp-content\/uploads\/sites\/56\/2017\/03\/spanish-cuisine-506057_960_720-768x508.jpg 768w, https:\/\/blogs.univ-jfc.fr\/vigneetvin\/wp-content\/uploads\/sites\/56\/2017\/03\/spanish-cuisine-506057_960_720.jpg 960w\" sizes=\"(max-width: 300px) 100vw, 300px\" \/><\/a>Le sommelier, au m\u00eame titre que le cuisinier, doit avoir connaissance des go\u00fbts et les saveurs n\u00e9cessaires au mariage mets et vins. Aucune erreur n&rsquo;est permise, le sommelier recherchera toujours l\u2019excellence. C&rsquo;est aussi lui qui mettra en place la carte des vins, en fonction des c\u00e9pages, des p\u00e9riodes de l&rsquo;ann\u00e9e, des produits qu&rsquo;il aura choisi en collaboration avec le chef cuisinier.<\/p>\n<p><a href=\"http:\/\/blogs.univ-jfc.fr\/vigneetvin\/les-metiers-de-la-vigne-et-du-vin\/le-monde-des-artisans\/les-sommeliers\/savoir-faire-du-sommelier\/service-et-degustation\/\">Pour aller plus loin : Service et D\u00e9gustation.<\/a><br \/>\n<a href=\"http:\/\/blogs.univ-jfc.fr\/vigneetvin\/les-metiers-de-la-vigne-et-du-vin\/le-monde-des-artisans\/les-sommeliers\/savoir-faire-du-sommelier\/sommelier-daujourdhui\/\">Pour revenir \u00e0 la page pr\u00e9c\u00e9dente, \u00ab\u00a0<em>Sommelier d&rsquo;aujourd&rsquo;hui<\/em>\u00ab\u00a0, cliquez ici.<\/a><\/p>\n","protected":false},"excerpt":{"rendered":"<p>Cette association mets et vins, \u00e9l\u00e9ment clef d&rsquo;un repas digne de ce nom, doit prendre en compte tous les \u00e9l\u00e9ments entourant le repas, comme la saison, le d\u00e9cor, les invit\u00e9s ou les clients, ainsi que l&rsquo;ambiance et la conservation de la bouteille. Le sommelier a donc aussi pour t\u00e2che d&rsquo;avoir les connaissances et l&rsquo;imagination n\u00e9cessaires &hellip; <a href=\"https:\/\/blogs.univ-jfc.fr\/vigneetvin\/les-metiers-de-la-vigne-et-du-vin\/le-monde-des-artisans\/les-sommeliers\/savoir-faire-du-sommelier\/accords-mets-et-vins\/\" class=\"more-link\">Continuer la lecture de <span class=\"screen-reader-text\">Accords mets et vins<\/span> <span class=\"meta-nav\">&rarr;<\/span><\/a><\/p>\n","protected":false},"author":187,"featured_media":0,"parent":726,"menu_order":2,"comment_status":"closed","ping_status":"closed","template":"","meta":[],"_links":{"self":[{"href":"https:\/\/blogs.univ-jfc.fr\/vigneetvin\/wp-json\/wp\/v2\/pages\/936"}],"collection":[{"href":"https:\/\/blogs.univ-jfc.fr\/vigneetvin\/wp-json\/wp\/v2\/pages"}],"about":[{"href":"https:\/\/blogs.univ-jfc.fr\/vigneetvin\/wp-json\/wp\/v2\/types\/page"}],"author":[{"embeddable":true,"href":"https:\/\/blogs.univ-jfc.fr\/vigneetvin\/wp-json\/wp\/v2\/users\/187"}],"replies":[{"embeddable":true,"href":"https:\/\/blogs.univ-jfc.fr\/vigneetvin\/wp-json\/wp\/v2\/comments?post=936"}],"version-history":[{"count":12,"href":"https:\/\/blogs.univ-jfc.fr\/vigneetvin\/wp-json\/wp\/v2\/pages\/936\/revisions"}],"predecessor-version":[{"id":4966,"href":"https:\/\/blogs.univ-jfc.fr\/vigneetvin\/wp-json\/wp\/v2\/pages\/936\/revisions\/4966"}],"up":[{"embeddable":true,"href":"https:\/\/blogs.univ-jfc.fr\/vigneetvin\/wp-json\/wp\/v2\/pages\/726"}],"wp:attachment":[{"href":"https:\/\/blogs.univ-jfc.fr\/vigneetvin\/wp-json\/wp\/v2\/media?parent=936"}],"curies":[{"name":"wp","href":"https:\/\/api.w.org\/{rel}","templated":true}]}}