{"id":938,"date":"2017-03-02T09:50:55","date_gmt":"2017-03-02T08:50:55","guid":{"rendered":"http:\/\/blogs.univ-jfc.fr\/vigneetvin\/?page_id=938"},"modified":"2017-04-19T11:38:22","modified_gmt":"2017-04-19T10:38:22","slug":"service-et-degustation","status":"publish","type":"page","link":"https:\/\/blogs.univ-jfc.fr\/vigneetvin\/les-metiers-de-la-vigne-et-du-vin\/le-monde-des-artisans\/les-sommeliers\/savoir-faire-du-sommelier\/service-et-degustation\/","title":{"rendered":"Service et d\u00e9gustation"},"content":{"rendered":"<p style=\"text-align: justify\">La d\u00e9gustation du vin est un moment clef pour le sommelier : celle-ci permet de v\u00e9rifier sa composition, son acidit\u00e9, sa teneur en sucre ou en alcool mais aussi ses ar\u00f4mes. La d\u00e9gustation du vin se d\u00e9roule en cinq \u00e9tapes, o\u00f9 trois de nos sens sont \u00e0 exploiter : la vue, le go\u00fbt et l&rsquo;odorat.<\/p>\n<p style=\"text-align: justify\">La <strong>premi\u00e8re \u00e9tape<\/strong> consiste \u00e0 observer le vin :\u00a0l&rsquo;aspect\u00a0nous renseignera sur sa consistance, la transparence du vin, son \u00e2ge et informera si le vin a \u00e9t\u00e9 \u00e9lev\u00e9 en barrique ou non. Cette \u00e9tape informera aussi le sommelier sur son mill\u00e9sime et son c\u00e9page. Les d\u00e9fauts visuels du vin se font de plus en plus rare gr\u00e2ce aux progr\u00e8s de l\u2019\u0153nologie : il y a de moins en moins de vins montrant\u00a0un voile graisseux \u00e0 sa surface, mais aussi des flocons ou des filaments en suspension.<\/p>\n<p style=\"text-align: justify\"><a href=\"http:\/\/blogs.univ-jfc.fr\/vigneetvin\/wp-content\/uploads\/sites\/56\/2017\/03\/Sommelier_e_Tastevin.jpg\"><img loading=\"lazy\" class=\"alignleft wp-image-4940 size-medium\" title=\"Photo : OneArmedMan - Sommeliers d\u00e9gustant un vin rouge de Bourgogne\" src=\"http:\/\/blogs.univ-jfc.fr\/vigneetvin\/wp-content\/uploads\/sites\/56\/2017\/03\/Sommelier_e_Tastevin-205x300.jpg\" alt=\"\" width=\"205\" height=\"300\" srcset=\"https:\/\/blogs.univ-jfc.fr\/vigneetvin\/wp-content\/uploads\/sites\/56\/2017\/03\/Sommelier_e_Tastevin-205x300.jpg 205w, https:\/\/blogs.univ-jfc.fr\/vigneetvin\/wp-content\/uploads\/sites\/56\/2017\/03\/Sommelier_e_Tastevin.jpg 441w\" sizes=\"(max-width: 205px) 100vw, 205px\" \/><\/a><\/p>\n<p style=\"text-align: justify\">La <strong>seconde \u00e9tape<\/strong> consiste \u00e0 faire tourner le vin dans le verre : cela permet d&rsquo;oxyg\u00e9ner le vin et permet de lib\u00e9rer ses ar\u00f4mes et d&rsquo;adoucir le tanin d&rsquo;un jeune vin rouge.<\/p>\n<p style=\"text-align: justify\">Dans un <strong>troisi\u00e8me temps<\/strong>, vient l&rsquo;\u00e9tape de sentir le vin, cela permet de d\u00e9gager les ar\u00f4mes du vin, lesquels sont en avant, ainsi que leur harmonie. Cette \u00e9tape se d\u00e9coupe en trois phases : le premier nez permet de s&rsquo;assurer que le vin n&rsquo;est pas pollu\u00e9 par de mauvaises odeurs comme celle d&rsquo;un mauvais bouchon par exemple.\u00a0Le deuxi\u00e8me nez pousse plus loin l&rsquo;exploration olfactive du vin, elle \u00e0 pour but de commencer \u00e0 d\u00e9gager les ar\u00f4mes du vin.\u00a0Le troisi\u00e8me nez permet apr\u00e8s une longue oxyg\u00e9nation de conna\u00eetre l&rsquo;\u00e9volution des ar\u00f4mes.<\/p>\n<p style=\"text-align: justify\">La <strong>quatri\u00e8me \u00e9tape<\/strong> consiste \u00e0 d\u00e9guster le vin. Il y a quatre caract\u00e9ristiques \u00e0 d\u00e9celer l&rsquo;acidit\u00e9, l&rsquo;amertume, la teneur en sucre et en sel. Cette \u00e9tape permet de voir avec quel met le vin pourra \u00eatre associ\u00e9.<\/p>\n<p style=\"text-align: justify\">La <strong>cinqui\u00e8me et derni\u00e8re \u00e9tape<\/strong> consiste \u00e0 savourer le vin, si il s&rsquo;agit d&rsquo;un vin harmonieux, lourd ou l\u00e9ger, onctueux, \u00e9quilibr\u00e9 ou tr\u00e8s acide.<\/p>\n<p style=\"text-align: justify\">C&rsquo;est \u00e0 ce stade aussi que le sommelier choisit si le vin est \u00e0 sa convenance ou non. Apr\u00e8s chacune de ces \u00e9tapes, le sommelier pourra alors faire son choix, et d\u00e9terminera si le vin sera propos\u00e9 sur la carte des vins.<\/p>\n<p style=\"text-align: left\"><a href=\"http:\/\/blogs.univ-jfc.fr\/vigneetvin\/wp-content\/uploads\/sites\/56\/2017\/03\/wine-786933_1920.jpg\"><img loading=\"lazy\" class=\"alignright wp-image-2137\" title=\"Photo trouv\u00e9e sur Pixabay - Service du Vin\" src=\"http:\/\/blogs.univ-jfc.fr\/vigneetvin\/wp-content\/uploads\/sites\/56\/2017\/03\/wine-786933_1920-1024x683.jpg\" alt=\"\" width=\"400\" height=\"267\" srcset=\"https:\/\/blogs.univ-jfc.fr\/vigneetvin\/wp-content\/uploads\/sites\/56\/2017\/03\/wine-786933_1920-1024x683.jpg 1024w, https:\/\/blogs.univ-jfc.fr\/vigneetvin\/wp-content\/uploads\/sites\/56\/2017\/03\/wine-786933_1920-300x200.jpg 300w, https:\/\/blogs.univ-jfc.fr\/vigneetvin\/wp-content\/uploads\/sites\/56\/2017\/03\/wine-786933_1920-768x512.jpg 768w, https:\/\/blogs.univ-jfc.fr\/vigneetvin\/wp-content\/uploads\/sites\/56\/2017\/03\/wine-786933_1920.jpg 1920w\" sizes=\"(max-width: 400px) 100vw, 400px\" \/><\/a><\/p>\n<p style=\"text-align: justify\">Concernant la temp\u00e9rature de service du vin, le sommelier la respecte scrupuleusement, car un vin blanc et un vin rouge ne sont\u00a0\u00e9videmment pas servis \u00e0 la m\u00eame temp\u00e9rature. La temp\u00e9rature parfaite du vin donne au consommateur une des conditions \u00e0 la d\u00e9gustation. Le sommelier sait donc qu&rsquo;un vin rouge l\u00e9ger sera servi \u00e0 douze degr\u00e9s Celsius,\u00a0le vin blanc et le ros\u00e9\u00a0seront\u00a0servis \u00e0 la temp\u00e9rature de neuf degr\u00e9s par exemple. Le vin doit \u00eatre mis lentement \u00e0 la temp\u00e9rature \u00e0 laquelle il doit \u00eatre servi, en cas de choc thermique on risque de \u00ab casser \u00bb le go\u00fbt du vin. Ceci demande donc du temps pour pouvoir servir un vin \u00e0 la temp\u00e9rature ad\u00e9quate, ce qui donne au sommelier une t\u00e2che longue et importante du service \u00e0 table qui n\u00e9cessite \u00e9norm\u00e9ment de soin et d&rsquo;attention. Pour le service, le sommelier doit respecter des codes tout comme il doit avoir le mat\u00e9riel n\u00e9cessaire \u00e0 un service minutieux.<\/p>\n<p><a href=\"http:\/\/blogs.univ-jfc.fr\/vigneetvin\/wp-content\/uploads\/sites\/56\/2017\/03\/Ah-so.png\"><img loading=\"lazy\" class=\"alignleft wp-image-4941\" title=\"Extracteur AH-SO - Wikipedia Commons - Auteur : The Epopt\" src=\"http:\/\/blogs.univ-jfc.fr\/vigneetvin\/wp-content\/uploads\/sites\/56\/2017\/03\/Ah-so.png\" alt=\"\" width=\"200\" height=\"200\" srcset=\"https:\/\/blogs.univ-jfc.fr\/vigneetvin\/wp-content\/uploads\/sites\/56\/2017\/03\/Ah-so.png 300w, https:\/\/blogs.univ-jfc.fr\/vigneetvin\/wp-content\/uploads\/sites\/56\/2017\/03\/Ah-so-150x150.png 150w\" sizes=\"(max-width: 200px) 100vw, 200px\" \/><\/a><\/p>\n<p style=\"text-align: justify\">En effet, le sommelier doit \u00eatre \u00e9quip\u00e9 d&rsquo;un <em>tire-bouchon<\/em>, outil plus qu&rsquo;indispensable, d&rsquo;<em>un seau \u00e0 champagne<\/em> si les clients commandent un champagne, d&rsquo;un <em>extracteur AH-SO<\/em>, qui est en fait un <em>d\u00e9capsuleur particulier<\/em> et de verres \u00e0 vin dont la forme sera id\u00e9al pour la d\u00e9gustation du vin. Il s&rsquo;agit du minimum dont il doit disposer pour r\u00e9aliser un service correct. Un sommelier peut \u00e9galement disposer d&rsquo;un oxyg\u00e9nateur. Enfin, le restaurant doit \u00eatre \u00e9quip\u00e9 de carafes afin de contenir le vin pour les clients qui commandent par pichets. Selon les vins, il peut \u00eatre servi directement \u00e0 la bouteille pour les vins plus \u00e2g\u00e9s, ou en carafe pour les vins les plus jeunes par exemple. Le sommelier doit aussi parfois d\u00e9canter le vin pour deux raisons : tout d&rsquo;abord pour s\u00e9parer le vin limpide de son d\u00e9p\u00f4t naturel, et par la suite permettre une a\u00e9ration pour les vins jeunes ou ferm\u00e9s.<\/p>\n<p><a href=\"http:\/\/blogs.univ-jfc.fr\/vigneetvin\/les-metiers-de-la-vigne-et-du-vin\/le-monde-des-artisans\/les-sommeliers\/formation\/\">Pour aller plus loin : La formation de sommelier<\/a>.<br \/>\n<a href=\"http:\/\/blogs.univ-jfc.fr\/vigneetvin\/les-metiers-de-la-vigne-et-du-vin\/le-monde-des-artisans\/les-sommeliers\/savoir-faire-du-sommelier\/accords-mets-et-vins\/\">Pour revenir \u00e0 la page pr\u00e9c\u00e9dente, \u00ab\u00a0<em>Accords mets et vins<\/em>\u00ab\u00a0, cliquez ici.<\/a><\/p>\n","protected":false},"excerpt":{"rendered":"<p>La d\u00e9gustation du vin est un moment clef pour le sommelier : celle-ci permet de v\u00e9rifier sa composition, son acidit\u00e9, sa teneur en sucre ou en alcool mais aussi ses ar\u00f4mes. La d\u00e9gustation du vin se d\u00e9roule en cinq \u00e9tapes, o\u00f9 trois de nos sens sont \u00e0 exploiter : la vue, le go\u00fbt et l&rsquo;odorat. &hellip; <a href=\"https:\/\/blogs.univ-jfc.fr\/vigneetvin\/les-metiers-de-la-vigne-et-du-vin\/le-monde-des-artisans\/les-sommeliers\/savoir-faire-du-sommelier\/service-et-degustation\/\" class=\"more-link\">Continuer la lecture de <span class=\"screen-reader-text\">Service et d\u00e9gustation<\/span> <span class=\"meta-nav\">&rarr;<\/span><\/a><\/p>\n","protected":false},"author":187,"featured_media":0,"parent":726,"menu_order":3,"comment_status":"closed","ping_status":"closed","template":"","meta":[],"_links":{"self":[{"href":"https:\/\/blogs.univ-jfc.fr\/vigneetvin\/wp-json\/wp\/v2\/pages\/938"}],"collection":[{"href":"https:\/\/blogs.univ-jfc.fr\/vigneetvin\/wp-json\/wp\/v2\/pages"}],"about":[{"href":"https:\/\/blogs.univ-jfc.fr\/vigneetvin\/wp-json\/wp\/v2\/types\/page"}],"author":[{"embeddable":true,"href":"https:\/\/blogs.univ-jfc.fr\/vigneetvin\/wp-json\/wp\/v2\/users\/187"}],"replies":[{"embeddable":true,"href":"https:\/\/blogs.univ-jfc.fr\/vigneetvin\/wp-json\/wp\/v2\/comments?post=938"}],"version-history":[{"count":8,"href":"https:\/\/blogs.univ-jfc.fr\/vigneetvin\/wp-json\/wp\/v2\/pages\/938\/revisions"}],"predecessor-version":[{"id":4967,"href":"https:\/\/blogs.univ-jfc.fr\/vigneetvin\/wp-json\/wp\/v2\/pages\/938\/revisions\/4967"}],"up":[{"embeddable":true,"href":"https:\/\/blogs.univ-jfc.fr\/vigneetvin\/wp-json\/wp\/v2\/pages\/726"}],"wp:attachment":[{"href":"https:\/\/blogs.univ-jfc.fr\/vigneetvin\/wp-json\/wp\/v2\/media?parent=938"}],"curies":[{"name":"wp","href":"https:\/\/api.w.org\/{rel}","templated":true}]}}