{"id":959,"date":"2017-03-02T09:54:49","date_gmt":"2017-03-02T08:54:49","guid":{"rendered":"http:\/\/blogs.univ-jfc.fr\/vigneetvin\/?page_id=959"},"modified":"2017-04-19T11:43:11","modified_gmt":"2017-04-19T10:43:11","slug":"le-concours-de-meilleur-sommelier","status":"publish","type":"page","link":"https:\/\/blogs.univ-jfc.fr\/vigneetvin\/les-metiers-de-la-vigne-et-du-vin\/le-monde-des-artisans\/les-sommeliers\/formation\/le-concours-de-meilleur-sommelier\/","title":{"rendered":"Le concours de meilleur sommelier"},"content":{"rendered":"<p style=\"text-align: justify\">La sommellerie est un m\u00e9tier ancien repr\u00e9sent\u00e9 depuis des ann\u00e9es comme le fleuron de la gastronomie. On ne peut pas accompagner un repas typiquement fran\u00e7ais uniquement avec une bouteille d\u2019eau min\u00e9rale : le vin est une pi\u00e8ce ma\u00eetresse de la gastronomie fran\u00e7aise. Le monde du travail cherche \u00e0 embaucher des jeunes sommeliers pour les mettre au services des clients. La recherche du prestige et de l\u2019exception de la restauration est un facteur de cette forte demande. Il y a une v\u00e9ritable fiert\u00e9 d\u2019afficher : \u00ab <i>Chef sommelier \u00e0 votre disposition <\/i>\u00bb sur la carte des vins.<\/p>\n<p style=\"text-align: justify\"><a href=\"http:\/\/blogs.univ-jfc.fr\/vigneetvin\/wp-content\/uploads\/sites\/56\/2017\/03\/417px-Sommelier_F.I.S.A.R..jpg\"><img loading=\"lazy\" class=\" wp-image-1034 alignleft\" src=\"http:\/\/blogs.univ-jfc.fr\/vigneetvin\/wp-content\/uploads\/sites\/56\/2017\/03\/417px-Sommelier_F.I.S.A.R.-209x300.jpg\" alt=\"\" width=\"251\" height=\"360\" srcset=\"https:\/\/blogs.univ-jfc.fr\/vigneetvin\/wp-content\/uploads\/sites\/56\/2017\/03\/417px-Sommelier_F.I.S.A.R.-209x300.jpg 209w, https:\/\/blogs.univ-jfc.fr\/vigneetvin\/wp-content\/uploads\/sites\/56\/2017\/03\/417px-Sommelier_F.I.S.A.R..jpg 417w\" sizes=\"(max-width: 251px) 100vw, 251px\" \/><\/a><\/p>\n<p style=\"text-align: justify\">Le titre de Meilleur sommelier du monde r\u00e9sulte d\u2019un processus de s\u00e9lections et couronne une somme consid\u00e9rable de connaissances et une exp\u00e9rience pratique sans faille. Les sujets abord\u00e9s lors de ce concours repr\u00e9sentent les contraintes qu\u2019un chef sommelier dans une grande maison rencontre dans l\u2019exercice de ses fonctions. Sur le plan th\u00e9orique, les candidats doivent faire preuve d\u2019une profonde connaissance de l\u2019oenologie, de la l\u00e9gislation de chaque pays, des appellations, des mill\u00e9simes et de la d\u00e9gustation. Le volet pratique exige une excellente pr\u00e9sentation, une \u00e9locution claire, une grande aisance des r\u00e8gles de pr\u00e9s\u00e9ance, du tact, de la modestie, de la sobri\u00e9t\u00e9, de l\u2019organisation, la pratique de langues \u00e9trang\u00e8res, une connaissance approfondie de la cuisine et de la p\u00e2tisserie, ainsi que le sens du commandement et des r\u00e8gles sur l\u2019accord des mets et du vin. Globalement, le palmar\u00e8s de meilleur sommelier est domin\u00e9 depuis 1969 par les Fran\u00e7ais qui ont glan\u00e9 six titres de 1969 \u00e0 2004, le savoir-faire Fran\u00e7ais en mati\u00e8re de vin est de ce fait, indiscutable. Avec deux titres, les Italiens ont \u00e9galement une bonne position dans ce concours. Le dernier concours en 2016 a vu s\u2019affronter Jon Arvid Rosengren, un Su\u00e9dois, David Biraut, un Fran\u00e7ais, et Julie Dupouy, une Irlandaise. La finale a \u00e9t\u00e9 remport\u00e9e par le Scandinave juste devant le Fran\u00e7ais. En 2010, un autre Fran\u00e7ais, G\u00e9rard Basset, a remport\u00e9 le titre, mais \u00e9tant install\u00e9 au Royaume-Uni, cette victoire fut accord\u00e9e aux Anglais et non pas aux Fran\u00e7ais.<\/p>\n<p style=\"text-align: justify\"><a href=\"http:\/\/blogs.univ-jfc.fr\/vigneetvin\/les-metiers-de-la-vigne-et-du-vin\/le-monde-des-artisans\/les-sommeliers\/formation\/formation-privee\/\">Pour revenir \u00e0 la page pr\u00e9c\u00e9dente, \u00ab\u00a0<em>Formation priv\u00e9e<\/em>\u00ab\u00a0, cliquez ici.<br \/>\n<\/a><a href=\"http:\/\/blogs.univ-jfc.fr\/vigneetvin\/les-metiers-de-la-vigne-et-du-vin\/le-monde-des-artisans\/les-sommeliers\/\">Pour revenir \u00e0 l&rsquo;introduction, cliquez ici.<\/p>\n<p><\/a><a href=\"http:\/\/blogs.univ-jfc.fr\/vigneetvin\/les-metiers-de-la-vigne-et-du-vin\/le-monde-des-artisans\/les-sommeliers\/bibliographie-2\/\">Pour acc\u00e9der \u00e0 la bibliographie, cliquez ici.<\/a><\/p>\n","protected":false},"excerpt":{"rendered":"<p>La sommellerie est un m\u00e9tier ancien repr\u00e9sent\u00e9 depuis des ann\u00e9es comme le fleuron de la gastronomie. On ne peut pas accompagner un repas typiquement fran\u00e7ais uniquement avec une bouteille d\u2019eau min\u00e9rale : le vin est une pi\u00e8ce ma\u00eetresse de la gastronomie fran\u00e7aise. Le monde du travail cherche \u00e0 embaucher des jeunes sommeliers pour les mettre &hellip; <a href=\"https:\/\/blogs.univ-jfc.fr\/vigneetvin\/les-metiers-de-la-vigne-et-du-vin\/le-monde-des-artisans\/les-sommeliers\/formation\/le-concours-de-meilleur-sommelier\/\" class=\"more-link\">Continuer la lecture de <span class=\"screen-reader-text\">Le concours de meilleur sommelier<\/span> <span class=\"meta-nav\">&rarr;<\/span><\/a><\/p>\n","protected":false},"author":187,"featured_media":0,"parent":668,"menu_order":3,"comment_status":"closed","ping_status":"closed","template":"","meta":[],"_links":{"self":[{"href":"https:\/\/blogs.univ-jfc.fr\/vigneetvin\/wp-json\/wp\/v2\/pages\/959"}],"collection":[{"href":"https:\/\/blogs.univ-jfc.fr\/vigneetvin\/wp-json\/wp\/v2\/pages"}],"about":[{"href":"https:\/\/blogs.univ-jfc.fr\/vigneetvin\/wp-json\/wp\/v2\/types\/page"}],"author":[{"embeddable":true,"href":"https:\/\/blogs.univ-jfc.fr\/vigneetvin\/wp-json\/wp\/v2\/users\/187"}],"replies":[{"embeddable":true,"href":"https:\/\/blogs.univ-jfc.fr\/vigneetvin\/wp-json\/wp\/v2\/comments?post=959"}],"version-history":[{"count":9,"href":"https:\/\/blogs.univ-jfc.fr\/vigneetvin\/wp-json\/wp\/v2\/pages\/959\/revisions"}],"predecessor-version":[{"id":4971,"href":"https:\/\/blogs.univ-jfc.fr\/vigneetvin\/wp-json\/wp\/v2\/pages\/959\/revisions\/4971"}],"up":[{"embeddable":true,"href":"https:\/\/blogs.univ-jfc.fr\/vigneetvin\/wp-json\/wp\/v2\/pages\/668"}],"wp:attachment":[{"href":"https:\/\/blogs.univ-jfc.fr\/vigneetvin\/wp-json\/wp\/v2\/media?parent=959"}],"curies":[{"name":"wp","href":"https:\/\/api.w.org\/{rel}","templated":true}]}}