{"id":10030,"date":"2022-01-11T16:42:12","date_gmt":"2022-01-11T15:42:12","guid":{"rendered":"http:\/\/blogs.univ-jfc.fr\/vphn\/?page_id=10030"},"modified":"2022-02-09T19:04:54","modified_gmt":"2022-02-09T18:04:54","slug":"les-mines-de-carmaux-au-xixe-siecle-2022","status":"publish","type":"page","link":"https:\/\/blogs.univ-jfc.fr\/vphn\/les-mines-de-carmaux-au-xixe-siecle-2022\/","title":{"rendered":"Les mines de Carmaux au XIXe si\u00e8cle [2022]"},"content":{"rendered":"\n<p class=\"has-text-align-left\">Le bassin minier de Carmaux est situ\u00e9 dans le d\u00e9partement du Tarn. Il constitue un exemple parfait du processus de l\u2019<a href=\"https:\/\/blogs.univ-jfc.fr\/vphn\/industrialisation\/\">industrialisation<\/a>. La mine de Carmaux est une mine houill\u00e8re, install\u00e9e dans un sol de type calcaire. Son r\u00e9seau est caract\u00e9ristique et reconnaissable par sa forme avec des fuseaux de plus de 2600 m. \u00c0 travers elle, on est face \u00e0 un enchev\u00eatrement d\u2019histoires&nbsp;: \u00e9conomique, sociale, technique, politique et syndicale.<\/p>\n\n\n\n<p><strong>DE PAYSAN \u00c0 MINEUR<\/strong><\/p>\n\n\n\n<p>L\u2019ouvrier du d\u00e9but du XIX<sup>e<\/sup> si\u00e8cle est un artisan ou un paysan qui cherche d\u2019abord \u00e0 compl\u00e9ter son revenu par la pluriactivit\u00e9, puisque jusqu\u2019en 1820, la France est en tr\u00e8s grande partie agricole et paysanne. \u00c9merge alors la classe prol\u00e9taire ouvri\u00e8re, qui comprend l\u2019ouvrier moderne, qui travaille dans les usines avec les machines, mais \u00e9galement et c\u2019est ce qui nous int\u00e9resse, le mineur de fond.<\/p>\n\n\n\n<p>A Carmaux, cette \u00e9mergence  se per\u00e7oit aussi. La mine fournit, en effet, nombre d\u2019emplois et la natalit\u00e9 locale (comme nationale) alimente les cohortes de mineurs. Peu \u00e0 peu, la mine devient activit\u00e9 principale de beaucoup de ruraux.<\/p>\n\n\n\n<p>Il faut alors repenser le logement, pour rapprocher les mineurs de leur lieu de travail et h\u00e9berger la main d\u2019\u0153uvre n\u00e9cessaire \u00e0 la mine. Les nouvelles constructions se font \u00e0 l\u2019initiative du patronat, selon la logique du paternalisme. Le paternalisme est un comportement, une attitude, consistant \u00e0 maintenir un rapport de d\u00e9pendance ou de subordination tout en lui donnant une valeur affective \u00e0 l\u2019image des relations familiales. L\u2019entreprise paternaliste p\u00e9n\u00e8tre tous les aspects de la vie priv\u00e9e et apporte aux ouvriers des avantages sociaux, notamment en ce qui concerne l\u2019\u00e9ducation, le logement, les soins m\u00e9dicaux, les loisirs, la protection sociale ou encore les allocations familiales. \u00c0 Carmaux, le fait d\u2019\u00eatre mineur comporte beaucoup d\u2019avantages puisqu\u2019il y a par exemple un sursalaire familial, du charbon gratuit, une caisse de secours mutuels ou encore une pension annuelle de retraite.<\/p>\n\n\n\n<p><strong>MINEUR, UN TRAVAIL HARASSANT<\/strong><\/p>\n\n\n\n<p>La journ\u00e9e de travail du mineur commence tr\u00e8s t\u00f4t. Il part de chez lui avec son briquet (sacoche repas). Arriv\u00e9 \u00e0 la mine, il s&rsquo;\u00e9quipe dans<a href=\"https:\/\/blogs.univ-jfc.fr\/vphn\/2022\/01\/28\/salle-des-pendus\/\" data-type=\"URL\"> la salle des pendus<\/a> (pic, lampe, casque et tenue de travail). Le travail au fond se d\u00e9coupe en 3 corps de m\u00e9tiers : le mineur qui casse la roche, le bouteur qui d\u00e9gage les d\u00e9bris, et le hiercheur qui achemine les min\u00e9raux. Les conditions de travail sont ext\u00e9nuantes : chaleur, horaires de travail, salaire de mis\u00e8re, un rythme \u00e9lev\u00e9, et des risques de mort permanents. Les femmes aussi travaillent \u00e0 la mine, elles trient les min\u00e9raux remont\u00e9s \u00e0 la surface, et s\u2019occupent de l\u2019inventaire des lampes.<\/p>\n\n\n\n<p>Au XIX<sup>e<\/sup> si\u00e8cle, le travail du mineur est une t\u00e2che laborieuse et extr\u00eamement dangereuse r\u00e9alis\u00e9e par des paysans non exerc\u00e9s dont les seuls outils sont la pelle et la pioche. Les progr\u00e8s de fabrication, de traitement de l\u2019acier et les nouvelles \u00e9tudes sur l\u2019exploitation des mines permettent l\u2019apparition de nouveaux outils comme les masses, coins,&#8230; qui permettent de mieux exploiter la roche. L&rsquo;extraction mini\u00e8re a \u00e9galement pu \u00e9voluer par l&rsquo;apparition des premiers outils m\u00e9caniques et \u00e9lectriques qui viennent supplanter \u00e0 des techniques plus rudimentaires. Les mineurs voient ainsi le taux d\u2019accident diminuer bien que le danger reste omnipr\u00e9sent.<\/p>\n\n\n\n<p>Avec les progr\u00e8s techniques, les mineurs vivent un r\u00e9el bouleversement dans leur mode de travail. L\u2019utilisation d\u2019explosifs agrandit les chantiers qui voient augmenter leurs rendements par la mise en place de chemins de fer dans la mine. Les gisements marquent le paysage avec de grandes <a href=\"https:\/\/blogs.univ-jfc.fr\/vphn\/halde\/\">haldes<\/a>\/puits, mais \u00e9galement de nouveaux engins comme des machines permettant le <a href=\"https:\/\/blogs.univ-jfc.fr\/vphn\/havage\/\">havage<\/a> ou encore l\u2019a\u00e9ration des mines. La m\u00e9canisation s\u2019accro\u00eet ce qui transforme le travail du mineur. Le tri du charbon est fait de mani\u00e8re m\u00e9canique, l\u2019\u00e9clairage \u00e9lectrique se g\u00e9n\u00e9ralise. L&rsquo;arriv\u00e9e des machines et le d\u00e9veloppement de l\u2019\u00e8re industrielle permet la mise en place d\u2019un nouveau rythme de travail \u00e0 la cha\u00eene ou chaque individu \u00e0 sa place.<\/p>\n\n\n\n<p><strong>UNE LUTTE SYNDICALE<\/strong><\/p>\n\n\n\n<p>Malgr\u00e9 le bouleversement du syst\u00e8me provoqu\u00e9 par l&rsquo;obtention de droits (gr\u00e8ve et syndicat), une crise explose dans les mines de Carmaux, en raison du licenciement de Jean-Baptiste Calvignac, \u00e9lu le 15 Mai 1892 maire de Carmaux. Cet acte est vu comme un outrage au suffrage universel et aux droits d\u2019expression de la classe ouvri\u00e8re. Face \u00e0 ce licenciement de la classe ouvri\u00e8re, les mineurs agissent. C\u2019est Calvignac et Jaur\u00e8s qui galvanisent les mineurs, leur proposant une r\u00e9action plus pacifiste. Cette derni\u00e8re entra\u00eene une vague de gr\u00e8ves qui se d\u00e9roule d\u2019ao\u00fbt \u00e0 novembre 1892. Sur 3000 mineurs, 2350 participent \u00e0 ce mouvement qui pr\u00f4ne la lutte des classes. L\u2019objectif n\u2019est pas d\u2019acqu\u00e9rir des droits, mais de r\u00e9int\u00e9grer Jean-Baptiste Calvignac.<\/p>\n\n\n\n<p>Suite \u00e0 ces \u00e9v\u00e8nements, un d\u00e9tachement des ouvriers envers le parti r\u00e9publicain se fait ressentir. Pour eux, la question sociale est d\u00e9j\u00e0 r\u00e9gl\u00e9e depuis l\u2019instauration de l\u2019\u00e9cole la\u00efque, du droit de presse ainsi que les syndicats. Pourtant, le prol\u00e9tariat souhaite passer un cap afin de s\u2019affranchir de nouveaux droits l\u00e9gitimes. Jean Jaur\u00e8s est alors choisi comme d\u00e9put\u00e9 du Tarn face \u00e0 Solages et Cam\u00e9linat, \u00e9tant le plus convaincant envers les masses avec ses id\u00e9ologies syndicalistes et socialistes. Il soutient grandement les mineurs dans cette gr\u00e8ve jusqu\u2019\u00e0 la r\u00e9int\u00e9gration de Calvignac, et devient d\u00e9put\u00e9 en 1893.<\/p>\n\n\n\n<figure class=\"wp-block-image size-large\"><img loading=\"lazy\" width=\"745\" height=\"527\" src=\"https:\/\/blogs.univ-jfc.fr\/vphn\/wp-content\/uploads\/sites\/65\/2022\/01\/Greve_Carmaux_1892_Petit_Journal.jpeg\" alt=\"\" class=\"wp-image-10111\" srcset=\"https:\/\/blogs.univ-jfc.fr\/vphn\/wp-content\/uploads\/sites\/65\/2022\/01\/Greve_Carmaux_1892_Petit_Journal.jpeg 745w, https:\/\/blogs.univ-jfc.fr\/vphn\/wp-content\/uploads\/sites\/65\/2022\/01\/Greve_Carmaux_1892_Petit_Journal-300x212.jpeg 300w\" sizes=\"(max-width: 706px) 89vw, (max-width: 767px) 82vw, 740px\" \/><figcaption>Oeuvre d\u2019Alfred Roll repr\u00e9sentant la gr\u00e8ve des mineurs de Carmaux de 1892-1895, tir\u00e9e du <em>Petit journal de Carmaux<\/em>. ADT<\/figcaption><\/figure>\n\n\n\n<p><\/p>\n\n\n\n<p>Les gr\u00e8ves, solution de la lutte des classes, d\u00e9montrent la situation critique des ouvriers de la mine de Carmaux. Mais le lien tiss\u00e9 entre ouvriers et socialistes, lors des gr\u00e8ves mini\u00e8res, permet de franchir un pas dans le rapprochement des partis socialistes. Avant ce lien il y avait un diff\u00e9rend entre les deux groupes sociaux. Le soutien que Jean Jaur\u00e8s apporte aux mineurs de Carmaux se concr\u00e9tise par son \u00e9loignement des partis r\u00e9publicains pour adh\u00e9rer aux id\u00e9es socialistes. Il expose \u00e0 travers des journaux les tensions et les probl\u00e8mes au sein de la mine. Ce rapprochement des id\u00e9es de la gauche et des partis socialistes, donne naissance \u00e0 la SFIO qui vise \u00e0 donner un rapport \u00e9quitable entre les employeurs et les mineurs.<\/p>\n\n\n\n<p><strong>UN PATRIMOINE RENOUVEL\u00c9<\/strong><\/p>\n\n\n\n<p>La mine de Carmaux a connu de nombreuses phases de troubles et de tentatives de restauration, elle a \u00e9t\u00e9 plusieurs fois rendue inop\u00e9rante. Cependant, le patrimoine carmausin est encore aujourd&rsquo;hui d\u2019actualit\u00e9, car bien que le travail de mineur ne se pratique plus, un parc de loisirs a \u00e9t\u00e9 construit sur l\u2019ancien site de la mine \u00e0 ciel ouvert. Il s&rsquo;agit de cap d\u00e9couverte, id\u00e9al pour une apr\u00e8s-midi en famille ou pour faire du sport. Si vous n\u2019y \u00eates jamais all\u00e9, alors le visiter n\u2019en sera que b\u00e9n\u00e9fique.<\/p>\n\n\n\n<figure class=\"wp-block-gallery columns-0 is-cropped\"><ul class=\"blocks-gallery-grid\"><\/ul><\/figure>\n\n\n\n<figure class=\"wp-block-gallery columns-1 is-cropped\"><ul class=\"blocks-gallery-grid\"><li class=\"blocks-gallery-item\"><figure><img loading=\"lazy\" width=\"1024\" height=\"685\" src=\"https:\/\/blogs.univ-jfc.fr\/vphn\/wp-content\/uploads\/sites\/65\/2022\/01\/CapDecouverte-1024x685.jpg\" alt=\"\" data-id=\"10110\" data-full-url=\"https:\/\/blogs.univ-jfc.fr\/vphn\/wp-content\/uploads\/sites\/65\/2022\/01\/CapDecouverte.jpg\" data-link=\"https:\/\/blogs.univ-jfc.fr\/vphn\/les-mines-de-carmaux-au-xixe-siecle-2022\/capdecouverte\/\" class=\"wp-image-10110\" srcset=\"https:\/\/blogs.univ-jfc.fr\/vphn\/wp-content\/uploads\/sites\/65\/2022\/01\/CapDecouverte-1024x685.jpg 1024w, https:\/\/blogs.univ-jfc.fr\/vphn\/wp-content\/uploads\/sites\/65\/2022\/01\/CapDecouverte-300x201.jpg 300w, https:\/\/blogs.univ-jfc.fr\/vphn\/wp-content\/uploads\/sites\/65\/2022\/01\/CapDecouverte-768x514.jpg 768w, https:\/\/blogs.univ-jfc.fr\/vphn\/wp-content\/uploads\/sites\/65\/2022\/01\/CapDecouverte-1536x1028.jpg 1536w, https:\/\/blogs.univ-jfc.fr\/vphn\/wp-content\/uploads\/sites\/65\/2022\/01\/CapDecouverte.jpg 1936w\" sizes=\"(max-width: 706px) 89vw, (max-width: 767px) 82vw, 740px\" \/><figcaption class=\"blocks-gallery-item__caption\">Photographie du site de Cap D\u00e9couverte<\/figcaption><\/figure><\/li><\/ul><\/figure>\n\n\n\n<p><strong>POUR ALLER PLUS LOIN :<\/strong>  une  <a href=\"https:\/\/blogs.univ-jfc.fr\/vphn\/bibliographie-8\/\">bibliographie <\/a>non exhaustive.<\/p>\n\n\n\n<p><\/p>\n\n\n\n<p><\/p>\n\n\n\n<p><\/p>\n\n\n\n<p><\/p>\n\n\n\n<p><\/p>\n\n\n\n<p><\/p>\n\n\n\n<p><\/p>\n\n\n\n<p><\/p>\n\n\n\n<p><\/p>\n\n\n\n<p><\/p>\n\n\n\n<p>Etudiants concern\u00e9s : L2 : Armand DEWEZ, Lucas DOUAT \/ L1 Anna GRANDET, Jeanne BERNARDI, Faustin MOMESSO, Loris NOBILLOT<\/p>\n","protected":false},"excerpt":{"rendered":"<p>Le bassin minier de Carmaux est situ\u00e9 dans le d\u00e9partement du Tarn. Il constitue un exemple parfait du processus de l\u2019industrialisation. La mine de Carmaux est une mine houill\u00e8re, install\u00e9e dans un sol de type calcaire. Son r\u00e9seau est caract\u00e9ristique et reconnaissable par sa forme avec des fuseaux de plus de 2600 m. \u00c0 travers &hellip; <\/p>\n<p class=\"link-more\"><a href=\"https:\/\/blogs.univ-jfc.fr\/vphn\/les-mines-de-carmaux-au-xixe-siecle-2022\/\" class=\"more-link\">Continuer la lecture<span class=\"screen-reader-text\"> de &laquo;&nbsp;Les mines de Carmaux au XIXe si\u00e8cle [2022]&nbsp;&raquo;<\/span><\/a><\/p>\n","protected":false},"author":19,"featured_media":0,"parent":0,"menu_order":0,"comment_status":"closed","ping_status":"closed","template":"","meta":[],"_links":{"self":[{"href":"https:\/\/blogs.univ-jfc.fr\/vphn\/wp-json\/wp\/v2\/pages\/10030"}],"collection":[{"href":"https:\/\/blogs.univ-jfc.fr\/vphn\/wp-json\/wp\/v2\/pages"}],"about":[{"href":"https:\/\/blogs.univ-jfc.fr\/vphn\/wp-json\/wp\/v2\/types\/page"}],"author":[{"embeddable":true,"href":"https:\/\/blogs.univ-jfc.fr\/vphn\/wp-json\/wp\/v2\/users\/19"}],"replies":[{"embeddable":true,"href":"https:\/\/blogs.univ-jfc.fr\/vphn\/wp-json\/wp\/v2\/comments?post=10030"}],"version-history":[{"count":18,"href":"https:\/\/blogs.univ-jfc.fr\/vphn\/wp-json\/wp\/v2\/pages\/10030\/revisions"}],"predecessor-version":[{"id":10441,"href":"https:\/\/blogs.univ-jfc.fr\/vphn\/wp-json\/wp\/v2\/pages\/10030\/revisions\/10441"}],"wp:attachment":[{"href":"https:\/\/blogs.univ-jfc.fr\/vphn\/wp-json\/wp\/v2\/media?parent=10030"}],"curies":[{"name":"wp","href":"https:\/\/api.w.org\/{rel}","templated":true}]}}