{"id":10035,"date":"2022-01-11T16:44:59","date_gmt":"2022-01-11T15:44:59","guid":{"rendered":"http:\/\/blogs.univ-jfc.fr\/vphn\/?page_id=10035"},"modified":"2022-02-03T22:33:10","modified_gmt":"2022-02-03T21:33:10","slug":"la-resistance-dans-le-tarn-2022","status":"publish","type":"page","link":"https:\/\/blogs.univ-jfc.fr\/vphn\/la-resistance-dans-le-tarn-2022\/","title":{"rendered":"La r\u00e9sistance dans le Tarn [2022]"},"content":{"rendered":"\n<p class=\"has-text-align-left\"><strong>Contexte<\/strong><\/p>\n\n\n\n<p>En 1939, la Seconde Guerre mondiale \u00e9clate. Tr\u00e8s vite, les Allemands progressent et mettent \u00e0 sac de nombreux pays, la France ne fait pas exception et, apr\u00e8s avoir perdu la guerre et sign\u00e9 un armistice, subit une p\u00e9riode d\u2019occupation partielle. Un r\u00e9gime dictatorial est mis en place, dirig\u00e9 par le mar\u00e9chal P\u00e9tain. Celui-ci met en place une politique de collaboration. La France est s\u00e9par\u00e9e en trois : les attentistes (la grande majorit\u00e9), les personnes qui vont collaborer avec les Allemands et de l\u2019autre les r\u00e9sistants qui sont en minorit\u00e9. Le Tarn n\u2019\u00e9chappe pas \u00e0 cette division de la population en trois cat\u00e9gories. On retrouve la m\u00eame diversit\u00e9 dans les mouvements de r\u00e9sistance.<\/p>\n\n\n\n<p><strong>Les divers mouvements<\/strong><\/p>\n\n\n\n<p>C\u2019est en 1942 que le Tarn voit son territoire occup\u00e9 par les Allemands. Cependant les actes de r\u00e9sistance s&rsquo;op\u00e8rent d\u00e8s l\u2019armistice \u00e0 travers des actions civiles par exemple en accueillant des individus de confession juive. La r\u00e9sistance dans le Tarn est en r\u00e9alit\u00e9 assez diversifi\u00e9e.<\/p>\n\n\n\n<p>Parmi tous ces mouvements on retrouve celui organis\u00e9 par le Parti communiste. Compos\u00e9 d&rsquo;une grande diversit\u00e9 d&rsquo;acteurs (des femmes, des enfants, des \u00e9trangers, des juifs, des ouvriers ou m\u00eame des intellectuels), ce mouvement utilise surtout, comme m\u00e9thode, la propagande antifasciste, confi\u00e9e aux \u00e9trangers (les <a href=\"https:\/\/blogs.univ-jfc.fr\/vphn\/2022\/02\/03\/main-doeuvre-immigree-moi\/\" data-type=\"URL\" data-id=\"https:\/\/blogs.univ-jfc.fr\/vphn\/2022\/02\/03\/main-doeuvre-immigree-moi\/\">MOI<\/a>). Il recourt aussi \u00e0 la gr\u00e8ve g\u00e9n\u00e9rale comme celle organis\u00e9e dans le Tarn et l\u2019Aveyron, le 14 juillet 1944.<\/p>\n\n\n\n<div class=\"wp-block-image\"><figure class=\"alignleft size-large\"><img loading=\"lazy\" width=\"225\" height=\"155\" src=\"https:\/\/blogs.univ-jfc.fr\/vphn\/wp-content\/uploads\/sites\/65\/2022\/02\/image.png\" alt=\"\" class=\"wp-image-10321\" \/><figcaption><strong>1 : Carte des camps du Corps Franc de la Montagne Noire, Soci\u00e9t\u00e9 d&rsquo;Histoire de Revel Saint Ferr\u00e9ol.<\/strong><\/figcaption><\/figure><\/div>\n\n\n\n<p>Une autre organisation est celle li\u00e9e aux maquis. Ce terme d\u00e9signe un groupe de r\u00e9sistance arm\u00e9e mais aussi le lieu dans lequel il op\u00e8re. Dans le Tarn, les maquis, se situent surtout dans les r\u00e9gions montagneuses au Sud-Est. Il y a deux maquis principaux : celui de la Montagne noire et le maquis de Vabre. Le premier \u00e9merge le 22 avril 1944 lors d\u2019une r\u00e9union entre r\u00e9sistants \u00e0 Castres. Il s&rsquo;organise autour de cinq camps fixes situ\u00e9s dans la Montagne noire, o\u00f9 on trouve les maquisards, leurs \u00e9quipements et leurs cha\u00eenes de commandement. Le maquis lance plusieurs op\u00e9rations d\u2019envergure comme le combat des Rousses.<\/p>\n\n\n\n<p>Le maquis de Vabre se base sur des mouvements de jeunesse tels que le Club Athl\u00e9tique Vabrais ou le Scoutisme protestant et est compos\u00e9 de 450 hommes dispers\u00e9s \u00e0 travers trois compagnies. Son chef est Guy de Rouville, un industriel castrais qui cache des communaut\u00e9s juives \u00e0 travers les mouvements de jeunesse notamment gr\u00e2ce au scoutisme protestant. Le chef du maquis ne veut pas qu\u2019il devienne un mouvement politique comme le gaullisme ou le communisme, mais il rejoint les <a href=\"https:\/\/blogs.univ-jfc.fr\/vphn\/les-forces-francaises-de-linterieur-ffi\/\" target=\"_blank\" rel=\"noreferrer noopener\">FFI<\/a> \u00e0 partir du 1er d\u00e9cembre 1943.<\/p>\n\n\n\n<div class=\"wp-block-image\"><figure class=\"alignright size-large\"><img loading=\"lazy\" width=\"150\" height=\"206\" src=\"https:\/\/blogs.univ-jfc.fr\/vphn\/wp-content\/uploads\/sites\/65\/2022\/02\/image-1.png\" alt=\"\" class=\"wp-image-10323\" \/><figcaption><strong>2 : Les F.F.I Vers l&rsquo;arm\u00e9e nouvelle, Commission militaire nationale du C.N.R., 1945.<\/strong><\/figcaption><\/figure><\/div>\n\n\n\n<p>Les <a href=\"https:\/\/blogs.univ-jfc.fr\/vphn\/les-forces-francaises-de-linterieur-ffi\/\">FFI<\/a> doivent aider les troupes alli\u00e9es, gr\u00e2ce \u00e0 leur connaissance du terrain et vont combattre \u00e0 leurs c\u00f4t\u00e9s. Dans le Tarn, le chef d\u00e9partemental, Maurice Redon a permis l\u2019unification de la r\u00e9sistance. En effet, les communistes et les gaullistes travaillent ensemble. Parmi leurs op\u00e9rations les plus importantes on retrouve la lib\u00e9ration d\u2019Albi le 19 ao\u00fbt 1944 et la lib\u00e9ration de Castres le 20 ao\u00fbt.<\/p>\n\n\n\n<p><strong>L\u2019\u00e9volution des organisations<\/strong><\/p>\n\n\n\n<p>Les divers groupes changent souvent leur cha\u00eene de commandement, par exemple, le chef d\u00e9partemental de la section R4 de l\u2019Arm\u00e9e Secr\u00e8te, Robert Rossi, arriv\u00e9 dans le Tarn en 1941, se voit nomm\u00e9 chef r\u00e9gional <a href=\"https:\/\/blogs.univ-jfc.fr\/vphn\/les-forces-francaises-de-linterieur-ffi\/\" target=\"_blank\" rel=\"noreferrer noopener\">FFI<\/a> de la r\u00e9gion R2. La plupart du temps, les chefs adoptent des noms de code afin de garder un certain secret. Ainsi, dans le maquis de la Montagne noire, le Commandant Roger Monpezat est surnomm\u00e9 \u201c Quercy\u201d.<\/p>\n\n\n\n<p>Les groupes combattants poss\u00e8dent une organisation dynamique pour ce qui concerne les lieux de ravitaillement. Le maquis de Vabre se voit d\u2019ailleurs contraint de changer de lieu pour une question de discr\u00e9tion.<\/p>\n\n\n\n<p>Les actions sont propres \u00e0 chaque compagnie. Le maquis de Vabre en poss\u00e8de trois principales : s\u00e9curiser les convois de ravitaillement, s\u00e9curiser les postes de commandement r\u00e9sistant et g\u00e9rer l\u2019embuscade de miliciens et soldats allemands.<\/p>\n\n\n\n<div class=\"wp-block-image\"><figure class=\"alignleft size-large is-resized\"><img loading=\"lazy\" src=\"https:\/\/blogs.univ-jfc.fr\/vphn\/wp-content\/uploads\/sites\/65\/2022\/02\/image-2.png\" alt=\"\" class=\"wp-image-10324\" width=\"331\" height=\"228\" srcset=\"https:\/\/blogs.univ-jfc.fr\/vphn\/wp-content\/uploads\/sites\/65\/2022\/02\/image-2.png 600w, https:\/\/blogs.univ-jfc.fr\/vphn\/wp-content\/uploads\/sites\/65\/2022\/02\/image-2-300x206.png 300w\" sizes=\"(max-width: 331px) 100vw, 331px\" \/><figcaption><strong>3 : Organigramme de la R\u00e9sistance extrait de Bernard de Boisfleury, L\u2019Arm\u00e9e en R\u00e9sistance. France, 1940-1944, Paris, L\u2019Esprit du Livre \u00e9ditions, 2005.<\/strong><\/figcaption><\/figure><\/div>\n\n\n\n<p>Au fil des mois, gr\u00e2ce \u00e0 la presse clandestine et \u00e0 l&rsquo;engagement de quelques hommes, des groupes se ramifient, devenant des \u00ab\u00a0mouvements\u00a0\u00bb. La r\u00e9sistance va cependant consid\u00e9rablement \u00e9voluer pour pencher vers des actions militaires en 1944 en pr\u00e9vision des d\u00e9barquements de Normandie et de Provence. Les maquis sont charg\u00e9s de faire le maximum pour ralentir les renforts allemands.<\/p>\n\n\n\n<p>Les forces de la r\u00e9sistance fran\u00e7aises sont assez divis\u00e9es, ce qui cause des soucis de coordination et s\u00e8me la discorde au sein des r\u00e9sistants. Cela se constante dans le Tarn. Le maquis de la Montagne noire, par exemple, monte ses propres op\u00e9rations sans en r\u00e9f\u00e9rer aux forces <a href=\"https:\/\/blogs.univ-jfc.fr\/vphn\/les-forces-francaises-de-linterieur-ffi\/\">FFI<\/a> et prend ses ordres directement de Londres, ce qui lui vaut d\u2019\u00eatre qualifi\u00e9 de maquis anglais.<\/p>\n\n\n\n<p>        <\/p>\n\n\n\n<p><strong>Une r\u00e9sistance de plus en plus importante<\/strong><\/p>\n\n\n\n<p>Les formes de r\u00e9sistance sont vari\u00e9es. Il y a d\u2019abord des actions individuelles :&nbsp; avec des familles qui cachent des juifs chez eux ou dans des d\u00e9pendances, avec la cr\u00e9ation de faux papiers. Cette aide n\u2019est pas sans danger car les familles \u0153uvrant pour la r\u00e9sistance peuvent \u00eatre soumises \u00e0 des d\u00e9nonciations.<\/p>\n\n\n\n<div class=\"wp-block-image\"><figure class=\"alignright size-large is-resized\"><img loading=\"lazy\" src=\"https:\/\/blogs.univ-jfc.fr\/vphn\/wp-content\/uploads\/sites\/65\/2022\/02\/image-3.png\" alt=\"\" class=\"wp-image-10325\" width=\"291\" height=\"190\" srcset=\"https:\/\/blogs.univ-jfc.fr\/vphn\/wp-content\/uploads\/sites\/65\/2022\/02\/image-3.png 350w, https:\/\/blogs.univ-jfc.fr\/vphn\/wp-content\/uploads\/sites\/65\/2022\/02\/image-3-300x196.png 300w\" sizes=\"(max-width: 291px) 100vw, 291px\" \/><figcaption><strong>4 : Les 35 jeunes juives \u00e0 la jasse (au fond) de Renne, en 1942.source photo : Arch. Maquis de Vabre cr\u00e9dit photo : D.R.<\/strong><\/figcaption><\/figure><\/div>\n\n\n\n<p>On rep\u00e8re ensuite des formes plus collectives, des individus s\u2019appuyant sur leurs institutions. Pr\u00eatres, pasteurs, abb\u00e9s, enseignants peuvent s\u2019appuyer sur des monast\u00e8res, des couvents, des coll\u00e8ges (de Barral ou d\u2019Alban) ou des \u00e9coles. Leurs modes d\u2019action sont divers : cr\u00e9ation de camp d&rsquo;accueil pour les communaut\u00e9s juives par les pasteurs Robert Cook et Haering ou mise en place de syst\u00e8mes de ravitaillement par le p\u00e8re Gilbert Cugnasse<\/p>\n\n\n\n<p><\/p>\n\n\n\n<p>Comment r\u00e9agissent les autorit\u00e9s&nbsp;? Dans le Tarn, on constate un affaiblissement des forces de police en raison des abandons de postes, qui s\u2019accroissent avec les d\u00e9barquements anglo-am\u00e9ricains en Normandie et Provence. Certains policiers rejoignent les maquis. La police souffre \u00e9galement de son manque d\u2019\u00e9quipement qui peut \u00eatre d\u00e9tourn\u00e9 pour servir les r\u00e9sistants. La police souffre aussi des attaques des r\u00e9sistants et de la g\u00e9ographie du Tarn difficile \u00e0 contrer. Dans la Montagne noire, les conditions climatiques sont rudes, il y a de grandes for\u00eats de conif\u00e8res et des vents forts. C\u2019est dans ce climat que vivent les maquis tarnais qui ont su jouer de leur terrain.<\/p>\n\n\n\n<p>La diversit\u00e9 des modes d\u2019actions et des acteurs de la R\u00e9sistance a donc constitu\u00e9 un atout comme un inconv\u00e9nient, mais a cependant permis de faire de la R\u00e9sistance un mouvement complexe \u00e0 contrer. Cette diversit\u00e9 a \u00e9t\u00e9 tr\u00e8s pr\u00e9sente dans le d\u00e9partement du Tarn o\u00f9 une grande mobilisation est observ\u00e9e. Ce qui nous permet d\u2019affirmer que ce d\u00e9partement a \u00e0 son \u00e9chelle jou\u00e9 un r\u00f4le dans la Lib\u00e9ration.<\/p>\n\n\n\n<p><a href=\"https:\/\/blogs.univ-jfc.fr\/vphn\/bibliographie-7\/\" data-type=\"URL\" data-id=\"https:\/\/blogs.univ-jfc.fr\/vphn\/bibliographie-7\/\">Pour en savoir plus<\/a><\/p>\n\n\n\n<p><\/p>\n\n\n\n<p><\/p>\n\n\n\n<p><\/p>\n\n\n\n<p><\/p>\n\n\n\n<p><\/p>\n\n\n\n<p><\/p>\n\n\n\n<p><\/p>\n\n\n\n<p>Etudiants : <\/p>\n\n\n\n<h5 id=\"yui_3_17_2_1_1641915639874_1806\"><strong>Am\u00e9lie Pag\u00e8s (L1) et Emilie Vialade (L1)<br>&nbsp; L1 : Aur\u00e8le Chatelin, Vincent Chevalaria, Ma\u00ebva Ranvier<\/strong><\/h5>\n","protected":false},"excerpt":{"rendered":"<p>Contexte En 1939, la Seconde Guerre mondiale \u00e9clate. Tr\u00e8s vite, les Allemands progressent et mettent \u00e0 sac de nombreux pays, la France ne fait pas exception et, apr\u00e8s avoir perdu la guerre et sign\u00e9 un armistice, subit une p\u00e9riode d\u2019occupation partielle. Un r\u00e9gime dictatorial est mis en place, dirig\u00e9 par le mar\u00e9chal P\u00e9tain. Celui-ci met &hellip; <\/p>\n<p class=\"link-more\"><a href=\"https:\/\/blogs.univ-jfc.fr\/vphn\/la-resistance-dans-le-tarn-2022\/\" class=\"more-link\">Continuer la lecture<span class=\"screen-reader-text\"> de &laquo;&nbsp;La r\u00e9sistance dans le Tarn [2022]&nbsp;&raquo;<\/span><\/a><\/p>\n","protected":false},"author":19,"featured_media":0,"parent":0,"menu_order":0,"comment_status":"closed","ping_status":"closed","template":"","meta":[],"_links":{"self":[{"href":"https:\/\/blogs.univ-jfc.fr\/vphn\/wp-json\/wp\/v2\/pages\/10035"}],"collection":[{"href":"https:\/\/blogs.univ-jfc.fr\/vphn\/wp-json\/wp\/v2\/pages"}],"about":[{"href":"https:\/\/blogs.univ-jfc.fr\/vphn\/wp-json\/wp\/v2\/types\/page"}],"author":[{"embeddable":true,"href":"https:\/\/blogs.univ-jfc.fr\/vphn\/wp-json\/wp\/v2\/users\/19"}],"replies":[{"embeddable":true,"href":"https:\/\/blogs.univ-jfc.fr\/vphn\/wp-json\/wp\/v2\/comments?post=10035"}],"version-history":[{"count":20,"href":"https:\/\/blogs.univ-jfc.fr\/vphn\/wp-json\/wp\/v2\/pages\/10035\/revisions"}],"predecessor-version":[{"id":10334,"href":"https:\/\/blogs.univ-jfc.fr\/vphn\/wp-json\/wp\/v2\/pages\/10035\/revisions\/10334"}],"wp:attachment":[{"href":"https:\/\/blogs.univ-jfc.fr\/vphn\/wp-json\/wp\/v2\/media?parent=10035"}],"curies":[{"name":"wp","href":"https:\/\/api.w.org\/{rel}","templated":true}]}}