{"id":10151,"date":"2022-01-31T10:52:11","date_gmt":"2022-01-31T09:52:11","guid":{"rendered":"http:\/\/blogs.univ-jfc.fr\/vphn\/?page_id=10151"},"modified":"2022-01-31T10:55:36","modified_gmt":"2022-01-31T09:55:36","slug":"industrialisation","status":"publish","type":"page","link":"https:\/\/blogs.univ-jfc.fr\/vphn\/industrialisation\/","title":{"rendered":"Industrialisation"},"content":{"rendered":"\n<p>\u00a0L\u2019industrialisation est un processus, un ph\u00e9nom\u00e8ne qui appara\u00eet peu \u00e0 peu au d\u00e9but du\u00a0 XIX. L\u2019industrialisation se traduit par de r\u00e9elles avanc\u00e9es sociales et \u00e9conomiques. L\u2019industrialisation marque une r\u00e9elle am\u00e9lioration dans les modes de vie, de nouveaux secteurs font leur apparition. Les progr\u00e8s scientifiques et techniques qui accompagnent ce processus se sont d\u00e9finis par de nouveaux modes de production, de meilleurs rendements et de nouvelles consciences.\u00a0 Souvent synonyme de l\u2019essor \u00e9conomique. <\/p>\n","protected":false},"excerpt":{"rendered":"<p>\u00a0L\u2019industrialisation est un processus, un ph\u00e9nom\u00e8ne qui appara\u00eet peu \u00e0 peu au d\u00e9but du\u00a0 XIX. L\u2019industrialisation se traduit par de r\u00e9elles avanc\u00e9es sociales et \u00e9conomiques. L\u2019industrialisation marque une r\u00e9elle am\u00e9lioration dans les modes de vie, de nouveaux secteurs font leur apparition. Les progr\u00e8s scientifiques et techniques qui accompagnent ce processus se sont d\u00e9finis par de &hellip; <\/p>\n<p class=\"link-more\"><a href=\"https:\/\/blogs.univ-jfc.fr\/vphn\/industrialisation\/\" class=\"more-link\">Continuer la lecture<span class=\"screen-reader-text\"> de &laquo;&nbsp;Industrialisation&nbsp;&raquo;<\/span><\/a><\/p>\n","protected":false},"author":835,"featured_media":0,"parent":0,"menu_order":0,"comment_status":"closed","ping_status":"closed","template":"","meta":[],"_links":{"self":[{"href":"https:\/\/blogs.univ-jfc.fr\/vphn\/wp-json\/wp\/v2\/pages\/10151"}],"collection":[{"href":"https:\/\/blogs.univ-jfc.fr\/vphn\/wp-json\/wp\/v2\/pages"}],"about":[{"href":"https:\/\/blogs.univ-jfc.fr\/vphn\/wp-json\/wp\/v2\/types\/page"}],"author":[{"embeddable":true,"href":"https:\/\/blogs.univ-jfc.fr\/vphn\/wp-json\/wp\/v2\/users\/835"}],"replies":[{"embeddable":true,"href":"https:\/\/blogs.univ-jfc.fr\/vphn\/wp-json\/wp\/v2\/comments?post=10151"}],"version-history":[{"count":2,"href":"https:\/\/blogs.univ-jfc.fr\/vphn\/wp-json\/wp\/v2\/pages\/10151\/revisions"}],"predecessor-version":[{"id":10154,"href":"https:\/\/blogs.univ-jfc.fr\/vphn\/wp-json\/wp\/v2\/pages\/10151\/revisions\/10154"}],"wp:attachment":[{"href":"https:\/\/blogs.univ-jfc.fr\/vphn\/wp-json\/wp\/v2\/media?parent=10151"}],"curies":[{"name":"wp","href":"https:\/\/api.w.org\/{rel}","templated":true}]}}