{"id":10165,"date":"2022-01-31T18:00:30","date_gmt":"2022-01-31T17:00:30","guid":{"rendered":"http:\/\/blogs.univ-jfc.fr\/vphn\/?page_id=10165"},"modified":"2022-01-31T18:03:18","modified_gmt":"2022-01-31T17:03:18","slug":"william-stewart","status":"publish","type":"page","link":"https:\/\/blogs.univ-jfc.fr\/vphn\/william-stewart\/","title":{"rendered":"William Stewart"},"content":{"rendered":"\n<p>N\u00e9 le 10 Janvier 1774, William Stewart, il est un militaire britannique et est le premier commandant du <em>Rifle Corps<\/em> \u00e0 sa cr\u00e9ation en 1802. Le<em> Rifle Corps<\/em> estla brigade des fusiliers britanniques, r\u00e9giment d\u2019infanterie l\u00e9g\u00e8re de l\u2019arm\u00e9e britannique.<\/p>\n\n\n\n<p>Il fut aussi d\u00e9put\u00e9 au Parlement de Saltash en 1795 et du Wigtonshire en 1796.<\/p>\n\n\n\n<p>Il a notamment re\u00e7u la Grande croix de l\u2019ordre du Bain (distinction de la chevalerie britannique).<\/p>\n\n\n\n<figure class=\"wp-block-image size-large\"><img loading=\"lazy\" width=\"220\" height=\"263\" src=\"https:\/\/blogs.univ-jfc.fr\/vphn\/wp-content\/uploads\/sites\/65\/2022\/01\/image-1.png\" alt=\"\" class=\"wp-image-10167\" \/><figcaption><br><em>Lieutenant g\u00e9n\u00e9ral William Stewart, peinture le repr\u00e9sentant en uniforme de major g\u00e9n\u00e9ral par Henry Raebum, collection priv\u00e9e anglaise.<\/em><\/figcaption><\/figure>\n\n\n\n<p><\/p>\n","protected":false},"excerpt":{"rendered":"<p>N\u00e9 le 10 Janvier 1774, William Stewart, il est un militaire britannique et est le premier commandant du Rifle Corps \u00e0 sa cr\u00e9ation en 1802. Le Rifle Corps estla brigade des fusiliers britanniques, r\u00e9giment d\u2019infanterie l\u00e9g\u00e8re de l\u2019arm\u00e9e britannique. Il fut aussi d\u00e9put\u00e9 au Parlement de Saltash en 1795 et du Wigtonshire en 1796. Il &hellip; <\/p>\n<p class=\"link-more\"><a href=\"https:\/\/blogs.univ-jfc.fr\/vphn\/william-stewart\/\" class=\"more-link\">Continuer la lecture<span class=\"screen-reader-text\"> de &laquo;&nbsp;William Stewart&nbsp;&raquo;<\/span><\/a><\/p>\n","protected":false},"author":822,"featured_media":0,"parent":0,"menu_order":0,"comment_status":"closed","ping_status":"closed","template":"","meta":[],"_links":{"self":[{"href":"https:\/\/blogs.univ-jfc.fr\/vphn\/wp-json\/wp\/v2\/pages\/10165"}],"collection":[{"href":"https:\/\/blogs.univ-jfc.fr\/vphn\/wp-json\/wp\/v2\/pages"}],"about":[{"href":"https:\/\/blogs.univ-jfc.fr\/vphn\/wp-json\/wp\/v2\/types\/page"}],"author":[{"embeddable":true,"href":"https:\/\/blogs.univ-jfc.fr\/vphn\/wp-json\/wp\/v2\/users\/822"}],"replies":[{"embeddable":true,"href":"https:\/\/blogs.univ-jfc.fr\/vphn\/wp-json\/wp\/v2\/comments?post=10165"}],"version-history":[{"count":2,"href":"https:\/\/blogs.univ-jfc.fr\/vphn\/wp-json\/wp\/v2\/pages\/10165\/revisions"}],"predecessor-version":[{"id":10174,"href":"https:\/\/blogs.univ-jfc.fr\/vphn\/wp-json\/wp\/v2\/pages\/10165\/revisions\/10174"}],"wp:attachment":[{"href":"https:\/\/blogs.univ-jfc.fr\/vphn\/wp-json\/wp\/v2\/media?parent=10165"}],"curies":[{"name":"wp","href":"https:\/\/api.w.org\/{rel}","templated":true}]}}