{"id":10176,"date":"2022-02-01T10:45:35","date_gmt":"2022-02-01T09:45:35","guid":{"rendered":"http:\/\/blogs.univ-jfc.fr\/vphn\/?page_id=10176"},"modified":"2022-02-01T10:45:35","modified_gmt":"2022-02-01T09:45:35","slug":"les-forces-coalisees","status":"publish","type":"page","link":"https:\/\/blogs.univ-jfc.fr\/vphn\/les-forces-coalisees\/","title":{"rendered":"Les forces coalis\u00e9es:"},"content":{"rendered":"\n<p>&nbsp;&nbsp; Afin de faire face \u00e0 l\u2019arm\u00e9e de Napol\u00e9on, l\u2019Angleterre, le Portugal et l\u2019Espagne forment une alliance en 1808. Il s\u2019agit de la cinqui\u00e8me coalition. L\u2019empereur avait d\u00e9j\u00e0 eu \u00e0 faire \u00e0 d\u2019autres coalitions pr\u00e9c\u00e9dents celle-ci comme en 1798 face aux alliances europ\u00e9ennes pour qui avaient pour but de s\u2019opposer \u00e0 la France r\u00e9volutionnaire. Puis, en 1805, o\u00f9 le Royaume-Uni, la Russie, l\u2019Autriche et la Su\u00e8de se ligue contre Napol\u00e9on dans le but de freiner la domination de l\u2019empire fran\u00e7ais dans les fronti\u00e8res europ\u00e9ennes. Enfin, en 1906 et 1807, l\u2019Angleterre, la Prusse, la Russie et la Su\u00e8de forme une alliance car ils refuse la conf\u00e9d\u00e9ration du Rhin que Napol\u00e9on avait mis en oeuvre. Cette cinqui\u00e8me coalition est un regroupement donc de plusieurs empires s\u2019alliant dans une m\u00eame guerre afin de lutter contre un ennemi commun.&nbsp;<\/p>\n\n\n\n<p>Ce conflit qui oppose l\u2019empire fran\u00e7ais aux forces coalis\u00e9es dure de 1808 \u00e0 1814. (C\u2019est le d\u00e9but de la guerre d\u2019ind\u00e9pendance espagnole).\u00a0<\/p>\n\n\n\n<p><\/p>\n","protected":false},"excerpt":{"rendered":"<p>&nbsp;&nbsp; Afin de faire face \u00e0 l\u2019arm\u00e9e de Napol\u00e9on, l\u2019Angleterre, le Portugal et l\u2019Espagne forment une alliance en 1808. Il s\u2019agit de la cinqui\u00e8me coalition. L\u2019empereur avait d\u00e9j\u00e0 eu \u00e0 faire \u00e0 d\u2019autres coalitions pr\u00e9c\u00e9dents celle-ci comme en 1798 face aux alliances europ\u00e9ennes pour qui avaient pour but de s\u2019opposer \u00e0 la France r\u00e9volutionnaire. Puis, &hellip; <\/p>\n<p class=\"link-more\"><a href=\"https:\/\/blogs.univ-jfc.fr\/vphn\/les-forces-coalisees\/\" class=\"more-link\">Continuer la lecture<span class=\"screen-reader-text\"> de &laquo;&nbsp;Les forces coalis\u00e9es:&nbsp;&raquo;<\/span><\/a><\/p>\n","protected":false},"author":844,"featured_media":0,"parent":0,"menu_order":0,"comment_status":"closed","ping_status":"closed","template":"","meta":[],"_links":{"self":[{"href":"https:\/\/blogs.univ-jfc.fr\/vphn\/wp-json\/wp\/v2\/pages\/10176"}],"collection":[{"href":"https:\/\/blogs.univ-jfc.fr\/vphn\/wp-json\/wp\/v2\/pages"}],"about":[{"href":"https:\/\/blogs.univ-jfc.fr\/vphn\/wp-json\/wp\/v2\/types\/page"}],"author":[{"embeddable":true,"href":"https:\/\/blogs.univ-jfc.fr\/vphn\/wp-json\/wp\/v2\/users\/844"}],"replies":[{"embeddable":true,"href":"https:\/\/blogs.univ-jfc.fr\/vphn\/wp-json\/wp\/v2\/comments?post=10176"}],"version-history":[{"count":1,"href":"https:\/\/blogs.univ-jfc.fr\/vphn\/wp-json\/wp\/v2\/pages\/10176\/revisions"}],"predecessor-version":[{"id":10177,"href":"https:\/\/blogs.univ-jfc.fr\/vphn\/wp-json\/wp\/v2\/pages\/10176\/revisions\/10177"}],"wp:attachment":[{"href":"https:\/\/blogs.univ-jfc.fr\/vphn\/wp-json\/wp\/v2\/media?parent=10176"}],"curies":[{"name":"wp","href":"https:\/\/api.w.org\/{rel}","templated":true}]}}