{"id":10184,"date":"2022-02-01T13:02:59","date_gmt":"2022-02-01T12:02:59","guid":{"rendered":"http:\/\/blogs.univ-jfc.fr\/vphn\/?page_id=10184"},"modified":"2022-02-02T14:31:03","modified_gmt":"2022-02-02T13:31:03","slug":"le-roi-joseph","status":"publish","type":"page","link":"https:\/\/blogs.univ-jfc.fr\/vphn\/le-roi-joseph\/","title":{"rendered":"Le roi Joseph :"},"content":{"rendered":"\n<div class=\"wp-block-image\"><figure class=\"alignright size-large is-resized\"><img loading=\"lazy\" src=\"https:\/\/blogs.univ-jfc.fr\/vphn\/wp-content\/uploads\/sites\/65\/2022\/02\/8-joseph-bonaparte-portrait-gerard-roi-espagne-uai-2064x3174-1-666x1024.jpg\" alt=\"\" class=\"wp-image-10217\" width=\"298\" height=\"458\" srcset=\"https:\/\/blogs.univ-jfc.fr\/vphn\/wp-content\/uploads\/sites\/65\/2022\/02\/8-joseph-bonaparte-portrait-gerard-roi-espagne-uai-2064x3174-1-666x1024.jpg 666w, https:\/\/blogs.univ-jfc.fr\/vphn\/wp-content\/uploads\/sites\/65\/2022\/02\/8-joseph-bonaparte-portrait-gerard-roi-espagne-uai-2064x3174-1-195x300.jpg 195w, https:\/\/blogs.univ-jfc.fr\/vphn\/wp-content\/uploads\/sites\/65\/2022\/02\/8-joseph-bonaparte-portrait-gerard-roi-espagne-uai-2064x3174-1-768x1181.jpg 768w, https:\/\/blogs.univ-jfc.fr\/vphn\/wp-content\/uploads\/sites\/65\/2022\/02\/8-joseph-bonaparte-portrait-gerard-roi-espagne-uai-2064x3174-1-999x1536.jpg 999w, https:\/\/blogs.univ-jfc.fr\/vphn\/wp-content\/uploads\/sites\/65\/2022\/02\/8-joseph-bonaparte-portrait-gerard-roi-espagne-uai-2064x3174-1-1332x2048.jpg 1332w, https:\/\/blogs.univ-jfc.fr\/vphn\/wp-content\/uploads\/sites\/65\/2022\/02\/8-joseph-bonaparte-portrait-gerard-roi-espagne-uai-2064x3174-1-scaled.jpg 1665w\" sizes=\"(max-width: 298px) 100vw, 298px\" \/><figcaption><em>Portrait de Joseph Bonaparte, roi d&rsquo;Espagne, par Fran\u00e7ois G\u00e9rard conserv\u00e9e au mus\u00e9e national du ch\u00e2teau de Fontainebleau<\/em>.<br><br><em>.<\/em><\/figcaption><\/figure><\/div>\n\n\n\n<p>Joseph Bonaparte (1768-1844) est le fr\u00e8re a\u00een\u00e9 de Napol\u00e9on. Tr\u00e8s vite, il prend une place importante dans la sph\u00e8re politique ainsi que dans l\u2019ascension de son fr\u00e8re au pouvoir. Durant le premier Empire, Joseph est d\u00e9sign\u00e9 tout d\u2019abord roi d\u2019Italie entre 1806 et 1808, puis roi d\u2019Espagne de 1808 \u00e0 1813. Mais il manque cruellement de courage et de d\u00e9termination et se voit contraint de\u00a0 quitter le tr\u00f4ne en 1813 et de prendre la fuite.<\/p>\n","protected":false},"excerpt":{"rendered":"<p>Joseph Bonaparte (1768-1844) est le fr\u00e8re a\u00een\u00e9 de Napol\u00e9on. Tr\u00e8s vite, il prend une place importante dans la sph\u00e8re politique ainsi que dans l\u2019ascension de son fr\u00e8re au pouvoir. Durant le premier Empire, Joseph est d\u00e9sign\u00e9 tout d\u2019abord roi d\u2019Italie entre 1806 et 1808, puis roi d\u2019Espagne de 1808 \u00e0 1813. Mais il manque cruellement &hellip; <\/p>\n<p class=\"link-more\"><a href=\"https:\/\/blogs.univ-jfc.fr\/vphn\/le-roi-joseph\/\" class=\"more-link\">Continuer la lecture<span class=\"screen-reader-text\"> de &laquo;&nbsp;Le roi Joseph :&nbsp;&raquo;<\/span><\/a><\/p>\n","protected":false},"author":844,"featured_media":0,"parent":0,"menu_order":0,"comment_status":"closed","ping_status":"closed","template":"","meta":[],"_links":{"self":[{"href":"https:\/\/blogs.univ-jfc.fr\/vphn\/wp-json\/wp\/v2\/pages\/10184"}],"collection":[{"href":"https:\/\/blogs.univ-jfc.fr\/vphn\/wp-json\/wp\/v2\/pages"}],"about":[{"href":"https:\/\/blogs.univ-jfc.fr\/vphn\/wp-json\/wp\/v2\/types\/page"}],"author":[{"embeddable":true,"href":"https:\/\/blogs.univ-jfc.fr\/vphn\/wp-json\/wp\/v2\/users\/844"}],"replies":[{"embeddable":true,"href":"https:\/\/blogs.univ-jfc.fr\/vphn\/wp-json\/wp\/v2\/comments?post=10184"}],"version-history":[{"count":3,"href":"https:\/\/blogs.univ-jfc.fr\/vphn\/wp-json\/wp\/v2\/pages\/10184\/revisions"}],"predecessor-version":[{"id":10219,"href":"https:\/\/blogs.univ-jfc.fr\/vphn\/wp-json\/wp\/v2\/pages\/10184\/revisions\/10219"}],"wp:attachment":[{"href":"https:\/\/blogs.univ-jfc.fr\/vphn\/wp-json\/wp\/v2\/media?parent=10184"}],"curies":[{"name":"wp","href":"https:\/\/api.w.org\/{rel}","templated":true}]}}