{"id":10187,"date":"2022-02-01T13:03:46","date_gmt":"2022-02-01T12:03:46","guid":{"rendered":"http:\/\/blogs.univ-jfc.fr\/vphn\/?page_id=10187"},"modified":"2022-02-01T13:03:46","modified_gmt":"2022-02-01T12:03:46","slug":"lindux","status":"publish","type":"page","link":"https:\/\/blogs.univ-jfc.fr\/vphn\/lindux\/","title":{"rendered":"Lindux :"},"content":{"rendered":"\n<p>Le col de Lindux situ\u00e9 dans les Pyr\u00e9n\u00e9es est un lieu charg\u00e9 d\u2019histoire. (En 1813, l\u2019arm\u00e9e fran\u00e7aise command\u00e9e par le mar\u00e9chal Soult d\u00e9cide de s\u2019y replier et c\u2019est dans cette zone g\u00e9ographique que se situe notamment les batailles de Ronceveaux, Sorauren et Pampelune.<\/p>\n","protected":false},"excerpt":{"rendered":"<p>Le col de Lindux situ\u00e9 dans les Pyr\u00e9n\u00e9es est un lieu charg\u00e9 d\u2019histoire. (En 1813, l\u2019arm\u00e9e fran\u00e7aise command\u00e9e par le mar\u00e9chal Soult d\u00e9cide de s\u2019y replier et c\u2019est dans cette zone g\u00e9ographique que se situe notamment les batailles de Ronceveaux, Sorauren et Pampelune.<\/p>\n","protected":false},"author":844,"featured_media":0,"parent":0,"menu_order":0,"comment_status":"closed","ping_status":"closed","template":"","meta":[],"_links":{"self":[{"href":"https:\/\/blogs.univ-jfc.fr\/vphn\/wp-json\/wp\/v2\/pages\/10187"}],"collection":[{"href":"https:\/\/blogs.univ-jfc.fr\/vphn\/wp-json\/wp\/v2\/pages"}],"about":[{"href":"https:\/\/blogs.univ-jfc.fr\/vphn\/wp-json\/wp\/v2\/types\/page"}],"author":[{"embeddable":true,"href":"https:\/\/blogs.univ-jfc.fr\/vphn\/wp-json\/wp\/v2\/users\/844"}],"replies":[{"embeddable":true,"href":"https:\/\/blogs.univ-jfc.fr\/vphn\/wp-json\/wp\/v2\/comments?post=10187"}],"version-history":[{"count":1,"href":"https:\/\/blogs.univ-jfc.fr\/vphn\/wp-json\/wp\/v2\/pages\/10187\/revisions"}],"predecessor-version":[{"id":10188,"href":"https:\/\/blogs.univ-jfc.fr\/vphn\/wp-json\/wp\/v2\/pages\/10187\/revisions\/10188"}],"wp:attachment":[{"href":"https:\/\/blogs.univ-jfc.fr\/vphn\/wp-json\/wp\/v2\/media?parent=10187"}],"curies":[{"name":"wp","href":"https:\/\/api.w.org\/{rel}","templated":true}]}}