{"id":10189,"date":"2022-02-01T13:04:26","date_gmt":"2022-02-01T12:04:26","guid":{"rendered":"http:\/\/blogs.univ-jfc.fr\/vphn\/?page_id=10189"},"modified":"2022-02-01T13:04:26","modified_gmt":"2022-02-01T12:04:26","slug":"haussa","status":"publish","type":"page","link":"https:\/\/blogs.univ-jfc.fr\/vphn\/haussa\/","title":{"rendered":"Haussa :"},"content":{"rendered":"\n<p>La montagne d\u2019Haussa dans les Pyr\u00e9n\u00e9es est un lieu o\u00f9 se sont affront\u00e9es les forces de Napol\u00e9on ainsi que les troupes anglaises de Wellington lors de la bataille des Pyr\u00e9n\u00e9es de 1813.\u00a0<\/p>\n","protected":false},"excerpt":{"rendered":"<p>La montagne d\u2019Haussa dans les Pyr\u00e9n\u00e9es est un lieu o\u00f9 se sont affront\u00e9es les forces de Napol\u00e9on ainsi que les troupes anglaises de Wellington lors de la bataille des Pyr\u00e9n\u00e9es de 1813.\u00a0<\/p>\n","protected":false},"author":844,"featured_media":0,"parent":0,"menu_order":0,"comment_status":"closed","ping_status":"closed","template":"","meta":[],"_links":{"self":[{"href":"https:\/\/blogs.univ-jfc.fr\/vphn\/wp-json\/wp\/v2\/pages\/10189"}],"collection":[{"href":"https:\/\/blogs.univ-jfc.fr\/vphn\/wp-json\/wp\/v2\/pages"}],"about":[{"href":"https:\/\/blogs.univ-jfc.fr\/vphn\/wp-json\/wp\/v2\/types\/page"}],"author":[{"embeddable":true,"href":"https:\/\/blogs.univ-jfc.fr\/vphn\/wp-json\/wp\/v2\/users\/844"}],"replies":[{"embeddable":true,"href":"https:\/\/blogs.univ-jfc.fr\/vphn\/wp-json\/wp\/v2\/comments?post=10189"}],"version-history":[{"count":1,"href":"https:\/\/blogs.univ-jfc.fr\/vphn\/wp-json\/wp\/v2\/pages\/10189\/revisions"}],"predecessor-version":[{"id":10190,"href":"https:\/\/blogs.univ-jfc.fr\/vphn\/wp-json\/wp\/v2\/pages\/10189\/revisions\/10190"}],"wp:attachment":[{"href":"https:\/\/blogs.univ-jfc.fr\/vphn\/wp-json\/wp\/v2\/media?parent=10189"}],"curies":[{"name":"wp","href":"https:\/\/api.w.org\/{rel}","templated":true}]}}