{"id":10194,"date":"2022-02-01T15:43:14","date_gmt":"2022-02-01T14:43:14","guid":{"rendered":"http:\/\/blogs.univ-jfc.fr\/vphn\/?page_id=10194"},"modified":"2022-02-01T15:43:37","modified_gmt":"2022-02-01T14:43:37","slug":"les-forces-francaises-de-linterieur-ffi","status":"publish","type":"page","link":"https:\/\/blogs.univ-jfc.fr\/vphn\/les-forces-francaises-de-linterieur-ffi\/","title":{"rendered":"Les Forces Fran\u00e7aises de l&rsquo;Int\u00e9rieur (FFI)"},"content":{"rendered":"\n<p>Les Forces Fran\u00e7aises de l&rsquo;Int\u00e9rieur sont une fusion des diff\u00e9rents mouvements de r\u00e9sistance pr\u00e9sent en France lors de l&rsquo;Occupation. Parmi eux, gaullistes, communistes ou des groupes ne voulant s&rsquo;inscrire dans aucun mouvement politique. Les forces arm\u00e9es des FFI se forment entre 1943 et 1944 et sont coordonn\u00e9es sous les ordres du g\u00e9n\u00e9ral Dejussieu.<\/p>\n\n\n\n<p>Elles ont pour objectif d&rsquo;aider les troupes anglo-am\u00e9ricaines lors des d\u00e9barquements de Normandie et de Provence du fait de leur connaissance du terrain. <\/p>\n\n\n\n<p>Dans le Tarn, leur chef sera Maurice Redon qui sera accompagn\u00e9 d&rsquo;autres figures telles que Charles d&rsquo;Aragon et Pierre Dunoyer de Segonzac.<\/p>\n","protected":false},"excerpt":{"rendered":"<p>Les Forces Fran\u00e7aises de l&rsquo;Int\u00e9rieur sont une fusion des diff\u00e9rents mouvements de r\u00e9sistance pr\u00e9sent en France lors de l&rsquo;Occupation. Parmi eux, gaullistes, communistes ou des groupes ne voulant s&rsquo;inscrire dans aucun mouvement politique. Les forces arm\u00e9es des FFI se forment entre 1943 et 1944 et sont coordonn\u00e9es sous les ordres du g\u00e9n\u00e9ral Dejussieu. Elles ont &hellip; <\/p>\n<p class=\"link-more\"><a href=\"https:\/\/blogs.univ-jfc.fr\/vphn\/les-forces-francaises-de-linterieur-ffi\/\" class=\"more-link\">Continuer la lecture<span class=\"screen-reader-text\"> de &laquo;&nbsp;Les Forces Fran\u00e7aises de l&rsquo;Int\u00e9rieur (FFI)&nbsp;&raquo;<\/span><\/a><\/p>\n","protected":false},"author":831,"featured_media":0,"parent":0,"menu_order":0,"comment_status":"closed","ping_status":"closed","template":"","meta":[],"_links":{"self":[{"href":"https:\/\/blogs.univ-jfc.fr\/vphn\/wp-json\/wp\/v2\/pages\/10194"}],"collection":[{"href":"https:\/\/blogs.univ-jfc.fr\/vphn\/wp-json\/wp\/v2\/pages"}],"about":[{"href":"https:\/\/blogs.univ-jfc.fr\/vphn\/wp-json\/wp\/v2\/types\/page"}],"author":[{"embeddable":true,"href":"https:\/\/blogs.univ-jfc.fr\/vphn\/wp-json\/wp\/v2\/users\/831"}],"replies":[{"embeddable":true,"href":"https:\/\/blogs.univ-jfc.fr\/vphn\/wp-json\/wp\/v2\/comments?post=10194"}],"version-history":[{"count":2,"href":"https:\/\/blogs.univ-jfc.fr\/vphn\/wp-json\/wp\/v2\/pages\/10194\/revisions"}],"predecessor-version":[{"id":10198,"href":"https:\/\/blogs.univ-jfc.fr\/vphn\/wp-json\/wp\/v2\/pages\/10194\/revisions\/10198"}],"wp:attachment":[{"href":"https:\/\/blogs.univ-jfc.fr\/vphn\/wp-json\/wp\/v2\/media?parent=10194"}],"curies":[{"name":"wp","href":"https:\/\/api.w.org\/{rel}","templated":true}]}}