{"id":10214,"date":"2022-02-02T14:11:33","date_gmt":"2022-02-02T13:11:33","guid":{"rendered":"http:\/\/blogs.univ-jfc.fr\/vphn\/?page_id=10214"},"modified":"2022-02-02T14:11:33","modified_gmt":"2022-02-02T13:11:33","slug":"halde","status":"publish","type":"page","link":"https:\/\/blogs.univ-jfc.fr\/vphn\/halde\/","title":{"rendered":"Halde"},"content":{"rendered":"\n<p>Egalement appel\u00e9 terril, crassier, verse ou encore terrasse,  il s&rsquo;agit d&rsquo;un amoncellement form\u00e9 par les d\u00e9chets st\u00e9riles issus de l&rsquo;extraction du minerai\/gisement.<\/p>\n","protected":false},"excerpt":{"rendered":"<p>Egalement appel\u00e9 terril, crassier, verse ou encore terrasse, il s&rsquo;agit d&rsquo;un amoncellement form\u00e9 par les d\u00e9chets st\u00e9riles issus de l&rsquo;extraction du minerai\/gisement.<\/p>\n","protected":false},"author":835,"featured_media":0,"parent":0,"menu_order":0,"comment_status":"closed","ping_status":"closed","template":"","meta":[],"_links":{"self":[{"href":"https:\/\/blogs.univ-jfc.fr\/vphn\/wp-json\/wp\/v2\/pages\/10214"}],"collection":[{"href":"https:\/\/blogs.univ-jfc.fr\/vphn\/wp-json\/wp\/v2\/pages"}],"about":[{"href":"https:\/\/blogs.univ-jfc.fr\/vphn\/wp-json\/wp\/v2\/types\/page"}],"author":[{"embeddable":true,"href":"https:\/\/blogs.univ-jfc.fr\/vphn\/wp-json\/wp\/v2\/users\/835"}],"replies":[{"embeddable":true,"href":"https:\/\/blogs.univ-jfc.fr\/vphn\/wp-json\/wp\/v2\/comments?post=10214"}],"version-history":[{"count":1,"href":"https:\/\/blogs.univ-jfc.fr\/vphn\/wp-json\/wp\/v2\/pages\/10214\/revisions"}],"predecessor-version":[{"id":10215,"href":"https:\/\/blogs.univ-jfc.fr\/vphn\/wp-json\/wp\/v2\/pages\/10214\/revisions\/10215"}],"wp:attachment":[{"href":"https:\/\/blogs.univ-jfc.fr\/vphn\/wp-json\/wp\/v2\/media?parent=10214"}],"curies":[{"name":"wp","href":"https:\/\/api.w.org\/{rel}","templated":true}]}}