{"id":1023,"date":"2018-01-31T23:51:46","date_gmt":"2018-01-31T22:51:46","guid":{"rendered":"http:\/\/blogs.univ-jfc.fr\/vphn\/?page_id=1023"},"modified":"2018-01-31T23:55:12","modified_gmt":"2018-01-31T22:55:12","slug":"bibliographie-toulouse-capitale-du-royaume-wisigoth","status":"publish","type":"page","link":"https:\/\/blogs.univ-jfc.fr\/vphn\/patrimoine-et-sites-remarquables\/toulouse-capitale-du-royaume-wisigoth-2017\/bibliographie-toulouse-capitale-du-royaume-wisigoth\/","title":{"rendered":"Bibliographie Toulouse, Capitale du royaume Wisigoth"},"content":{"rendered":"<h3>Ouvrage G\u00e9n\u00e9raux\u00a0:<\/h3>\n<p>B\u00fchrer-Thierry G. et M\u00e9riaux C., La France avant la France, Belin, 2010<br \/>\nGauvard C., La France au Moyen-\u00c2ge du V\u00b0 au XV\u00b0 si\u00e8cle, PUF, 2014<br \/>\nLebecq S., Les origines franques V\u00b0-IX\u00b0 si\u00e8cle, \u00c9dition du Seuil, 1990<br \/>\nDum\u00e9zil B., Des gaulois aux carolingiens, PUF, 2013<br \/>\nLe Jan R., Origines et premier essor 480-1180, Saint-Just-la-Pendue, Hachette, 2012<br \/>\nRich\u00e9 P., L\u2019Europe Barbare de 476 \u00e0 774, 2e \u00e9dition, SEDES<br \/>\nJoye S. L\u2019Europe Barbare 476-714, Paris, Armand Colin, 2010<\/p>\n<h3>Ouvrage Sp\u00e9cialis\u00e9e\u00a0:<\/h3>\n<p>Schmidt J., Le Royaume Wisigoth de Toulouse, Paris, Perrin, 1992<br \/>\nRufino P. G. (1996). Clovis contre Alaric l\u2019histoire de l\u2019empire Wisigoth de Toulouse \u00e0 Tol\u00e8de. Jounieh, Liban : Presses de Dar Music.<br \/>\nRipoll G. et De Palol P. (1988). Los Godos en el Occidente europeo. Ostrogodos y Visigodos en los siglos V-VIII. Madrid, Espagne\u00a0: Ediciones Encuentro. Traduit (1990) Les Goths. France\u00a0: Seuil.<\/p>\n<h4>Sur Toulouse\u00a0:<\/h4>\n<p>Pailler JM. (dir.), Tolosa nouvelles recherches sur Toulouse et son territoire dans l&rsquo;antiquit\u00e9, Rome, Collection \u00e9cole fran\u00e7aise de Rome, 2002<br \/>\nLuquet-Juillet J., Occitanie, Terre de Fatalit\u00e9, Saint-Amand-Montrond, Dervy, 1997<br \/>\nLabrousse M., Wolff P., Durliat M., Bennassar B., Tollon B., Godechot J., Histoire de Toulouse, Toulouse, Edition Privat, 1994<br \/>\nCatalo J., Cazes Q. (dir.), Toulouse au Moyen-\u00c2ge, Portet-sur-Garonne, Loubati\u00e8re, 2010<\/p>\n<h4>Sur les Goths\u00a0:<\/h4>\n<p>De S\u00e9ville I., Histoire des Goths des Vandales et des Su\u00e8ves, Clermont-Ferrand, Paleo, 2009<br \/>\nTeillet S., Des Goths \u00e0 la nation gothique, Paris, Les Belles Lettres, 2011<br \/>\nWolfram H., Histoire des goths, Paris, Albin Michel, 1990<br \/>\nKulikowski M., Rome et les Goths III\u00b0-V\u00b0 si\u00e8cle, Paris, \u00c9dition Autrement, 2009<br \/>\nPuig I Cadafalch J., L\u2019Art Wisigothique et ses survivances, F. De Nobele, Paris, 1961<\/p>\n<h3>Dictionnaires et Atlas historique\u00a0:<\/h3>\n<p>Dum\u00e9zil B. (dir.), Les Barbares, Paris, PUF, 2016<br \/>\nInglebert H., Atlas de Rome et des barbares III\u00b0-VI\u00b0 si\u00e8cle, Paris, \u00c9dition Autrement, 2009<br \/>\nBedon R., Atlas des villes, bourgs, villages de France au pass\u00e9 Romain, Paris, Picard, 2001<\/p>\n<h3>Article\u00a0:<\/h3>\n<p>Bro\u00ebns M. \u00ab\u00a0Essai de topographie antique de Toulouse.\u00a0\u00bb, M\u00e9moires pr\u00e9sent\u00e9s par divers savants \u00e0 l&rsquo;Acad\u00e9mie des inscriptions et belles-lettres de l&rsquo;Institut de France. Premi\u00e8re s\u00e9rie, Sujets divers d&rsquo;\u00e9rudition. Tome 14, 2e partie, 1951. pp. 287-314.<br \/>\nGosserez L. \u00ab\u00a0Portrait des Wisigoths par Sidoine Apollinaire.\u00a0\u00bb, Bulletin de l&rsquo;Association Guillaume Bud\u00e9, n\u00b02,2010. pp. 127-139.<br \/>\nFilippo R. \u00ab\u00a0Nouvelle d\u00e9finition de l&rsquo;enceinte romaine de Toulouse.\u00a0\u00bb, Gallia, tome 50, 1993. pp. 181-204.<br \/>\nCourcelle P. \u00ab\u00a0Trois d\u00eeners chez le roi Wisigoth d&rsquo;Aquitaine.\u00a0\u00bb, Revue des \u00c9tudes Anciennes. Tome 49, 1947, n\u00b01-2. pp. 169-177.<br \/>\nLabrousse M. \u00ab\u00a0Toulouse.\u00a0\u00bb, Gallia, tome 22, fascicule 2, 1964. pp. 427-472.<br \/>\nDelaruelle E. , \u00ab\u00a0Toulouse capitale wisigothique et son rempart\u00a0\u00bb, Annales du Midi : revue arch\u00e9ologique, historique et philologique de la France m\u00e9ridionale 1955, Vol 67, Nu 31, pp. 205-221<br \/>\nGuyon J, \u00ab\u00a0Toulouse, la premi\u00e8re capitale du royaume Wisigoth\u00a0\u00bb, Memorias de la Real Academia de Buenas Letras de Barcelona &gt; 2000: Vol.: 25 Sedes regiae ann. 400-800.<\/p>\n<h3>Interview:<\/h3>\n<p>Boudartchouk J-L, interview\u00e9 par David Saint-Sernin, \u00ab \u00c0 Toulouse, les rois Wisigoths ont recr\u00e9\u00e9 une Rome miniature \u00bb, Actu.fr, Publi\u00e9 le 7 Avril 2015.<\/p>\n","protected":false},"excerpt":{"rendered":"<p>Ouvrage G\u00e9n\u00e9raux\u00a0: B\u00fchrer-Thierry G. et M\u00e9riaux C., La France avant la France, Belin, 2010 Gauvard C., La France au Moyen-\u00c2ge du V\u00b0 au XV\u00b0 si\u00e8cle, PUF, 2014 Lebecq S., Les origines franques V\u00b0-IX\u00b0 si\u00e8cle, \u00c9dition du Seuil, 1990 Dum\u00e9zil B., Des gaulois aux carolingiens, PUF, 2013 Le Jan R., Origines et premier essor 480-1180, Saint-Just-la-Pendue, &hellip; <\/p>\n<p class=\"link-more\"><a href=\"https:\/\/blogs.univ-jfc.fr\/vphn\/patrimoine-et-sites-remarquables\/toulouse-capitale-du-royaume-wisigoth-2017\/bibliographie-toulouse-capitale-du-royaume-wisigoth\/\" class=\"more-link\">Continuer la lecture<span class=\"screen-reader-text\"> de &laquo;&nbsp;Bibliographie Toulouse, Capitale du royaume Wisigoth&nbsp;&raquo;<\/span><\/a><\/p>\n","protected":false},"author":290,"featured_media":0,"parent":168,"menu_order":0,"comment_status":"closed","ping_status":"closed","template":"","meta":[],"_links":{"self":[{"href":"https:\/\/blogs.univ-jfc.fr\/vphn\/wp-json\/wp\/v2\/pages\/1023"}],"collection":[{"href":"https:\/\/blogs.univ-jfc.fr\/vphn\/wp-json\/wp\/v2\/pages"}],"about":[{"href":"https:\/\/blogs.univ-jfc.fr\/vphn\/wp-json\/wp\/v2\/types\/page"}],"author":[{"embeddable":true,"href":"https:\/\/blogs.univ-jfc.fr\/vphn\/wp-json\/wp\/v2\/users\/290"}],"replies":[{"embeddable":true,"href":"https:\/\/blogs.univ-jfc.fr\/vphn\/wp-json\/wp\/v2\/comments?post=1023"}],"version-history":[{"count":4,"href":"https:\/\/blogs.univ-jfc.fr\/vphn\/wp-json\/wp\/v2\/pages\/1023\/revisions"}],"predecessor-version":[{"id":1028,"href":"https:\/\/blogs.univ-jfc.fr\/vphn\/wp-json\/wp\/v2\/pages\/1023\/revisions\/1028"}],"up":[{"embeddable":true,"href":"https:\/\/blogs.univ-jfc.fr\/vphn\/wp-json\/wp\/v2\/pages\/168"}],"wp:attachment":[{"href":"https:\/\/blogs.univ-jfc.fr\/vphn\/wp-json\/wp\/v2\/media?parent=1023"}],"curies":[{"name":"wp","href":"https:\/\/api.w.org\/{rel}","templated":true}]}}