{"id":10244,"date":"2022-02-03T12:16:31","date_gmt":"2022-02-03T11:16:31","guid":{"rendered":"http:\/\/blogs.univ-jfc.fr\/vphn\/?page_id=10244"},"modified":"2022-02-04T18:02:16","modified_gmt":"2022-02-04T17:02:16","slug":"bibliographie-edouard-de-castelnau-le-marechal-oublie-de-la-premiere-guerre-mondiale","status":"publish","type":"page","link":"https:\/\/blogs.univ-jfc.fr\/vphn\/bibliographie-edouard-de-castelnau-le-marechal-oublie-de-la-premiere-guerre-mondiale\/","title":{"rendered":"Bibliographie et liens &#8211; Edouard de Castelnau, le mar\u00e9chal oubli\u00e9 de la Premi\u00e8re Guerre mondiale"},"content":{"rendered":"\n<p><strong>HISTOIRE DU GENERAL DE CASTELNAU<\/strong><\/p>\n\n\n\n<p>&#8211; CHENU B, <em>Castelnau, le Quatri\u00e8me mar\u00e9chal (1914-1918<\/em>), Paris, Bernard Giovanangeli, 2019.&nbsp;<\/p>\n\n\n\n<p>&#8211; GAMELINE P, <em>&nbsp;<\/em><em>Le G\u00e9n\u00e9ral de Castelnau (1851-1944). L&rsquo;homme, le soldat, le chr\u00e9tien<\/em><em>, <\/em>Charles H\u00e9rissey, Paris, 2014. &nbsp;<\/p>\n\n\n\n<p>&#8211; GRAS Y, <em>Castelnau ou l\u2019art de commander 1851-1944<\/em>, Editions Deno\u00ebl, Paris, 1991.&nbsp;<\/p>\n\n\n\n<p>&#8211; HUET JP, <em>Edouard de Castelnau,<\/em> <em>l\u2019artisan de la Victoire <\/em>, 2013.<\/p>\n\n\n\n<p>&#8211; ZELLER L, <em>Souvenirs sur le Mar\u00e9chal Joffre et le g\u00e9n\u00e9ral de Castelnau<\/em>, 272 p., Coll. Armes &amp; Arm\u00e9es, Economica, Paris, 2020.&nbsp;&nbsp;<\/p>\n\n\n\n<p><strong>L\u2019EUROPE \u00c0 L&rsquo;\u00c9POQUE CONTEMPORAINE&nbsp;<\/strong><\/p>\n\n\n\n<p>&#8211; CANTIER J, <em>Histoire culturelle de la France au XX<\/em><em>\u1d49<\/em><em> <\/em><em>&nbsp;si\u00e8cle<\/em>, Le monde : une histoire, Paris, Ellipses, 2011.&nbsp;<\/p>\n\n\n\n<p>&#8211; BERSTEIN S, <em>Histoire de la France au XXe si\u00e8cle 1900-1930<\/em>, Editions Complexe, Paris, 1990.<\/p>\n\n\n\n<p><strong>LA GUERRE MONDIALE<\/strong><\/p>\n\n\n\n<p>&#8211; BECKER J.-J, <em>L\u2019ann\u00e9e 14<\/em>, Armand Colin, Paris, 2004.<\/p>\n\n\n\n<p>&#8211; CLAUDEL J.-P, &nbsp;<em>La Bataille des fronti\u00e8res (Vosges 1914-1915), Remiremont\/Heillecourt<\/em>, \u00c9ditions G\u00e9rard Louis (Vagney), 1999.<\/p>\n\n\n\n<p>&#8211; CRONIER E, \u00ab GRANDE GUERRE ET SOCI\u00c9T\u00c9 \u00bb, <em>Encyclop\u00e6dia Universalis&nbsp;<\/em><\/p>\n\n\n\n<p><a href=\"http:\/\/www.universalis-edu.com\/encyclopedie\/grande-guerre-et-societe\/\">http:\/\/www.universalis-edu.com\/encyclopedie\/grande-guerre-et-societe\/<\/a><\/p>\n\n\n\n<h2 class=\"has-text-align-center\"><strong><span class=\"has-inline-color has-white-color\">Liens<\/span><span class=\"has-inline-color has-black-color\"> <\/span><\/strong><\/h2>\n\n\n\n<p><strong><a rel=\"noreferrer noopener\" href=\"https:\/\/france3-regions.francetvinfo.fr\/grand-est\/marne\/histoires-14-18-le-general-edouard-de-castelnau-1098547.html\" data-type=\"URL\" data-id=\"https:\/\/france3-regions.francetvinfo.fr\/grand-est\/marne\/histoires-14-18-le-general-edouard-de-castelnau-1098547.html\" target=\"_blank\">France Info : Histoires 14-18 : le G\u00e9n\u00e9ral Edouard de Castelnau<\/a><\/strong><\/p>\n\n\n\n<p><strong><a rel=\"noreferrer noopener\" href=\"https:\/\/www.servicehistorique.sga.defense.gouv.fr\/sites\/default\/files\/2019-04\/Castelnau.pdf\" data-type=\"URL\" data-id=\"https:\/\/www.servicehistorique.sga.defense.gouv.fr\/sites\/default\/files\/2019-04\/Castelnau.pdf\" target=\"_blank\">Extraits du dossier conserv\u00e9 au Service historique de la D\u00e9fense<\/a><\/strong><\/p>\n\n\n\n<p><strong><a rel=\"noreferrer noopener\" href=\"https:\/\/www.cheminsdememoire.gouv.fr\/fr\/edouard-de-castelnau\" data-type=\"URL\" data-id=\"https:\/\/www.cheminsdememoire.gouv.fr\/fr\/edouard-de-castelnau\" target=\"_blank\">Service Historique de la D\u00e9fense &#8211; Biographie de Edouard de Castelnau (1851-1944)<\/a><\/strong><\/p>\n","protected":false},"excerpt":{"rendered":"<p>HISTOIRE DU GENERAL DE CASTELNAU &#8211; CHENU B, Castelnau, le Quatri\u00e8me mar\u00e9chal (1914-1918), Paris, Bernard Giovanangeli, 2019.&nbsp; &#8211; GAMELINE P, &nbsp;Le G\u00e9n\u00e9ral de Castelnau (1851-1944). L&rsquo;homme, le soldat, le chr\u00e9tien, Charles H\u00e9rissey, Paris, 2014. &nbsp; &#8211; GRAS Y, Castelnau ou l\u2019art de commander 1851-1944, Editions Deno\u00ebl, Paris, 1991.&nbsp; &#8211; HUET JP, Edouard de Castelnau, l\u2019artisan &hellip; <\/p>\n<p class=\"link-more\"><a href=\"https:\/\/blogs.univ-jfc.fr\/vphn\/bibliographie-edouard-de-castelnau-le-marechal-oublie-de-la-premiere-guerre-mondiale\/\" class=\"more-link\">Continuer la lecture<span class=\"screen-reader-text\"> de &laquo;&nbsp;Bibliographie et liens &#8211; Edouard de Castelnau, le mar\u00e9chal oubli\u00e9 de la Premi\u00e8re Guerre mondiale&nbsp;&raquo;<\/span><\/a><\/p>\n","protected":false},"author":837,"featured_media":0,"parent":0,"menu_order":0,"comment_status":"closed","ping_status":"closed","template":"","meta":[],"_links":{"self":[{"href":"https:\/\/blogs.univ-jfc.fr\/vphn\/wp-json\/wp\/v2\/pages\/10244"}],"collection":[{"href":"https:\/\/blogs.univ-jfc.fr\/vphn\/wp-json\/wp\/v2\/pages"}],"about":[{"href":"https:\/\/blogs.univ-jfc.fr\/vphn\/wp-json\/wp\/v2\/types\/page"}],"author":[{"embeddable":true,"href":"https:\/\/blogs.univ-jfc.fr\/vphn\/wp-json\/wp\/v2\/users\/837"}],"replies":[{"embeddable":true,"href":"https:\/\/blogs.univ-jfc.fr\/vphn\/wp-json\/wp\/v2\/comments?post=10244"}],"version-history":[{"count":9,"href":"https:\/\/blogs.univ-jfc.fr\/vphn\/wp-json\/wp\/v2\/pages\/10244\/revisions"}],"predecessor-version":[{"id":10371,"href":"https:\/\/blogs.univ-jfc.fr\/vphn\/wp-json\/wp\/v2\/pages\/10244\/revisions\/10371"}],"wp:attachment":[{"href":"https:\/\/blogs.univ-jfc.fr\/vphn\/wp-json\/wp\/v2\/media?parent=10244"}],"curies":[{"name":"wp","href":"https:\/\/api.w.org\/{rel}","templated":true}]}}