{"id":10315,"date":"2022-02-03T21:47:54","date_gmt":"2022-02-03T20:47:54","guid":{"rendered":"http:\/\/blogs.univ-jfc.fr\/vphn\/?page_id=10315"},"modified":"2022-02-04T20:15:38","modified_gmt":"2022-02-04T19:15:38","slug":"10315-2","status":"publish","type":"page","link":"https:\/\/blogs.univ-jfc.fr\/vphn\/10315-2\/","title":{"rendered":""},"content":{"rendered":"\n<p>Marcelin Albert <\/p>\n\n\n\n<p>Albert Marcelin est n\u00e9 le 29 mars 1851 et mort le 21 d\u00e9cembre 1921. C\u2019est un vigneron et cafetier \u00e0 Argeliers( c&rsquo;est une petite ville situ\u00e9 dans le d\u00e9partement de l&rsquo;Aude). En 1881 il est \u00e9lu conseiller municipal de sa ville. Il va lutter contre les vins non-naturels et ainsi il sera le leader de cette r\u00e9volte. Le 18 f\u00e9vrier 1907 a l&rsquo;issu d&rsquo;un t\u00e9l\u00e9gramme  il va faire part au gouvernement de la situation et les difficult\u00e9s que rencontrent les vignerons. Le 11 mars 1907 il va \u00eatre \u00e0 l&rsquo;origine du premier mouvement de  manifestation, qui a pour nom :  \u00ab\u00a0les 87 fous d&rsquo;Argeliers\u00a0\u00bb.  Ce sont 87 vignerons qui se rendent \u00e0 Narbonne afin de manifester leur d\u00e9tresse. <\/p>\n","protected":false},"excerpt":{"rendered":"<p>Marcelin Albert Albert Marcelin est n\u00e9 le 29 mars 1851 et mort le 21 d\u00e9cembre 1921. C\u2019est un vigneron et cafetier \u00e0 Argeliers( c&rsquo;est une petite ville situ\u00e9 dans le d\u00e9partement de l&rsquo;Aude). En 1881 il est \u00e9lu conseiller municipal de sa ville. Il va lutter contre les vins non-naturels et ainsi il sera le &hellip; <\/p>\n<p class=\"link-more\"><a href=\"https:\/\/blogs.univ-jfc.fr\/vphn\/10315-2\/\" class=\"more-link\">Continuer la lecture<span class=\"screen-reader-text\"> de &laquo;&nbsp;&nbsp;&raquo;<\/span><\/a><\/p>\n","protected":false},"author":842,"featured_media":0,"parent":0,"menu_order":0,"comment_status":"closed","ping_status":"closed","template":"","meta":[],"_links":{"self":[{"href":"https:\/\/blogs.univ-jfc.fr\/vphn\/wp-json\/wp\/v2\/pages\/10315"}],"collection":[{"href":"https:\/\/blogs.univ-jfc.fr\/vphn\/wp-json\/wp\/v2\/pages"}],"about":[{"href":"https:\/\/blogs.univ-jfc.fr\/vphn\/wp-json\/wp\/v2\/types\/page"}],"author":[{"embeddable":true,"href":"https:\/\/blogs.univ-jfc.fr\/vphn\/wp-json\/wp\/v2\/users\/842"}],"replies":[{"embeddable":true,"href":"https:\/\/blogs.univ-jfc.fr\/vphn\/wp-json\/wp\/v2\/comments?post=10315"}],"version-history":[{"count":2,"href":"https:\/\/blogs.univ-jfc.fr\/vphn\/wp-json\/wp\/v2\/pages\/10315\/revisions"}],"predecessor-version":[{"id":10410,"href":"https:\/\/blogs.univ-jfc.fr\/vphn\/wp-json\/wp\/v2\/pages\/10315\/revisions\/10410"}],"wp:attachment":[{"href":"https:\/\/blogs.univ-jfc.fr\/vphn\/wp-json\/wp\/v2\/media?parent=10315"}],"curies":[{"name":"wp","href":"https:\/\/api.w.org\/{rel}","templated":true}]}}