{"id":10317,"date":"2022-02-03T21:49:56","date_gmt":"2022-02-03T20:49:56","guid":{"rendered":"http:\/\/blogs.univ-jfc.fr\/vphn\/?page_id=10317"},"modified":"2022-02-04T21:55:37","modified_gmt":"2022-02-04T20:55:37","slug":"ernest_ferroul","status":"publish","type":"page","link":"https:\/\/blogs.univ-jfc.fr\/vphn\/ernest_ferroul\/","title":{"rendered":"Ernest Ferroul"},"content":{"rendered":"\n<p id=\"Ernest_ferroul\">Ernest Ferroul est n\u00e9 le 13 d\u00e9cembre 1853 et mort le 29 d\u00e9cembre 1921. Il est m\u00e9decin et homme politique de gauche, ainsi en 1891 il sera \u00e9lu maire de la ville de Narbonne. Lors de la r\u00e9volte il joue un r\u00f4le important. En effet face \u00e0 l&rsquo;inaction du gouvernement il va inciter les autres maires et conseillers \u00e0 d\u00e9missionner. Mais aussi \u00e0 la gr\u00e8ve de l&rsquo;imp\u00f4t. Cependant le but du gouvernement est de mettre fin \u00e0 ces manifestations, ainsi au mois de juin il sera arr\u00eat\u00e9.<\/p>\n","protected":false},"excerpt":{"rendered":"<p>Ernest Ferroul est n\u00e9 le 13 d\u00e9cembre 1853 et mort le 29 d\u00e9cembre 1921. Il est m\u00e9decin et homme politique de gauche, ainsi en 1891 il sera \u00e9lu maire de la ville de Narbonne. Lors de la r\u00e9volte il joue un r\u00f4le important. En effet face \u00e0 l&rsquo;inaction du gouvernement il va inciter les autres &hellip; <\/p>\n<p class=\"link-more\"><a href=\"https:\/\/blogs.univ-jfc.fr\/vphn\/ernest_ferroul\/\" class=\"more-link\">Continuer la lecture<span class=\"screen-reader-text\"> de &laquo;&nbsp;Ernest Ferroul&nbsp;&raquo;<\/span><\/a><\/p>\n","protected":false},"author":842,"featured_media":0,"parent":0,"menu_order":0,"comment_status":"closed","ping_status":"closed","template":"","meta":[],"_links":{"self":[{"href":"https:\/\/blogs.univ-jfc.fr\/vphn\/wp-json\/wp\/v2\/pages\/10317"}],"collection":[{"href":"https:\/\/blogs.univ-jfc.fr\/vphn\/wp-json\/wp\/v2\/pages"}],"about":[{"href":"https:\/\/blogs.univ-jfc.fr\/vphn\/wp-json\/wp\/v2\/types\/page"}],"author":[{"embeddable":true,"href":"https:\/\/blogs.univ-jfc.fr\/vphn\/wp-json\/wp\/v2\/users\/842"}],"replies":[{"embeddable":true,"href":"https:\/\/blogs.univ-jfc.fr\/vphn\/wp-json\/wp\/v2\/comments?post=10317"}],"version-history":[{"count":3,"href":"https:\/\/blogs.univ-jfc.fr\/vphn\/wp-json\/wp\/v2\/pages\/10317\/revisions"}],"predecessor-version":[{"id":10418,"href":"https:\/\/blogs.univ-jfc.fr\/vphn\/wp-json\/wp\/v2\/pages\/10317\/revisions\/10418"}],"wp:attachment":[{"href":"https:\/\/blogs.univ-jfc.fr\/vphn\/wp-json\/wp\/v2\/media?parent=10317"}],"curies":[{"name":"wp","href":"https:\/\/api.w.org\/{rel}","templated":true}]}}