{"id":10342,"date":"2022-02-04T15:53:28","date_gmt":"2022-02-04T14:53:28","guid":{"rendered":"http:\/\/blogs.univ-jfc.fr\/vphn\/?page_id=10342"},"modified":"2022-02-04T15:53:28","modified_gmt":"2022-02-04T14:53:28","slug":"le-service-de-la-repression-des-fraudes","status":"publish","type":"page","link":"https:\/\/blogs.univ-jfc.fr\/vphn\/le-service-de-la-repression-des-fraudes\/","title":{"rendered":"Le service de la R\u00e9pression des fraudes"},"content":{"rendered":"\n<p>Ce service relevant du ministre de l&rsquo;Agriculture depuis sa cr\u00e9ation en 1907 avait pour objectif de v\u00e9rifier la qualit\u00e9 du vin et le respect des normes qui d\u00e9finissent le vin comme issue exclusivement de la fermentation du raisin ou du jus de raisin. Ce service a d&rsquo;abord \u00e9t\u00e9 pens\u00e9 pour r\u00e9duire la surproduction de vin et la falsification pour g\u00e9rer la crise \u00e9conomique qui avait men\u00e9 les vignerons \u00e0 se r\u00e9volter en 1907, plut\u00f4t que de garantir une qualit\u00e9 des produits aux consommateurs.<\/p>\n","protected":false},"excerpt":{"rendered":"<p>Ce service relevant du ministre de l&rsquo;Agriculture depuis sa cr\u00e9ation en 1907 avait pour objectif de v\u00e9rifier la qualit\u00e9 du vin et le respect des normes qui d\u00e9finissent le vin comme issue exclusivement de la fermentation du raisin ou du jus de raisin. Ce service a d&rsquo;abord \u00e9t\u00e9 pens\u00e9 pour r\u00e9duire la surproduction de vin &hellip; <\/p>\n<p class=\"link-more\"><a href=\"https:\/\/blogs.univ-jfc.fr\/vphn\/le-service-de-la-repression-des-fraudes\/\" class=\"more-link\">Continuer la lecture<span class=\"screen-reader-text\"> de &laquo;&nbsp;Le service de la R\u00e9pression des fraudes&nbsp;&raquo;<\/span><\/a><\/p>\n","protected":false},"author":841,"featured_media":0,"parent":0,"menu_order":0,"comment_status":"closed","ping_status":"closed","template":"","meta":[],"_links":{"self":[{"href":"https:\/\/blogs.univ-jfc.fr\/vphn\/wp-json\/wp\/v2\/pages\/10342"}],"collection":[{"href":"https:\/\/blogs.univ-jfc.fr\/vphn\/wp-json\/wp\/v2\/pages"}],"about":[{"href":"https:\/\/blogs.univ-jfc.fr\/vphn\/wp-json\/wp\/v2\/types\/page"}],"author":[{"embeddable":true,"href":"https:\/\/blogs.univ-jfc.fr\/vphn\/wp-json\/wp\/v2\/users\/841"}],"replies":[{"embeddable":true,"href":"https:\/\/blogs.univ-jfc.fr\/vphn\/wp-json\/wp\/v2\/comments?post=10342"}],"version-history":[{"count":1,"href":"https:\/\/blogs.univ-jfc.fr\/vphn\/wp-json\/wp\/v2\/pages\/10342\/revisions"}],"predecessor-version":[{"id":10345,"href":"https:\/\/blogs.univ-jfc.fr\/vphn\/wp-json\/wp\/v2\/pages\/10342\/revisions\/10345"}],"wp:attachment":[{"href":"https:\/\/blogs.univ-jfc.fr\/vphn\/wp-json\/wp\/v2\/media?parent=10342"}],"curies":[{"name":"wp","href":"https:\/\/api.w.org\/{rel}","templated":true}]}}