{"id":10358,"date":"2022-02-04T16:24:44","date_gmt":"2022-02-04T15:24:44","guid":{"rendered":"http:\/\/blogs.univ-jfc.fr\/vphn\/?page_id=10358"},"modified":"2022-02-04T16:24:44","modified_gmt":"2022-02-04T15:24:44","slug":"bibliographie-8","status":"publish","type":"page","link":"https:\/\/blogs.univ-jfc.fr\/vphn\/bibliographie-8\/","title":{"rendered":"BIBLIOGRAPHIE"},"content":{"rendered":"\n<p>VAREILLES J.,<em>Carmaux des origines au XX<\/em><sup>e<\/sup>, France, Vent terral, 1992.<\/p>\n\n\n\n<p><br>SOULIE E., <em>Mat\u00e9riel et proc\u00e9d\u00e9s de l\u2019exploitation des mines, perforateur et machines \u00e0 abattre la houille.<\/em>, Paris, Hachette, 2013.<\/p>\n\n\n\n<p>MONNIE A., \u201cLe bassin houiller de Carmaux-Albi\u201d, <em>Annales de g\u00e9ographie<\/em>, tome 4, 1929, p. 577-586.<\/p>\n\n\n\n<p>TREMPE R.,<em> Les mineurs de Carmaux<\/em>, 1848-1914, Paris, Edition ouvri\u00e8re, 1971.<\/p>\n\n\n\n<p>KOWALIK JF., MALPHETTES A., GUIOLLARD PC., <em>Mineurs de fond au XX<\/em><sup>e<\/sup><em> dans les houill\u00e8res du bassin de Carmaux-Albi<\/em>, Jouac, P.C. Guiollard, 2005.<\/p>\n\n\n\n<p><br>CASTELLESI R., \u201cCarmaux: La cit\u00e9 de Jaur\u00e8s \u00e0 l\u2019\u00e9preuve de la d\u00e9sindustrialisation\u201d, <em>Savoir Agir<\/em>, 2017, n\u00b039, p. 24-30.<\/p>\n\n\n\n<p><\/p>\n\n\n\n<p><\/p>\n\n\n\n<p><\/p>\n\n\n\n<p><\/p>\n\n\n\n<p><\/p>\n","protected":false},"excerpt":{"rendered":"<p>VAREILLES J.,Carmaux des origines au XXe, France, Vent terral, 1992. SOULIE E., Mat\u00e9riel et proc\u00e9d\u00e9s de l\u2019exploitation des mines, perforateur et machines \u00e0 abattre la houille., Paris, Hachette, 2013. MONNIE A., \u201cLe bassin houiller de Carmaux-Albi\u201d, Annales de g\u00e9ographie, tome 4, 1929, p. 577-586. TREMPE R., Les mineurs de Carmaux, 1848-1914, Paris, Edition ouvri\u00e8re, 1971. &hellip; <\/p>\n<p class=\"link-more\"><a href=\"https:\/\/blogs.univ-jfc.fr\/vphn\/bibliographie-8\/\" class=\"more-link\">Continuer la lecture<span class=\"screen-reader-text\"> de &laquo;&nbsp;BIBLIOGRAPHIE&nbsp;&raquo;<\/span><\/a><\/p>\n","protected":false},"author":835,"featured_media":0,"parent":0,"menu_order":0,"comment_status":"closed","ping_status":"closed","template":"","meta":[],"_links":{"self":[{"href":"https:\/\/blogs.univ-jfc.fr\/vphn\/wp-json\/wp\/v2\/pages\/10358"}],"collection":[{"href":"https:\/\/blogs.univ-jfc.fr\/vphn\/wp-json\/wp\/v2\/pages"}],"about":[{"href":"https:\/\/blogs.univ-jfc.fr\/vphn\/wp-json\/wp\/v2\/types\/page"}],"author":[{"embeddable":true,"href":"https:\/\/blogs.univ-jfc.fr\/vphn\/wp-json\/wp\/v2\/users\/835"}],"replies":[{"embeddable":true,"href":"https:\/\/blogs.univ-jfc.fr\/vphn\/wp-json\/wp\/v2\/comments?post=10358"}],"version-history":[{"count":1,"href":"https:\/\/blogs.univ-jfc.fr\/vphn\/wp-json\/wp\/v2\/pages\/10358\/revisions"}],"predecessor-version":[{"id":10359,"href":"https:\/\/blogs.univ-jfc.fr\/vphn\/wp-json\/wp\/v2\/pages\/10358\/revisions\/10359"}],"wp:attachment":[{"href":"https:\/\/blogs.univ-jfc.fr\/vphn\/wp-json\/wp\/v2\/media?parent=10358"}],"curies":[{"name":"wp","href":"https:\/\/api.w.org\/{rel}","templated":true}]}}