{"id":10372,"date":"2022-02-04T18:31:18","date_gmt":"2022-02-04T17:31:18","guid":{"rendered":"http:\/\/blogs.univ-jfc.fr\/vphn\/?page_id=10372"},"modified":"2022-02-04T21:57:12","modified_gmt":"2022-02-04T20:57:12","slug":"lapres-mutinerie","status":"publish","type":"page","link":"https:\/\/blogs.univ-jfc.fr\/vphn\/lapres-mutinerie\/","title":{"rendered":"L&rsquo;apr\u00e8s mutinerie"},"content":{"rendered":"\n<p>Apr\u00e8s leur mutinerie, les soldats du 17<sup>e <\/sup>r\u00e9giment d&rsquo;infanterie n&rsquo;acceptent de retourner \u00e0 leur caserne qu&rsquo;apr\u00e8s avoir obtenu une promesse d&rsquo;amnistie de la part du gouvernement fran\u00e7ais. Mais contrairement \u00e0 ce qu&rsquo;ils pensent, cette mutinerie va les poursuivre. En effet, en 1914, on leur attribue le statut de \u00ab\u00a0d\u00e9serteur\u00a0\u00bb, pour leur acte pass\u00e9, statut utilis\u00e9 par le Gouvernement pour les envoyer, comme nombreux de leurs camarades, dans les premiers assauts de la Premi\u00e8re Guerre mondiale.<\/p>\n","protected":false},"excerpt":{"rendered":"<p>Apr\u00e8s leur mutinerie, les soldats du 17e r\u00e9giment d&rsquo;infanterie n&rsquo;acceptent de retourner \u00e0 leur caserne qu&rsquo;apr\u00e8s avoir obtenu une promesse d&rsquo;amnistie de la part du gouvernement fran\u00e7ais. Mais contrairement \u00e0 ce qu&rsquo;ils pensent, cette mutinerie va les poursuivre. En effet, en 1914, on leur attribue le statut de \u00ab\u00a0d\u00e9serteur\u00a0\u00bb, pour leur acte pass\u00e9, statut utilis\u00e9 &hellip; <\/p>\n<p class=\"link-more\"><a href=\"https:\/\/blogs.univ-jfc.fr\/vphn\/lapres-mutinerie\/\" class=\"more-link\">Continuer la lecture<span class=\"screen-reader-text\"> de &laquo;&nbsp;L&rsquo;apr\u00e8s mutinerie&nbsp;&raquo;<\/span><\/a><\/p>\n","protected":false},"author":841,"featured_media":0,"parent":0,"menu_order":0,"comment_status":"closed","ping_status":"closed","template":"","meta":[],"_links":{"self":[{"href":"https:\/\/blogs.univ-jfc.fr\/vphn\/wp-json\/wp\/v2\/pages\/10372"}],"collection":[{"href":"https:\/\/blogs.univ-jfc.fr\/vphn\/wp-json\/wp\/v2\/pages"}],"about":[{"href":"https:\/\/blogs.univ-jfc.fr\/vphn\/wp-json\/wp\/v2\/types\/page"}],"author":[{"embeddable":true,"href":"https:\/\/blogs.univ-jfc.fr\/vphn\/wp-json\/wp\/v2\/users\/841"}],"replies":[{"embeddable":true,"href":"https:\/\/blogs.univ-jfc.fr\/vphn\/wp-json\/wp\/v2\/comments?post=10372"}],"version-history":[{"count":2,"href":"https:\/\/blogs.univ-jfc.fr\/vphn\/wp-json\/wp\/v2\/pages\/10372\/revisions"}],"predecessor-version":[{"id":10419,"href":"https:\/\/blogs.univ-jfc.fr\/vphn\/wp-json\/wp\/v2\/pages\/10372\/revisions\/10419"}],"wp:attachment":[{"href":"https:\/\/blogs.univ-jfc.fr\/vphn\/wp-json\/wp\/v2\/media?parent=10372"}],"curies":[{"name":"wp","href":"https:\/\/api.w.org\/{rel}","templated":true}]}}