{"id":10382,"date":"2022-02-04T19:06:45","date_gmt":"2022-02-04T18:06:45","guid":{"rendered":"http:\/\/blogs.univ-jfc.fr\/vphn\/?page_id=10382"},"modified":"2022-02-04T21:59:21","modified_gmt":"2022-02-04T20:59:21","slug":"georges-clemenceau","status":"publish","type":"page","link":"https:\/\/blogs.univ-jfc.fr\/vphn\/georges-clemenceau\/","title":{"rendered":"Georges Clemenceau"},"content":{"rendered":"\n<p>Georges Clemenceau (1841-1929) est un homme politique fran\u00e7ais de la Troisi\u00e8me R\u00e9publique. Il fut \u00e9lu fois pr\u00e9sident du conseil (\u00e9quivalent du Premier ministre actuellement), une premi\u00e8re fois de 1906 \u00e0 1909 puis de 1917 \u00e0 1920. Il sera l\u2019un des plus f\u00e9roces opposants \u00e0 la r\u00e9volte des vignerons et pi\u00e9gea Marcelin Albert pour le discr\u00e9dit\u00e9 aux yeux de l\u2019opinion publique.<\/p>\n","protected":false},"excerpt":{"rendered":"<p>Georges Clemenceau (1841-1929) est un homme politique fran\u00e7ais de la Troisi\u00e8me R\u00e9publique. Il fut \u00e9lu fois pr\u00e9sident du conseil (\u00e9quivalent du Premier ministre actuellement), une premi\u00e8re fois de 1906 \u00e0 1909 puis de 1917 \u00e0 1920. Il sera l\u2019un des plus f\u00e9roces opposants \u00e0 la r\u00e9volte des vignerons et pi\u00e9gea Marcelin Albert pour le discr\u00e9dit\u00e9 &hellip; <\/p>\n<p class=\"link-more\"><a href=\"https:\/\/blogs.univ-jfc.fr\/vphn\/georges-clemenceau\/\" class=\"more-link\">Continuer la lecture<span class=\"screen-reader-text\"> de &laquo;&nbsp;Georges Clemenceau&nbsp;&raquo;<\/span><\/a><\/p>\n","protected":false},"author":847,"featured_media":0,"parent":0,"menu_order":0,"comment_status":"closed","ping_status":"closed","template":"","meta":[],"_links":{"self":[{"href":"https:\/\/blogs.univ-jfc.fr\/vphn\/wp-json\/wp\/v2\/pages\/10382"}],"collection":[{"href":"https:\/\/blogs.univ-jfc.fr\/vphn\/wp-json\/wp\/v2\/pages"}],"about":[{"href":"https:\/\/blogs.univ-jfc.fr\/vphn\/wp-json\/wp\/v2\/types\/page"}],"author":[{"embeddable":true,"href":"https:\/\/blogs.univ-jfc.fr\/vphn\/wp-json\/wp\/v2\/users\/847"}],"replies":[{"embeddable":true,"href":"https:\/\/blogs.univ-jfc.fr\/vphn\/wp-json\/wp\/v2\/comments?post=10382"}],"version-history":[{"count":3,"href":"https:\/\/blogs.univ-jfc.fr\/vphn\/wp-json\/wp\/v2\/pages\/10382\/revisions"}],"predecessor-version":[{"id":10421,"href":"https:\/\/blogs.univ-jfc.fr\/vphn\/wp-json\/wp\/v2\/pages\/10382\/revisions\/10421"}],"wp:attachment":[{"href":"https:\/\/blogs.univ-jfc.fr\/vphn\/wp-json\/wp\/v2\/media?parent=10382"}],"curies":[{"name":"wp","href":"https:\/\/api.w.org\/{rel}","templated":true}]}}