{"id":10386,"date":"2022-02-04T19:10:12","date_gmt":"2022-02-04T18:10:12","guid":{"rendered":"http:\/\/blogs.univ-jfc.fr\/vphn\/?page_id=10386"},"modified":"2022-02-04T19:16:32","modified_gmt":"2022-02-04T18:16:32","slug":"groupes-libertaire-et-royaliste","status":"publish","type":"page","link":"https:\/\/blogs.univ-jfc.fr\/vphn\/groupes-libertaire-et-royaliste\/","title":{"rendered":"Groupes libertaires et royalistes"},"content":{"rendered":"\n<p>Groupes libertaire et royaliste, ces deux tendances politiques extr\u00e9mistes de gauche et de droite s\u2019expriment notamment par un rejet de la \u00ab\u00a0d\u00e9mocratie bourgeoise\u00a0\u00bb chez les libertaires et les anarchistes et du syst\u00e8me r\u00e9publicain par les royalistes de l\u2019Action Fran\u00e7aise notamment, leurs r\u00f4les restent cependant limit\u00e9s dans cette crise, aucun parti ne r\u00e9ussissant vraiment \u00e0 s\u2019accaparer le mouvement.<\/p>\n","protected":false},"excerpt":{"rendered":"<p>Groupes libertaire et royaliste, ces deux tendances politiques extr\u00e9mistes de gauche et de droite s\u2019expriment notamment par un rejet de la \u00ab\u00a0d\u00e9mocratie bourgeoise\u00a0\u00bb chez les libertaires et les anarchistes et du syst\u00e8me r\u00e9publicain par les royalistes de l\u2019Action Fran\u00e7aise notamment, leurs r\u00f4les restent cependant limit\u00e9s dans cette crise, aucun parti ne r\u00e9ussissant vraiment \u00e0 s\u2019accaparer &hellip; <\/p>\n<p class=\"link-more\"><a href=\"https:\/\/blogs.univ-jfc.fr\/vphn\/groupes-libertaire-et-royaliste\/\" class=\"more-link\">Continuer la lecture<span class=\"screen-reader-text\"> de &laquo;&nbsp;Groupes libertaires et royalistes&nbsp;&raquo;<\/span><\/a><\/p>\n","protected":false},"author":847,"featured_media":0,"parent":0,"menu_order":0,"comment_status":"closed","ping_status":"closed","template":"","meta":[],"_links":{"self":[{"href":"https:\/\/blogs.univ-jfc.fr\/vphn\/wp-json\/wp\/v2\/pages\/10386"}],"collection":[{"href":"https:\/\/blogs.univ-jfc.fr\/vphn\/wp-json\/wp\/v2\/pages"}],"about":[{"href":"https:\/\/blogs.univ-jfc.fr\/vphn\/wp-json\/wp\/v2\/types\/page"}],"author":[{"embeddable":true,"href":"https:\/\/blogs.univ-jfc.fr\/vphn\/wp-json\/wp\/v2\/users\/847"}],"replies":[{"embeddable":true,"href":"https:\/\/blogs.univ-jfc.fr\/vphn\/wp-json\/wp\/v2\/comments?post=10386"}],"version-history":[{"count":3,"href":"https:\/\/blogs.univ-jfc.fr\/vphn\/wp-json\/wp\/v2\/pages\/10386\/revisions"}],"predecessor-version":[{"id":10392,"href":"https:\/\/blogs.univ-jfc.fr\/vphn\/wp-json\/wp\/v2\/pages\/10386\/revisions\/10392"}],"wp:attachment":[{"href":"https:\/\/blogs.univ-jfc.fr\/vphn\/wp-json\/wp\/v2\/media?parent=10386"}],"curies":[{"name":"wp","href":"https:\/\/api.w.org\/{rel}","templated":true}]}}