{"id":10422,"date":"2022-02-04T22:05:15","date_gmt":"2022-02-04T21:05:15","guid":{"rendered":"http:\/\/blogs.univ-jfc.fr\/vphn\/?page_id=10422"},"modified":"2022-02-04T22:05:15","modified_gmt":"2022-02-04T21:05:15","slug":"general-picquart","status":"publish","type":"page","link":"https:\/\/blogs.univ-jfc.fr\/vphn\/general-picquart\/","title":{"rendered":"G\u00e9n\u00e9ral Picquart"},"content":{"rendered":"\n<p>Marie-Georges Picquart est ministre de la Guerre de 1906 \u00e0 1909 au Gouvernement de Clemenceau. Il est notamment connu pour avoir particip\u00e9 \u00e0 la d\u00e9fense de Dreyfus.<\/p>\n","protected":false},"excerpt":{"rendered":"<p>Marie-Georges Picquart est ministre de la Guerre de 1906 \u00e0 1909 au Gouvernement de Clemenceau. Il est notamment connu pour avoir particip\u00e9 \u00e0 la d\u00e9fense de Dreyfus.<\/p>\n","protected":false},"author":841,"featured_media":0,"parent":0,"menu_order":0,"comment_status":"closed","ping_status":"closed","template":"","meta":[],"_links":{"self":[{"href":"https:\/\/blogs.univ-jfc.fr\/vphn\/wp-json\/wp\/v2\/pages\/10422"}],"collection":[{"href":"https:\/\/blogs.univ-jfc.fr\/vphn\/wp-json\/wp\/v2\/pages"}],"about":[{"href":"https:\/\/blogs.univ-jfc.fr\/vphn\/wp-json\/wp\/v2\/types\/page"}],"author":[{"embeddable":true,"href":"https:\/\/blogs.univ-jfc.fr\/vphn\/wp-json\/wp\/v2\/users\/841"}],"replies":[{"embeddable":true,"href":"https:\/\/blogs.univ-jfc.fr\/vphn\/wp-json\/wp\/v2\/comments?post=10422"}],"version-history":[{"count":1,"href":"https:\/\/blogs.univ-jfc.fr\/vphn\/wp-json\/wp\/v2\/pages\/10422\/revisions"}],"predecessor-version":[{"id":10423,"href":"https:\/\/blogs.univ-jfc.fr\/vphn\/wp-json\/wp\/v2\/pages\/10422\/revisions\/10423"}],"wp:attachment":[{"href":"https:\/\/blogs.univ-jfc.fr\/vphn\/wp-json\/wp\/v2\/media?parent=10422"}],"curies":[{"name":"wp","href":"https:\/\/api.w.org\/{rel}","templated":true}]}}