{"id":10429,"date":"2022-02-08T13:53:34","date_gmt":"2022-02-08T12:53:34","guid":{"rendered":"http:\/\/blogs.univ-jfc.fr\/vphn\/?page_id=10429"},"modified":"2022-02-08T13:53:34","modified_gmt":"2022-02-08T12:53:34","slug":"galbraith-lowry-cole","status":"publish","type":"page","link":"https:\/\/blogs.univ-jfc.fr\/vphn\/galbraith-lowry-cole\/","title":{"rendered":"Galbraith Lowry Cole :"},"content":{"rendered":"\n<p>N\u00e9 a Dublin le 1<sup>er<\/sup> mai 1872, il est un g\u00e9n\u00e9ral britannique ayant particip\u00e9 \u00e0 la guerre d\u2019ind\u00e9pendance espagnole.<br>Il est membre du parlement britannique de 1803 \u00e0 1828.<\/p>\n\n\n\n<p>Il est aussi fait chevalier grand-croix de l\u2019Ordre du bain le 2 janvier 1815 et est gouverneur de Maurice de 1823 \u00e0 1828.<\/p>\n\n\n\n<figure class=\"wp-block-image size-large\"><img loading=\"lazy\" width=\"260\" height=\"336\" src=\"https:\/\/blogs.univ-jfc.fr\/vphn\/wp-content\/uploads\/sites\/65\/2022\/02\/image-5.png\" alt=\"\" class=\"wp-image-10430\" srcset=\"https:\/\/blogs.univ-jfc.fr\/vphn\/wp-content\/uploads\/sites\/65\/2022\/02\/image-5.png 260w, https:\/\/blogs.univ-jfc.fr\/vphn\/wp-content\/uploads\/sites\/65\/2022\/02\/image-5-232x300.png 232w\" sizes=\"(max-width: 260px) 100vw, 260px\" \/><figcaption><em>Portrait de Galbraith Lowry Cole par<\/em> <em>William Dyce,<\/em> <em>National portrait gallery Londres<\/em><\/figcaption><\/figure>\n\n\n\n<p><\/p>\n","protected":false},"excerpt":{"rendered":"<p>N\u00e9 a Dublin le 1er mai 1872, il est un g\u00e9n\u00e9ral britannique ayant particip\u00e9 \u00e0 la guerre d\u2019ind\u00e9pendance espagnole.Il est membre du parlement britannique de 1803 \u00e0 1828. Il est aussi fait chevalier grand-croix de l\u2019Ordre du bain le 2 janvier 1815 et est gouverneur de Maurice de 1823 \u00e0 1828.<\/p>\n","protected":false},"author":822,"featured_media":0,"parent":0,"menu_order":0,"comment_status":"closed","ping_status":"closed","template":"","meta":[],"_links":{"self":[{"href":"https:\/\/blogs.univ-jfc.fr\/vphn\/wp-json\/wp\/v2\/pages\/10429"}],"collection":[{"href":"https:\/\/blogs.univ-jfc.fr\/vphn\/wp-json\/wp\/v2\/pages"}],"about":[{"href":"https:\/\/blogs.univ-jfc.fr\/vphn\/wp-json\/wp\/v2\/types\/page"}],"author":[{"embeddable":true,"href":"https:\/\/blogs.univ-jfc.fr\/vphn\/wp-json\/wp\/v2\/users\/822"}],"replies":[{"embeddable":true,"href":"https:\/\/blogs.univ-jfc.fr\/vphn\/wp-json\/wp\/v2\/comments?post=10429"}],"version-history":[{"count":1,"href":"https:\/\/blogs.univ-jfc.fr\/vphn\/wp-json\/wp\/v2\/pages\/10429\/revisions"}],"predecessor-version":[{"id":10431,"href":"https:\/\/blogs.univ-jfc.fr\/vphn\/wp-json\/wp\/v2\/pages\/10429\/revisions\/10431"}],"wp:attachment":[{"href":"https:\/\/blogs.univ-jfc.fr\/vphn\/wp-json\/wp\/v2\/media?parent=10429"}],"curies":[{"name":"wp","href":"https:\/\/api.w.org\/{rel}","templated":true}]}}