{"id":10452,"date":"2022-02-17T12:00:41","date_gmt":"2022-02-17T11:00:41","guid":{"rendered":"http:\/\/blogs.univ-jfc.fr\/vphn\/?page_id=10452"},"modified":"2022-03-06T15:33:49","modified_gmt":"2022-03-06T14:33:49","slug":"qui-suis-je-militaire-francais-2022","status":"publish","type":"page","link":"https:\/\/blogs.univ-jfc.fr\/vphn\/qui-suis-je-militaire-francais-2022\/","title":{"rendered":"Qui suis-je ? (militaire fran\u00e7ais) [2022]"},"content":{"rendered":"\n<p class=\"has-luminous-vivid-amber-color has-text-color\">Pour que la lecture de cet article soit plus ludique, nous avons d\u00e9cid\u00e9 de le pr\u00e9senter sous la forme d\u2019un \u201cqui suis-je\u201d. Allez-vous r\u00e9ussir \u00e0 reconna\u00eetre notre personnage ?&nbsp;<\/p>\n\n\n\n<figure class=\"wp-block-pullquote alignright\" style=\"border-color:#000000\"><blockquote><p><img loading=\"lazy\" width=\"385\" height=\"850\" src=\"https:\/\/lh3.googleusercontent.com\/kqpIka2QuUslJhSZGZANMfe8AJTVPPVZnPtAlYQN9T2MydN2xNHBALpnBAPhBxcrzOJ_xpsplVSnIYTTjdMKhvP3l20gbmSgNy5iEJLTfhwsimwM8BO_AYjiKWbUFcGXKLP0Qqky\"><\/p><cite>Cr\u00e9dit : Estelle Rous<\/cite><\/blockquote><\/figure>\n\n\n\n<p><strong><span style=\"text-decoration: underline\">Ma carri\u00e8re, une ascension dans l\u2019arm\u00e9e <\/span><\/strong><\/p>\n\n\n\n<div class=\"wp-block-group\"><div class=\"wp-block-group__inner-container\">\n<p align=\"justify\">J\u2019ai connu une ascension militaire sans m\u00eame aller sur le terrain. J\u2019ai commenc\u00e9 mes \u00e9tudes militaires en rentrant \u00e0 l\u2019\u00c9cole Polytechnique en 1870 et je suis affect\u00e9 au 24 \u00e8me r\u00e9giment d\u2019artillerie de Tarbes. \u00c0 la sortie de Polytechnique, j&rsquo;ai choisi de rentrer \u00e0 l\u2019\u00c9cole d\u2019Application de Fontainebleau sp\u00e9cialis\u00e9e dans l\u2019artillerie. Ensuite, je suis nomm\u00e9 professeur \u00e0 l\u2019\u00c9cole de guerre ce qui me permet de gravir les \u00e9chelons. Mon ascension fut toutefois entrav\u00e9e <a href=\"https:\/\/www.cairn.info\/revue-humanisme-2008-2-page-93.htm\" target=\"_blank\" rel=\"noreferrer noopener\" data-type=\"URL\" data-id=\"https:\/\/www.cairn.info\/revue-humanisme-2008-2-page-93.htm\">par l\u2019affaire des fiches<\/a> (voir pour aller plus loin) en 1904. La fin d\u00e9finitive de celle-ci me mettant hors de cause, j&rsquo;obtiens en 1913 le grade de g\u00e9n\u00e9ral de corps arm\u00e9e. \u00c0 partir de cette date, je ne vais pas cesser d\u2019\u00eatre d\u00e9cor\u00e9 de m\u00e9daille surtout apr\u00e8s ma participation \u00e0 la Premi\u00e8re Guerre mondiale.<\/p>\n<\/div><\/div>\n\n\n\n<p><span style=\"text-decoration: underline\">\u00a0<strong><em>\u00ab Press\u00e9 fortement sur ma droite, mon centre c\u00e8de, impossible de me mouvoir, situation excellente, j&rsquo;attaque. \u00bb <\/em><\/strong><\/span> <\/p>\n\n\n<p align=\"justify\">L\u2019un des \u00e9l\u00e9ments qui m\u2019a rendu c\u00e9l\u00e8bre est ma doctrine, bien sp\u00e9cifique. En effet je suis un adepte du culte de l\u2019offensive : vous vous demandez ce que cela signifie? Cela consiste \u00e0 utiliser une grande force militaire pour lancer un puissant assaut pour d\u00e9border et casser la d\u00e9fense ennemie. Selon cette doctrine, le premier \u00e0 lancer l\u2019assaut est vainqueur. Durant la bataille de la Marne (5-12 septembre 1914)\u00a0 j\u2019utilise cette strat\u00e9gie pour contrer le plan Schlieffen (voir pour aller plus loin). Ma fameuse citation que vous avez pu lire plus haut provient de cette bataille. Malgr\u00e9 nos lourdes pertes ( ~220 000 morts)\u00a0 la victoire a permis de stopper l\u2019offensive allemande vers Paris.<\/p>\n\n<div style=\"padding: 5px;width: 650px;margin: auto;border: 8px solid #c44023;background-color: #272424;text-align: center\">L\u2019affaire des fiches :<br>L&rsquo;affaire des fiches est un scandale politique auquel j\u2019ai assist\u00e9 pendant mon ascension militaire en 1904. Ce scandale concerne un fichage qui a d\u00e9but\u00e9 suite \u00e0 l\u2019affaire Dreyfus, et qui a pris tous les hauts grad\u00e9s religieux pour cibles. En effet, au sein de l\u2019arm\u00e9e fran\u00e7aise un fichage religieux a \u00e9t\u00e9 \u00e9tabli. Il a pour objectif de saboter et de briser la carri\u00e8re et le moral des soldats religieux fran\u00e7ais. Ce fichage a \u00e9t\u00e9 justifi\u00e9 par un atteinte \u00e0 la troisi\u00e8me R\u00e9publique. Il a donc fallu que j\u2019attende l\u2019intervention du ministre de la Guerre Alexandre Millerand en 1913, pour que ce fichage religieux soit aboli. J\u2019ai ainsi pu acc\u00e9der \u00e0 un haut grade de l\u2019arm\u00e9e fran\u00e7aise, celui de g\u00e9n\u00e9ral de corps d\u2019arm\u00e9e..<\/div>\n<p><\/p>\n\n\n<p class=\"has-text-align-center\"><strong><span style=\"text-decoration: underline\">Mes principaux \u00e9checs :<\/span><\/strong><\/p>\n\n\n<p align=\"justify\">Mon haut rang dans la hi\u00e9rarchie militaire me permet de diriger une arm\u00e9e. De ce fait, on me connait pour avoir men\u00e9 de grandes batailles pour mon pays pendant la premi\u00e8re guerre mondiale. Cependant, parmi toutes les batailles dans lesquelles je me suis engag\u00e9, certaines ont conduit \u00e0 de lourdes pertes. En effet, entre le 9 mai et le 25 juin 1915, j\u2019ai men\u00e9 les troupes alli\u00e9es dans l\u2019Artois vers une victoire qui nous a co\u00fbt\u00e9 cher. Lors de cette bataille, on compte deux fois plus de pertes alli\u00e9es que du c\u00f4t\u00e9 des allemands. Une autre bataille de la Grande Guerre a co\u00fbt\u00e9 la vie \u00e0 de tr\u00e8s nombreux hommes : pendant la Bataille de la Somme (voir pour aller plus loin) qui s\u2019est d\u00e9roul\u00e9e entre le 1 juillet et le 18 novembre 1917, j\u2019ai moi-m\u00eame dirig\u00e9 les soldats anglais et fran\u00e7ais. Par une succession d&rsquo;offensives, mes troupes sont parvenues \u00e0 gagner quelques kilom\u00e8tres dans les lignes adverses. Cependant, lors de cette bataille 400 000 anglais et 200 000 fran\u00e7ais ont perdu la vie.<\/p>\n\n<div style=\"padding: 5px;width: 650px;margin: auto;border: 8px solid #c44023;background-color: #272424;text-align: center\">Bataille de Somme :<br>Bellig\u00e9rants : France + Angleterre contre Empire allemand<br>Lieux : Somme (Picardie, France)<br>Forces en pr\u00e9sences : plus de 4 millions d&rsquo;engag\u00e9s durant la bataille<br>Pertes (comprenant bless\u00e9s, morts et disparus) :<br>France : 203 000<br>Angleterre : 420 000<br>Empire Allemand : entre 400 000 et 600 000<br>Bilan : environ 1 million de morts<br>Issue de la bataille : ind\u00e9cise, pas de r\u00e9el vainqueur malgr\u00e9 une avanc\u00e9e de quelques kilom\u00e8tres des alli\u00e9s (bien inf\u00e9rieur aux attentes)<\/div>\n<p><\/p>\n\n\n<p class=\"has-text-align-center\"><span style=\"text-decoration: underline\"><strong>Je deviens g\u00e9n\u00e9ralissime :<\/strong><\/span><\/p>\n\n\n<p align=\"justify\">Le 7 novembre 1917, apr\u00e8s la d\u00e9faite de Caporetto, est form\u00e9 un conseil sup\u00e9rieur de la guerre interalli\u00e9. Je suis alors nomm\u00e9 pour repr\u00e9senter l\u2019arm\u00e9e fran\u00e7aise. Pour r\u00e9sister \u00e0 l\u2019offensive allemande\u00a0 du 21 mars 1918, les alli\u00e9s se r\u00e9unissent \u00e0 Doullens le 26 mars et me nomment \u00e0 la t\u00eate de toutes les arm\u00e9es alli\u00e9s : je deviens g\u00e9n\u00e9ralissime. Pour \u00e9viter une querelle d\u2019\u00e9go entre les commandants des arm\u00e9es alli\u00e9es, je suis \u00e9lev\u00e9 \u00e0 la dignit\u00e9 de mar\u00e9chal de France. Je joue aussi un r\u00f4le important lors de la r\u00e9daction de l\u2019armistice. En effet je suis le principal repr\u00e9sentant de la France et le 11 novembre 1918 l\u2019armistice est sign\u00e9e dans mon wagon \u00e0 Rethondes.<\/p>\n\n\n<figure class=\"wp-block-image size-large is-style-default\"><img loading=\"lazy\" width=\"1024\" height=\"392\" src=\"https:\/\/blogs.univ-jfc.fr\/vphn\/wp-content\/uploads\/sites\/65\/2022\/02\/Capture-decran-2022-02-10-a-12.05.21-1024x392.png\" alt=\"\" class=\"wp-image-10488\" srcset=\"https:\/\/blogs.univ-jfc.fr\/vphn\/wp-content\/uploads\/sites\/65\/2022\/02\/Capture-decran-2022-02-10-a-12.05.21-1024x392.png 1024w, https:\/\/blogs.univ-jfc.fr\/vphn\/wp-content\/uploads\/sites\/65\/2022\/02\/Capture-decran-2022-02-10-a-12.05.21-300x115.png 300w, https:\/\/blogs.univ-jfc.fr\/vphn\/wp-content\/uploads\/sites\/65\/2022\/02\/Capture-decran-2022-02-10-a-12.05.21-768x294.png 768w, https:\/\/blogs.univ-jfc.fr\/vphn\/wp-content\/uploads\/sites\/65\/2022\/02\/Capture-decran-2022-02-10-a-12.05.21-1536x588.png 1536w, https:\/\/blogs.univ-jfc.fr\/vphn\/wp-content\/uploads\/sites\/65\/2022\/02\/Capture-decran-2022-02-10-a-12.05.21.png 1656w\" sizes=\"(max-width: 706px) 89vw, (max-width: 767px) 82vw, 740px\" \/><\/figure>\n\n\n<div style=\"padding: 5px;width: 650px;margin: auto;border: 8px solid #c44023;background-color: #272424;text-align: center\">Plan Schlieffen:<br>\nLe plan Schlieffen est un plan militaire allemand th\u00e9oris\u00e9 par, comme son nom l\u2019indique, Alfred Von Schlieffen en 1905. Il consiste \u00e0 faire passer les arm\u00e9es allemandes par la Belgique pour contourner les arm\u00e9es fran\u00e7aises plus au Sud et ainsi prendre Paris. Ce plan est mis en application en 1914. La r\u00e9ussite de ce plan est bas\u00e9 sur la vitesse pour ne pas laisser le temps aux arm\u00e9es fran\u00e7aises de se r\u00e9organiser. Les arm\u00e9es allemandes perdent du temps \u00e0 cause de la r\u00e9sistance belge mais celui-ci avance et fait reculer les arm\u00e9es fran\u00e7aises. L\u2019avanc\u00e9 est inexorable et le plan quasi victorieux mais les arm\u00e9es allemandes sont stopp\u00e9es lors de la bataille de la Marne entre le 5 et le 12 septembre 1914. Le plan Schlieffen a donc failli fonctionner lors de la premi\u00e8re guerre mondiale et a eu de fortes r\u00e9percussions sur la tactique employ\u00e9e par l\u2019arm\u00e9e fran\u00e7aise lors de la seconde guerre mondiale (les arm\u00e9es se sont avanc\u00e9es en Belgique) qui entra\u00eene la d\u00e9faite fran\u00e7aise.<\/div>\n<p><\/p>\n\n\n<figure class=\"wp-block-image size-large\"><img loading=\"lazy\" width=\"1024\" height=\"768\" src=\"https:\/\/blogs.univ-jfc.fr\/vphn\/wp-content\/uploads\/sites\/65\/2022\/02\/plan-schliefen-1024x768.jpg\" alt=\"\" class=\"wp-image-10627\" srcset=\"https:\/\/blogs.univ-jfc.fr\/vphn\/wp-content\/uploads\/sites\/65\/2022\/02\/plan-schliefen-1024x768.jpg 1024w, https:\/\/blogs.univ-jfc.fr\/vphn\/wp-content\/uploads\/sites\/65\/2022\/02\/plan-schliefen-300x225.jpg 300w, https:\/\/blogs.univ-jfc.fr\/vphn\/wp-content\/uploads\/sites\/65\/2022\/02\/plan-schliefen-768x576.jpg 768w, https:\/\/blogs.univ-jfc.fr\/vphn\/wp-content\/uploads\/sites\/65\/2022\/02\/plan-schliefen.jpg 1206w\" sizes=\"(max-width: 706px) 89vw, (max-width: 767px) 82vw, 740px\" \/><figcaption>Cr\u00e9dit : Ma\u00ebl Fages<\/figcaption><\/figure>\n\n\n\n<p class=\"has-text-align-center\"><span style=\"text-decoration: underline\"><strong>Je suis une figure du roman national :<\/strong><\/span><\/p>\n\n\n<p align=\"justify\">Je suis souvent compar\u00e9 \u00e0 Napol\u00e9on Ier ou encore \u00e0 Clausewitz pour mes aptitudes \u00e0 manier les troupes et pour mes strat\u00e9gies militaires (culte de l\u2019offensive). Cette image romanc\u00e9e de la r\u00e9alit\u00e9 et de mes comp\u00e9tences, m\u2019\u00e9levant ainsi au rang de h\u00e9ros de la nation, est \u00e0 l\u2019origine de ma forte pr\u00e9sence dans la nomination des espaces du domaine public. Mon nom est par exemple utilis\u00e9 pour nommer de nombreuses rues, places et boulevards, ainsi que des \u00e9tablissements scolaires, comme un lyc\u00e9e dans l\u2019Aveyron, \u00e0 Rodez et mon visage a servi \u00e0 faire des pi\u00e8ces. De plus, <a href=\"https:\/\/www.tarbes.fr\/mes-loisirs\/tarbes-culture\/maison-natale-du-marechal-foch\/\" target=\"_blank\" rel=\"noreferrer noopener\" data-type=\"URL\" data-id=\"https:\/\/www.tarbes.fr\/mes-loisirs\/tarbes-culture\/maison-natale-du-marechal-foch\/\">ma maison d\u2019enfance \u00e0 Tarbes<\/a> est devenue un mus\u00e9e.\u00a0 Ma s\u00e9pulture se trouve aupr\u00e8s d\u2019autres \u201cGrands\u201d de la nation \u00e0 la cath\u00e9drale Saint-Louis-des-Invalides, dans la chapelle Saint-Ambroise.<\/p>\n\n\n<figure class=\"wp-block-image size-large is-style-default\"><img loading=\"lazy\" width=\"734\" height=\"1024\" src=\"https:\/\/blogs.univ-jfc.fr\/vphn\/wp-content\/uploads\/sites\/65\/2022\/02\/Capture-decran-2022-02-10-a-12.04.59-734x1024.png\" alt=\"\" class=\"wp-image-10487\" srcset=\"https:\/\/blogs.univ-jfc.fr\/vphn\/wp-content\/uploads\/sites\/65\/2022\/02\/Capture-decran-2022-02-10-a-12.04.59-734x1024.png 734w, https:\/\/blogs.univ-jfc.fr\/vphn\/wp-content\/uploads\/sites\/65\/2022\/02\/Capture-decran-2022-02-10-a-12.04.59-215x300.png 215w, https:\/\/blogs.univ-jfc.fr\/vphn\/wp-content\/uploads\/sites\/65\/2022\/02\/Capture-decran-2022-02-10-a-12.04.59-768x1071.png 768w, https:\/\/blogs.univ-jfc.fr\/vphn\/wp-content\/uploads\/sites\/65\/2022\/02\/Capture-decran-2022-02-10-a-12.04.59.png 806w\" sizes=\"(max-width: 734px) 100vw, 734px\" \/><\/figure>\n\n\n\n<p class=\"has-text-align-center\"><span style=\"text-decoration: underline\"><strong>Un mod\u00e8le des changements des pens\u00e9es historiques :<\/strong><\/span><\/p>\n\n\n<p align=\"justify\">Je suis un exemple parfait pour montrer comment \u00e9volue <a href=\"https:\/\/www.cnrtl.fr\/definition\/historiographie\" target=\"_blank\" rel=\"noreferrer noopener\" data-type=\"URL\" data-id=\"https:\/\/www.cnrtl.fr\/definition\/historiographie\">l\u2019historiographie<\/a> , ces nouveaux courants de pens\u00e9e historiques et la mani\u00e8re de faire de l&rsquo;histoire. En effet, d\u00e8s la premi\u00e8re guerre mondiale remport\u00e9e, on m&rsquo;\u00e9rige en h\u00e9ros national ayant sauv\u00e9 la France. Dans les ann\u00e9es 1960 &#8211; 1970, les historiens\u00a0 et historiennes n&rsquo;analysent plus seulement ma carri\u00e8re et ma vie, mais aussi tout le syst\u00e8me politique et diplomatique m\u2019ayant permis d\u2019avoir une meilleure carri\u00e8re, pour expliquer en profondeur cette p\u00e9riode de la premi\u00e8re guerre mondiale et aussi d\u00e9construire mon image mythique. Enfin, l&rsquo;historiographie actuelle r\u00e9\u00e9value mon r\u00f4le pour laisser plus de place \u00e0 mes hommes, sans qui, c\u2019est vrai, je n\u2019aurais jamais pu gagner de batailles et la guerre. Cette \u00e9volution de la mani\u00e8re dont on m&rsquo;\u00e9tudie est un exemple de l\u2019\u00e9volution de l\u2019historiographie. Celle-ci s&rsquo;est d&rsquo;abord port\u00e9e sur les grands chefs comme moi puis \u00e0 lentement \u00e9volu\u00e9 vers les masses et les simples soldats ou femmes \u00e0 l&rsquo;arri\u00e8re, primordiaux pour l\u2019effort de guerre et la victoire.\u00a0<\/p>\n\n\n<p class=\"has-luminous-vivid-amber-color has-text-color\">Comme vous vous en doutez s\u00fbrement, je suis Ferdinand Foch. Figure\u00a0 du roman national et de l&rsquo;histoire de France. L\u2019historiographie actuelle vise \u00e0 d\u00e9construire ces \u201cgrands personnages\u00a0\u00bb \u00e0 la faveur des masses. <\/p>\n\n\n\n<p><a href=\"https:\/\/blogs.univ-jfc.fr\/vphn\/bibliographie-ferdinand-foch\/\" data-type=\"URL\" data-id=\"https:\/\/blogs.univ-jfc.fr\/vphn\/bibliographie-ferdinand-foch\/\" target=\"_blank\" rel=\"noreferrer noopener\">Bibliographie<\/a> <\/p>\n\n\n\n<p>\u00c9tudiants L2 : Pouget Corentin et Rous Estelle. <\/p>\n\n\n\n<p>\u00c9tudiants L1  : Delval Joackim, Fages Ma\u00ebl, Hernandez Th\u00e9o, Palet Romain et Rumeau Thomas.  <\/p>\n\n\n\n<p><\/p>\n","protected":false},"excerpt":{"rendered":"<p>Pour que la lecture de cet article soit plus ludique, nous avons d\u00e9cid\u00e9 de le pr\u00e9senter sous la forme d\u2019un \u201cqui suis-je\u201d. Allez-vous r\u00e9ussir \u00e0 reconna\u00eetre notre personnage ?&nbsp; Cr\u00e9dit : Estelle Rous Ma carri\u00e8re, une ascension dans l\u2019arm\u00e9e \u00a0\u00ab Press\u00e9 fortement sur ma droite, mon centre c\u00e8de, impossible de me mouvoir, situation excellente, j&rsquo;attaque. &hellip; <\/p>\n<p class=\"link-more\"><a href=\"https:\/\/blogs.univ-jfc.fr\/vphn\/qui-suis-je-militaire-francais-2022\/\" class=\"more-link\">Continuer la lecture<span class=\"screen-reader-text\"> de &laquo;&nbsp;Qui suis-je ? (militaire fran\u00e7ais) [2022]&nbsp;&raquo;<\/span><\/a><\/p>\n","protected":false},"author":773,"featured_media":0,"parent":0,"menu_order":0,"comment_status":"closed","ping_status":"closed","template":"","meta":[],"_links":{"self":[{"href":"https:\/\/blogs.univ-jfc.fr\/vphn\/wp-json\/wp\/v2\/pages\/10452"}],"collection":[{"href":"https:\/\/blogs.univ-jfc.fr\/vphn\/wp-json\/wp\/v2\/pages"}],"about":[{"href":"https:\/\/blogs.univ-jfc.fr\/vphn\/wp-json\/wp\/v2\/types\/page"}],"author":[{"embeddable":true,"href":"https:\/\/blogs.univ-jfc.fr\/vphn\/wp-json\/wp\/v2\/users\/773"}],"replies":[{"embeddable":true,"href":"https:\/\/blogs.univ-jfc.fr\/vphn\/wp-json\/wp\/v2\/comments?post=10452"}],"version-history":[{"count":72,"href":"https:\/\/blogs.univ-jfc.fr\/vphn\/wp-json\/wp\/v2\/pages\/10452\/revisions"}],"predecessor-version":[{"id":11302,"href":"https:\/\/blogs.univ-jfc.fr\/vphn\/wp-json\/wp\/v2\/pages\/10452\/revisions\/11302"}],"wp:attachment":[{"href":"https:\/\/blogs.univ-jfc.fr\/vphn\/wp-json\/wp\/v2\/media?parent=10452"}],"curies":[{"name":"wp","href":"https:\/\/api.w.org\/{rel}","templated":true}]}}