{"id":10453,"date":"2022-03-06T15:00:19","date_gmt":"2022-03-06T14:00:19","guid":{"rendered":"http:\/\/blogs.univ-jfc.fr\/vphn\/?page_id=10453"},"modified":"2022-03-06T15:00:19","modified_gmt":"2022-03-06T14:00:19","slug":"la-peste-a-toulouse-1348-1652-2022","status":"publish","type":"page","link":"https:\/\/blogs.univ-jfc.fr\/vphn\/la-peste-a-toulouse-1348-1652-2022\/","title":{"rendered":"La peste \u00e0 Toulouse (1348-1652) [2022]"},"content":{"rendered":"<p align=\"justify\">L\u2019arriv\u00e9e de la Covid-19 en Europe a marqu\u00e9 un tournant dans le rapport des populations aux ph\u00e9nom\u00e8nes \u00e9pid\u00e9miques. En effet, nos soci\u00e9t\u00e9s ont red\u00e9couvert brusquement qu&rsquo;elles pouvaient \u00eatre soumises \u00e0 ce type d\u2019\u00e9l\u00e9ments, malgr\u00e9 les progr\u00e8s de la m\u00e9decine contemporaine. Ainsi, des parall\u00e8les peuvent \u00eatre dress\u00e9s entre l\u2019\u00e9pid\u00e9mie de Covid-19 et les vagues de peste successives qui ont touch\u00e9 Toulouse entre le XIVe si\u00e8cle et le XVIIe si\u00e8cle.<\/p>\n\n\n<hr class=\"wp-block-separator\" \/>\n\n\n\n<h2><strong>Les connaissances de la maladie<\/strong><\/h2>\n\n\n\n<div class=\"wp-block-image is-style-default\"><figure class=\"alignright size-full is-resized\"><img loading=\"lazy\" src=\"https:\/\/blogs.univ-jfc.fr\/vphn\/wp-content\/uploads\/sites\/65\/2022\/02\/Cest-quoi-la-peste..png\" alt=\"\" class=\"wp-image-10516\" width=\"413\" height=\"584\" srcset=\"https:\/\/blogs.univ-jfc.fr\/vphn\/wp-content\/uploads\/sites\/65\/2022\/02\/Cest-quoi-la-peste..png 479w, https:\/\/blogs.univ-jfc.fr\/vphn\/wp-content\/uploads\/sites\/65\/2022\/02\/Cest-quoi-la-peste.-212x300.png 212w\" sizes=\"(max-width: 413px) 100vw, 413px\" \/><figcaption>Les connaissances actuelles sur la peste (Cr\u00e9dit : Ema ROQUES)<\/figcaption><\/figure><\/div>\n\n\n\n<p><p align=\"justify\">En 2019, d\u00e8s que la Covid, les premi\u00e8res th\u00e9ories sur l&rsquo;origine de la maladie se sont \u00e9labor\u00e9es. Bien que les scientifiques ne s\u2019accordent pas sur celle-ci, ce virus n\u2019est pas totalement inconnu. Les autorit\u00e9s sanitaires ont rapidement identifi\u00e9 le type de virus dont il s\u2019agissait (un coronavirus), la mani\u00e8re dont il se transmet (par un contact direct ou indirect avec une personne contamin\u00e9e ou par l\u2019air dans un espace confin\u00e9). En 1348, \u00e0 l\u2019arriv\u00e9e de la peste en Europe, les connaissances sur la maladie sont tr\u00e8s faibles : une col\u00e8re divine, un alignement des astres ou encore un air vici\u00e9 sont les principales croyances de l\u2019\u00e9poque sur les origines du mal qui frappe le continent.<\/p><\/p>\n\n\n\n<h2><strong>L&rsquo;arriv\u00e9e de la maladie<\/strong><\/h2>\n\n\n<p align=\"justify\">En 2019, comme en 1348, la maladie vient d\u2019Asie. En 1348, elle gagne le royaume de France par la voie maritime. Ensuite, c\u2019est par les routes commerciales de la Garonne que la peste arrive pour la premi\u00e8re fois \u00e0 Toulouse.<\/p>\n\n\n<figure class=\"wp-block-image size-large\"><img loading=\"lazy\" width=\"1024\" height=\"342\" src=\"https:\/\/blogs.univ-jfc.fr\/vphn\/wp-content\/uploads\/sites\/65\/2022\/02\/Chronologie-de-la-diffusion-de-la-peste-2-1024x342.png\" alt=\"\" class=\"wp-image-10520\" srcset=\"https:\/\/blogs.univ-jfc.fr\/vphn\/wp-content\/uploads\/sites\/65\/2022\/02\/Chronologie-de-la-diffusion-de-la-peste-2-1024x342.png 1024w, https:\/\/blogs.univ-jfc.fr\/vphn\/wp-content\/uploads\/sites\/65\/2022\/02\/Chronologie-de-la-diffusion-de-la-peste-2-300x100.png 300w, https:\/\/blogs.univ-jfc.fr\/vphn\/wp-content\/uploads\/sites\/65\/2022\/02\/Chronologie-de-la-diffusion-de-la-peste-2-768x257.png 768w, https:\/\/blogs.univ-jfc.fr\/vphn\/wp-content\/uploads\/sites\/65\/2022\/02\/Chronologie-de-la-diffusion-de-la-peste-2-1536x514.png 1536w, https:\/\/blogs.univ-jfc.fr\/vphn\/wp-content\/uploads\/sites\/65\/2022\/02\/Chronologie-de-la-diffusion-de-la-peste-2.png 1800w\" sizes=\"(max-width: 706px) 89vw, (max-width: 767px) 82vw, 740px\" \/><figcaption>4 si\u00e8cles de peste \u00e0 Toulouse (Cr\u00e9dit : Quentin TASSO)<\/figcaption><\/figure>\n\n\n\n<h2><strong>Quelles mesures sanitaires sont prises en amont de l\u2019arriv\u00e9e de la maladie ?<\/strong><\/h2>\n\n\n<p align=\"justify\">En 2019, il semble que la possibilit\u00e9 que la Covid-19 se diffuse largement dans la population g\u00e9n\u00e9rale n\u2019a pas \u00e9t\u00e9 toujours bien prise en compte par les autorit\u00e9s comp\u00e9tentes au d\u00e9but de la pand\u00e9mie. Par ailleurs, la fermeture des fronti\u00e8res, ou un contr\u00f4le strict des mouvements de population en provenance de l\u2019\u00e9tranger, s\u2019est finalement impos\u00e9e dans nombre de pays comme un moyen de contr\u00f4le de la contagion. La m\u00eame logique \u00e9tait appliqu\u00e9e \u00e0 Toulouse m\u00eame si, l\u00e0 aussi, cela ne permettait pas d\u2019emp\u00eacher la peste d\u2019entrer dans la ville. Pour cela, les capitouls faisaient fermer plusieurs portes de l&rsquo;enceinte de la ville. Seuls les voyageurs munis d\u2019un billet de sant\u00e9 d\u00e9livr\u00e9 par les consuls de leur communaut\u00e9 d\u2019origine \u00e9taient autoris\u00e9s \u00e0 p\u00e9n\u00e9trer dans la ville. Comme aujourd\u2019hui avec le syst\u00e8me de pass sanitaire, il y a des contrevenants. Ainsi, en 1628, un moine am\u00e8ne le virus dans la cit\u00e9 apr\u00e8s y \u00eatre rentr\u00e9 avec un billet de sant\u00e9 contrefait. Comme la peste est pr\u00e9sente \u00e0 Toulouse de mani\u00e8re sporadique durant quatre si\u00e8cles, la ville apprend progressivement \u00e0 faire face aux vagues \u00e9pid\u00e9miques, ce qui n\u2019a pas vraiment pu \u00eatre fait pour la Covid-19. Par exemple, les capitouls mettent en place un bureau de sant\u00e9 \u00e0 l&rsquo;h\u00f4tel de ville pour prendre des mesures pr\u00e9ventives : ils ordonnent la v\u00e9rification des stocks de m\u00e9dicaments dans les boutiques des apothicaires et d\u00e9signe des lieux de quarantaine pour les futurs malades.<\/p>\n\n\n<figure class=\"wp-block-image size-large\"><img loading=\"lazy\" width=\"1024\" height=\"813\" src=\"https:\/\/blogs.univ-jfc.fr\/vphn\/wp-content\/uploads\/sites\/65\/2022\/02\/Plan_de_la_ville_de_...Tavernier_Melchior_btv1b530761878-1024x813.jpeg\" alt=\"\" class=\"wp-image-10523\" srcset=\"https:\/\/blogs.univ-jfc.fr\/vphn\/wp-content\/uploads\/sites\/65\/2022\/02\/Plan_de_la_ville_de_...Tavernier_Melchior_btv1b530761878-1024x813.jpeg 1024w, https:\/\/blogs.univ-jfc.fr\/vphn\/wp-content\/uploads\/sites\/65\/2022\/02\/Plan_de_la_ville_de_...Tavernier_Melchior_btv1b530761878-300x238.jpeg 300w, https:\/\/blogs.univ-jfc.fr\/vphn\/wp-content\/uploads\/sites\/65\/2022\/02\/Plan_de_la_ville_de_...Tavernier_Melchior_btv1b530761878-768x610.jpeg 768w, https:\/\/blogs.univ-jfc.fr\/vphn\/wp-content\/uploads\/sites\/65\/2022\/02\/Plan_de_la_ville_de_...Tavernier_Melchior_btv1b530761878.jpeg 1328w\" sizes=\"(max-width: 706px) 89vw, (max-width: 767px) 82vw, 740px\" \/><figcaption>Carte de la ville de Toulouse. Tavernier, Melchior (1594-1665).<\/figcaption><\/figure>\n\n\n\n<h2><strong>La r\u00e9action des Toulousains face \u00e0 la maladie<\/strong><\/h2>\n\n\n<p align=\"justify\">Le confinement est devenu la principale mesure mise en place par les autorit\u00e9s sanitaires pour faire face \u00e0 la pand\u00e9mie. Nous avons alors assist\u00e9 \u00e0 des fuites de citadins vers leur maison secondaire hors des grandes agglom\u00e9rations. Toute proportion gard\u00e9e, \u00e0 Toulouse, quand les premiers cas de peste sont d\u00e9clar\u00e9s entre le XIIIe si\u00e8cle et le XVIIe si\u00e8cle, nombreux sont les Toulousains qui souhaitent fuir la ville, en particulier ceux qui en ont les moyens &#8211; c&rsquo;est-\u00e0-dire ceux qui ont une maison \u00e0 la campagne. Cependant, la peur de la maladie provoquait aussi des mouvements de fuite du personnel sanitaire et politique. En 1628, le Pr\u00e9sident du Parlement de Toulouse est par exemple contraint de sommer les m\u00e9decins ayant fui la ville de revenir sous peine d&rsquo;\u00eatre d\u00e9clar\u00e9s \u00ab\u00a0d\u00e9serteurs du bien public\u00a0\u00bb. De m\u00eame, pour encourager les chirurgiens \u00e0 rester sur place, les capitouls leur promettent d&rsquo;obtenir une ma\u00eetrise et recrutent des m\u00e9decins \u00e9trangers en \u00e9change de l&rsquo;obtention d&rsquo;une chaire \u00e0 la facult\u00e9 de m\u00e9decine. La m\u00eame ann\u00e9e, \u00e0 l&rsquo;exception de quelques magistrats, le Parlement de Toulouse est transf\u00e9r\u00e9 \u00e0 Grenade, petite localit\u00e9 entre Albi et Auch. Le manque de m\u00e9decins se fait ressentir car ils sont nombreux \u00e0 essayer de quitter la ville.\u00a0<\/p>\n\n\n<figure class=\"wp-block-pullquote\"><blockquote><p>\u201cLe plus souverain rem\u00e8de que l\u2019on sache pour se garantir de la peste est de se retirer bient\u00f4t du lieu infect, de s\u2019en aller loin et de revenir tard\u201d<\/p><cite>Auger Ferrer, m\u00e9decin et astrologue toulousain du XVIe si\u00e8cle<\/cite><\/blockquote><\/figure>\n\n\n\n<h2><strong>Quels traitements ?<\/strong><\/h2>\n\n\n\n<div class=\"wp-block-image\"><figure class=\"alignleft size-large is-resized\"><img loading=\"lazy\" src=\"https:\/\/blogs.univ-jfc.fr\/vphn\/wp-content\/uploads\/sites\/65\/2022\/02\/Remedes_curatifs_et_preservatifs_de_...Fabre_Pierre_bpt6k5399500q-567x1024.jpeg\" alt=\"\" class=\"wp-image-10525\" width=\"317\" height=\"572\" srcset=\"https:\/\/blogs.univ-jfc.fr\/vphn\/wp-content\/uploads\/sites\/65\/2022\/02\/Remedes_curatifs_et_preservatifs_de_...Fabre_Pierre_bpt6k5399500q-567x1024.jpeg 567w, https:\/\/blogs.univ-jfc.fr\/vphn\/wp-content\/uploads\/sites\/65\/2022\/02\/Remedes_curatifs_et_preservatifs_de_...Fabre_Pierre_bpt6k5399500q-166x300.jpeg 166w, https:\/\/blogs.univ-jfc.fr\/vphn\/wp-content\/uploads\/sites\/65\/2022\/02\/Remedes_curatifs_et_preservatifs_de_...Fabre_Pierre_bpt6k5399500q-768x1387.jpeg 768w, https:\/\/blogs.univ-jfc.fr\/vphn\/wp-content\/uploads\/sites\/65\/2022\/02\/Remedes_curatifs_et_preservatifs_de_...Fabre_Pierre_bpt6k5399500q-850x1536.jpeg 850w, https:\/\/blogs.univ-jfc.fr\/vphn\/wp-content\/uploads\/sites\/65\/2022\/02\/Remedes_curatifs_et_preservatifs_de_...Fabre_Pierre_bpt6k5399500q.jpeg 867w\" sizes=\"(max-width: 317px) 100vw, 317px\" \/><figcaption>Livre imprim\u00e9 \u00e0 Toulouse lors des \u00e9pid\u00e9mies de peste r\u00e9pertoriant les rem\u00e8des connus pour soigner la peste.<\/figcaption><\/figure><\/div>\n\n\n<p align=\"justify\">Les premi\u00e8res campagnes de vaccination contre la Covid-19 ont d\u00e9but\u00e9 fin 2020, un an apr\u00e8s le d\u00e9but de la pand\u00e9mie. Les patients atteints de Covid-19 b\u00e9n\u00e9ficient d\u00e9sormais d\u2019un traitement pour att\u00e9nuer les sympt\u00f4mes et d\u2019autres traitements sont en cours de test, en vue de gu\u00e9rir la maladie. Rien de tel en ce qui concerne la peste \u00e9tant donn\u00e9 les faibles connaissances qu\u2019avaient les Toulousains \u00e0 leur disposition jusqu&rsquo;au XVIIe si\u00e8cle : les traitements sont peu efficaces. Des rem\u00e8des de type m\u00e9dicamenteux contenant des drogues sont utilis\u00e9s comme la <a href=\"https:\/\/www.cnrtl.fr\/definition\/th%C3%A9riaque\">th\u00e9riaque <\/a>ou la <a href=\"https:\/\/www.cnrtl.fr\/definition\/mithridate\">mithridate<\/a>. Des v\u00e9g\u00e9taux comme les <a href=\"https:\/\/www.cnrtl.fr\/definition\/amers\">amers<\/a>, le <a href=\"https:\/\/www.cnrtl.fr\/definition\/gentiane\">gentiane <\/a>ou les <a href=\"https:\/\/www.cnrtl.fr\/definition\/absinthes\">absinthes <\/a>sont \u00e9galement employ\u00e9s pour tenter de soigner les pestif\u00e9r\u00e9s. On utilisait \u00e9galement parfois du mercure, de l\u2019arsenic ou encore du soufre. La purification de l\u2019air \u00e9tait \u00e9galement tr\u00e8s r\u00e9pandue, elle se faisait principalement avec de la fum\u00e9e de chaume br\u00fbl\u00e9e ou avec de l\u2019encens. On tentait aussi faire sortir la maladie en provoquant une forte transpiration \u00e0 proximit\u00e9 d\u2019un feu tr\u00e8s chaud. Enfin, la saign\u00e9e \u00e9tait tr\u00e8s populaire \u00e0 cette \u00e9poque pour faire sortir le mauvais sang. On se servait principalement de sangsues plac\u00e9es sur le corps du patient. On pouvait \u00e9galement pratiquer une petite incision ou chauffer une tasse et la poser \u00e0 l\u2019envers sur les bubons du patient pour imiter une sorte de ventouse.<\/p>\n\n\n<h2><strong>Quelle mortalit\u00e9 ?<\/strong><\/h2>\n\n\n\n<figure class=\"wp-block-image size-large\"><img loading=\"lazy\" width=\"691\" height=\"606\" src=\"https:\/\/blogs.univ-jfc.fr\/vphn\/wp-content\/uploads\/sites\/65\/2022\/02\/Limpact-de-la-peste-sur-levolution-de-la-population-toulousaine-1.png\" alt=\"\" class=\"wp-image-10530\" srcset=\"https:\/\/blogs.univ-jfc.fr\/vphn\/wp-content\/uploads\/sites\/65\/2022\/02\/Limpact-de-la-peste-sur-levolution-de-la-population-toulousaine-1.png 691w, https:\/\/blogs.univ-jfc.fr\/vphn\/wp-content\/uploads\/sites\/65\/2022\/02\/Limpact-de-la-peste-sur-levolution-de-la-population-toulousaine-1-300x263.png 300w\" sizes=\"(max-width: 691px) 100vw, 691px\" \/><figcaption>La mortalit\u00e9 de la peste par rapport \u00e0 l&rsquo;\u00e9volution de la population \u00e0 Toulouse (Cr\u00e9dit : Quentin TASSO)<\/figcaption><\/figure>\n\n\n\n<figure class=\"wp-block-image size-large is-resized\"><img loading=\"lazy\" src=\"https:\/\/blogs.univ-jfc.fr\/vphn\/wp-content\/uploads\/sites\/65\/2022\/02\/Graphique-comparatif-deces-covid-et-peste-1-1024x701.jpg\" alt=\"\" class=\"wp-image-10531\" width=\"674\" height=\"461\" srcset=\"https:\/\/blogs.univ-jfc.fr\/vphn\/wp-content\/uploads\/sites\/65\/2022\/02\/Graphique-comparatif-deces-covid-et-peste-1-1024x701.jpg 1024w, https:\/\/blogs.univ-jfc.fr\/vphn\/wp-content\/uploads\/sites\/65\/2022\/02\/Graphique-comparatif-deces-covid-et-peste-1-300x205.jpg 300w, https:\/\/blogs.univ-jfc.fr\/vphn\/wp-content\/uploads\/sites\/65\/2022\/02\/Graphique-comparatif-deces-covid-et-peste-1-768x526.jpg 768w, https:\/\/blogs.univ-jfc.fr\/vphn\/wp-content\/uploads\/sites\/65\/2022\/02\/Graphique-comparatif-deces-covid-et-peste-1-1536x1051.jpg 1536w, https:\/\/blogs.univ-jfc.fr\/vphn\/wp-content\/uploads\/sites\/65\/2022\/02\/Graphique-comparatif-deces-covid-et-peste-1.jpg 2032w\" sizes=\"(max-width: 674px) 100vw, 674px\" \/><figcaption>(Cr\u00e9dit : Ema ROQUES)<br>Graphique comparatif entre les nombres de d\u00e9c\u00e8s li\u00e9s au Coronavirus et \u00e0 Yersinia Pestis (les valeurs sont<br>toutes approximatives).<br>Monde : coronavirus (valeurs prises depuis 2019), yersinia pestis (de 1347 \u00e0 1351)<br>Europe : coronavirus (valeurs prises depuis 2019), yersinia pestis (de 1347 \u00e0 1351)<br>Toulouse : Coronavirus (correspond aux 1\u00e8re et 2nd vagues), Yersinia Pestis (correspond au pic \u00e9pid\u00e9mique de 1628 \u00e0 1631)<\/figcaption><\/figure>\n\n\n\n<h2><strong>La gestion de la \u00ab\u00a0tension hospitali\u00e8re\u00a0\u00bb<\/strong><\/h2>\n\n\n<p align=\"justify\">Plus que la l\u00e9talit\u00e9 de la maladie, c\u2019est la question de la capacit\u00e9 des \u00e9tablissements hospitaliers \u00e0 accueillir les malades qui a \u00e9t\u00e9 au centre des attentions lors de l&rsquo;\u00e9pid\u00e9mie de Covid-19. Il en est de m\u00eame pour ce qui est de la peste. Toulouse dispose de 14 h\u00f4pitaux au moment o\u00f9 la peste arrive pour la premi\u00e8re fois dans la ville en 1348. Ensuite, \u00e0 la fin du Moyen \u00c2ge, le nombre d&rsquo;h\u00f4pitaux s&rsquo;accro\u00eet pour atteindre 24 \u00e9tablissements. Cependant, malgr\u00e9 leur nombre, ces h\u00f4pitaux sont petits, d\u00e9pourvus de moyens et sont majoritairement g\u00e9r\u00e9s par des confr\u00e9ries religieuses. Ils ne permettent pas de g\u00e9rer les vagues de peste auxquelles Toulouse est r\u00e9guli\u00e8rement confront\u00e9e. Conscient de ce constat, le Parlement de Toulouse d\u00e9cide de r\u00e9former le syst\u00e8me hospitalier de la ville en 1505. Le nombre d\u2019\u00e9tablissements est progressivement r\u00e9duit et ces derniers sont r\u00e9unis sous une m\u00eame administration : le conseil des h\u00f4pitaux. Malgr\u00e9 ces r\u00e9formes qui permettent de concentrer les moyens sur quelques structures, les ressources des h\u00f4pitaux restent limit\u00e9es. En effet, elles proviennent tr\u00e8s majoritairement de la charit\u00e9 priv\u00e9e de Toulousains ais\u00e9s. De fait, ces am\u00e9liorations ne suffisent pas \u00e0 prendre en charge l\u2019ensemble des pestif\u00e9r\u00e9s. Pour preuve, l\u2019ouverture de camps hors les murs pour les pestif\u00e9r\u00e9s lorsque les capacit\u00e9s des h\u00f4pitaux sont d\u00e9pass\u00e9es. Il s\u2019y s&rsquo;entassent des centaines de malades et de mourants dans des huttes mal prot\u00e9g\u00e9es des intemp\u00e9ries dans des conditions difficiles. Cependant, il faut nuancer ce constat. Certes, la ville n\u2019arrive jamais \u00e0 faire face \u00e0 l&rsquo;aff\u00fbt de pestif\u00e9r\u00e9s. Par ailleurs, si l\u2019on se replace dans le contexte de l\u2019\u00e9poque, l&rsquo;encadrement sanitaire de Toulouse appara\u00eet comme sup\u00e9rieur \u00e0 celui des principales villes comparables du royaume de France avec un professionnel de sant\u00e9 pour huit cent habitants en moyenne \u00e0 la fin du XVIIe si\u00e8cle.<\/p>","protected":false},"excerpt":{"rendered":"<p>L\u2019arriv\u00e9e de la Covid-19 en Europe a marqu\u00e9 un tournant dans le rapport des populations aux ph\u00e9nom\u00e8nes \u00e9pid\u00e9miques. En effet, nos soci\u00e9t\u00e9s ont red\u00e9couvert brusquement qu&rsquo;elles pouvaient \u00eatre soumises \u00e0 ce type d\u2019\u00e9l\u00e9ments, malgr\u00e9 les progr\u00e8s de la m\u00e9decine contemporaine. Ainsi, des parall\u00e8les peuvent \u00eatre dress\u00e9s entre l\u2019\u00e9pid\u00e9mie de Covid-19 et les vagues de peste &hellip; <\/p>\n<p class=\"link-more\"><a href=\"https:\/\/blogs.univ-jfc.fr\/vphn\/la-peste-a-toulouse-1348-1652-2022\/\" class=\"more-link\">Continuer la lecture<span class=\"screen-reader-text\"> de &laquo;&nbsp;La peste \u00e0 Toulouse (1348-1652) [2022]&nbsp;&raquo;<\/span><\/a><\/p>\n","protected":false},"author":863,"featured_media":0,"parent":0,"menu_order":0,"comment_status":"closed","ping_status":"closed","template":"","meta":[],"_links":{"self":[{"href":"https:\/\/blogs.univ-jfc.fr\/vphn\/wp-json\/wp\/v2\/pages\/10453"}],"collection":[{"href":"https:\/\/blogs.univ-jfc.fr\/vphn\/wp-json\/wp\/v2\/pages"}],"about":[{"href":"https:\/\/blogs.univ-jfc.fr\/vphn\/wp-json\/wp\/v2\/types\/page"}],"author":[{"embeddable":true,"href":"https:\/\/blogs.univ-jfc.fr\/vphn\/wp-json\/wp\/v2\/users\/863"}],"replies":[{"embeddable":true,"href":"https:\/\/blogs.univ-jfc.fr\/vphn\/wp-json\/wp\/v2\/comments?post=10453"}],"version-history":[{"count":17,"href":"https:\/\/blogs.univ-jfc.fr\/vphn\/wp-json\/wp\/v2\/pages\/10453\/revisions"}],"predecessor-version":[{"id":11278,"href":"https:\/\/blogs.univ-jfc.fr\/vphn\/wp-json\/wp\/v2\/pages\/10453\/revisions\/11278"}],"wp:attachment":[{"href":"https:\/\/blogs.univ-jfc.fr\/vphn\/wp-json\/wp\/v2\/media?parent=10453"}],"curies":[{"name":"wp","href":"https:\/\/api.w.org\/{rel}","templated":true}]}}