{"id":10477,"date":"2022-02-10T12:03:36","date_gmt":"2022-02-10T11:03:36","guid":{"rendered":"http:\/\/blogs.univ-jfc.fr\/vphn\/?page_id=10477"},"modified":"2022-03-14T17:04:42","modified_gmt":"2022-03-14T16:04:42","slug":"quelle-a-ete-levolution-de-la-monnaie-francaise-en-languedoc-entre-les-viiie-et-xvie-siecles","status":"publish","type":"page","link":"https:\/\/blogs.univ-jfc.fr\/vphn\/quelle-a-ete-levolution-de-la-monnaie-francaise-en-languedoc-entre-les-viiie-et-xvie-siecles\/","title":{"rendered":"Quelle a \u00e9t\u00e9 l\u2019\u00e9volution de la monnaie fran\u00e7aise en Languedoc entre les VIIIe et XVIe si\u00e8cles?"},"content":{"rendered":"<p align=\"justify\">Le terme \u201cmonnaie\u201d vient du latin <em>monere<\/em> qui signifie \u201cavertir\u201d. En effet, les monnaies peuvent avertir leurs d\u00e9tenteurs de plusieurs choses notamment leur valeur mais aussi parfois du roi qui est au pouvoir quand son portrait se trouve au droit de la pi\u00e8ce par exemple, en effet la pi\u00e8ce de monnaie peut accueillir une iconographie : donc une image qui va circuler et v\u00e9hiculer des symboles.<\/p>\n\n\n<div class=\"wp-block-image is-style-default\"><figure class=\"aligncenter size-large is-resized\"><img loading=\"lazy\" src=\"https:\/\/blogs.univ-jfc.fr\/vphn\/wp-content\/uploads\/sites\/65\/2022\/03\/Royaume-Francs-481-814.png\" alt=\"Source: http:\/\/www.cartesfrance.fr\/histoire\/cartes-royaume-francs\/carte-royaume-Francs-481-814.html\n\" class=\"wp-image-11370\" width=\"670\" height=\"473\" srcset=\"https:\/\/blogs.univ-jfc.fr\/vphn\/wp-content\/uploads\/sites\/65\/2022\/03\/Royaume-Francs-481-814.png 1000w, https:\/\/blogs.univ-jfc.fr\/vphn\/wp-content\/uploads\/sites\/65\/2022\/03\/Royaume-Francs-481-814-300x212.png 300w, https:\/\/blogs.univ-jfc.fr\/vphn\/wp-content\/uploads\/sites\/65\/2022\/03\/Royaume-Francs-481-814-768x543.png 768w\" sizes=\"(max-width: 670px) 100vw, 670px\" \/><figcaption>Source: http:\/\/www.cartesfrance.fr\/histoire\/cartes-royaume-francs\/carte-royaume-Francs-481-814.html<\/figcaption><\/figure><\/div>\n\n\n<p align=\"justify\">Les monnaies ont connu des \u00e9volutions sur trois axes principaux. Elles ont \u00e9volu\u00e9 sur le plan politique,&nbsp; leur r\u00f4le \u00e9conomique a \u00e9volu\u00e9, et enfin leur r\u00f4le social a \u00e9volu\u00e9.<\/p>\n<p align=\"justify\"><\/p>\n\n\n<hr class=\"wp-block-separator has-text-color has-background has-cyan-bluish-gray-background-color has-cyan-bluish-gray-color is-style-default\" \/>\n\n\n\n<p><strong>\u00c9volution du r\u00f4le politique des monnaies<\/strong><\/p>\n\n\n<p align=\"justify\">Au VIIIe si\u00e8cle, les monnaies \u00e9taient frapp\u00e9es par les seigneurs f\u00e9odaux de chaque province selon leur volont\u00e9. Mais le droit de frappe n\u2019\u00e9tait pas exclusif. Les diff\u00e9rentes monnaies, royale ou f\u00e9odale, sont nombreuses et peuvent avoir une valeur tr\u00e8s diff\u00e9rente, cette valeur diff\u00e8re en fonction du type de mat\u00e9riaux de la pi\u00e8ce et de son poids et n\u2019est par cons\u00e9quent pas du tout <a href=\"https:\/\/www.cnrtl.fr\/definition\/fiduciaire#:~:text=Qui%20est%20fond%C3%A9%20sur%20la%20confiance.\" target=\"_blank\" rel=\"noreferrer noopener\">fiduciaire<\/a>.<\/p>\n<p align=\"justify\">Mais, petit \u00e0 petit, ces monnaies ont laiss\u00e9 place \u00e0 une monnaie royale, qui, nous allons le voir, a chang\u00e9 le cours de l\u2019utilisation de celles-ci. N\u00e9anmoins, ces monnaies n\u2019ont pas totalement disparu et ont continu\u00e9 de circuler entre l\u2019an mil et le r\u00e8gne de Philippe le Bel en 1285.<\/p>\n<p align=\"justify\">Le premier souverain \u00e0 figurer sur sa monnaie est le roi de France. En ao\u00fbt 1290, Philippe le Bel se fait repr\u00e9senter en majest\u00e9 sur <a href=\"https:\/\/gallica.bnf.fr\/ark:\/12148\/btv1b7700373h\" target=\"_blank\" rel=\"noreferrer noopener\">le petit royal<\/a>. Ce type de repr\u00e9sentation est tout \u00e0 fait caract\u00e9ristique de l\u2019esprit qui anime le roi et son entourage en cette fin du XIII<sup>e<\/sup> si\u00e8cle.&nbsp;Dans ces conditions, la repr\u00e9sentation du roi en majest\u00e9 sur ses monnaies d\u2019or s\u2019explique tr\u00e8s facilement. L\u2019image du souverain est associ\u00e9e au m\u00e9tal le plus noble et \u00e0 la plus forte valeur en cours. Ces premiers choix iconographiques ne sont pas surprenants, puisque le type <a href=\"https:\/\/www.cnrtl.fr\/definition\/sigillaire\" target=\"_blank\" rel=\"noreferrer noopener\">sigillaire<\/a> en majest\u00e9 est repris et appliqu\u00e9 \u00e0 l\u2019or.<\/p>\n<p align=\"justify\">Le petit royal d\u2019or pr\u00e9sente des images facilement accessibles pour la population comme la couronne \u00e0 hauts fleurons, le tr\u00f4ne de Dagobert, le sceptre, la fleur de lis et le manteau. Cependant les multiples \u00e9missions en temps de crise obligent \u00e0 diff\u00e9rencier la repr\u00e9sentation, et donc \u00e0 rajouter des \u00adsymboles, car il faut permettre aux populations et aux changeurs de s\u00e9parer des monnaies de poids, de cours et quelquefois d\u2019alliages diff\u00e9rents. Au d\u00e9part tr\u00e8s sobre, la repr\u00e9sentation se charge peu \u00e0 peu. Au d\u00e9part, le roi occupe seul l\u2019espace laiss\u00e9 libre. Mais les mutations mon\u00e9taires obligent le pouvoir \u00e0 introduire des \u00e9l\u00e9ments suppl\u00e9mentaires.<\/p>\n\n\n<hr class=\"wp-block-separator has-text-color has-background has-cyan-bluish-gray-background-color has-cyan-bluish-gray-color\" \/>\n\n\n\n<p><strong>Evolution du r\u00f4le \u00e9conomique des monnaies<\/strong>&nbsp;<\/p>\n\n\n<p align=\"justify\">Au VIII\u00e8me si\u00e8cle de notre \u00e8re, l\u2019empereur Charlemagne instaure le <a href=\"http:\/\/classes.bnf.fr\/franc\/grands\/040_d.htm\" target=\"_blank\" rel=\"noreferrer noopener\">denier d\u2019argent<\/a> sur tout son territoire. Au milieu du XIIe si\u00e8cle, les pouvoirs religieux et militaires finissent par perdre le contr\u00f4le des \u00e9changes commerciaux, laissant la main \u00e0 une nouvelle classe de marchands et de financiers.&nbsp;<\/p>\n<p align=\"justify\">Le XIII\u00e8me si\u00e8cle repr\u00e9sente l\u2019apog\u00e9e de l\u2019essor \u00e9conomique et social au Moyen \u00c2ge suite \u00e0 l\u2019accroissement de la circulation de la monnaie, au d\u00e9veloppement de l\u2019artisanat et surtout du commerce.&nbsp;<\/p>\n<p align=\"justify\">On observe une complexification du syst\u00e8me mon\u00e9taire lorsque le roi Louis IX impose la frappe et la circulation mon\u00e9taire par une s\u00e9rie de d\u2019ordonnances dont les plus importantes sont les suivantes :<\/p>\n\n\n<ul><li>En 1262, la monnaie royale est valable dans tout le royaume<\/li><li>En 1265, la contrefa\u00e7on de cette monnaie royale est interdite (particuli\u00e8rement dans les r\u00e9gions du sud de la France comme le Languedoc)&nbsp;<\/li><\/ul>\n\n\n<p align=\"justify\">Ces deux ordonnances expriment la volont\u00e9 d\u2019imposer la monnaie du roi et de diminuer les diff\u00e9rentes pi\u00e8ces en circulation.<\/p>\n\n\n<hr class=\"wp-block-separator has-text-color has-background has-cyan-bluish-gray-background-color has-cyan-bluish-gray-color\" \/>\n\n\n\n<p><strong>Les Ateliers <\/strong><\/p>\n\n\n\n<div class=\"wp-block-image\"><figure class=\"alignright size-large is-resized\"><a href=\"https:\/\/www.numismatique-en-maconnais.fr\/monnayage\/\" target=\"_blank\" rel=\"https:\/\/www.numismatique-en-maconnais.fr\/monnayage\/ noopener\"><img loading=\"lazy\" src=\"https:\/\/blogs.univ-jfc.fr\/vphn\/wp-content\/uploads\/sites\/65\/2022\/03\/Capture-decran-2022-03-13-a-22.10.25.png\" alt=\"\" class=\"wp-image-11404\" width=\"289\" height=\"311\" srcset=\"https:\/\/blogs.univ-jfc.fr\/vphn\/wp-content\/uploads\/sites\/65\/2022\/03\/Capture-decran-2022-03-13-a-22.10.25.png 578w, https:\/\/blogs.univ-jfc.fr\/vphn\/wp-content\/uploads\/sites\/65\/2022\/03\/Capture-decran-2022-03-13-a-22.10.25-279x300.png 279w\" sizes=\"(max-width: 289px) 100vw, 289px\" \/><\/a><figcaption>Source : https:\/\/www.numismatique-en-maconnais.fr\/monnayage\/<\/figcaption><\/figure><\/div>\n\n\n<p align=\"justify\">Les ateliers mon\u00e9taires ont une place importante dans la soci\u00e9t\u00e9 m\u00e9di\u00e9vale et notamment autour des \u00e9changes \u00e9conomiques puisqu\u2019ils sont \u00e0 l\u2019origine des nombreuses monnaies qui circulent dans les diff\u00e9rents domaines qui constituent la France f\u00e9odale. Les ateliers sont les seuls endroits pouvant \u00ab battre monnaie \u00bb c&rsquo;est-\u00e0-dire \u00e0 la fabriquer, \u00e9mettent plusieurs sortes de monnaies. Tout d\u2019abord il y a une distinction \u00e0 faire entre celles qui se rattachent aux domaines du roi et celles qui se rattachent aux domaines de ses vassaux, en suite toutes les monnaies ne se valent pas, certaines ont plus de valeur. Pour \u00ab battre \u00bb la monnaie les attisant des ateliers frappent une pi\u00e8ce entre deux cylindres pour donner les inscriptions sur les deux faces de la pi\u00e8ce, cette technique \u00e9volue vers le XVIe si\u00e8cle avec l\u2019apparition des balanciers qui permettent de frapper la monnaie \u00e0 un rythme plus r\u00e9gulier.<\/p>\n<p align=\"justify\"><\/p>\n\n\n<div id=\"https:\/\/www.numismatique-en-maconnais.fr\/monnayage\/\" class=\"wp-block-image\"><figure class=\"alignright size-large is-resized\"><a class=\"https:\/\/www.numismatique-en-maconnais.fr\/monnayage\/\" href=\"https:\/\/www.numismatique-en-maconnais.fr\/monnayage\/\" target=\"_blank\" rel=\"https:\/\/www.numismatique-en-maconnais.fr\/monnayage\/ noopener\"><img loading=\"lazy\" src=\"https:\/\/blogs.univ-jfc.fr\/vphn\/wp-content\/uploads\/sites\/65\/2022\/03\/Capture-decran-2022-03-13-a-22.11.39.png\" alt=\"\" class=\"wp-image-11405\" width=\"166\" height=\"335\" srcset=\"https:\/\/blogs.univ-jfc.fr\/vphn\/wp-content\/uploads\/sites\/65\/2022\/03\/Capture-decran-2022-03-13-a-22.11.39.png 332w, https:\/\/blogs.univ-jfc.fr\/vphn\/wp-content\/uploads\/sites\/65\/2022\/03\/Capture-decran-2022-03-13-a-22.11.39-149x300.png 149w\" sizes=\"(max-width: 166px) 100vw, 166px\" \/><\/a><figcaption><em>Source : https:\/\/www.numismatique-en-maconnais.fr\/monnayage\/<\/em><\/figcaption><\/figure><\/div>\n\n\n<p align=\"justify\">Les ateliers se trouvent surtout dans les grandes villes, Carcassonne et Castelnaudary sont les principaux ateliers mon\u00e9taires du Languedoc au Moyen-\u00e2ge du comt\u00e9 de Toulouse. Les ateliers servent aussi le Roi ou ses vassaux dans l\u2019affirmation de leurs pouvoirs, en effet la monnaie sert d\u2019outils de souverainet\u00e9 \u00e0 la fois pour le Roi et ses vassaux, les ateliers prennent donc un int\u00e9r\u00eat politique puisqu&rsquo;ils sont les seuls lieux autoris\u00e9s \u00e0 faire les monnaies. On peut prendre pour illustrer cet aspect politique l\u2019exemple de l\u2019\u00e9cu de Louis IX ( 1214-1270) qui appara\u00eet vers 1263, c\u2019est une monnaie frapp\u00e9e par les ateliers royaux en or, elle \u00e0 donc une valeur financi\u00e8re plus importante que les autres monnaies car sa valeur symbolique est plus forte car c\u2019est le roi mais aussi car elle est port\u00e9e par une valeur r\u00e9elle car contenant plus de m\u00e9tal pr\u00e9cieux. Cela permet \u00e0 Louis IX de r\u00e9duire l\u2019influence des autres monnaies qui n\u2019appartiennent pas au Roi sur le royaume.<\/p>\n\n\n<p><\/p>\n\n\n\n<p><\/p>\n\n\n\n<hr class=\"wp-block-separator aligncenter has-text-color has-background has-cyan-bluish-gray-background-color has-cyan-bluish-gray-color\" \/>\n\n\n\n<p><strong>La religion et les monnaies<\/strong><\/p>\n\n\n\n<div class=\"wp-block-image\"><figure class=\"alignright size-full is-resized\"><img loading=\"lazy\" src=\"https:\/\/blogs.univ-jfc.fr\/vphn\/wp-content\/uploads\/sites\/65\/2022\/03\/Capture-decran-2022-03-13-a-22.25.49.png\" alt=\"\" class=\"wp-image-11406\" width=\"217\" height=\"230\" srcset=\"https:\/\/blogs.univ-jfc.fr\/vphn\/wp-content\/uploads\/sites\/65\/2022\/03\/Capture-decran-2022-03-13-a-22.25.49.png 434w, https:\/\/blogs.univ-jfc.fr\/vphn\/wp-content\/uploads\/sites\/65\/2022\/03\/Capture-decran-2022-03-13-a-22.25.49-284x300.png 284w\" sizes=\"(max-width: 217px) 100vw, 217px\" \/><figcaption>CEN-TVLLO COME. Croix cantonn\u00e9e d&rsquo;un besant aux 1er et 2e. Centulle III (vicomte de B\u00e9arn ; 984-1004)<\/figcaption><\/figure><\/div>\n\n\n<p align=\"justify\">Le Moyen \u00c2ge est marqu\u00e9 par la place importante de la religion dans la soci\u00e9t\u00e9, et le domaine \u00e9conomique ainsi que celui des \u00e9changes ne fait pas exception.<\/p>\n<p align=\"justify\">La religion dominante en France durant la p\u00e9riode m\u00e9di\u00e9vale est la religion catholique. L\u2019influence religieuse prend une grande importance dans les \u00e9changes \u00e9conomiques, la religion dicte la bonne conduite \u00e0 avoir concernant sa richesse personnelle, les transaction ou bien encore par exemple dans le cas des pr\u00eats avec int\u00e9r\u00eats o\u00f9 la morale religieuse se positionne contre toute pratique trop abusive des pr\u00eats \u00e0 int\u00e9r\u00eats. En effet, pour l\u2019Eglise, un pr\u00eateur ne devait pas recevoir une somme sup\u00e9rieure \u00e0 celle qu\u2019il avait pr\u00eat\u00e9. L\u2019importance de la religion dans l\u2019\u00e9conomie au Moyen-Age peut \u00e9galement se voir sur les pi\u00e8ces de monnaies, celle-ci arborent sur leur face des symboles rappelant la puissance du souverain local mais \u00e9galement celle de l\u2019\u00c9glise. Ainsi jusqu\u2019au XVIe si\u00e8cle toutes les pi\u00e8ces de monnaie en France arborent une croix symbole catholique mais \u00e9galement d\u2019autres \u00e9l\u00e9ments comme une \u00e9glise par exemple.&nbsp;<\/p>\n<p align=\"justify\"><\/p>\n\n\n<hr class=\"wp-block-separator has-text-color has-background has-cyan-bluish-gray-background-color has-cyan-bluish-gray-color\" \/>\n\n\n\n<p><strong>Vers un \u00e9litisme de certaines monnaies&nbsp;<\/strong><\/p>\n\n\n<p align=\"justify\">En 1262, la r\u00e9forme mon\u00e9taire de Louis IX unifie les diff\u00e9rents monnayages du Royaume . Apr\u00e8s l\u2019unification mon\u00e9taire , le <a href=\"https:\/\/www.monnaiedeparis.fr\/fr\/collections-patrimoniales\/franc-a-cheval-de-jean-ii-le-bon\" target=\"_blank\" rel=\"noreferrer noopener\" data-type=\"URL\" data-id=\"https:\/\/www.monnaiedeparis.fr\/fr\/collections-patrimoniales\/franc-a-cheval-de-jean-ii-le-bon\">franc \u00e0 cheval<\/a> est le premier franc fran\u00e7ais, \u00e9mis pour financer la ran\u00e7on du roi Jean II le Bon (1350-1364), prisonnier des Anglais. Cette monnaie est cr\u00e9\u00e9e le 5 d\u00e9cembre 1360, et mise en circulation en f\u00e9vrier 1361 jusqu&rsquo;en 1364. Bien que le nom \u00ab franc \u00bb signifie \u00ab libre \u00bb, il est plus probable que le nom de la monnaie vienne tout simplement de l&rsquo;inscription Francorum Rex grav\u00e9e sur la pi\u00e8ce. Pour donner une&nbsp; valeur aux monnaies, il \u00e9tait d\u2019usage de se r\u00e9f\u00e9rer \u00e0 une monnaie ancienne d\u2019un poids de m\u00e9tal fixe que l\u2019on appelle monnaie de compte. Ainsi, le franc fut \u00e9mis \u00e0 la valeur d&rsquo;une livre tournois, et le mot franc devint vite synonyme de livre. Le franc \u00e0 cheval est la premi\u00e8re monnaie royale fran\u00e7aise repr\u00e9sentant le souverain en chevalier chargeant comme pour aller au combat. C&rsquo;est aussi la premi\u00e8re monnaie \u00e0 porter le nom \u00ab franc \u00bb qui deviendra celui de l&rsquo;unit\u00e9 mon\u00e9taire fran\u00e7aise.<\/p>\n\n\n<div class=\"wp-block-buttons\">\n<div class=\"wp-block-button is-style-outline\"><a class=\"wp-block-button__link has-cyan-bluish-gray-color has-black-background-color has-text-color has-background\" href=\"https:\/\/blogs.univ-jfc.fr\/vphn\/bibliographie-9\/\" target=\"_blank\" rel=\"noreferrer noopener\">Bibliographie<\/a><\/div>\n<\/div>\n\n\n\n<p>\u00c9tudiantes L2 : Kheloufi Farah et Kaouari Sahra<\/p>\n\n\n\n<p>\u00c9tudiants L1 : Galy Elsa, Colozzi Paul et Andreoli Alexandre<\/p>\n","protected":false},"excerpt":{"rendered":"<p>Le terme \u201cmonnaie\u201d vient du latin monere qui signifie \u201cavertir\u201d. En effet, les monnaies peuvent avertir leurs d\u00e9tenteurs de plusieurs choses notamment leur valeur mais aussi parfois du roi qui est au pouvoir quand son portrait se trouve au droit de la pi\u00e8ce par exemple, en effet la pi\u00e8ce de monnaie peut accueillir une iconographie &hellip; <\/p>\n<p class=\"link-more\"><a href=\"https:\/\/blogs.univ-jfc.fr\/vphn\/quelle-a-ete-levolution-de-la-monnaie-francaise-en-languedoc-entre-les-viiie-et-xvie-siecles\/\" class=\"more-link\">Continuer la lecture<span class=\"screen-reader-text\"> de &laquo;&nbsp;Quelle a \u00e9t\u00e9 l\u2019\u00e9volution de la monnaie fran\u00e7aise en Languedoc entre les VIIIe et XVIe si\u00e8cles?&nbsp;&raquo;<\/span><\/a><\/p>\n","protected":false},"author":860,"featured_media":0,"parent":0,"menu_order":0,"comment_status":"closed","ping_status":"closed","template":"","meta":[],"_links":{"self":[{"href":"https:\/\/blogs.univ-jfc.fr\/vphn\/wp-json\/wp\/v2\/pages\/10477"}],"collection":[{"href":"https:\/\/blogs.univ-jfc.fr\/vphn\/wp-json\/wp\/v2\/pages"}],"about":[{"href":"https:\/\/blogs.univ-jfc.fr\/vphn\/wp-json\/wp\/v2\/types\/page"}],"author":[{"embeddable":true,"href":"https:\/\/blogs.univ-jfc.fr\/vphn\/wp-json\/wp\/v2\/users\/860"}],"replies":[{"embeddable":true,"href":"https:\/\/blogs.univ-jfc.fr\/vphn\/wp-json\/wp\/v2\/comments?post=10477"}],"version-history":[{"count":27,"href":"https:\/\/blogs.univ-jfc.fr\/vphn\/wp-json\/wp\/v2\/pages\/10477\/revisions"}],"predecessor-version":[{"id":11465,"href":"https:\/\/blogs.univ-jfc.fr\/vphn\/wp-json\/wp\/v2\/pages\/10477\/revisions\/11465"}],"wp:attachment":[{"href":"https:\/\/blogs.univ-jfc.fr\/vphn\/wp-json\/wp\/v2\/media?parent=10477"}],"curies":[{"name":"wp","href":"https:\/\/api.w.org\/{rel}","templated":true}]}}