{"id":10509,"date":"2022-02-17T17:28:04","date_gmt":"2022-02-17T16:28:04","guid":{"rendered":"http:\/\/blogs.univ-jfc.fr\/vphn\/?page_id=10509"},"modified":"2022-02-24T11:14:52","modified_gmt":"2022-02-24T10:14:52","slug":"les-armagnacs-et-le-comte-de-rodez-1313-1497-2022","status":"publish","type":"page","link":"https:\/\/blogs.univ-jfc.fr\/vphn\/les-armagnacs-et-le-comte-de-rodez-1313-1497-2022\/","title":{"rendered":"Les Armagnacs et le comt\u00e9 de Rodez (1313-1497) [2022]"},"content":{"rendered":"\n<p align=\"justify\">Aux XIVe et XVe si\u00e8cles, le domaine royal ne comprend pas tout le territoire du Royaume de France, il existe de nombreuses principaut\u00e9s qui ne sont pas sous le contr\u00f4le direct du souverain, ce qui est notamment le cas de celle des Armagnacs. Les Armagnacs sont des <a rel=\"noreferrer noopener\" href=\"http:\/\/blogs.univ-jfc.fr\/vphn\/glossaire\/\" data-type=\"URL\" target=\"_blank\">comtes<\/a> originaires de Gascogne. Les comtes d\u2019Armagnac poss\u00e8dent un vaste territoire dans le Sud-Ouest du Royaume de France, notamment dans le Rouergue qu\u2019ils acqui\u00e8rent au cours du XIVe si\u00e8cle (1313 : Rodez). Ils en sont les seigneurs jusqu\u2019en 1497.&nbsp; Plus globalement les XIVe et XVe si\u00e8cles sont une p\u00e9riode troubl\u00e9e pour le Royaume de France. C\u2019est \u00e0 ce moment que de nombreux probl\u00e8mes de succession au pouvoir apparaissent et cr\u00e9ent ou entretiennent des conflits.&nbsp;<\/p>\n\n\n\n<p><strong>Des relations privil\u00e9gi\u00e9es des <\/strong><strong>Armagnacs<\/strong><strong> avec le pouvoir royal<\/strong><\/p>\n\n\n\n<p align=\"justify\">Le comt\u00e9 de Rodez a un seigneur, le comte d\u2019Armagnac et deux co-seigneurs, le roi de France et l\u2019\u00e9v\u00eaque de la cit\u00e9. Le roi de France abandonne son autorit\u00e9 aux seigneurs et donc au comte d\u2019Armagnac vers le milieu du XIVe si\u00e8cle. Un des personnages importants de cette famille est le comte <a href=\"http:\/\/blogs.univ-jfc.fr\/vphn\/biographie-des-acteurs-principaux\/\" data-type=\"URL\" target=\"_blank\" rel=\"noreferrer noopener\">Jean Ier d&rsquo;Armagnac<\/a>, il pr\u00eate serment au roi et lui reste fid\u00e8le malgr\u00e9 l\u2019occupation de son territoire par les Anglais lors de la guerre de Cent Ans. Les Armagnacs sont ainsi une famille proche des rois de France, comme on peut aussi le voir avec <a href=\"http:\/\/blogs.univ-jfc.fr\/vphn\/biographie-des-acteurs-principaux\/\" data-type=\"URL\" target=\"_blank\" rel=\"noreferrer noopener\">Bernard VI <\/a>qui a servi loyalement les rois de France lors des guerres et <a href=\"http:\/\/blogs.univ-jfc.fr\/vphn\/biographie-des-acteurs-principaux\/\" data-type=\"URL\" target=\"_blank\" rel=\"noreferrer noopener\">Bernard VII <\/a>d\u2019Armagnac qui lui succ\u00e8de en s\u2019alliant \u00e0 la famille royale avec son mariage, celui de sa fille  et son r\u00f4le de <a href=\"http:\/\/blogs.univ-jfc.fr\/vphn\/glossaire\/\" data-type=\"URL\" target=\"_blank\" rel=\"noreferrer noopener\">conn\u00e9table<\/a>.&nbsp;&nbsp;<\/p>\n\n\n\n<p class=\"has-text-align-center\"><img loading=\"lazy\" src=\"https:\/\/lh4.googleusercontent.com\/klsR_RK0wwc1xGs3_vaODKnpa9dBew0eQTKXtqSMbWyfQZ6TJXlkU9MRCHCMH_MGdYgUdolV7Zw-KkLvnsAXhEMNPXXE1Hr32_9w8S9FlIRWDp8VQTJFc4fmzYzKz8PizjfiIAKQ\" width=\"274\" height=\"274\"><\/p>\n\n\n\n<p class=\"has-text-align-center has-small-font-size\">Sceau de Jean Ier, dans <em>Sceaux gascons du moyen \u00e2ge: (gravures et notices)<\/em>, Paul Laplagne, Paris, 1888-1892, p. 104 (ouvrage conserv\u00e9 \u00e0 la BNF \u00e0 Paris).<\/p>\n\n\n\n<p><strong>Les territoires armagnacais<\/strong><\/p>\n\n\n\n<p align=\"justify\">Le comt\u00e9 d\u2019Armagnac est un ancien comt\u00e9 de Gascogne compris avec le comt\u00e9 de Fezensac dans le duch\u00e9 de Gascogne, qui fut constitu\u00e9 en 960. Il est par la suite agrandi par la maison d\u2019Armagnac. Le comt\u00e9 devient l\u2019une des plus grandes principaut\u00e9s du Sud-Ouest de la France. Les alliances matrimoniales ont permis d\u2019acqu\u00e9rir certains territoires. \u00c0 cette \u00e9poque de nombreux territoires sont en lutte contre leurs voisins. Les guerres entre Foix et Armagnac sont pr\u00e9sentes tout au long de la p\u00e9riode, en 1329 un compromis est impos\u00e9 aux deux protagonistes qui doivent se partager des territoires.&nbsp;<\/p>\n\n\n\n<div class=\"wp-block-image\"><figure class=\"aligncenter size-large is-resized\"><img loading=\"lazy\" src=\"https:\/\/blogs.univ-jfc.fr\/vphn\/wp-content\/uploads\/sites\/65\/2022\/02\/CARTE-1-BLOG.png\" alt=\"\" class=\"wp-image-10544\" width=\"561\" height=\"473\" srcset=\"https:\/\/blogs.univ-jfc.fr\/vphn\/wp-content\/uploads\/sites\/65\/2022\/02\/CARTE-1-BLOG.png 561w, https:\/\/blogs.univ-jfc.fr\/vphn\/wp-content\/uploads\/sites\/65\/2022\/02\/CARTE-1-BLOG-300x253.png 300w\" sizes=\"(max-width: 561px) 100vw, 561px\" \/><\/figure><\/div>\n\n\n\n<p class=\"has-text-align-center has-small-font-size\"><em>Carte des domaines des Armagnacs, \u201cLes domaines montagnards des princes d\u2019Armagnac : la baronnie de Roquefeuil et les montagnes du Rouergue\u201d, Emmanuel JOHANS, 2003.<\/em><\/p>\n\n\n<p align=\"justify\">Malgr\u00e9 la tr\u00eave sign\u00e9e en avril 1373 avec Jean Ier, <a href=\"http:\/\/blogs.univ-jfc.fr\/vphn\/biographie-des-acteurs-principaux\/\" data-type=\"URL\" target=\"_blank\" rel=\"noreferrer noopener\">Gaston III de Foix-B\u00e9arn<\/a> reprend ses op\u00e9rations militaires sur l\u2019Armagnac en commen\u00e7ant par Aire sur l\u2019Adour. En 1374, il n\u00e9gocie avec le duc de Lancastre, puis r\u00e9it\u00e8re une tr\u00eave avec le comte <a href=\"http:\/\/blogs.univ-jfc.fr\/vphn\/biographie-des-acteurs-principaux\/\" data-type=\"URL\" target=\"_blank\" rel=\"noreferrer noopener\">Jean II<\/a>.&nbsp;<\/p>\n\n\n<p><strong>La place des Armagnacs au sein des intrigues royales<\/strong><\/p>\n\n\n<p align=\"justify\">Les Armagnacs savent se faire une place au plus pr\u00e8s du pouvoir que ce soit \u00e0 la cour des rois de France ou par des alliances matrimoniales. Ils deviennent de v\u00e9ritables \u201cpiliers de la monarchie dans le Midi\u201d (<a href=\"https:\/\/books.openedition.org\/pumi\/39546\" target=\"_blank\" rel=\"noreferrer noopener\">E. Johans, \u00ab\u00a0Lignages aristocratiques du Rouergue et des C\u00e9vennes au service des princes d&rsquo;Armagnac\u00a0\u00bb, dans <em>Pouvoirs des familles, familles de pouvoir<\/em> [en ligne], Presses universitaires du Midi,  2005, Toulouse (https:\/\/books.openedition.org\/pumi\/39546, consult\u00e9 le 20\/11\/2021)<\/a>). En effet, Jean Ier d\u2019Armagnac se marie en 1327 avec B\u00e9atrix de Clermont, la petite-fille de Saint-Louis. Cela place donc les Armagnacs dans le lignage des Cap\u00e9tiens. Les filles du couple se marient d\u2019ailleurs pour l\u2019une avec le duc de Berry et pour l\u2019autre avec le roi d\u2019Aragon. Bernard VII d\u2019Armagnac va encore plus loin et marie une de ses filles, au neveu de <a rel=\"noreferrer noopener\" href=\"http:\/\/blogs.univ-jfc.fr\/vphn\/biographie-des-acteurs-principaux\/\" data-type=\"URL\" target=\"_blank\">Charles VI<\/a>, alors roi de France. C\u2019est d\u2019ailleurs cet \u00e9v\u00e9nement qui constitue le parti d\u2019Armagnac.<\/p>\n\n<p align=\"justify\">Cette alliance matrimoniale permet \u00e0 Bernard VII d\u2019Armagnac d\u2019acc\u00e9der \u00e0 une place de choix \u00e0 la cour. Les comtes d\u2019Armagnacs ne sont donc pas forc\u00e9ment tr\u00e8s pr\u00e9sents dans leurs terres mais semblent tout de m\u00eame respect\u00e9s et globalement appr\u00e9ci\u00e9s par leurs sujets dans leurs possessions rouergates.&nbsp;<\/p>\n\n\n<p><strong>Les Armagnacs et la guerre de Cent Ans<\/strong><\/p>\n\n\n<p align=\"justify\">La guerre de Cent ans est rythm\u00e9e par plusieurs conflits tel que le conflit des Armagnacs contre les Bourguignons. Elle conna\u00eet de nombreux rebondissements li\u00e9s \u00e0 l\u2019intervention de plusieurs personnages tels que <a href=\"http:\/\/blogs.univ-jfc.fr\/vphn\/biographie-des-acteurs-principaux\/\" data-type=\"URL\" target=\"_blank\" rel=\"noreferrer noopener\">Charles V<\/a>, <a href=\"http:\/\/blogs.univ-jfc.fr\/vphn\/biographie-des-acteurs-principaux\/\" data-type=\"URL\" target=\"_blank\" rel=\"noreferrer noopener\">Henri V <\/a>ou encore <a href=\"http:\/\/blogs.univ-jfc.fr\/vphn\/biographie-des-acteurs-principaux\/\" data-type=\"URL\" target=\"_blank\" rel=\"noreferrer noopener\">Jeanne d\u2019Arc<\/a> au c\u00f4t\u00e9 de <a href=\"http:\/\/blogs.univ-jfc.fr\/vphn\/biographie-des-acteurs-principaux\/\" data-type=\"URL\" target=\"_blank\" rel=\"noreferrer noopener\">Charles VII<\/a>. <\/p>\n\n<p align=\"justify\">Contrairement aux Armagnacs, les Bourguignons s&rsquo;allient aux Anglais en 1419 et leur permettent d\u2019avoir une mainmise sur le territoire de France et l\u2019arriv\u00e9e au pouvoir du roi d\u2019Angleterre <a href=\"http:\/\/blogs.univ-jfc.fr\/vphn\/biographie-des-acteurs-principaux\/\" data-type=\"URL\" target=\"_blank\" rel=\"noreferrer noopener\">Henri VI<\/a>. Les Armagnacs, eux, continuent de soutenir Charles VII, qui r\u00e9cup\u00e8re le Royaume de France en 1435.<\/p>\n\n\n<p class=\"has-text-align-center\"><img src=\"https:\/\/lh3.googleusercontent.com\/oPeRO9o_sgBZKrtvDAuKGKGY2zADMM_EGChrMC9NdR52PPg6Y45Xtdaw5wGGpxP7Tpyotz7vhS19h2DHVZNM9lIW1Om5QQSdAqXbvGCI4zLQP-9CXoYNQyjKtjnwI6EqLLAwDy1H\" style=\"width: 400px\"><\/p>\n\n\n\n<p class=\"has-text-align-center has-small-font-size\">Miniature de la bataille de Castillon, manuscrit Martial d\u2019Auvergne, <em>Les Vigiles de la mort de Charles VII<\/em>, vers 1484, BNF, Paris.<\/p>\n\n\n<p align=\"justify\">Comme de nombreux autres territoires, le Rouergue vit l&rsquo;ins\u00e9curit\u00e9 de la guerre de Cent Ans. La population y chute \u00e9norm\u00e9ment, ce qui est \u00e9galement li\u00e9 aux \u00e9pid\u00e9mies de peste entre 1348 et 1361. La population chute de nouveau \u00e0 la fin du XVe si\u00e8cle car le Rouergue fournit un gros contingent d\u2019hommes dans le but de repeupler les terres vides telles que le Quercy.<\/p>\n\n<p align=\"justify\">Concernant la d\u00e9fense du territoire, la comptabilit\u00e9 du comte de Rodez distingue quels lieux doivent \u00eatre ou non d\u00e9fendus. Il se concentre donc sur des zones pr\u00e9cises et y fournit une d\u00e9fense de fer. C\u2019est une strat\u00e9gie g\u00e9ographique dans le but de repousser certaines populations dans les zones prot\u00e9g\u00e9es, afin de renforcer celles-ci. Cette strat\u00e9gie engendre cependant la destruction de certains villages, de par l\u2019obligation de concession et l\u2019imposition d\u2019une ob\u00e9issance forte car les sujets sont  livr\u00e9s \u00e0 eux-m\u00eames dans le cas contraire.<\/p>\n\n\n<p><strong>La guerre civile entre Armagnacs et Bourguignons<\/strong><\/p>\n\n\n<p align=\"justify\">La guerre civile entre Armagnacs et Bourguignons ne se d\u00e9clenche pas du jour au lendemain. En effet, elle est l&rsquo;aboutissement de luttes politiques pour le pouvoir. Ces luttes commencent par l&rsquo;instauration d&rsquo;un conseil de r\u00e9gence pendant le r\u00e8gne du roi Charles VI qui est atteint de folie. Au d\u00e9but, l&rsquo;oncle du roi, <a href=\"http:\/\/blogs.univ-jfc.fr\/vphn\/biographie-des-acteurs-principaux\/\" data-type=\"URL\" target=\"_blank\" rel=\"noreferrer noopener\">Philippe le Hardi<\/a>, dirige le conseil de r\u00e9gence. \u00c0 sa mort, son fils, <a href=\"http:\/\/blogs.univ-jfc.fr\/vphn\/biographie-des-acteurs-principaux\/\" data-type=\"URL\" target=\"_blank\" rel=\"noreferrer noopener\">Jean sans Peur<\/a> n\u2019\u00e9tant plus que le cousin du roi, n&rsquo;a plus de l\u00e9gitimit\u00e9 \u00e0 diriger ce conseil. C&rsquo;est donc le fr\u00e8re du roi, <a href=\"http:\/\/blogs.univ-jfc.fr\/vphn\/biographie-des-acteurs-principaux\/\" data-type=\"URL\" target=\"_blank\" rel=\"noreferrer noopener\">Louis d&rsquo;Orl\u00e9ans<\/a>, qui prend la t\u00eate du conseil de r\u00e9gence.<\/p>\n\n<p align=\"justify\">Louis d&rsquo;Orl\u00e9ans g\u00e8re le royaume et devient donc tr\u00e8s influent aupr\u00e8s du roi ce qui ne pla\u00eet pas \u00e0 Jean sans Peur. Il est donc assassin\u00e9 par Jean en 1407, ce qui permet \u00e0 ce dernier de se hisser \u00e0 ce poste. En r\u00e9action Charles d&rsquo;Orl\u00e9ans le fils de Louis d&rsquo;Orl\u00e9ans cherche du soutien aupr\u00e8s des Armagnacs et notamment de Bernard VII d&rsquo;Armagnac. Celui-ci arrive \u00e0 la t\u00eate du parti des Armagnacs contre Jean sans Peur gr\u00e2ce au mariage entre<a href=\"http:\/\/blogs.univ-jfc.fr\/vphn\/biographie-des-acteurs-principaux\/\" data-type=\"URL\" target=\"_blank\" rel=\"noreferrer noopener\"> Charles d&rsquo;Orl\u00e9ans <\/a>et sa fille. Il cr\u00e9e \u00e9galement des bandes arm\u00e9es (<a href=\"http:\/\/blogs.univ-jfc.fr\/vphn\/glossaire\/\" data-type=\"URL\" target=\"_blank\" rel=\"noreferrer noopener\">les \u00e9corcheurs<\/a>) qui s\u00e8ment le trouble autour de Paris. \u00c0 Paris le peuple demande aux Armagnacs de leur venir en aide contre un possible soul\u00e8vement. C&rsquo;est durant cette p\u00e9riode en particulier que Bernard VII est tr\u00e8s proche du pouvoir royal. Mais ce m\u00eame peuple demande \u00e0 son tour aux Bourguignons d&rsquo;intervenir contre les Armagnacs \u00e0 Paris, ce qui m\u00e8ne au massacre de Paris de 1418 o\u00f9 Bernard VII trouve la mort. Le dauphin Charles, lui, fuit dans le Sud aupr\u00e8s de ses soutiens. Lors d&rsquo;une entrevue pour mettre en place une tr\u00eave entre le dauphin Charles et Jean sans Peur, celui-ci est assassin\u00e9. Ce meurtre r\u00e9engage le conflit jusqu&rsquo;en 1435, date du trait\u00e9 d\u2019Arras qui met fin \u00e0 la guerre.&nbsp;&nbsp;<\/p>\n\n\n<p class=\"has-text-align-center\"><img src=\"https:\/\/lh4.googleusercontent.com\/Dg6jP5_JoNUa5488yYNrP8f1tVGUzZt_zi-kzGfqxep7K04t9RC-T5GIdrXulZ06l_wMMIMz35U3gqS8seti1jFD0vq5k-DgyEGmYhinxId74-CJTKAssCcp7FUolzD-5uWpWiCg\" style=\"width: 350px\"><\/p>\n\n\n\n<p class=\"has-text-align-center has-small-font-size\">Massacre des Armagnacs \u00e0 Paris en 1418, par Martial d&rsquo;Auvergne, illumination fin de l&rsquo;ouvrage vigiles de Charles VII, XV si\u00e8cle, BNF, Paris.<\/p>\n\n\n\n<p><strong>Les seigneurs du comt\u00e9 de Rodez<\/strong><\/p>\n\n\n<p align=\"justify\">La famille des Armagnacs a une v\u00e9ritable place de seigneur. Le comt\u00e9 de Rodez est bas\u00e9 sur un <a href=\"http:\/\/blogs.univ-jfc.fr\/vphn\/glossaire\/\" data-type=\"URL\" target=\"_blank\" rel=\"noreferrer noopener\">syst\u00e8me f\u00e9odal<\/a>. En effet, le comte prend le r\u00f4le du seigneur et acquiert de nombreux droits. C\u2019est le comte qui per\u00e7oit <a href=\"http:\/\/blogs.univ-jfc.fr\/vphn\/glossaire\/\" data-type=\"URL\" target=\"_blank\" rel=\"noreferrer noopener\">les imp\u00f4ts <\/a>et redistribue les richesses au peuple. La population rouergate est une population paysanne qui vit surtout de sa production agricole. Cependant, une partie de ses richesses revient au seigneur sous la forme de l&rsquo;imp\u00f4t. Cet imp\u00f4t est une forme de pr\u00e9l\u00e8vement <a href=\"http:\/\/blogs.univ-jfc.fr\/vphn\/glossaire\/\" data-type=\"URL\" target=\"_blank\" rel=\"noreferrer noopener\">en nature <\/a>ou en argent, avec les <a href=\"http:\/\/blogs.univ-jfc.fr\/vphn\/glossaire\/\" data-type=\"URL\" target=\"_blank\" rel=\"noreferrer noopener\">banalit\u00e9s<\/a> ou encore les p\u00e9ages \u00e0 l\u2019entr\u00e9e des villes. Le seigneur a \u00e9galement des droits judiciaires, il devient le chef des arm\u00e9es et contr\u00f4le l\u2019ensemble de son territoire o\u00f9 il exerce son autorit\u00e9 sur le peuple et sur les vassaux. Ainsi, le comte d\u2019Armagnac poss\u00e8de les pleins pouvoirs sur ses territoires mais reste tout de m\u00eame sous l\u2019autorit\u00e9 du roi de France.<\/p>\n\n\n<p class=\"has-text-align-center\"><img src=\"https:\/\/lh6.googleusercontent.com\/NynURc-8zlR0B7mWv2vXXAOGpNr05XeQT0NcEad7i9Npg5z7m02t37s5Zk0yQ771zhPJJE41bKFBJuLQdKwOGIsyo3Ce8iE01yfj39rFT5ghd2KcEa7kCq6M_pKvqRdvtgL1l2Jd\" style=\"width: 450px\"><\/p>\n\n\n\n<p class=\"has-text-align-center has-small-font-size\">Les travaux agricoles au fil des saisons, miniature du XIII si\u00e8cle,&nbsp;BNF, Paris.<\/p>\n\n\n\n<p><strong>Modernisation de l\u2019administration comtale par les Armagnacs<\/strong><\/p>\n\n\n<p align=\"justify\">Au cours des XIVe et XVe si\u00e8cles, le comte s\u2019inspire de l\u2019administration royale et met en place une administration tr\u00e8s hi\u00e9rarchis\u00e9e avec le comte \u00e0 son sommet entour\u00e9 de nobles ruth\u00e9nois qui font office de conseillers.&nbsp;Sous l\u2019impulsion des Armagnacs, l\u2019administration comtale voit se d\u00e9velopper <a href=\"http:\/\/blogs.univ-jfc.fr\/vphn\/glossaire\/\" data-type=\"URL\" target=\"_blank\" rel=\"noreferrer noopener\">les juristes<\/a>. Ils remplacent progressivement les officiers administratifs nobles qui n\u2019\u00e9taient pas forc\u00e9ment form\u00e9s \u00e0 leurs fonctions.<\/p>\n\n<p align=\"justify\">Chez les juristes, deux postes se distinguent de par leur importance : le <a href=\"http:\/\/blogs.univ-jfc.fr\/vphn\/glossaire\/\" data-type=\"URL\" target=\"_blank\" rel=\"noreferrer noopener\">juge du comt\u00e9<\/a> et le <a href=\"http:\/\/blogs.univ-jfc.fr\/vphn\/glossaire\/\" data-type=\"URL\" target=\"_blank\" rel=\"noreferrer noopener\">juge de la ville de Rodez<\/a>. D\u2019autres <a href=\"http:\/\/blogs.univ-jfc.fr\/vphn\/glossaire\/\" data-type=\"URL\" target=\"_blank\" rel=\"noreferrer noopener\">magistrats<\/a> s\u2019av\u00e8rent indispensables pour le bon fonctionnement de l\u2019administration du comt\u00e9 de Rodez : le <a href=\"http:\/\/blogs.univ-jfc.fr\/vphn\/glossaire\/\" data-type=\"URL\" target=\"_blank\" rel=\"noreferrer noopener\">procureur comtal<\/a>, les <a href=\"http:\/\/blogs.univ-jfc.fr\/vphn\/glossaire\/\" data-type=\"URL\" target=\"_blank\" rel=\"noreferrer noopener\">notaires<\/a>, le <a href=\"http:\/\/blogs.univ-jfc.fr\/vphn\/glossaire\/\" data-type=\"URL\" target=\"_blank\" rel=\"noreferrer noopener\">ma\u00eetre de la monnaie ruth\u00e9noise<\/a>, les <a href=\"http:\/\/blogs.univ-jfc.fr\/vphn\/glossaire\/\" data-type=\"URL\" target=\"_blank\" rel=\"noreferrer noopener\">consuls<\/a>, le <a href=\"http:\/\/blogs.univ-jfc.fr\/vphn\/glossaire\/\" data-type=\"URL\" target=\"_blank\" rel=\"noreferrer noopener\">s\u00e9n\u00e9chal comtal <\/a>et les <a href=\"http:\/\/blogs.univ-jfc.fr\/vphn\/glossaire\/\" data-type=\"URL\" target=\"_blank\" rel=\"noreferrer noopener\">ch\u00e2telains<\/a>. Le comte poss\u00e8de donc beaucoup de <a href=\"http:\/\/blogs.univ-jfc.fr\/vphn\/glossaire\/\" data-type=\"URL\" target=\"_blank\" rel=\"noreferrer noopener\">vassaux<\/a>, qui sont des membres de la bureaucratie princi\u00e8re. Ainsi, cette administration princi\u00e8re conna\u00eet de grandes \u00e9volutions sous les Armagnacs, notamment un \u00e9largissement de la classe dominante ruth\u00e9noise avec les juristes mais son d\u00e9veloppement entra\u00eene aussi la progressive ind\u00e9pendance du comte de Rodez vis-\u00e0-vis du pouvoir royal central.<\/p>\n\n\n<p class=\"has-text-align-center\"><img loading=\"lazy\" src=\"https:\/\/lh5.googleusercontent.com\/9YhKTfRu57i_oLsGCyNNFc5hpDlc0QjXFO9ZwkNFa1j1UTNbKgyUJsg9SWjrbkRuV4HHByeOU1T6CgLv3Do3vT5FLJohic88kCTaEvAWexVuZ0DTHW4Ar4zW-GezB7jEGhIqc1Ht\" width=\"453\" height=\"388\"><\/p>\n\n\n\n<p class=\"has-text-align-center has-small-font-size\">Tableau des trois plus hautes fonctions dans le comt\u00e9 de Rodez, \u201cLes officiers de justice \u00e0 Rodez au XIVe si\u00e8cle: un groupe r\u00e9duit mais influent\u201d, Emmanuel JOHANS, 2014.<\/p>\n\n\n\n<p><strong>Une ind\u00e9pendance progressive du comt\u00e9 de Rodez vis-\u00e0-vis du pouvoir central<\/strong><\/p>\n\n\n<p align=\"justify\">Le comte d\u2019Armagnac d\u00e9centralise le pouvoir. En effet, les Armagnacs tentent de cr\u00e9er leur propre politique au sein du Rouergue, en s\u2019\u00e9loignant du pouvoir central. Le comte d\u2019Armagnac emploie de nombreux moyens : il devient le chef d\u2019arm\u00e9e, le contr\u00f4leur de l\u2019argent mais devient \u00e9galement proche de la population et de ses besoins, ce qui renforce son influence. Le comte n\u2019est alors plus un repr\u00e9sentant du roi, mais plut\u00f4t un dirigeant local, qui applique un semblant de politique nouvelle.&nbsp; D\u00e8s lors, nous pouvons  voir que les habitants portent plus d\u2019int\u00e9r\u00eats pour le comte que pour le roi. En effet, le comte devient une figure politique importante pour les populations locales, qui s&rsquo;appuient sur les Armagnacs pour leurs <a href=\"http:\/\/blogs.univ-jfc.fr\/vphn\/glossaire\/\" data-type=\"URL\" target=\"_blank\" rel=\"noreferrer noopener\">requ\u00eates <\/a>et pour l\u2019argent. De plus, la puissance des Armagnacs sur le territoire s&rsquo;accro\u00eet. En effet, le comte d\u2019Armagnac cr\u00e9e son premier foyer de puissance \u00e0 Rodez. Cependant, celui-ci s&rsquo;implante dans d\u2019autres provinces telles que&nbsp;: le comt\u00e9 de Toulouse, le comt\u00e9 de Foix, et celui de B\u00e9arn. Pour les comtes d\u2019Armagnac, Rodez n\u2019est qu\u2019une de leurs capitales o\u00f9 ils exercent leur influence, mais le roi finit par reprendre la main, consid\u00e9rant que le comte n\u2019exerce plus au nom du roi et devient trop puissant pour lui.&nbsp;<\/p>\n\n\n<p class=\"has-text-align-center\"><img loading=\"lazy\" src=\"https:\/\/lh5.googleusercontent.com\/eGuJEPs1ZYHGj6mUAhva1VqdR3v5BBB50ZT2y4vFjK1Wf1vaL-nAMkZew-8-C8cO91OSIkfBDWLCU0bKrx-Cm7UOe3Ydn_NSgygYXZKEsggu5EKIg7zM-ttvxEtgoTaLpnLF_2fU\" width=\"562\" height=\"604\"><\/p>\n\n\n\n<p class=\"has-text-align-center has-small-font-size\">Carte du royaume de France et de ses principaut\u00e9s en 1477,&nbsp; Site internet du centre d\u2019histoire de Bretagne.<\/p>\n\n\n\n<p><strong>Fin et chute de la famille des Armagnacs<\/strong><\/p>\n\n\n<p align=\"justify\">\u00c0 partir de la fin du XVe si\u00e8cle, la maison d\u2019Armagnac perd en influence et s\u2019affaiblit. En effet, les Armagnacs perdent progressivement des territoires ainsi que leur relation privil\u00e9gi\u00e9e avec le roi. Ce dernier les fait assassiner (Jean V assi\u00e9g\u00e9 et assassin\u00e9 \u00e0 Lectoure en 1473), ex\u00e9cuter (Jacques d\u2019Armagnac, comte de Nemours d\u00e9capit\u00e9 aux Halles pour conspiration contre le roi Louis XI en 1477) ou encore enfermer comme c&rsquo;est le cas de Charles Ier d\u2019Armagnac, qui est enferm\u00e9 treize ans par le roi Louis XI, de 1472 \u00e0 1485.<\/p>\n\n\n<div class=\"wp-block-columns\">\n<div class=\"wp-block-column\" style=\"flex-basis:100%\">\n<div class=\"wp-block-buttons aligncenter\">\n<div class=\"wp-block-button\"><a class=\"wp-block-button__link has-text-color has-background\" href=\"http:\/\/blogs.univ-jfc.fr\/vphn\/bibliographie-indicative\/\" style=\"border-radius:2px;background-color:#ba0c49;color:#fffffa\" target=\"_blank\" rel=\"noreferrer noopener\">Bibliographie indicative<\/a><\/div>\n<\/div>\n<\/div>\n<\/div>\n\n\n\n<p class=\"has-text-align-left\">Louise Angl\u00e8s (L2), Lucie Cailhol (L2), Carla Chateigner (L1), Ma\u00ebva Julien (L1), Sylvain Maurel (L1), Aurore Sans (L1), Manon Thers (L1) <\/p>\n","protected":false},"excerpt":{"rendered":"<p>Aux XIVe et XVe si\u00e8cles, le domaine royal ne comprend pas tout le territoire du Royaume de France, il existe de nombreuses principaut\u00e9s qui ne sont pas sous le contr\u00f4le direct du souverain, ce qui est notamment le cas de celle des Armagnacs. Les Armagnacs sont des comtes originaires de Gascogne. Les comtes d\u2019Armagnac poss\u00e8dent &hellip; <\/p>\n<p class=\"link-more\"><a href=\"https:\/\/blogs.univ-jfc.fr\/vphn\/les-armagnacs-et-le-comte-de-rodez-1313-1497-2022\/\" class=\"more-link\">Continuer la lecture<span class=\"screen-reader-text\"> de &laquo;&nbsp;Les Armagnacs et le comt\u00e9 de Rodez (1313-1497) [2022]&nbsp;&raquo;<\/span><\/a><\/p>\n","protected":false},"author":851,"featured_media":0,"parent":0,"menu_order":0,"comment_status":"closed","ping_status":"closed","template":"","meta":[],"_links":{"self":[{"href":"https:\/\/blogs.univ-jfc.fr\/vphn\/wp-json\/wp\/v2\/pages\/10509"}],"collection":[{"href":"https:\/\/blogs.univ-jfc.fr\/vphn\/wp-json\/wp\/v2\/pages"}],"about":[{"href":"https:\/\/blogs.univ-jfc.fr\/vphn\/wp-json\/wp\/v2\/types\/page"}],"author":[{"embeddable":true,"href":"https:\/\/blogs.univ-jfc.fr\/vphn\/wp-json\/wp\/v2\/users\/851"}],"replies":[{"embeddable":true,"href":"https:\/\/blogs.univ-jfc.fr\/vphn\/wp-json\/wp\/v2\/comments?post=10509"}],"version-history":[{"count":29,"href":"https:\/\/blogs.univ-jfc.fr\/vphn\/wp-json\/wp\/v2\/pages\/10509\/revisions"}],"predecessor-version":[{"id":11003,"href":"https:\/\/blogs.univ-jfc.fr\/vphn\/wp-json\/wp\/v2\/pages\/10509\/revisions\/11003"}],"wp:attachment":[{"href":"https:\/\/blogs.univ-jfc.fr\/vphn\/wp-json\/wp\/v2\/media?parent=10509"}],"curies":[{"name":"wp","href":"https:\/\/api.w.org\/{rel}","templated":true}]}}