{"id":10551,"date":"2022-02-17T17:27:38","date_gmt":"2022-02-17T16:27:38","guid":{"rendered":"http:\/\/blogs.univ-jfc.fr\/vphn\/?page_id=10551"},"modified":"2022-03-21T16:29:54","modified_gmt":"2022-03-21T15:29:54","slug":"biographie-des-acteurs-principaux","status":"publish","type":"page","link":"https:\/\/blogs.univ-jfc.fr\/vphn\/biographie-des-acteurs-principaux\/","title":{"rendered":"Biographie des acteurs principaux"},"content":{"rendered":"\n<div class=\"wp-block-media-text alignwide is-stacked-on-mobile\" style=\"grid-template-columns:30% auto\"><figure class=\"wp-block-media-text__media\"><img loading=\"lazy\" width=\"220\" height=\"220\" src=\"https:\/\/blogs.univ-jfc.fr\/vphn\/wp-content\/uploads\/sites\/65\/2022\/02\/Bernard-VI-bis.jpg\" alt=\"\" class=\"wp-image-10609 size-full\" srcset=\"https:\/\/blogs.univ-jfc.fr\/vphn\/wp-content\/uploads\/sites\/65\/2022\/02\/Bernard-VI-bis.jpg 220w, https:\/\/blogs.univ-jfc.fr\/vphn\/wp-content\/uploads\/sites\/65\/2022\/02\/Bernard-VI-bis-150x150.jpg 150w, https:\/\/blogs.univ-jfc.fr\/vphn\/wp-content\/uploads\/sites\/65\/2022\/02\/Bernard-VI-bis-100x100.jpg 100w\" sizes=\"(max-width: 220px) 100vw, 220px\" \/><\/figure><div class=\"wp-block-media-text__content\">\n<p class=\"has-normal-font-size\"><strong>Bernard VI<\/strong> : Bernard VI \u00e9tait comte d\u2019Armagnac et de Fezensac. N\u00e9 en 1270 et mort en 1319, il a \u00e9t\u00e9 un fid\u00e8le serviteur des rois de France pendant leurs diff\u00e9rents conflits. Que ce soit aux c\u00f4t\u00e9s de Charles de Valois, de Philippe le Bel ou de Louis X. Il se retrouve \u00e0 la t\u00eate de contingents entiers de l&rsquo;arm\u00e9e royale. Ses nombreuses qualit\u00e9s font qu&rsquo;il fait partie du conseil \u00e9troit de Philippe V, cr\u00e9\u00e9 en 1316.<\/p>\n\n\n\n<p class=\"has-normal-font-size\">(Source image : Sceau de Bernard VI dans <em>Sceaux gascons du moyen \u00e2ge: (gravures et notices)<\/em>, Paul Laplagne, Paris, 1888-1892( ouvrage conserv\u00e9 \u00e0 la BNF \u00e0 Paris), \u00e0 partir de la matrice du sceau conserv\u00e9e au mus\u00e9e de Toulouse.)<\/p>\n<\/div><\/div>\n\n\n\n<p><\/p>\n\n\n\n<p><\/p>\n\n\n\n<div class=\"wp-block-media-text alignwide has-media-on-the-right is-stacked-on-mobile\" style=\"grid-template-columns:auto 31%\"><figure class=\"wp-block-media-text__media\"><img loading=\"lazy\" width=\"269\" height=\"265\" src=\"https:\/\/blogs.univ-jfc.fr\/vphn\/wp-content\/uploads\/sites\/65\/2022\/02\/Bernard7.jpg\" alt=\"\" class=\"wp-image-10616 size-full\" srcset=\"https:\/\/blogs.univ-jfc.fr\/vphn\/wp-content\/uploads\/sites\/65\/2022\/02\/Bernard7.jpg 269w, https:\/\/blogs.univ-jfc.fr\/vphn\/wp-content\/uploads\/sites\/65\/2022\/02\/Bernard7-100x100.jpg 100w\" sizes=\"(max-width: 269px) 100vw, 269px\" \/><\/figure><div class=\"wp-block-media-text__content\">\n<p class=\"has-text-align-left has-normal-font-size\"><strong>Bernard VII<\/strong> : Bernard VII d\u2019Armagnac n\u00e9 en 1360 devient comte d\u2019Armagnac, de F\u00e9zensac et de Rodez \u00e0 la mort de son fr\u00e8re en 1391, comte de Padirac en 1402-1418 et conn\u00e9table de France de 1415 \u00e0 1418, date de sa mort. C\u2019est le fils de Jean II, comte d&rsquo;Armagnac. Durant la guerre de Cent ans, il est le chef du parti des Armagnacs, notamment pendant la guerre civile contre les Bourguignons. Il est l&rsquo;un des plus puissants personnages du Royaume de France. Il fr\u00e9quente la cour de France, comme ses pr\u00e9d\u00e9cesseurs, mais est le premier de sa famille \u00e0 s\u2019allier matrimonialement \u00e0 la famille royale. Il \u00e9pouse en effet Bonne de Berry, fille de Jean de France, duc de Berry et ni\u00e8ce du roi Charles V de France. Pour affermir sa position, il marie sa fille en 1410 \u00e0 Charles d\u2019Orl\u00e9ans, le nouveau duc.<\/p>\n\n\n\n<p class=\"has-text-align-left has-normal-font-size\">(Source image : Sceau de Bernard VII dans <em>Sceaux gascons du moyen \u00e2ge: (gravures et notices)<\/em>, Paul Laplagne, Paris, 1888-1892 (ouvrage conserv\u00e9 \u00e0 la BNF \u00e0 Paris.)<\/p>\n<\/div><\/div>\n\n\n\n<p><\/p>\n\n\n\n<div class=\"wp-block-media-text alignwide is-stacked-on-mobile\" style=\"grid-template-columns:27% auto\"><figure class=\"wp-block-media-text__media\"><img loading=\"lazy\" width=\"194\" height=\"259\" src=\"https:\/\/blogs.univ-jfc.fr\/vphn\/wp-content\/uploads\/sites\/65\/2022\/02\/charles-v-1.jpg\" alt=\"\" class=\"wp-image-10625 size-full\" \/><\/figure><div class=\"wp-block-media-text__content\">\n<p class=\"has-normal-font-size\"><strong>Charles V <\/strong>: Charles V dit \u201cle Sage\u201d, est n\u00e9 en 1338 et mort en 1380. Il est roi de France de 1364 \u00e0 1380 et est notamment connu pour sa participation \u00e0 la guerre de Cent Ans. En effet, son r\u00e8gne est marqu\u00e9 par la fin de cette derni\u00e8re et par sa r\u00e9ussite dans la r\u00e9cup\u00e9ration des terres prises par les Anglais pendant le conflit. Charles V permet au Royaume de France de surmonter une p\u00e9riode difficile marqu\u00e9e en particulier par la Peste Noire dans les ann\u00e9es 1340-1350. <\/p>\n\n\n\n<p class=\"has-normal-font-size\">(Source image : repr\u00e9sentation de Charles V \u00e0 la basilique de St Denis \u00e0 Paris.) <\/p>\n<\/div><\/div>\n\n\n\n<p><\/p>\n\n\n\n<div class=\"wp-block-media-text alignwide has-media-on-the-right is-stacked-on-mobile\" style=\"grid-template-columns:auto 29%\"><figure class=\"wp-block-media-text__media\"><img loading=\"lazy\" width=\"800\" height=\"989\" src=\"https:\/\/blogs.univ-jfc.fr\/vphn\/wp-content\/uploads\/sites\/65\/2022\/02\/Charles_VI_de_France_-_Dialogues_de_Pierre_Salmon_-_Bib_de_Geneve_MsFr165f4.jpg\" alt=\"\" class=\"wp-image-10663 size-full\" srcset=\"https:\/\/blogs.univ-jfc.fr\/vphn\/wp-content\/uploads\/sites\/65\/2022\/02\/Charles_VI_de_France_-_Dialogues_de_Pierre_Salmon_-_Bib_de_Geneve_MsFr165f4.jpg 800w, https:\/\/blogs.univ-jfc.fr\/vphn\/wp-content\/uploads\/sites\/65\/2022\/02\/Charles_VI_de_France_-_Dialogues_de_Pierre_Salmon_-_Bib_de_Geneve_MsFr165f4-243x300.jpg 243w, https:\/\/blogs.univ-jfc.fr\/vphn\/wp-content\/uploads\/sites\/65\/2022\/02\/Charles_VI_de_France_-_Dialogues_de_Pierre_Salmon_-_Bib_de_Geneve_MsFr165f4-768x949.jpg 768w\" sizes=\"(max-width: 706px) 89vw, (max-width: 767px) 82vw, 740px\" \/><\/figure><div class=\"wp-block-media-text__content\">\n<p class=\"has-normal-font-size\"><strong>Charles VI<\/strong> : Charles VI dit \u201cle Bien-Aim\u00e9\u201d puis \u201cle Fou\u201d est n\u00e9 en 1368 et mort en 1422. Roi de France, il est plac\u00e9 tr\u00e8s t\u00f4t sous la r\u00e9gence de ses oncles \u00e0 partir de 1392, pour cause de maladie. Son fr\u00e8re cadet, Louis d\u2019Orl\u00e9ans pr\u00e9tend lui aussi \u00e0 la r\u00e9gence. Charles VI subit la guerre civile entre Armagnacs et Bourguignons et participe aussi \u00e0 la guerre de Cent Ans. C\u2019est d\u2019ailleurs lui qui signe le trait\u00e9 de Troyes en 1420, et qui, en d\u00e9sh\u00e9ritant son fils, c\u00e8de la couronne fran\u00e7aise au roi d\u2019Angleterre. <\/p>\n\n\n\n<p class=\"has-normal-font-size\">(Source image : d\u00e9tail d\u2019une enluminure du Ma\u00eetre de la Mazarine, extraite des<em> Dialogues de Pierre Salmon<\/em>, folio IV, vers 1411-1413, conserv\u00e9 \u00e0 la Biblioth\u00e8que de Gen\u00e8ve.)<\/p>\n<\/div><\/div>\n\n\n\n<div class=\"wp-block-media-text alignwide is-stacked-on-mobile\" style=\"grid-template-columns:28% auto\"><figure class=\"wp-block-media-text__media\"><img loading=\"lazy\" width=\"667\" height=\"1024\" src=\"https:\/\/blogs.univ-jfc.fr\/vphn\/wp-content\/uploads\/sites\/65\/2022\/02\/AVT_Charles-dOrleans_4347-667x1024.jpeg\" alt=\"\" class=\"wp-image-10669 size-full\" srcset=\"https:\/\/blogs.univ-jfc.fr\/vphn\/wp-content\/uploads\/sites\/65\/2022\/02\/AVT_Charles-dOrleans_4347-667x1024.jpeg 667w, https:\/\/blogs.univ-jfc.fr\/vphn\/wp-content\/uploads\/sites\/65\/2022\/02\/AVT_Charles-dOrleans_4347-196x300.jpeg 196w, https:\/\/blogs.univ-jfc.fr\/vphn\/wp-content\/uploads\/sites\/65\/2022\/02\/AVT_Charles-dOrleans_4347.jpeg 683w\" sizes=\"(max-width: 667px) 100vw, 667px\" \/><\/figure><div class=\"wp-block-media-text__content\">\n<p class=\"has-normal-font-size\"><strong>Charles d\u2019Orl\u00e9ans<\/strong> : Charles Ier d\u2019Orl\u00e9ans est n\u00e9 en 1374 et meurt en 1465. Il est connu pour son mariage avec Bonne d&rsquo;Armagnac, fille de Bernard VII qui unit les deux familles. Il est \u00e9galement connu pour sa longue captivit\u00e9 en Angleterre pendant la guerre de Cent Ans, et apr\u00e8s sa lib\u00e9ration pour avoir contribu\u00e9 au trait\u00e9 de Tours. <\/p>\n\n\n\n<p class=\"has-normal-font-size\">(Source image : Grand Armorial \u00e9questre de la Toison d\u2019Or, milieu du XVe si\u00e8cle, Biblioth\u00e8que de l&rsquo;Arsenal,  BNF, Paris.)<\/p>\n<\/div><\/div>\n\n\n\n<p><\/p>\n\n\n\n<div class=\"wp-block-media-text alignwide has-media-on-the-right is-stacked-on-mobile\" style=\"grid-template-columns:auto 33%\"><figure class=\"wp-block-media-text__media\"><img loading=\"lazy\" width=\"538\" height=\"657\" src=\"https:\/\/blogs.univ-jfc.fr\/vphn\/wp-content\/uploads\/sites\/65\/2022\/02\/Charles_VII_by_Jean_Fouquet_1445_1450.jpg\" alt=\"\" class=\"wp-image-10675 size-full\" srcset=\"https:\/\/blogs.univ-jfc.fr\/vphn\/wp-content\/uploads\/sites\/65\/2022\/02\/Charles_VII_by_Jean_Fouquet_1445_1450.jpg 538w, https:\/\/blogs.univ-jfc.fr\/vphn\/wp-content\/uploads\/sites\/65\/2022\/02\/Charles_VII_by_Jean_Fouquet_1445_1450-246x300.jpg 246w\" sizes=\"(max-width: 538px) 100vw, 538px\" \/><\/figure><div class=\"wp-block-media-text__content\">\n<p class=\"has-normal-font-size\"><strong>Charles VII<\/strong> : Charles VII dit \u201cle Victorieux\u201d ou \u201cle Bien Servi\u201d est n\u00e9 en 1403 et meurt en 1461. Il grandit pendant la guerre de Cent Ans et est dauphin du royaume de France lorsque la guerre civile entre Bourguignons et Armagnacs se d\u00e9clare. Il est chass\u00e9 de Paris par les Bourguignons et rejoint le camp armagnacais. Apr\u00e8s la fin de la guerre civile, il se consacre au conflit de la guerre de Cent Ans. Pour cela il est aid\u00e9 par Jeanne d\u2019Arc qui lui permet d\u2019\u00eatre sacr\u00e9 roi de France \u00e0 Reims en 1429. Il remporte la guerre de Cent Ans et vainc l\u2019arm\u00e9e anglaise lors de la bataille de Castillon en 1453. <\/p>\n\n\n\n<p class=\"has-normal-font-size\">(Source image : portrait de Charles VII peint vers 1445-1450 par Jean Fouquet expos\u00e9 au mus\u00e9e du Louvres \u00e0 Paris.)<\/p>\n<\/div><\/div>\n\n\n\n<p><\/p>\n\n\n\n<div class=\"wp-block-media-text alignwide is-stacked-on-mobile\" style=\"grid-template-columns:31% auto\"><figure class=\"wp-block-media-text__media\"><img loading=\"lazy\" width=\"816\" height=\"1024\" src=\"https:\/\/blogs.univ-jfc.fr\/vphn\/wp-content\/uploads\/sites\/65\/2022\/02\/Febus_89v-816x1024.jpg\" alt=\"\" class=\"wp-image-10678 size-full\" srcset=\"https:\/\/blogs.univ-jfc.fr\/vphn\/wp-content\/uploads\/sites\/65\/2022\/02\/Febus_89v-816x1024.jpg 816w, https:\/\/blogs.univ-jfc.fr\/vphn\/wp-content\/uploads\/sites\/65\/2022\/02\/Febus_89v-239x300.jpg 239w, https:\/\/blogs.univ-jfc.fr\/vphn\/wp-content\/uploads\/sites\/65\/2022\/02\/Febus_89v-768x964.jpg 768w, https:\/\/blogs.univ-jfc.fr\/vphn\/wp-content\/uploads\/sites\/65\/2022\/02\/Febus_89v.jpg 1225w\" sizes=\"(max-width: 706px) 89vw, (max-width: 767px) 82vw, 740px\" \/><\/figure><div class=\"wp-block-media-text__content\">\n<p class=\"has-normal-font-size\"><strong>Gaston III <\/strong>: Gaston III de Foix-B\u00e9arn aussi appel\u00e9 F\u00e9bus est un prince venant des Pyr\u00e9n\u00e9es n\u00e9 en 1331 et d\u00e9c\u00e9d\u00e9 en 1391. Seigneur de B\u00e9arn et Comte de Foix, Gaston III est seigneur d\u2019une dizaine de territoires situ\u00e9s entre la Gascogne et le Languedoc. Durant la guerre de Cent Ans, il assoit sa domination sur le pi\u00e9mont nord pyr\u00e9n\u00e9en. <\/p>\n\n\n\n<p class=\"has-normal-font-size\">(Source image : 1407, <em>Livre de la chasse<\/em>, Gace de la Buigne, Gaston chassant le li\u00e8vre, p. 89 (ouvrage conserv\u00e9 \u00e0 la BNF \u00e0  Paris ).)<\/p>\n<\/div><\/div>\n\n\n\n<p><\/p>\n\n\n\n<div class=\"wp-block-media-text alignwide has-media-on-the-right is-stacked-on-mobile\" style=\"grid-template-columns:auto 28%\"><figure class=\"wp-block-media-text__media\"><img loading=\"lazy\" width=\"220\" height=\"307\" src=\"https:\/\/blogs.univ-jfc.fr\/vphn\/wp-content\/uploads\/sites\/65\/2022\/02\/220px-King_Henry_V_from_NPG.jpg\" alt=\"\" class=\"wp-image-10681 size-full\" srcset=\"https:\/\/blogs.univ-jfc.fr\/vphn\/wp-content\/uploads\/sites\/65\/2022\/02\/220px-King_Henry_V_from_NPG.jpg 220w, https:\/\/blogs.univ-jfc.fr\/vphn\/wp-content\/uploads\/sites\/65\/2022\/02\/220px-King_Henry_V_from_NPG-215x300.jpg 215w\" sizes=\"(max-width: 220px) 100vw, 220px\" \/><\/figure><div class=\"wp-block-media-text__content\">\n<p class=\"has-normal-font-size\"><strong>Henri V <\/strong>: Henri V, n\u00e9 en 1386 et mort en 1422. \u00c0 la mort de son p\u00e8re en 1413, il devient roi d\u2019Angleterre et relance les combats contre les Fran\u00e7ais. En effet, la guerre de Cent Ans n\u2019est pas termin\u00e9e et Henri V brille de par ses succ\u00e8s militaires dont le plus c\u00e9l\u00e8bre est la bataille d\u2019Azincourt en 1415. En 1420, il signe m\u00eame le trait\u00e9 de Troyes, qui fait de lui le souverain d\u2019Angleterre et de France et r\u00e9unit les deux couronnes. <\/p>\n\n\n\n<p class=\"has-normal-font-size\">(Source image : portrait d\u2019Henri V, peint par un artiste anonyme entre la fin du XVIe et le XVIIe si\u00e8cle, expos\u00e9 au National Portrait Gallery \u00e0 Londres.)<\/p>\n<\/div><\/div>\n\n\n\n<p><\/p>\n\n\n\n<div class=\"wp-block-media-text alignwide is-stacked-on-mobile\" style=\"grid-template-columns:34% auto\"><figure class=\"wp-block-media-text__media\"><img loading=\"lazy\" width=\"199\" height=\"254\" src=\"https:\/\/blogs.univ-jfc.fr\/vphn\/wp-content\/uploads\/sites\/65\/2022\/02\/images.jpg\" alt=\"\" class=\"wp-image-10686 size-full\" \/><\/figure><div class=\"wp-block-media-text__content\">\n<p class=\"has-normal-font-size\"><strong>Henri VI<\/strong> : Henri VI est n\u00e9 en 1421 et est mort assassin\u00e9 en 1471. D\u00e8s les premiers mois de sa vie, il est couronn\u00e9 roi d\u2019Angleterre et la premi\u00e8re partie de son r\u00e8gne se fait sous la r\u00e9gence de ses oncles. Il r\u00e8gne pendant le conflit de la guerre de Cent Ans, \u00e0 un moment o\u00f9 la victoire se profile pour l\u2019arm\u00e9e anglaise. N\u00e9anmoins, les d\u00e9faites s\u2019encha\u00eenent et il perd beaucoup de territoires sur le sol fran\u00e7ais. Dans le m\u00eame temps, il est contest\u00e9 dans son pays et enferm\u00e9 \u00e0 de multiples reprises dans la tour de Londres par son principal concurrent au tr\u00f4ne d\u2019Angleterre, son cousin, Robert Plantagen\u00eat, duc d\u2019York. Il perd ainsi la couronne anglaise malgr\u00e9 les efforts de sa femme, Marguerite d\u2019Anjou, pour le maintenir au pouvoir. <\/p>\n\n\n\n<p class=\"has-normal-font-size\">(Source image : portrait de Henri VI, par un peintre anonyme, datant de la fin du XVIe-d\u00e9but du XVIIe si\u00e8cle, expos\u00e9 au National Portrait Gallery \u00e0 Londres)<\/p>\n<\/div><\/div>\n\n\n\n<p><\/p>\n\n\n\n<div class=\"wp-block-media-text alignwide has-media-on-the-right is-stacked-on-mobile\" style=\"grid-template-columns:auto 32%\"><figure class=\"wp-block-media-text__media\"><img loading=\"lazy\" width=\"578\" height=\"579\" src=\"https:\/\/blogs.univ-jfc.fr\/vphn\/wp-content\/uploads\/sites\/65\/2022\/02\/John_I_of_Armagnac.jpg\" alt=\"\" class=\"wp-image-10697 size-full\" srcset=\"https:\/\/blogs.univ-jfc.fr\/vphn\/wp-content\/uploads\/sites\/65\/2022\/02\/John_I_of_Armagnac.jpg 578w, https:\/\/blogs.univ-jfc.fr\/vphn\/wp-content\/uploads\/sites\/65\/2022\/02\/John_I_of_Armagnac-300x300.jpg 300w, https:\/\/blogs.univ-jfc.fr\/vphn\/wp-content\/uploads\/sites\/65\/2022\/02\/John_I_of_Armagnac-150x150.jpg 150w, https:\/\/blogs.univ-jfc.fr\/vphn\/wp-content\/uploads\/sites\/65\/2022\/02\/John_I_of_Armagnac-100x100.jpg 100w\" sizes=\"(max-width: 578px) 100vw, 578px\" \/><\/figure><div class=\"wp-block-media-text__content\">\n<p class=\"has-normal-font-size\"><strong>Jean I<\/strong> : Le comte Jean Ier d&rsquo;Armagnac est n\u00e9 en 1305 et est mort en 1373. Il est devenu, tr\u00e8s jeune et gr\u00e2ce \u00e0 plusieurs h\u00e9ritages, un des principaux barons du Languedoc. Son mariage, en 1327, avec B\u00e9atrix de Clermont l&rsquo;introduit dans la famille royale. Il participe aux op\u00e9rations de la guerre franco-anglaise d\u00e8s son origine. Il assure le gouvernement du Languedoc de 1352 \u00e0 1360, comme lieutenant du roi puis comme gouverneur du duc de Berry. Durant la guerre de Cent Ans, malgr\u00e9 l\u2019occupation du Sud par les Anglais, Jean Ier reste fid\u00e8le au roi, il pr\u00eate serment de le servir. Il commande l\u2019arm\u00e9e de Guyenne pendant cette guerre.<\/p>\n\n\n\n<p class=\"has-normal-font-size\">(Source image : Sceau de Jean Ier, dans <em>Sceaux gascons du moyen \u00e2ge: (gravures et notices)<\/em>, Paul Laplagne, Paris, 1888-1892, p. 104 (ouvrage conserv\u00e9 \u00e0 la BNF \u00e0 Paris).)<\/p>\n<\/div><\/div>\n\n\n\n<p><\/p>\n\n\n\n<div class=\"wp-block-media-text alignwide is-stacked-on-mobile\" style=\"grid-template-columns:30% auto\"><figure class=\"wp-block-media-text__media\"><img loading=\"lazy\" width=\"263\" height=\"262\" src=\"https:\/\/blogs.univ-jfc.fr\/vphn\/wp-content\/uploads\/sites\/65\/2022\/02\/Jan2Armagnac.jpg\" alt=\"\" class=\"wp-image-10816 size-full\" srcset=\"https:\/\/blogs.univ-jfc.fr\/vphn\/wp-content\/uploads\/sites\/65\/2022\/02\/Jan2Armagnac.jpg 263w, https:\/\/blogs.univ-jfc.fr\/vphn\/wp-content\/uploads\/sites\/65\/2022\/02\/Jan2Armagnac-150x150.jpg 150w, https:\/\/blogs.univ-jfc.fr\/vphn\/wp-content\/uploads\/sites\/65\/2022\/02\/Jan2Armagnac-100x100.jpg 100w\" sizes=\"(max-width: 263px) 100vw, 263px\" \/><\/figure><div class=\"wp-block-media-text__content\">\n<p class=\"has-normal-font-size\"><strong>Jean II<\/strong> : Le comte Jean II d&rsquo;Armagnac est n\u00e9 en 1333 et est mort en 1384. Il participe \u00e0 de nombreuses batailles de la guerre de Cent Ans \u00e0 partir de 1351. C&rsquo;est \u00e9galement lui qui conclut une paix avec Gaston III F\u00e9bus pour mettre fin \u00e0 un d\u00e9saccord se poursuivant depuis 89 ans. Il lui marie m\u00eame sa fille. Il est convoqu\u00e9 \u00e0 la Cour pour se d\u00e9fendre de plusieurs chefs d&rsquo;accusations concernant des intrigues \u00e0 l&rsquo;encontre du duc de Bourgogne en 1380 mais meurt avant de pouvoir s&rsquo;y rendre.<\/p>\n\n\n\n<p class=\"has-normal-font-size\">(Source image : Sceau de Jean II, dans<em> Sceaux gascons du moyen \u00e2ge: (gravures et notices)<\/em>, Paul Laplagne, Paris, 1888-1892, p. 104 (ouvrage conserv\u00e9 \u00e0 la BNF \u00e0 Paris).) <\/p>\n<\/div><\/div>\n\n\n\n<p><\/p>\n\n\n\n<div class=\"wp-block-media-text alignwide has-media-on-the-right is-stacked-on-mobile\" style=\"grid-template-columns:auto 29%\"><figure class=\"wp-block-media-text__media\"><img loading=\"lazy\" width=\"189\" height=\"267\" src=\"https:\/\/blogs.univ-jfc.fr\/vphn\/wp-content\/uploads\/sites\/65\/2022\/02\/telechargement.jpg\" alt=\"\" class=\"wp-image-10705 size-full\" \/><\/figure><div class=\"wp-block-media-text__content\">\n<p class=\"has-normal-font-size\"><strong>Jean Ier de Bourgogne <\/strong>: Jean Ier de Bourgogne aussi appel\u00e9 Jean sans Peur, fils de Philippe le Hardi, est n\u00e9 en 1371 et mort assassin\u00e9 en 1419. Il est duc de Valois en Bourgogne de 1404 \u00e0 1419. Il est notamment connu pour avoir fait assassiner Louis d\u2019Orl\u00e9ans et donc pour avoir plong\u00e9 le Royaume de France dans une guerre civile. Il prend la t\u00eate des Bourguignons jusqu\u2019\u00e0 son assassinat en 1419 lors d\u2019une entrevue pour mettre fin \u00e0 la guerre civile. Cet assassinat est tr\u00e8s important car c\u2019est lui qui fait s\u2019allier les Bourguignons aux Anglais. <\/p>\n\n\n\n<p class=\"has-normal-font-size\">(Source image : anonyme, mus\u00e9e du Louvre, vers 1404-1405.)<\/p>\n<\/div><\/div>\n\n\n\n<p><\/p>\n\n\n\n<div class=\"wp-block-media-text alignwide is-stacked-on-mobile\" style=\"grid-template-columns:33% auto\"><figure class=\"wp-block-media-text__media\"><img loading=\"lazy\" width=\"260\" height=\"329\" src=\"https:\/\/blogs.univ-jfc.fr\/vphn\/wp-content\/uploads\/sites\/65\/2022\/02\/260px-Jeanne_dArc_-_Les_vies_des_femmes_celebres.jpg\" alt=\"\" class=\"wp-image-10708 size-full\" srcset=\"https:\/\/blogs.univ-jfc.fr\/vphn\/wp-content\/uploads\/sites\/65\/2022\/02\/260px-Jeanne_dArc_-_Les_vies_des_femmes_celebres.jpg 260w, https:\/\/blogs.univ-jfc.fr\/vphn\/wp-content\/uploads\/sites\/65\/2022\/02\/260px-Jeanne_dArc_-_Les_vies_des_femmes_celebres-237x300.jpg 237w\" sizes=\"(max-width: 260px) 100vw, 260px\" \/><\/figure><div class=\"wp-block-media-text__content\">\n<p class=\"has-normal-font-size\"><strong>Jeanne d\u2019Arc<\/strong> : Jeanne d\u2019Arc n\u00e9e vers 1412, est une cheffe de guerre fran\u00e7aise, qui aide Charles VII \u00e0 vaincre l\u2019arm\u00e9e anglaise durant la guerre de Cent Ans. C\u00e9l\u00e8bre pour sa participation \u00e0 la lib\u00e9ration d&rsquo;Orl\u00e9ans, elle participe \u00e9galement aux batailles permettant au dauphin Charles VII d\u2019arriver jusqu\u2019\u00e0 Reims et de se faire sacrer. Elle est cependant captur\u00e9e par les Bourguignons en 1430. Ses opposants la condamnent au b\u00fbcher pour avoir port\u00e9 des v\u00eatements d\u2019hommes ce qui est un crime pour l\u2019Inquisition, mais \u00e9galement car ils ne parviennent pas \u00e0 trouver un chef d\u2019accusation plus grave. Elle meurt donc en 1431 en tant qu\u2019h\u00e9r\u00e9tique. <\/p>\n\n\n\n<p class=\"has-normal-font-size\">(Source image : enluminure du manuscrit d\u2019Antoine Dufour, <em>Les vies des femmes c\u00e9l\u00e8bres<\/em>, 1504, expos\u00e9e au mus\u00e9e Dobr\u00e9e \u00e0 Nantes.)<\/p>\n<\/div><\/div>\n\n\n\n<p><\/p>\n\n\n\n<div class=\"wp-block-media-text alignwide has-media-on-the-right is-stacked-on-mobile\" style=\"grid-template-columns:auto 34%\"><figure class=\"wp-block-media-text__media\"><img loading=\"lazy\" width=\"831\" height=\"1024\" src=\"https:\/\/blogs.univ-jfc.fr\/vphn\/wp-content\/uploads\/sites\/65\/2022\/02\/1200px-LudvikOrlean_Pizan-831x1024.jpg\" alt=\"\" class=\"wp-image-10711 size-full\" srcset=\"https:\/\/blogs.univ-jfc.fr\/vphn\/wp-content\/uploads\/sites\/65\/2022\/02\/1200px-LudvikOrlean_Pizan-831x1024.jpg 831w, https:\/\/blogs.univ-jfc.fr\/vphn\/wp-content\/uploads\/sites\/65\/2022\/02\/1200px-LudvikOrlean_Pizan-243x300.jpg 243w, https:\/\/blogs.univ-jfc.fr\/vphn\/wp-content\/uploads\/sites\/65\/2022\/02\/1200px-LudvikOrlean_Pizan-768x947.jpg 768w, https:\/\/blogs.univ-jfc.fr\/vphn\/wp-content\/uploads\/sites\/65\/2022\/02\/1200px-LudvikOrlean_Pizan.jpg 1200w\" sizes=\"(max-width: 706px) 89vw, (max-width: 767px) 82vw, 740px\" \/><\/figure><div class=\"wp-block-media-text__content\">\n<p class=\"has-normal-font-size\"><strong>Louis d\u2019Orl\u00e9ans<\/strong> : Louis Ier d\u2019Orl\u00e9ans est n\u00e9 le 13 mars 1372, et meurt assassin\u00e9 le 23 novembre 1407 par son cousin Jean sans Peur, le duc de Bourgogne. Il est le fr\u00e8re cadet du roi Charles VI. C\u2019est un prince de la maison cap\u00e9tienne de Valois. Il a particip\u00e9 au conseil de r\u00e9gence qui gouvernait le royaume de France, \u00e0 la place de son fr\u00e8re a\u00een\u00e9 Charles VI et a constitu\u00e9 le parti d\u2019Orl\u00e9ans dans la guerre civile qui a impliqu\u00e9 les Armagnacs et les Bourguignons. <\/p>\n\n\n\n<p class=\"has-normal-font-size\">(Source image : Miniature du Ma\u00eetre de la Cit\u00e9 des dames, l&rsquo;\u00c9p\u00eetre Oth\u00e9a, vers 1460, British Library.)<\/p>\n<\/div><\/div>\n\n\n\n<p><\/p>\n\n\n\n<div class=\"wp-block-media-text alignwide is-stacked-on-mobile\" style=\"grid-template-columns:33% auto\"><figure class=\"wp-block-media-text__media\"><img loading=\"lazy\" width=\"512\" height=\"740\" src=\"https:\/\/blogs.univ-jfc.fr\/vphn\/wp-content\/uploads\/sites\/65\/2022\/02\/Philippe_le_Hardy_fils_de_..._btv1b8400138v.jpeg\" alt=\"\" class=\"wp-image-10721 size-full\" srcset=\"https:\/\/blogs.univ-jfc.fr\/vphn\/wp-content\/uploads\/sites\/65\/2022\/02\/Philippe_le_Hardy_fils_de_..._btv1b8400138v.jpeg 512w, https:\/\/blogs.univ-jfc.fr\/vphn\/wp-content\/uploads\/sites\/65\/2022\/02\/Philippe_le_Hardy_fils_de_..._btv1b8400138v-208x300.jpeg 208w\" sizes=\"(max-width: 512px) 100vw, 512px\" \/><\/figure><div class=\"wp-block-media-text__content\">\n<p class=\"has-normal-font-size\"><strong>Philippe II de Bourgogne<\/strong> : Philippe II de Bourgogne aussi appel\u00e9 \u201cPhilippe le Hardi\u201d est n\u00e9 en 1342 et mort en 1404. Il est le premier duc Valois en Bourgogne de 1363 \u00e0 1404. Il est connu d\u2019abord pour ses prouesses durant la bataille de Poitiers. C\u2019est notamment gr\u00e2ce \u00e0 cela qu\u2019il obtient son surnom de \u201cHardi\u201d. Il obtient le duch\u00e9 de Bourgogne de son p\u00e8re en 1363. C\u2019est lui qui fait de la Bourgogne un territoire puissant. Son mariage avec Marguerite de Male en 1369 lui permet \u00e9galement de pr\u00e9tendre au comt\u00e9 de Flandre et d\u2019Artois, de Rethel et de Nevers.<\/p>\n\n\n\n<p class=\"has-normal-font-size\"> (Source image : recueil collection Michel Henri, portrait en estampe relatif \u00e0 l&rsquo;Histoire de France, tome 2, pi\u00e8ces 83 \u00e0 177, p\u00e9riode: 1356-1498, conserv\u00e9 \u00e0 la  BNF, Paris.)<\/p>\n<\/div><\/div>\n\n\n\n<p><\/p>\n","protected":false},"excerpt":{"rendered":"<p>Bernard VI : Bernard VI \u00e9tait comte d\u2019Armagnac et de Fezensac. N\u00e9 en 1270 et mort en 1319, il a \u00e9t\u00e9 un fid\u00e8le serviteur des rois de France pendant leurs diff\u00e9rents conflits. Que ce soit aux c\u00f4t\u00e9s de Charles de Valois, de Philippe le Bel ou de Louis X. Il se retrouve \u00e0 la t\u00eate &hellip; <\/p>\n<p class=\"link-more\"><a href=\"https:\/\/blogs.univ-jfc.fr\/vphn\/biographie-des-acteurs-principaux\/\" class=\"more-link\">Continuer la lecture<span class=\"screen-reader-text\"> de &laquo;&nbsp;Biographie des acteurs principaux&nbsp;&raquo;<\/span><\/a><\/p>\n","protected":false},"author":851,"featured_media":0,"parent":0,"menu_order":0,"comment_status":"closed","ping_status":"closed","template":"","meta":[],"_links":{"self":[{"href":"https:\/\/blogs.univ-jfc.fr\/vphn\/wp-json\/wp\/v2\/pages\/10551"}],"collection":[{"href":"https:\/\/blogs.univ-jfc.fr\/vphn\/wp-json\/wp\/v2\/pages"}],"about":[{"href":"https:\/\/blogs.univ-jfc.fr\/vphn\/wp-json\/wp\/v2\/types\/page"}],"author":[{"embeddable":true,"href":"https:\/\/blogs.univ-jfc.fr\/vphn\/wp-json\/wp\/v2\/users\/851"}],"replies":[{"embeddable":true,"href":"https:\/\/blogs.univ-jfc.fr\/vphn\/wp-json\/wp\/v2\/comments?post=10551"}],"version-history":[{"count":25,"href":"https:\/\/blogs.univ-jfc.fr\/vphn\/wp-json\/wp\/v2\/pages\/10551\/revisions"}],"predecessor-version":[{"id":11496,"href":"https:\/\/blogs.univ-jfc.fr\/vphn\/wp-json\/wp\/v2\/pages\/10551\/revisions\/11496"}],"wp:attachment":[{"href":"https:\/\/blogs.univ-jfc.fr\/vphn\/wp-json\/wp\/v2\/media?parent=10551"}],"curies":[{"name":"wp","href":"https:\/\/api.w.org\/{rel}","templated":true}]}}