{"id":10568,"date":"2022-02-17T17:27:54","date_gmt":"2022-02-17T16:27:54","guid":{"rendered":"http:\/\/blogs.univ-jfc.fr\/vphn\/?page_id=10568"},"modified":"2022-02-24T11:25:08","modified_gmt":"2022-02-24T10:25:08","slug":"glossaire","status":"publish","type":"page","link":"https:\/\/blogs.univ-jfc.fr\/vphn\/glossaire\/","title":{"rendered":"Glossaire"},"content":{"rendered":"\n<p align=\"justify\" class=\"has-normal-font-size\"><strong>B<\/strong><br><strong>Banalit\u00e9s<\/strong> : Imp\u00f4t sur l\u2019utilisation des installations techniques que le seigneur finance tel que le four, le moulin ou le pressoir.<\/p>\n\n\n\n<p><strong>C<br>Ch\u00e2telains<\/strong> : Ce sont les vassaux du comte qui lui pr\u00eatent serment et constituent des relais<br>d\u2019autorit\u00e9 locale \u00e0 partir de leurs ch\u00e2tellenies (qui repr\u00e9sentent l\u2019unit\u00e9 la plus petite du<br>d\u00e9coupage administratif).<\/p>\n\n\n\n<p><br><strong>Comt\u00e9<\/strong> : Se transmet de mani\u00e8re h\u00e9r\u00e9ditaire mais est \u00e0 l\u2019origine une charge qui a \u00e9t\u00e9 confi\u00e9e \u00e0 la famille concern\u00e9e.<\/p>\n\n\n\n<p><br><strong>Comte<\/strong> : Personnage influent qui dispose d\u2019un territoire (le comt\u00e9) sur lequel il exerce une<br>forte influence et qu\u2019il dirige de mani\u00e8re ind\u00e9pendante. Il a de nombreux pouvoirs et pr\u00e9rogatives (judiciaires, \u00e9conomiques, \u2026).<\/p>\n\n\n\n<p><br><strong>Conn\u00e9table<\/strong> : Chef des arm\u00e9es du roi pouvant en exercer le commandement dans le cas o\u00f9 le roi serait absent. Le conn\u00e9table de France est donc entre autres le lieutenant g\u00e9n\u00e9ral et le repr\u00e9sentant du roi, c\u2019est l\u2019administrateur des finances de la guerre et il nomme les<br>commissaires. De nombreuses personnes dans tout le royaume de France lui doivent<br>ob\u00e9issance.<\/p>\n\n\n\n<p><br><strong>Consuls<\/strong> : Ce sont les membres du conseil de la ville de Rodez, qui est une ville qui poss\u00e8de<br>une certaine autonomie municipale. Ce type de fonctions se retrouvaient surtout dans le sud du Royaume de France.<\/p>\n\n\n\n<p><br><strong>Cens<\/strong> : Redevance fixe que le processeur d\u2019une terre payait au seigneur f\u00e9odal.<\/p>\n\n\n\n<p><strong>E<br>En nature<\/strong> : Imp\u00f4t sur les ressources agricoles produites par la population.<\/p>\n\n\n\n<p><br><strong>\u00c9corcheurs<\/strong> : Bande de combattants arm\u00e9s venant du Midi et fid\u00e8les \u00e0 Bernard VII lors de la<br>guerre civile entre Armagnacs et Bourguignons.<\/p>\n\n\n\n<p><strong>I<br>Imp\u00f4t<\/strong> : Pr\u00e9l\u00e8vement que l\u2019\u00c9tat op\u00e8re sur les ressources des personnes physiques ou morales afin de subvenir aux charges publiques.<\/p>\n\n\n\n<p><strong>J<br>Juge de la ville de Rodez<\/strong> : Le juge de la ville si\u00e8ge \u00e0 la cour commune ou cour de par\u00e9ages,<br>c\u2019est-\u00e0-dire la cour de justice de la ville de Rodez.<\/p>\n\n\n\n<p><br><strong>Juge du comt\u00e9<\/strong> : Le juge du comt\u00e9 a le poste le plus important, il si\u00e8ge dans une cour de<br>justice qui a des pr\u00e9rogatives sur l\u2019ensemble du comt\u00e9 et c\u2019est v\u00e9ritablement lui qui dirige<br>l\u2019administration locale pour le comte.<\/p>\n\n\n\n<p><br><strong>Juristes<\/strong> : Jeunes hommes qui se forment dans les universit\u00e9s de la r\u00e9gion, le plus souvent \u00e0<br>Montpellier et Toulouse, ils ont les comp\u00e9tences associ\u00e9es aux charges comtales. Ces juristes sont souvent issus des familles nobles du comt\u00e9 mais de plus en plus de roturiers int\u00e8grent l\u2019administration comtale au cours des XIVe et XVe si\u00e8cles.<\/p>\n\n\n\n<p><strong>M<br>Magistrats<\/strong> : Ceux \u00e0 qui le comte d\u00e9l\u00e8gue la justice, ce sont souvent des nobles et des<br>poss\u00e9dants, m\u00eame s\u2019il s\u2019agit d\u2019un petit fief.<\/p>\n\n\n\n<p><br><strong>Ma\u00eetre de la monnaie ruth\u00e9noise<\/strong> : Il exploite l\u2019atelier au nom de la \u00ab Chambre des Monnaies\u00bb, il a pour fonction de contr\u00f4ler la bonne tenue de la fabrication mon\u00e9taire pour le<br>comt\u00e9 de Rodez.<\/p>\n\n\n\n<p><strong>N<br>Notaires <\/strong>: Ceux qui r\u00e9digent, souscrivent, signent et enregistrent les actes publics.<\/p>\n\n\n\n<p><strong>P<br>Procureur comtal<\/strong> : Celui qui d\u00e9fend les int\u00e9r\u00eats du comte et qui est tr\u00e8s souvent pr\u00e9sent \u00e0<br>ses c\u00f4t\u00e9s.<\/p>\n\n\n\n<p><strong>R<br>Requ\u00eate<\/strong> : Demande adress\u00e9e \u00e0 une autorit\u00e9.<\/p>\n\n\n\n<p><br><strong>Rouergue<\/strong> : Le Rouergue m\u00e9di\u00e9val concerne une zone comprenant l\u2019actuel d\u00e9partement de<br>l\u2019Aveyron, mais aussi une partie du Tarn-et-Garonne et du Lot.<\/p>\n\n\n\n<p><strong>S<br>S\u00e9n\u00e9chal comtal :<\/strong> Il est le repr\u00e9sentant de l\u2019administration des baillis et s\u00e9n\u00e9chauss\u00e9es,<br>install\u00e9es de fa\u00e7on durable sur le territoire fran\u00e7ais au cours du XIIe si\u00e8cle. Ils gagnent en<br>importance au cours du XIIIe si\u00e8cle, avec plus de pr\u00e9rogatives qui leur sont associ\u00e9es.<\/p>\n\n\n\n<p><br><strong>Syst\u00e8me f\u00e9odal :<\/strong> Ensemble d\u2019institutions et de juridictions bien pr\u00e9cises d\u2019un moment<br>particulier du Moyen \u00c2ge occidental, forg\u00e9 \u00e0 partir de l&rsquo;aristocratie guerri\u00e8re. Il se base sur un seigneur. Celui-ci poss\u00e8de sous son autorit\u00e9 des vassaux (seigneurs locaux), qui poss\u00e8dent eux-m\u00eames leur propre domaine conc\u00e9d\u00e9 par le seigneur, que l\u2019on appelle \u201cfief\u201d. Ces vassaux sont sous les ordres du comte gr\u00e2ce au serment de fid\u00e9lit\u00e9.<\/p>\n\n\n\n<p><strong>V<br>Vassaux<\/strong> : Dans le syst\u00e8me f\u00e9odal, homme li\u00e9 personnellement \u00e0 un seigneur (ici le comte),<br>nomm\u00e9 suzerain, en \u00e9change d\u2019un fief et de sa protection.<\/p>\n","protected":false},"excerpt":{"rendered":"<p>BBanalit\u00e9s : Imp\u00f4t sur l\u2019utilisation des installations techniques que le seigneur finance tel que le four, le moulin ou le pressoir. CCh\u00e2telains : Ce sont les vassaux du comte qui lui pr\u00eatent serment et constituent des relaisd\u2019autorit\u00e9 locale \u00e0 partir de leurs ch\u00e2tellenies (qui repr\u00e9sentent l\u2019unit\u00e9 la plus petite dud\u00e9coupage administratif). Comt\u00e9 : Se transmet &hellip; <\/p>\n<p class=\"link-more\"><a href=\"https:\/\/blogs.univ-jfc.fr\/vphn\/glossaire\/\" class=\"more-link\">Continuer la lecture<span class=\"screen-reader-text\"> de &laquo;&nbsp;Glossaire&nbsp;&raquo;<\/span><\/a><\/p>\n","protected":false},"author":851,"featured_media":0,"parent":0,"menu_order":0,"comment_status":"closed","ping_status":"closed","template":"","meta":[],"_links":{"self":[{"href":"https:\/\/blogs.univ-jfc.fr\/vphn\/wp-json\/wp\/v2\/pages\/10568"}],"collection":[{"href":"https:\/\/blogs.univ-jfc.fr\/vphn\/wp-json\/wp\/v2\/pages"}],"about":[{"href":"https:\/\/blogs.univ-jfc.fr\/vphn\/wp-json\/wp\/v2\/types\/page"}],"author":[{"embeddable":true,"href":"https:\/\/blogs.univ-jfc.fr\/vphn\/wp-json\/wp\/v2\/users\/851"}],"replies":[{"embeddable":true,"href":"https:\/\/blogs.univ-jfc.fr\/vphn\/wp-json\/wp\/v2\/comments?post=10568"}],"version-history":[{"count":6,"href":"https:\/\/blogs.univ-jfc.fr\/vphn\/wp-json\/wp\/v2\/pages\/10568\/revisions"}],"predecessor-version":[{"id":11049,"href":"https:\/\/blogs.univ-jfc.fr\/vphn\/wp-json\/wp\/v2\/pages\/10568\/revisions\/11049"}],"wp:attachment":[{"href":"https:\/\/blogs.univ-jfc.fr\/vphn\/wp-json\/wp\/v2\/media?parent=10568"}],"curies":[{"name":"wp","href":"https:\/\/api.w.org\/{rel}","templated":true}]}}