{"id":10619,"date":"2022-02-17T11:16:18","date_gmt":"2022-02-17T10:16:18","guid":{"rendered":"http:\/\/blogs.univ-jfc.fr\/vphn\/?page_id=10619"},"modified":"2022-02-17T11:16:18","modified_gmt":"2022-02-17T10:16:18","slug":"laffaire-dreyfus-2022","status":"publish","type":"page","link":"https:\/\/blogs.univ-jfc.fr\/vphn\/jean-jaures-et-les-medias-1859-2014-2022\/laffaire-dreyfus-2022\/","title":{"rendered":"L&rsquo;affaire Dreyfus [2022]"},"content":{"rendered":"\n<p class=\"has-drop-cap\">Le XIXe si\u00e8cle conna\u00eet l\u2019\u00e9panouissement et la diffusion massive de la presse. Les ann\u00e9es 1880, ont \u00e9t\u00e9 marqu\u00e9es par d\u2019importantes lois qui ont permis l\u2019essor de la presse. En effet, le 29 juillet 1881 est vot\u00e9e la loi concernant la libert\u00e9 d\u2019expression. Entre 1881 et 1882 sont vot\u00e9es les lois Jules Ferry. Ces lois permettent la d\u00e9mocratisation de l\u2019enseignement. D\u00e8s lors, une am\u00e9lioration des conditions d\u2019alphab\u00e9tisation de la population fran\u00e7aise. <\/p>\n\n\n\n<p>Dans ce contexte, la presse se d\u00e9veloppe, les titres de journaux se multiplient, la diffusion de ces derniers ne cesse de cro\u00eetre. C&rsquo;est dans ce contexte, que de nombreux historiens qualifient \u201cd\u2019\u00e2ge d\u2019or de la presse\u201d, que l\u2019Affaire Dreyfus d\u00e9bute. <\/p>\n\n\n\n<p>En effet, le 1er novembre 1894, est publi\u00e9 dans le journal d\u2019\u00c9douard Drumont, <em>La libre parole<\/em>, une accusation \u00e0 l\u2019encontre du capitaine Alfred Dreyfus. Celui-ci est accus\u00e9 de de haute trahison envers l\u2019\u00c9tat fran\u00e7ais. Il aurait, hypoth\u00e9tiquement, divulgu\u00e9 des informations militaires confidentielles \u00e0 l\u2019ennemi, \u00e0 l\u2019Allemagne. D\u00e8s lors, est pris comme argument pour justifier sa culpabilit\u00e9 et sa d\u00e9gradation en 1895, sa confession juive. Une affaire politico-militaire qui, par son installation dans un moment accru de diffusion de la presse, prend une dimension nationale. Cette affaire est alors reprise dans des m\u00e9dias nationaux et les journalistes et hommes de lettres se saisissent de l\u2019affaire et y diffusent leur opinion. <\/p>\n\n\n\n<div class=\"wp-block-image\"><figure class=\"alignleft size-large\"><img loading=\"lazy\" width=\"348\" height=\"433\" src=\"https:\/\/blogs.univ-jfc.fr\/vphn\/wp-content\/uploads\/sites\/65\/2022\/02\/Screenshot-2022-02-16-10.59.45-1.png\" alt=\"\" class=\"wp-image-10699\" srcset=\"https:\/\/blogs.univ-jfc.fr\/vphn\/wp-content\/uploads\/sites\/65\/2022\/02\/Screenshot-2022-02-16-10.59.45-1.png 348w, https:\/\/blogs.univ-jfc.fr\/vphn\/wp-content\/uploads\/sites\/65\/2022\/02\/Screenshot-2022-02-16-10.59.45-1-241x300.png 241w\" sizes=\"(max-width: 348px) 100vw, 348px\" \/><figcaption><span class=\"has-inline-color has-cyan-bluish-gray-color\">Caricature de Caran D&rsquo;Arche, \u00ab\u00a0Un d\u00eener en famille\u00a0\u00bb, publi\u00e9 dans le Figaro le 14 f\u00e9vrier 1898, Biblioth\u00e8que Nationale de France. Inscription sous les dessins \u00ab\u00a0-Surtout ! ne parlons pas de l&rsquo;affaire Dreyfus!\u00a0\u00bb \u00ab\u00a0Ils en ont parl\u00e9&#8230;\u00a0\u00bb<\/span>.<\/figcaption><\/figure><\/div>\n\n\n\n<p><\/p>\n\n\n\n<p>Cette transmission cr\u00e9e un nette et vive opposition au sein de l\u2019opinion publique, les avis et convictions majoritaires de la population fran\u00e7aise, mais aussi au sein des m\u00e9dias. D\u00e8s lors, une presse d\u2019opinion s\u2019installe. Celle-ci vise, en plus d\u2019informer, \u00e0 interpr\u00e9ter politiquement un ou des \u00e9v\u00e9nements. <\/p>\n\n\n\n<p>Concernant l\u2019affaire Dreyfus, s&rsquo;opposent les <strong>Dreyfusards<\/strong>, ceux qui soutiennent Alfred Dreyfus, et les <strong>Antidreyfusards<\/strong>, ceux qui sont contre le capitaine en question. Les Dreyfusards ont men\u00e9 des enqu\u00eates pr\u00e9cises pour prouver l&rsquo;innocence d\u2019Alfred Dreyfus. S\u2019illustrent comme Dreyfusards : Jean Jaur\u00e8s (philosophe et homme politique), Georges Clemenceau (d\u00e9put\u00e9) ou \u00c9mile Zola (\u00e9crivain et journaliste). Ils s\u2019opposent aux Antidreyfusards : \u00c9douard Drumont (directeur du journal <em>La libre parole<\/em>, journal de droite, nationaliste et antis\u00e9mite), Maurice Barr\u00e8s (\u00e9crivain nationaliste) ou Charles Maurras (journaliste nationaliste et antis\u00e9mite). <\/p>\n\n\n\n<div class=\"wp-block-image\"><figure class=\"alignright size-large\"><img loading=\"lazy\" width=\"284\" height=\"282\" src=\"https:\/\/blogs.univ-jfc.fr\/vphn\/wp-content\/uploads\/sites\/65\/2022\/02\/Screenshot-2022-02-16-11.03.07-1.png\" alt=\"\" class=\"wp-image-10700\" srcset=\"https:\/\/blogs.univ-jfc.fr\/vphn\/wp-content\/uploads\/sites\/65\/2022\/02\/Screenshot-2022-02-16-11.03.07-1.png 284w, https:\/\/blogs.univ-jfc.fr\/vphn\/wp-content\/uploads\/sites\/65\/2022\/02\/Screenshot-2022-02-16-11.03.07-1-150x150.png 150w, https:\/\/blogs.univ-jfc.fr\/vphn\/wp-content\/uploads\/sites\/65\/2022\/02\/Screenshot-2022-02-16-11.03.07-1-100x100.png 100w\" sizes=\"(max-width: 284px) 100vw, 284px\" \/><figcaption><span class=\"has-inline-color has-cyan-bluish-gray-color\">Une du journal Le Petit Journal, \u00ab\u00a0Le Traitre, D\u00e9gradation d&rsquo;Alfred Dreyfus\u00a0\u00bb, paru le 13 janvier 1895, Biblioth\u00e8que Nationale de France<\/span>.<\/figcaption><\/figure><\/div>\n\n\n\n<p>Gr\u00e2ce aux travaux d\u2019enqu\u00eates et \u00e0 la d\u00e9fense publique, comme l\u2019article \u201cJ\u2019accuse\u201d \u00e9crit par \u00c9mile Zola et publi\u00e9 le 13 janvier 1898, dans le journal <em>L\u2019Aurore<\/em>, et au militantisme des Dreyfusards, la r\u00e9habilitation d&rsquo;Alfred Dreyfus a pu se faire en 1906. Ils ont pu, gr\u00e2ce \u00e0 leurs recherches, d\u00e9monter de toutes pi\u00e8ces les fausses accusations port\u00e9es contre Alfred Dreyfus. Notons, que la r\u00e9habilitation du capitaine Dreyfus est aussi li\u00e9e aux lois pr\u00f4nant la la\u00efcit\u00e9, et la s\u00e9paration de l\u2019\u00c9glise et de l\u2019\u00c9tat en 1905.<\/p>\n","protected":false},"excerpt":{"rendered":"<p>Le XIXe si\u00e8cle conna\u00eet l\u2019\u00e9panouissement et la diffusion massive de la presse. Les ann\u00e9es 1880, ont \u00e9t\u00e9 marqu\u00e9es par d\u2019importantes lois qui ont permis l\u2019essor de la presse. En effet, le 29 juillet 1881 est vot\u00e9e la loi concernant la libert\u00e9 d\u2019expression. Entre 1881 et 1882 sont vot\u00e9es les lois Jules Ferry. Ces lois permettent &hellip; <\/p>\n<p class=\"link-more\"><a href=\"https:\/\/blogs.univ-jfc.fr\/vphn\/jean-jaures-et-les-medias-1859-2014-2022\/laffaire-dreyfus-2022\/\" class=\"more-link\">Continuer la lecture<span class=\"screen-reader-text\"> de &laquo;&nbsp;L&rsquo;affaire Dreyfus [2022]&nbsp;&raquo;<\/span><\/a><\/p>\n","protected":false},"author":753,"featured_media":0,"parent":10462,"menu_order":0,"comment_status":"closed","ping_status":"closed","template":"","meta":[],"_links":{"self":[{"href":"https:\/\/blogs.univ-jfc.fr\/vphn\/wp-json\/wp\/v2\/pages\/10619"}],"collection":[{"href":"https:\/\/blogs.univ-jfc.fr\/vphn\/wp-json\/wp\/v2\/pages"}],"about":[{"href":"https:\/\/blogs.univ-jfc.fr\/vphn\/wp-json\/wp\/v2\/types\/page"}],"author":[{"embeddable":true,"href":"https:\/\/blogs.univ-jfc.fr\/vphn\/wp-json\/wp\/v2\/users\/753"}],"replies":[{"embeddable":true,"href":"https:\/\/blogs.univ-jfc.fr\/vphn\/wp-json\/wp\/v2\/comments?post=10619"}],"version-history":[{"count":1,"href":"https:\/\/blogs.univ-jfc.fr\/vphn\/wp-json\/wp\/v2\/pages\/10619\/revisions"}],"predecessor-version":[{"id":10706,"href":"https:\/\/blogs.univ-jfc.fr\/vphn\/wp-json\/wp\/v2\/pages\/10619\/revisions\/10706"}],"up":[{"embeddable":true,"href":"https:\/\/blogs.univ-jfc.fr\/vphn\/wp-json\/wp\/v2\/pages\/10462"}],"wp:attachment":[{"href":"https:\/\/blogs.univ-jfc.fr\/vphn\/wp-json\/wp\/v2\/media?parent=10619"}],"curies":[{"name":"wp","href":"https:\/\/api.w.org\/{rel}","templated":true}]}}