{"id":10729,"date":"2022-02-17T12:02:47","date_gmt":"2022-02-17T11:02:47","guid":{"rendered":"http:\/\/blogs.univ-jfc.fr\/vphn\/?page_id=10729"},"modified":"2022-02-22T09:22:39","modified_gmt":"2022-02-22T08:22:39","slug":"bibliographie-ferdinand-foch","status":"publish","type":"page","link":"https:\/\/blogs.univ-jfc.fr\/vphn\/bibliographie-ferdinand-foch\/","title":{"rendered":"Bibliographie Ferdinand Foch :"},"content":{"rendered":"<p style=\"text-align: center\"><strong>I- Outils : (dictionnaire, encyclop\u00e9die et atlas) :<\/strong><\/p>\n<p>Dusserre A., Houte A-D., Balavoine G., Atlas de la France au XXe si\u00e8cle : 1914-2002, de la Grande Guerre \u00e0 une nouvelle soci\u00e9t\u00e9, Paris, Editions Autrement, 2018.<br \/>\n<span style=\"color: #999999\">Cet ouvrage est constitu\u00e9 de plus de 80 cartes et nous permet de comprendre la soci\u00e9t\u00e9 fran\u00e7aise du XXe si\u00e8cle, la partie int\u00e9ressante pour notre sujet est l\u2019\u00e9volution de la soci\u00e9t\u00e9 \u00e0 la sortie de la Premi\u00e8re Guerre mondiale.<\/span><\/p>\n<p>Facon P., 14-18:Le Grand Atlas de la Premi\u00e8re Guerre Mondiale, Paris, Edition Atlas, 2013.<br \/>\n<span style=\"color: #999999\">Cet atlas permet d\u2019aborder la Premi\u00e8re Guerre mondiale de mani\u00e8re g\u00e9n\u00e9rale mais tout de m\u00eame concise. L\u2019apport de nombreuses cartes tactiques et de photographies permet \u00e9galement une meilleure compr\u00e9hension rendant cet ouvrage facile d\u2019acc\u00e8s, tout public, \u00e0 quiconque souhaite en apprendre plus sur la Grande Guerre.<\/span><\/p>\n<p>Neiberg M., Atlas de la Premi\u00e8re Guerre Mondiale, Paris, Histoire &amp; Collections, 2015.<br \/>\n<span style=\"color: #999999\">Cet atlas a pour th\u00e8me la Premi\u00e8re Guerre mondiale, et il nous permet de comprendre, gr\u00e2ce aux cartes qui le composent, pourquoi cette guerre est la premi\u00e8re qualifi\u00e9e de \u201cguerre mondiale\u201d.<\/span><\/p>\n<p>Remond R., Le XXe si\u00e8cle de 1914 \u00e0 nos jours. Introduction \u00e0 l\u2019histoire de notre temps. tome 3, Paris, Contemporary French Fiction, 2014.<br \/>\n<span style=\"color: #999999\">Cet ouvrage traite du XXe si\u00e8cle, si\u00e8cle durant lequel la Premi\u00e8re Guerre mondiale s&rsquo;est d\u00e9roul\u00e9e. Il permet de comprendre l\u2019influence que ce conflit a pu avoir sur l\u2019histoire de l\u2019Europe et du monde.<\/span><\/p>\n<p>Vallaud P., Le XX\u00e8me si\u00e8cle : Atlas Historique, Paris, Hachette, 1996.<br \/>\n<span style=\"color: #999999\">Cet atlas retranscrit les \u00e9v\u00e9nements importants du XX\u00e8me si\u00e8cle illustr\u00e9s par des cartes. Il nous sert pour contextualiser le d\u00e9but du XX\u00e8me si\u00e8cle d\u2019un point de vue g\u00e9ographique, diplomatique et politique.<\/span><\/p>\n<p style=\"text-align: center\"><strong>II- Ouvrages g\u00e9n\u00e9raux :<\/strong><\/p>\n<p><span style=\"text-decoration: underline\">Histoire de l\u2019Europe<\/span><\/p>\n<p>Berger F., Ferragu G., Balard M., Le XXe si\u00e8cle : 1914-2001, Vanves, Hachette sup\u00e9rieur, 2016.<br \/>\n<span style=\"color: #999999\">Cet ouvrage permet une approche g\u00e9n\u00e9rale du XXe si\u00e8cle, ce qui constitue une bonne introduction \u00e0 l\u2019histoire politique, \u00e9conomique ou encore celle des conflits et de leurs causes.<\/span><\/p>\n<p>Paxton R., Hessler J., L\u2019Europe au XXe si\u00e8cle, Paris, Tallandier, 2011.<br \/>\n<span style=\"color: #999999\">Ce livre nous pr\u00e9sente la soci\u00e9t\u00e9 europ\u00e9enne du XXe si\u00e8cle vue d&rsquo;Am\u00e9rique. Il nous pr\u00e9sente les changements d\u00e9mographiques, sociaux, \u00e9conomiques et politiques du si\u00e8cle dernier, carte \u00e0 l&rsquo;appui. La vision am\u00e9ricaine permet une approche diff\u00e9rente des autres ouvrages.<\/span><\/p>\n<p><span style=\"text-decoration: underline\">Contexte en France et en Allemagne<\/span><\/p>\n<p>Beaupr\u00e9 N., Krumeich G., La Grande Guerre vue d\u2019en face : 1914-1918 Nachbarn in Krieg, Paris, Albin Michel,2016.<br \/>\n<span style=\"color: #999999\">Cette monographie met en lumi\u00e8re les diff\u00e9rences qu\u2019il pouvait y voir de chaque c\u00f4t\u00e9 du front, mais aussi les points communs.<\/span><\/p>\n<p>Becker J.-J., Krumeich.G, La Grande Guerre Une histoire franco-allemande, Paris, Tallandier, 2012.<br \/>\n<span style=\"color: #999999\">Dans cet ouvrage, la mise en commun des visions de deux historiens fran\u00e7ais et allemand, permet de parcourir les points de vue de l&rsquo;histoire militaire de la Grande Guerre en passant par l\u2019histoire sociale et culturelle.<\/span><\/p>\n<p>Fhima C., Chronologie de la France au XXe si\u00e8cle, Paris, La D\u00e9couverte, Rep\u00e8res, 2000.<br \/>\n<span style=\"color: #999999\">Nous choisissons cet ouvrage car il nous permet de mieux comprendre l\u2019histoire de France au XX\u00e8me si\u00e8cle, d\u2019un point de vue chronologique. Il permet de situer les grands \u00e9v\u00e9nements qui expliquent la Premi\u00e8re Guerre mondiale.<\/span><\/p>\n<p>Lafon A., La France de la premi\u00e8re guerre mondiale, Paris, Malakoff : Armand Colin, 2016.<br \/>\n<span style=\"color: #999999\">Manuel qui nous permet d\u2019acqu\u00e9rir le vocabulaire sp\u00e9cifique de la Premi\u00e8re Guerre mondiale et le r\u00f4le de la France dans celle-ci. De plus, il int\u00e8gre les avanc\u00e9es historiographiques r\u00e9centes du sujet. Ce manuel ne s\u2019arr\u00eate pas \u00e0 raconter les faits, il s\u2019attarde \u00e0 montrer les transformations que la France a v\u00e9cues ainsi que la m\u00e9moire de cette guerre.<\/span><\/p>\n<p>Vincent M-B., Histoire de la soci\u00e9t\u00e9 allemande au XXe si\u00e8cle. Le premier XXe si\u00e8cle, 1900-1949, Paris, La D\u00e9couverte, 2011.<br \/>\n<span style=\"color: #999999\">Ce livre s&rsquo;int\u00e9resse aux grands enjeux du d\u00e9but du XX\u00e8 si\u00e8cle qui sont : la mont\u00e9 de l\u2019antis\u00e9mitisme, le commencement des mouvements de masse ou encore la coh\u00e9sion sociale tout cela dans un pays encore tr\u00e8s morcel\u00e9 culturellement et socialement qui est l\u2019empire allemand. Seule la premi\u00e8re partie de l\u2019ouvrage nous sert pour notre sujet.<\/span><\/p>\n<p><span style=\"text-decoration: underline\">La guerre 1914-1918<\/span><\/p>\n<p>Cazals R. (dir.), 500 t\u00e9moins de la Grande Guerre, Portet sur Garonne, Midi-pyr\u00e9n\u00e9ennes, 2013.<br \/>\n<span style=\"color: #999999\">Cet ouvrage met en avant le ressenti des acteurs de la Grande Guerre, autant civils que militaires, g\u00e9n\u00e9raux comme simples fantassins. Montrant que les t\u00e9moignages sont des facteurs importants de l\u2019historiographie de la Grande Guerre.<\/span><\/p>\n<p>Madelin L., La bataille de France. 21 mars &#8211; 11 novembre 1918, Paris, Perrin, \u00ab Hors collection \u00bb, 2018.<br \/>\n<span style=\"color: #999999\">Cet ouvrage revient sur la contre-offensive du mar\u00e9chal Foch et de ses soldats qui permit aux forces militaires alli\u00e9es de vaincre les forces allemandes et de remporter la guerre.<\/span><\/p>\n<p>Mariot N., Tous unis dans la tranch\u00e9e ? 1914-1918, les intellectuels rencontrent le peuple, Paris, \u00c9d. du Seuil, 2013.<br \/>\n<span style=\"color: #999999\">Cet ouvrage traite des t\u00e9moignages des poilus et met en valeur la continuit\u00e9 des classes sociales \u00e0 l&rsquo;int\u00e9rieur m\u00eame des tranch\u00e9es. Cet ouvrage nous sert \u00e0 nous rendre comptes des conditions de vie ainsi qu&rsquo;\u00e0 replacer le mar\u00e9chal Foch dans la hi\u00e9rarchie sociale du d\u00e9but du XX\u00e8me.<\/span><\/p>\n<p>Le Naour J-Y., Dictionnaire de la grande guerre,Paris, Larousse, 2008.<br \/>\n<span style=\"color: #999999\">Ce dictionnaire offre un large panorama permettant d\u2019analyser la Premi\u00e8re Guerre mondiale en profondeur. Cet ouvrage revient donc entre autres sur les diff\u00e9rents acteurs, combats, et \u00e9v\u00e9nements de ce conflit. De plus, il permet d\u2019acqu\u00e9rir les mots sp\u00e9cifiques de la Premi\u00e8re Guerre mondiale.<\/span><\/p>\n<p>Le Naour J-Y., 1914 &#8211; 1918. L\u2019int\u00e9grale, Paris, Perrin, \u00ab Hors collection \u00bb, 2018.<br \/>\n<span style=\"color: #999999\">Ouvrage offrant une synth\u00e8se des cinq ann\u00e9es de guerre alternant les points de vue des hauts dirigeants ou des simples soldats. L\u2019auteur \u00e9voque aussi bien les rumeurs d\u2019\u00e9poques que des faits \u00e9tablis.<\/span><\/p>\n<p>Vallaud P., La guerre au XX\u00e8me si\u00e8cle, Paris, Perrin, 2014.<br \/>\n<span style=\"color: #999999\">Cet ouvrage nous permet de comprendre en quoi la Premi\u00e8re Guerre mondiale est une guerre unique, en effet il met en \u00e9vidence les diff\u00e9rences entre les diff\u00e9rentes guerres du XX\u00e8me que ce soit d\u2019un point de vue mat\u00e9riel, humain ou encore les r\u00e9percussions g\u00e9opolitiques.<\/span><\/p>\n<p><span style=\"text-decoration: underline\">La troisi\u00e8me r\u00e9publique<\/span><\/p>\n<p>Audoin-Rouzeau S., Becker A., Coeur\u00e9 S., Duclert V., Monier F., La politique et la guerre pour comprendre le XXe si\u00e8cle europ\u00e9en, Paris, Noesis Agnes Vienot Eds, 2002.<br \/>\n<span style=\"color: #999999\">Cet ouvrage cherche \u00e0 porter un regard sur un si\u00e8cle fa\u00e7onn\u00e9 par la guerre et s\u2019appuie donc sur les faits historiques, les politiques nationale et internationale des diff\u00e9rents pays, et sur les id\u00e9ologies qui ont anim\u00e9 ce si\u00e8cle.<\/span><\/p>\n<p>Anizan A.-L., \u00ab1914-1918 , le gouvernement de guerre\u00bb, Histoire@Politique , n\u00b022, 2014 , p.215-232.<br \/>\n<span style=\"color: #999999\">L\u2019article d\u2019Anne-Laure Anizan concerne les modifications politiques et gouvernementales fran\u00e7aises durant la Premi\u00e8re Guerre mondiale.<\/span><\/p>\n<p>Bouju P., Dubois H., La Troisi\u00e8me R\u00e9publique, Paris, France: Presses Universitaires de France, 1995.<br \/>\n<span style=\"color: #999999\">Cet ouvrage permet d\u2019introduire la troisi\u00e8me r\u00e9publique, en effet il porte sur les principaux \u00e9v\u00e8nements. Comprendre la troisi\u00e8me r\u00e9publique nous permet de comprendre la politique qu\u2019a v\u00e9cue Ferdinand Foch.<\/span><\/p>\n<p><span style=\"text-decoration: underline\">L\u2019arm\u00e9e fran\u00e7aise<\/span><\/p>\n<p>Cochet F., Porte R., Histoire de l\u2019Arm\u00e9e fran\u00e7aise : 1914-1918, Paris, Tallandier, 2017.<br \/>\n<span style=\"color: #999999\">Cet ouvrage nous pr\u00e9sente tous les aspects de l\u2019arm\u00e9e fran\u00e7aise lors de la Premi\u00e8re Guerre mondiale, pr\u00e9sentation de toutes les armes, mont\u00e9 en puissance de l\u2019artillerie et l\u2019infanterie au d\u00e9triment de la cavalerie, l\u2019arri\u00e8re-front, le partage des territoires avec les alli\u00e9s britanniques ou encore l\u2019utilisation de nouvelles armes (char, lance-flamme ou gaz toxique).<\/span><\/p>\n<p>Cohen S., \u201cLe pouvoir politique et l&rsquo;arm\u00e9e\u201d, Pouvoirs, n\u00b0125, 2008, p.19-28.<br \/>\n<span style=\"color: #999999\">Cet article, nous permet de comprendre les causes et les raisons de l&rsquo;arriv\u00e9e du pouvoir politique dans le milieu militaire au XX\u00e8me si\u00e8cle.<\/span><\/p>\n<p>Masson P., Histoire de l&rsquo;arm\u00e9e fran\u00e7aise : de 1914 \u00e0 nos jours, Paris, Perrin, 2002.<br \/>\n<span style=\"color: #999999\">Nous choisissons cet ouvrage, car il nous permet de comprendre comment l\u2019arm\u00e9e fran\u00e7aise \u00e0 \u00e9voluer dans diff\u00e9rents aspects tout au long du XX\u00e8me si\u00e8cle<\/span><\/p>\n<p style=\"text-align: center\"><strong>III- Ouvrages sp\u00e9cifique<\/strong><\/p>\n<p><span style=\"text-decoration: underline\">Sur Ferdinand Foch<\/span><\/p>\n<p>Azzola O., \u201cFOCH Ferdinand (X1871)\u201d. Dans Biblioth\u00e8que centrale \u00e9cole Polytechnique [en ligne]. Consult\u00e9 le 7 octobre 2021 sur FOCH Ferdinand (X1871) | Biblioth\u00e8que de l&rsquo;\u00c9cole polytechnique<br \/>\n<span style=\"color: #999999\">Cet article internet est une br\u00e8ve biographie de Ferdinand Foch plut\u00f4t \u00e0 tendance subjective dans le sens o\u00f9 le mar\u00e9chal est glorifi\u00e9 pendant tout l\u2019article. Il nous sert \u00e0 comparer les dires avec un article ou ouvrage plus neutre.<\/span><\/p>\n<p>Daubart A.,\u201d FOCH FERDINAND (1851-1929) mar\u00e9chal de France \u201c. Dans Encyclop\u00e6dia Universalis [en ligne]. Consult\u00e9 le 7 octobre 2021 sur http:\/\/www.universalis-edu.com\/encyclopedie\/ferdinand-foch\/<br \/>\n<span style=\"color: #999999\">Cet article retrace la carri\u00e8re militaire du mar\u00e9chal Foch, de ses \u00e9tudes \u00e0 ses op\u00e9rations militaires. Ce dernier met en avant ses qualit\u00e9s de meneur d\u2019hommes et sa capacit\u00e9 \u00e0 prendre des initiatives et des d\u00e9cisions, malgr\u00e9 certaines erreurs causant la mort de nombreux soldats.<\/span><\/p>\n<p>Greenhalgh E., Foch chef de guerre, Paris, Tallandier, 2013.<br \/>\n<span style=\"color: #999999\">Cet ouvrage est une biographie du mar\u00e9chal Ferdinand Foch, qui s\u2019attarde particuli\u00e8rement \u00e0 sa contribution \u00e0 la victoire des Alli\u00e9s en 1918 en s&rsquo;appuyant sur des sources qui \u00e9taient encore non exploit\u00e9s comme certains journaux ou des m\u00e9moires.<\/span><\/p>\n<p>Gu\u00e9 C., \u201cLes principes de Foch \u00e0 l\u2019\u00e9preuve de la Grande Guerre\u201d, Histoire &amp; strat\u00e9gie, n\u00b050, 2018.<br \/>\n<span style=\"color: #999999\">Cet article fait part du r\u00f4le du mar\u00e9chal Ferdinand Foch pendant la Premi\u00e8re Guerre mondiale et remet en question la place que l\u2019historiographie plus ancienne lui attribue dans le sens o\u00f9 il a eu des actions qui ont servi la victoire mais il n\u2019\u00e9tait pas seul, c\u2019est l\u2019utilit\u00e9 de tous qui ont permis la victoire.<\/span><\/p>\n<p>Madelin L., Foch , Paris, librairie Plon, 1929.<br \/>\n<span style=\"color: #999999\">Ouvrage int\u00e9ressant quant \u00e0 sa date de publication, il nous permet de percevoir la vision du mar\u00e9chal Foch par la soci\u00e9t\u00e9 \u00e0 la sortie de la Premi\u00e8re Guerre mondiale.<\/span><\/p>\n<p>Martel A., \u00ab Relire Foch au XXI\u00e8me si\u00e8cle \u00bb, Paris, Economia, 2008.<br \/>\n<span style=\"color: #999999\">Cet ouvrage permet de comprendre et d\u2019\u00e9tudier la mani\u00e8re que Foch a eu de faire la guerre et la mani\u00e8re dont il l\u2019a pens\u00e9. Cet ouvrage se charge donc de montrer que l\u2019\u00e9tude des \u00e9crits du mar\u00e9chal Foch peut \u00eatre importante et b\u00e9n\u00e9fique car elle apporte un point de vue assez diff\u00e9rent.<\/span><\/p>\n<p>Neiberg M. \u201cFerdinand Foch\u201d , s\u00e9rie de podcast World War I Podcast, produit par MacArthur, Novembre 2019, 21 minutes.<br \/>\n<span style=\"color: #999999\">Podcast retra\u00e7ant les diff\u00e9rents aspects du mar\u00e9chal Ferdinand Foch durant la Premi\u00e8re Guerre mondiale, les diff\u00e9rents points critiquables du mar\u00e9chal mais aussi les points honorables, le tout d\u00e9montr\u00e9 gr\u00e2ce \u00e0 un sp\u00e9cialiste en histoire explique les diff\u00e9rents d\u00e9tails des d\u00e9cisions du mar\u00e9chal Foch, cela permet donc de comprendre le mar\u00e9chal Foch est vu durant la Premi\u00e8re Guerre mondiale.<\/span><\/p>\n<p>Porte R., Ferdinand Foch : Vouloir c&rsquo;est pouvoir, Paris, 14-18 \u00e9ditions, 2009.<br \/>\n<span style=\"color: #999999\">Cet ouvrage est une biographie qui va notamment retracer les diff\u00e9rents faits concernant le Mar\u00e9chal Foch avant, durant, puis apr\u00e8s la Premi\u00e8re Guerre mondiale. Ce qui permet de replacer la vision du mar\u00e9chal Foch au travers des m\u00e9moires.<\/span><\/p>\n<p>Porte R., Cochet F., Bach A., Ferdinand Foch, 1851-1929 : apprenez \u00e0 penser : actes du colloque international, \u00c9cole militaire, Paris, 6-7 novembre, Paris, Soteca, 2010.<br \/>\n<span style=\"color: #999999\">Cette retranscription d\u2019un colloque sur Ferdinand Foch nous est utile car il apporte des r\u00e9ponses \u00e0 plusieurs de nos questions que l\u2019on se pose, comme la repr\u00e9sentation du mar\u00e9chal Foch apr\u00e8s la guerre de 1914-1918 par exemple.<\/span><\/p>\n<p><span style=\"text-decoration: underline\">Sur la bataille de la Marne<\/span><\/p>\n<p>Fauveau A., \u201cLe dernier combat : Vrigne-Meuse, 10 et 11 novembre 1918\u201d, Revue historique des arm\u00e9es, n\u00b0251, 2008, p.18-34.<br \/>\n<span style=\"color: #999999\">Cet article fait un r\u00e9sum\u00e9 de l\u2019op\u00e9ration Vrigne-Meuse qui se d\u00e9roula entre le 9 et le 11 novembre 1918. Cette op\u00e9ration eut pour objectif de forcer la capitulation de l\u2019arm\u00e9e allemande et donc de mettre un terme \u00e0 la guerre.<\/span><\/p>\n<p>Miquel P., La bataille de la Marne, Paris, Plon, 2003.<br \/>\n<span style=\"color: #999999\">Cet ouvrage est tr\u00e8s utile pour notre travail, car il r\u00e9sume toutes les informations utiles sur la Bataille de la Marne, qui est l\u2019une des batailles les plus importantes o\u00f9 le mar\u00e9chal Foch a particip\u00e9.<\/span><\/p>\n<p>Lappara J-C ., 1918 l\u2019ann\u00e9e d\u00e9cisive. Volume 1 : Les ultimes offensives allemandes, Paris, Soteca, 2017.<br \/>\n<span style=\"color: #999999\">En 1918, l\u2019arm\u00e9e allemande joue ses derni\u00e8res cartes, elle tente une contre-offensive pour tenter de renverser la situation. Cette offensive se solde par un \u00e9chec qui permet aux alli\u00e9s de mener une contre-offensive encore une fois le mar\u00e9chal participe \u00e0 cette offensive.<\/span><\/p>\n<p>Ortholan H., 1918 l\u2019ann\u00e9e d\u00e9cisive. Volume 2 : La contre offensive alli\u00e9e, Paris, Soteca, 2017.<br \/>\n<span style=\"color: #999999\">Cet ouvrage retrace un \u00e9v\u00e9nement capital de la Premi\u00e8re Guerre mondiale, la contre-offensive alli\u00e9e de 1918. Ainsi, impliquant l\u2019ensemble des arm\u00e9es alli\u00e9es sous le commandement du mar\u00e9chal Foch, on nous raconte comment cette contre-offensive a su triompher face aux arm\u00e9es allemandes et en quoi le r\u00f4le du mar\u00e9chal Foch a \u00e9t\u00e9 d\u00e9cisif.<\/span><\/p>\n<p><span style=\"text-decoration: underline\">Sur l\u2019\u00e9volution de l\u2019historiographie au XXe si\u00e8cle :<\/span><\/p>\n<p>Becker J.-J., \u00ab L\u2019\u00e9volution de l\u2019historiographie de la Premi\u00e8re Guerre mondiale \u00bb, Revue historique des arm\u00e9es, n\u00b0 242, 2004, p.4-15.<br \/>\n<span style=\"color: #999999\">Article qui retrace l\u2019\u00e9volution de l\u2019historiographie traitant de la Premi\u00e8re Guerre mondiale, au d\u00e9but les premiers travaux \u00e9taient dirig\u00e9s vers l\u2019\u00e9tude des op\u00e9rations militaires et vers les grands hommes alors qu&rsquo;aujourd&rsquo;hui l&rsquo;historiosophie essaie de replacer l\u2019homme au centre du conflit et fait appara\u00eetre l\u2019utilit\u00e9 de tous comme les femmes qui n\u2019\u00e9taient pas au front mais qui participait \u00e0 l\u2019effort de guerre en effectuant les travaux dans les champs par exemple.<\/span><\/p>\n<p>Bloch M., L\u2019Histoire, la Guerre, la R\u00e9sistance, Paris, Gallimard, 2006.<br \/>\n<span style=\"color: #999999\">Cet ouvrage r\u00e9unit des articles traitant de la m\u00e9thodologie historique utilis\u00e9e pour traiter des deux guerres mondiales mais aussi d&rsquo;articles qui permettent d&rsquo;acqu\u00e9rir un esprit critique quant aux travaux r\u00e9alis\u00e9s tout de suite apr\u00e8s la guerre sans recul.<\/span><\/p>\n<p>Caire-Jabinet M-P., Introduction \u00e0 l\u2019historiographie, Paris, Armand Colin, 1994<br \/>\n<span style=\"color: #999999\">Ouvrage permettant une compr\u00e9hension de l&rsquo;historiographie plus simple et compl\u00e8te, permettant donc de trouver les ouvrages demander en cons\u00e9quence de mani\u00e8re plus simple et efficace<\/span><\/p>\n<p>Offenstadt N., L\u2019historiographie, Paris, Presses Universitaires de France, 2011.<br \/>\n<span style=\"color: #999999\">Cet ouvrage permet de comprendre comment l\u2019histoire s\u2019est construite, et il permet aussi de nous questionner sur la place de l\u2019historien dans notre soci\u00e9t\u00e9.<\/span><\/p>\n<p>Poitras D., Exp\u00e9rience du temps et historiographie au XXe si\u00e8cle : Michel de Certeau, Fran\u00e7ois Furet et Fernand Dumont, Montr\u00e9al, PUM, 2018.<br \/>\n<span style=\"color: #999999\">Dans cet ouvrage, le rapport de l\u2019historien au temps est questionn\u00e9. L\u2019auteur observe aussi les changements de la vision de l\u2019histoire induites par les crises du XXe si\u00e8cle.<\/span><\/p>\n<p>Sirinelli J.-F., \u201cR\u00e9flexions sur l\u2019histoire et l\u2019historiographie du XXe si\u00e8cle\u201d, Revue Historique, n\u00b0635, 2005, p.609 &#8211; 625.<br \/>\n<span style=\"color: #999999\">Cet article nous permet d\u2019apprendre l\u2019\u00e9volution de l\u2019historiographie lors du XX\u00e8me si\u00e8cle. En effet l\u2019auteur parle d\u2019un tournant dans l\u2019historiographie durant les vingt d\u00e9cisives (1965-1985). Apr\u00e8s cette p\u00e9riode, les historiens vont int\u00e9grer les masses dans leurs ouvrages alors que ce n\u2019\u00e9tait pas le cas, avant les ann\u00e9es 1960.<\/span><\/p>\n","protected":false},"excerpt":{"rendered":"<p>I- Outils : (dictionnaire, encyclop\u00e9die et atlas) : Dusserre A., Houte A-D., Balavoine G., Atlas de la France au XXe si\u00e8cle : 1914-2002, de la Grande Guerre \u00e0 une nouvelle soci\u00e9t\u00e9, Paris, Editions Autrement, 2018. Cet ouvrage est constitu\u00e9 de plus de 80 cartes et nous permet de comprendre la soci\u00e9t\u00e9 fran\u00e7aise du XXe si\u00e8cle, &hellip; <\/p>\n<p class=\"link-more\"><a href=\"https:\/\/blogs.univ-jfc.fr\/vphn\/bibliographie-ferdinand-foch\/\" class=\"more-link\">Continuer la lecture<span class=\"screen-reader-text\"> de &laquo;&nbsp;Bibliographie Ferdinand Foch :&nbsp;&raquo;<\/span><\/a><\/p>\n","protected":false},"author":773,"featured_media":0,"parent":0,"menu_order":0,"comment_status":"closed","ping_status":"closed","template":"","meta":[],"_links":{"self":[{"href":"https:\/\/blogs.univ-jfc.fr\/vphn\/wp-json\/wp\/v2\/pages\/10729"}],"collection":[{"href":"https:\/\/blogs.univ-jfc.fr\/vphn\/wp-json\/wp\/v2\/pages"}],"about":[{"href":"https:\/\/blogs.univ-jfc.fr\/vphn\/wp-json\/wp\/v2\/types\/page"}],"author":[{"embeddable":true,"href":"https:\/\/blogs.univ-jfc.fr\/vphn\/wp-json\/wp\/v2\/users\/773"}],"replies":[{"embeddable":true,"href":"https:\/\/blogs.univ-jfc.fr\/vphn\/wp-json\/wp\/v2\/comments?post=10729"}],"version-history":[{"count":7,"href":"https:\/\/blogs.univ-jfc.fr\/vphn\/wp-json\/wp\/v2\/pages\/10729\/revisions"}],"predecessor-version":[{"id":10947,"href":"https:\/\/blogs.univ-jfc.fr\/vphn\/wp-json\/wp\/v2\/pages\/10729\/revisions\/10947"}],"wp:attachment":[{"href":"https:\/\/blogs.univ-jfc.fr\/vphn\/wp-json\/wp\/v2\/media?parent=10729"}],"curies":[{"name":"wp","href":"https:\/\/api.w.org\/{rel}","templated":true}]}}